{"id":725,"date":"2016-06-13T20:11:32","date_gmt":"2016-06-13T20:11:32","guid":{"rendered":"http:\/\/www2.unifap.br\/teatro\/?page_id=725"},"modified":"2026-03-18T00:39:07","modified_gmt":"2026-03-18T00:39:07","slug":"prof-phd-romualdo-rodrigues-palhano","status":"publish","type":"page","link":"http:\/\/www2.unifap.br\/teatro\/projetos-de-pesquisa\/prof-phd-romualdo-rodrigues-palhano\/","title":{"rendered":"Prof. Dr. Romualdo Palhano"},"content":{"rendered":"<p><a href=\"http:\/\/www2.unifap.br\/teatro\/files\/2016\/06\/TEATRO-NO-AMAPA.jpg\"><img fetchpriority=\"high\" decoding=\"async\" class=\"alignnone size-large wp-image-726\" src=\"http:\/\/www2.unifap.br\/teatro\/files\/2016\/06\/TEATRO-NO-AMAPA-731x1024.jpg\" alt=\"TEATRO NO AMAPA\" width=\"640\" height=\"896\" srcset=\"http:\/\/www2.unifap.br\/teatro\/files\/2016\/06\/TEATRO-NO-AMAPA-731x1024.jpg 731w, http:\/\/www2.unifap.br\/teatro\/files\/2016\/06\/TEATRO-NO-AMAPA-214x300.jpg 214w, http:\/\/www2.unifap.br\/teatro\/files\/2016\/06\/TEATRO-NO-AMAPA.jpg 1771w\" sizes=\"(max-width: 640px) 100vw, 640px\" \/><\/a><\/p>\n<p style=\"text-align: left\" align=\"center\"><span style=\"color: #0000ff\"><b>TEATRO NO AMAP\u00c1 \u2013 ARTISTAS E SEU TEMPO \u2013 1940-1950 &#8211;\u00a0<\/b><\/span><span style=\"color: #0000ff\"><b>GRUPO DE PESQUISA EM ARTES C\u00caNICAS<\/b><\/span><b>\u00a0<\/b><\/p>\n<p><b>L\u00edder do Grupo de Pesquisa: Prof. Dr. Romualdo Rodrigues Palhano<\/b><br \/>\n<b>Coordenador do Projeto: Prof. Dr. Romualdo Rodrigues Palhano<\/b><br \/>\n<b>Professor Participante: Profa. Msc. Ver\u00f4nica Xavier Luna e Profa. Msc. S\u00edlvia Carla Marques Costa<\/b><br \/>\n<b>Discentes: Dayse Amaral, Dorivana Martins e Carla Tha\u00eds. <\/b><\/p>\n<p><b>\u00a0<\/b><\/p>\n<p align=\"center\"><b style=\"line-height: 1.5em\">RESUMO<\/b><\/p>\n<p><b><\/b>Este trabalho surgiu em fun\u00e7\u00e3o da aus\u00eancia de registros sobre os mais diversificados artistas que contribu\u00edram para a discuss\u00e3o e o desenvolvimento do teatro no Amap\u00e1. N\u00e3o h\u00e1 nos \u00f3rg\u00e3os p\u00fablicos, como Secretaria da Cultura, Biblioteca Estadual Elcy Lacerda entre outros, uma obra identifique e revele os artistas que contribu\u00edram com o teatro amapaense nas d\u00e9cadas passadas.<\/p>\n<p>Portanto esta pesquisa visa estabelecer e codificar ampla documenta\u00e7\u00e3o e fontes de informa\u00e7\u00e3o e discuss\u00e3o sobre a import\u00e2ncia social, hist\u00f3rica, art\u00edstica e est\u00e9tica da nossa produ\u00e7\u00e3o teatral nas d\u00e9cadas de 1940\/1950, os quais representaram e contribu\u00edram para o sustento do nosso teatro.<\/p>\n<p>Este projeto de pesquisa se revela em registros iniciais sobre as artes c\u00eanicas em nosso Estado. Portanto, h\u00e1 a necessidade de se ampliar ainda mais uma literatura amapaense que aglutine e revele atores e atrizes que montaram espet\u00e1culos teatrais em meados do s\u00e9culo XX aqui no Amap\u00e1. Desta forma esta pesquisa ir\u00e1 de encontro \u00e0 premente necessidade desses artistas serem revelados \u00e0 sociedade amapaense. A pesquisa se centrar\u00e1 em analisar v\u00e1rios jornais que aqui foram publicados nas d\u00e9cadas de 1940 e 1950.<\/p>\n<p>Revelar-se-\u00e1 ainda o valor social desse teatro que tem sido realizado em prol da nossa sociedade e nossa cultura.<\/p>\n<p>&nbsp;<\/p>\n<p style=\"text-align: left\" align=\"center\"><span style=\"color: #0000ff\"><strong>ESPA\u00c7OS TEATRAIS NO AMAP\u00c1: Do S\u00e9culo XVIII ao Teatro das Bacabeiras &#8211;\u00a0<strong>GRUPO DE\u00a0PESQUISA EM ARTES C\u00caNICAS<\/strong><\/strong><\/span><\/p>\n<p><strong>L\u00edder do Grupo de Pesquisa: Prof. Dr. Romualdo Rodrigues Palhano<\/strong><br \/>\n<strong>Coordenador do Projeto: Prof. Dr. Romualdo Rodrigues Palhano<\/strong><\/p>\n<p><strong>\u00a0<\/strong><\/p>\n<p style=\"text-align: center\"><strong>RESUMO<\/strong><\/p>\n<p>\u00a0\u00a0Esta pesquisa pretende realizar estudo anal\u00edtico sobre os mais diversificados espa\u00e7os teatrais que existiram e\/ou que ainda existem no Estado do Amap\u00e1.<b>\u00a0<\/b>O objeto de estudo trata-se da concretiza\u00e7\u00e3o de v\u00e1rios espa\u00e7os c\u00eanicos que existiram, como por exemplo: palco da r\u00e1dio Difusora do Amap\u00e1; palco da r\u00e1dio Educadora do Amap\u00e1; palco do Trem Desportivo Clube; palco da Sede dos Escoteiros; palco de Cine Teatro Territorial entre outros.\u00a0 Esses espa\u00e7os foram muito significativos para as artes c\u00eanicas e para a sociedade de cada tempo hist\u00f3rico. Um dos mais antigos registros que h\u00e1 \u00e9 o de um pequeno teatro de madeira que foi constru\u00eddo ainda no s\u00e9culo XVIII na Vila de S\u00e3o Jos\u00e9 de Macap\u00e1. Seu registro data do ano de 1775. \u00c9 um estudo que busca compreender o significado de cada espa\u00e7o teatral e sua rela\u00e7\u00e3o com a comunidade, a partir da forma\u00e7\u00e3o dos sujeitos dentro de um ambiente amaz\u00f4nico, para contribuir a entender o teatro que se realiza na atualidade no Amap\u00e1. Fundamenta-se nos estudos de Clifford Geertz; Roger Chartier; Norbert Elias e Werneck Lima. \u00c9 uma pesquisa em rela\u00e7\u00e3o ao teatro no Amap\u00e1 de cunho anal\u00edtico, historiogr\u00e1fico e reflexivo sobre os espa\u00e7os teatrais que foram inaugurados e posteriormente abandonados (cada um no seu tempo). Entre outros espa\u00e7os, h\u00e1 na contemporaneidade, o Teatro das Bacabeiras, inaugurado em 1990, que pertence ao Governo do Estado. Este trabalho visa ainda estudar, identificar e catalogar esses espa\u00e7os teatrais, e revelar suas influ\u00eancias para a sociedade de cada \u00e9poca, al\u00e9m de reconhecer esses locais como suporte cultural de identidade do povo amapaense. O recorte temporal dar-se-\u00e1 a partir do ano de 1775 em fun\u00e7\u00e3o de que h\u00e1 registros sobre um pequeno teatro de madeira, at\u00e9 o ano de 1990 que revela a inaugura\u00e7\u00e3o do Teatro das Bacabeiras, que \u00e9 o atual espa\u00e7o oficial para as artes c\u00eanicas no Amap\u00e1.<\/p>\n","protected":false},"excerpt":{"rendered":"<p>TEATRO NO AMAP\u00c1 \u2013 ARTISTAS E SEU TEMPO \u2013 1940-1950 &#8211;\u00a0GRUPO DE PESQUISA EM ARTES C\u00caNICAS\u00a0 L\u00edder do Grupo de Pesquisa: Prof. Dr. Romualdo Rodrigues Palhano Coordenador do Projeto: Prof. Dr. Romualdo Rodrigues Palhano Professor Participante: Profa. Msc. Ver\u00f4nica Xavier Luna e Profa. Msc. S\u00edlvia Carla Marques Costa Discentes: Dayse Amaral, Dorivana Martins e Carla&#8230;<\/p>\n","protected":false},"author":421,"featured_media":0,"parent":332,"menu_order":0,"comment_status":"open","ping_status":"open","template":"","meta":{"inline_featured_image":false,"site-sidebar-layout":"default","site-content-layout":"","ast-site-content-layout":"default","site-content-style":"default","site-sidebar-style":"default","ast-global-header-display":"","ast-banner-title-visibility":"","ast-main-header-display":"","ast-hfb-above-header-display":"","ast-hfb-below-header-display":"","ast-hfb-mobile-header-display":"","site-post-title":"","ast-breadcrumbs-content":"","ast-featured-img":"","footer-sml-layout":"","theme-transparent-header-meta":"default","adv-header-id-meta":"","stick-header-meta":"","header-above-stick-meta":"","header-main-stick-meta":"","header-below-stick-meta":"","astra-migrate-meta-layouts":"set","ast-page-background-enabled":"default","ast-page-background-meta":{"desktop":{"background-color":"var(--ast-global-color-4)","background-image":"","background-repeat":"repeat","background-position":"center center","background-size":"auto","background-attachment":"scroll","background-type":"","background-media":"","overlay-type":"","overlay-color":"","overlay-opacity":"","overlay-gradient":""},"tablet":{"background-color":"","background-image":"","background-repeat":"repeat","background-position":"center center","background-size":"auto","background-attachment":"scroll","background-type":"","background-media":"","overlay-type":"","overlay-color":"","overlay-opacity":"","overlay-gradient":""},"mobile":{"background-color":"","background-image":"","background-repeat":"repeat","background-position":"center center","background-size":"auto","background-attachment":"scroll","background-type":"","background-media":"","overlay-type":"","overlay-color":"","overlay-opacity":"","overlay-gradient":""}},"ast-content-background-meta":{"desktop":{"background-color":"var(--ast-global-color-5)","background-image":"","background-repeat":"repeat","background-position":"center center","background-size":"auto","background-attachment":"scroll","background-type":"","background-media":"","overlay-type":"","overlay-color":"","overlay-opacity":"","overlay-gradient":""},"tablet":{"background-color":"var(--ast-global-color-5)","background-image":"","background-repeat":"repeat","background-position":"center center","background-size":"auto","background-attachment":"scroll","background-type":"","background-media":"","overlay-type":"","overlay-color":"","overlay-opacity":"","overlay-gradient":""},"mobile":{"background-color":"var(--ast-global-color-5)","background-image":"","background-repeat":"repeat","background-position":"center center","background-size":"auto","background-attachment":"scroll","background-type":"","background-media":"","overlay-type":"","overlay-color":"","overlay-opacity":"","overlay-gradient":""}},"ngg_post_thumbnail":0,"footnotes":""},"class_list":["post-725","page","type-page","status-publish","hentry"],"_links":{"self":[{"href":"http:\/\/www2.unifap.br\/teatro\/wp-json\/wp\/v2\/pages\/725","targetHints":{"allow":["GET"]}}],"collection":[{"href":"http:\/\/www2.unifap.br\/teatro\/wp-json\/wp\/v2\/pages"}],"about":[{"href":"http:\/\/www2.unifap.br\/teatro\/wp-json\/wp\/v2\/types\/page"}],"author":[{"embeddable":true,"href":"http:\/\/www2.unifap.br\/teatro\/wp-json\/wp\/v2\/users\/421"}],"replies":[{"embeddable":true,"href":"http:\/\/www2.unifap.br\/teatro\/wp-json\/wp\/v2\/comments?post=725"}],"version-history":[{"count":6,"href":"http:\/\/www2.unifap.br\/teatro\/wp-json\/wp\/v2\/pages\/725\/revisions"}],"predecessor-version":[{"id":3910,"href":"http:\/\/www2.unifap.br\/teatro\/wp-json\/wp\/v2\/pages\/725\/revisions\/3910"}],"up":[{"embeddable":true,"href":"http:\/\/www2.unifap.br\/teatro\/wp-json\/wp\/v2\/pages\/332"}],"wp:attachment":[{"href":"http:\/\/www2.unifap.br\/teatro\/wp-json\/wp\/v2\/media?parent=725"}],"curies":[{"name":"wp","href":"https:\/\/api.w.org\/{rel}","templated":true}]}}