{"id":745,"date":"2016-06-27T17:36:16","date_gmt":"2016-06-27T17:36:16","guid":{"rendered":"http:\/\/www2.unifap.br\/teatro\/?page_id=745"},"modified":"2022-04-24T15:09:17","modified_gmt":"2022-04-24T15:09:17","slug":"cat","status":"publish","type":"page","link":"http:\/\/www2.unifap.br\/teatro\/cat\/","title":{"rendered":"Centro Acad\u00eamico de Teatro"},"content":{"rendered":"<p><strong><a href=\"http:\/\/www2.unifap.br\/teatro\/files\/2016\/06\/04_09_18-ATA-DE-REFUNDA\u00c7\u00c3O-CAT.pdf\">ATA DE REFUNDA\u00c7\u00c3O<\/a><\/strong><\/p>\n<p><strong><a href=\"http:\/\/www2.unifap.br\/teatro\/files\/2016\/06\/29_06_18-Homologa\u00e7\u00e3o-das-Elei\u00e7\u00f5es-2018.pdf\">Homologa\u00e7\u00e3o das Elei\u00e7\u00f5es 2018<\/a><\/strong><\/p>\n<p><strong><a href=\"http:\/\/www2.unifap.br\/teatro\/files\/2016\/06\/ESTATUTO-CAT-UNIFAP.pdf\">ESTATUTO CAT<\/a><\/strong><\/p>\n<p><strong><a href=\"http:\/\/www2.unifap.br\/teatro\/files\/2016\/06\/REGIMENTO-ELEITORAL.pdf\">REGIMENTO ELEITORAL &#8211; CAT<\/a><\/strong><\/p>\n<p><strong>ATAS<\/strong><\/p>\n<p><strong><a href=\"http:\/\/www2.unifap.br\/teatro\/files\/2016\/06\/ATA.pdf\">001\/2016<\/a><\/strong><\/p>\n<p><strong>CERTIFICADOS:<\/strong><br \/>\n<strong><a href=\"https:\/\/drive.google.com\/drive\/folders\/1FkQlZ80MoLj7z1A0-i-7aCuETgNadjYy?usp=sharing\">Roda de conversa: Combate ao Ass\u00e9dio Moral e Sexual na Universidade<\/a><\/strong><\/p>\n","protected":false},"excerpt":{"rendered":"<p>ATA DE REFUNDA\u00c7\u00c3O Homologa\u00e7\u00e3o das Elei\u00e7\u00f5es 2018 ESTATUTO CAT REGIMENTO ELEITORAL &#8211; CAT ATAS 001\/2016 CERTIFICADOS: Roda de conversa: Combate ao Ass\u00e9dio Moral e Sexual na Universidade<\/p>\n","protected":false},"author":421,"featured_media":0,"parent":0,"menu_order":0,"comment_status":"open","ping_status":"open","template":"","meta":{"inline_featured_image":false,"site-sidebar-layout":"default","site-content-layout":"","ast-site-content-layout":"default","site-content-style":"default","site-sidebar-style":"default","ast-global-header-display":"","ast-banner-title-visibility":"","ast-main-header-display":"","ast-hfb-above-header-display":"","ast-hfb-below-header-display":"","ast-hfb-mobile-header-display":"","site-post-title":"","ast-breadcrumbs-content":"","ast-featured-img":"","footer-sml-layout":"","theme-transparent-header-meta":"","adv-header-id-meta":"","stick-header-meta":"","header-above-stick-meta":"","header-main-stick-meta":"","header-below-stick-meta":"","astra-migrate-meta-layouts":"default","ast-page-background-enabled":"default","ast-page-background-meta":{"desktop":{"background-color":"var(--ast-global-color-4)","background-image":"","background-repeat":"repeat","background-position":"center center","background-size":"auto","background-attachment":"scroll","background-type":"","background-media":"","overlay-type":"","overlay-color":"","overlay-opacity":"","overlay-gradient":""},"tablet":{"background-color":"","background-image":"","background-repeat":"repeat","background-position":"center center","background-size":"auto","background-attachment":"scroll","background-type":"","background-media":"","overlay-type":"","overlay-color":"","overlay-opacity":"","overlay-gradient":""},"mobile":{"background-color":"","background-image":"","background-repeat":"repeat","background-position":"center center","background-size":"auto","background-attachment":"scroll","background-type":"","background-media":"","overlay-type":"","overlay-color":"","overlay-opacity":"","overlay-gradient":""}},"ast-content-background-meta":{"desktop":{"background-color":"var(--ast-global-color-5)","background-image":"","background-repeat":"repeat","background-position":"center center","background-size":"auto","background-attachment":"scroll","background-type":"","background-media":"","overlay-type":"","overlay-color":"","overlay-opacity":"","overlay-gradient":""},"tablet":{"background-color":"var(--ast-global-color-5)","background-image":"","background-repeat":"repeat","background-position":"center center","background-size":"auto","background-attachment":"scroll","background-type":"","background-media":"","overlay-type":"","overlay-color":"","overlay-opacity":"","overlay-gradient":""},"mobile":{"background-color":"var(--ast-global-color-5)","background-image":"","background-repeat":"repeat","background-position":"center center","background-size":"auto","background-attachment":"scroll","background-type":"","background-media":"","overlay-type":"","overlay-color":"","overlay-opacity":"","overlay-gradient":""}},"ngg_post_thumbnail":0,"footnotes":""},"class_list":["post-745","page","type-page","status-publish","hentry"],"_links":{"self":[{"href":"http:\/\/www2.unifap.br\/teatro\/wp-json\/wp\/v2\/pages\/745","targetHints":{"allow":["GET"]}}],"collection":[{"href":"http:\/\/www2.unifap.br\/teatro\/wp-json\/wp\/v2\/pages"}],"about":[{"href":"http:\/\/www2.unifap.br\/teatro\/wp-json\/wp\/v2\/types\/page"}],"author":[{"embeddable":true,"href":"http:\/\/www2.unifap.br\/teatro\/wp-json\/wp\/v2\/users\/421"}],"replies":[{"embeddable":true,"href":"http:\/\/www2.unifap.br\/teatro\/wp-json\/wp\/v2\/comments?post=745"}],"version-history":[{"count":7,"href":"http:\/\/www2.unifap.br\/teatro\/wp-json\/wp\/v2\/pages\/745\/revisions"}],"predecessor-version":[{"id":2423,"href":"http:\/\/www2.unifap.br\/teatro\/wp-json\/wp\/v2\/pages\/745\/revisions\/2423"}],"wp:attachment":[{"href":"http:\/\/www2.unifap.br\/teatro\/wp-json\/wp\/v2\/media?parent=745"}],"curies":[{"name":"wp","href":"https:\/\/api.w.org\/{rel}","templated":true}]}}