{"id":1351,"date":"2023-04-06T12:55:36","date_gmt":"2023-04-06T15:55:36","guid":{"rendered":"https:\/\/www2.unifap.br\/unimulher\/?page_id=1351"},"modified":"2024-03-03T20:53:04","modified_gmt":"2024-03-03T23:53:04","slug":"materiaisdaaula","status":"publish","type":"page","link":"http:\/\/www2.unifap.br\/unimulher\/materiaisdaaula\/","title":{"rendered":"MATERIAIS DAS AULAS"},"content":{"rendered":"<p><a href=\"http:\/\/www2.unifap.br\/unimulher\/files\/2023\/04\/um-divisor-1.png\"><img fetchpriority=\"high\" decoding=\"async\" class=\"aligncenter wp-image-1409 size-full\" src=\"http:\/\/www2.unifap.br\/unimulher\/files\/2023\/04\/um-divisor-1.png\" alt=\"\" width=\"694\" height=\"143\" srcset=\"http:\/\/www2.unifap.br\/unimulher\/files\/2023\/04\/um-divisor-1.png 694w, http:\/\/www2.unifap.br\/unimulher\/files\/2023\/04\/um-divisor-1-300x62.png 300w\" sizes=\"(max-width: 694px) 100vw, 694px\" \/><\/a><\/p>\n<h1 style=\"text-align: center\"><em><strong>Materiais das Aulas<\/strong><\/em><\/h1>\n<p>&nbsp;<\/p>\n<p><strong>CURSO-LIVRE: SA\u00daDE DA MULHER &#8211; PROF. ERIKA FERNANDES<\/strong><\/p>\n<ul>\n<li><a href=\"https:\/\/www2.unifap.br\/unimulher\/saude-da-mulher-2\/\">SA\u00daDE DA MULHER<\/a><\/li>\n<li><a href=\"https:\/\/www2.unifap.br\/unimulher\/planejamento-familiar\/\">PLANEJAMENTO FAMILIAR<\/a><\/li>\n<li><a href=\"https:\/\/www2.unifap.br\/unimulher\/violencia-contra-mulher\/\">VIOL\u00caNCIA CONTRA MULHER<\/a><\/li>\n<li><a href=\"https:\/\/www2.unifap.br\/unimulher\/10-mitos-sobre-cancer-de-mama\/\">10 MITOS SOBRE C\u00c2NCER de MAMA<\/a><\/li>\n<li><a href=\"https:\/\/www2.unifap.br\/unimulher\/cancer-de-mama-conhecer-para-prevenir\/\">C\u00c2NCER DE MAMA CONHECER PARA PREVENIR<\/a><\/li>\n<li><a href=\"https:\/\/www2.unifap.br\/unimulher\/prevencao-do-cancer-de-colo-uterino\/\">PREVEN\u00c7\u00c3O DO C\u00c2NCER DE COLO UTERINO<\/a><\/li>\n<li><a href=\"https:\/\/www2.unifap.br\/unimulher\/fisiologia-e-anatomia-sexual-e-reprodutiva-1\/\">FISIOLOGIA E ANATOMIA SEXUAL E REPRODUTIVA 1<\/a><\/li>\n<li><a href=\"https:\/\/www2.unifap.br\/unimulher\/fisiologia-e-anatomia-sexual-e-reprodutiva-2\/\">FISIOLOGIA E ANATOMIA SEXUAL E REPRODUTIVA 2<\/a><\/li>\n<\/ul>\n","protected":false},"excerpt":{"rendered":"<p>Materiais das Aulas &nbsp; CURSO-LIVRE: SA\u00daDE DA MULHER &#8211; PROF. ERIKA FERNANDES SA\u00daDE DA MULHER PLANEJAMENTO FAMILIAR VIOL\u00caNCIA CONTRA MULHER 10 MITOS SOBRE C\u00c2NCER de MAMA C\u00c2NCER DE MAMA CONHECER PARA PREVENIR PREVEN\u00c7\u00c3O DO C\u00c2NCER DE COLO UTERINO FISIOLOGIA E ANATOMIA SEXUAL E REPRODUTIVA 1 FISIOLOGIA E ANATOMIA SEXUAL E REPRODUTIVA 2<\/p>\n","protected":false},"author":3947,"featured_media":0,"parent":0,"menu_order":0,"comment_status":"closed","ping_status":"closed","template":"","meta":{"inline_featured_image":false,"site-sidebar-layout":"default","site-content-layout":"default","ast-site-content-layout":"default","site-content-style":"default","site-sidebar-style":"default","ast-global-header-display":"","ast-banner-title-visibility":"","ast-main-header-display":"","ast-hfb-above-header-display":"","ast-hfb-below-header-display":"","ast-hfb-mobile-header-display":"","site-post-title":"","ast-breadcrumbs-content":"","ast-featured-img":"","footer-sml-layout":"","theme-transparent-header-meta":"default","adv-header-id-meta":"","stick-header-meta":"","header-above-stick-meta":"","header-main-stick-meta":"","header-below-stick-meta":"","astra-migrate-meta-layouts":"set","ast-page-background-enabled":"default","ast-page-background-meta":{"desktop":{"background-color":"var(--ast-global-color-4)","background-image":"","background-repeat":"repeat","background-position":"center center","background-size":"auto","background-attachment":"scroll","background-type":"","background-media":"","overlay-type":"","overlay-color":"","overlay-opacity":"","overlay-gradient":""},"tablet":{"background-color":"","background-image":"","background-repeat":"repeat","background-position":"center center","background-size":"auto","background-attachment":"scroll","background-type":"","background-media":"","overlay-type":"","overlay-color":"","overlay-opacity":"","overlay-gradient":""},"mobile":{"background-color":"","background-image":"","background-repeat":"repeat","background-position":"center center","background-size":"auto","background-attachment":"scroll","background-type":"","background-media":"","overlay-type":"","overlay-color":"","overlay-opacity":"","overlay-gradient":""}},"ast-content-background-meta":{"desktop":{"background-color":"var(--ast-global-color-5)","background-image":"","background-repeat":"repeat","background-position":"center center","background-size":"auto","background-attachment":"scroll","background-type":"","background-media":"","overlay-type":"","overlay-color":"","overlay-opacity":"","overlay-gradient":""},"tablet":{"background-color":"var(--ast-global-color-5)","background-image":"","background-repeat":"repeat","background-position":"center center","background-size":"auto","background-attachment":"scroll","background-type":"","background-media":"","overlay-type":"","overlay-color":"","overlay-opacity":"","overlay-gradient":""},"mobile":{"background-color":"var(--ast-global-color-5)","background-image":"","background-repeat":"repeat","background-position":"center center","background-size":"auto","background-attachment":"scroll","background-type":"","background-media":"","overlay-type":"","overlay-color":"","overlay-opacity":"","overlay-gradient":""}},"ngg_post_thumbnail":0,"footnotes":""},"class_list":["post-1351","page","type-page","status-publish","hentry"],"_links":{"self":[{"href":"http:\/\/www2.unifap.br\/unimulher\/wp-json\/wp\/v2\/pages\/1351","targetHints":{"allow":["GET"]}}],"collection":[{"href":"http:\/\/www2.unifap.br\/unimulher\/wp-json\/wp\/v2\/pages"}],"about":[{"href":"http:\/\/www2.unifap.br\/unimulher\/wp-json\/wp\/v2\/types\/page"}],"author":[{"embeddable":true,"href":"http:\/\/www2.unifap.br\/unimulher\/wp-json\/wp\/v2\/users\/3947"}],"replies":[{"embeddable":true,"href":"http:\/\/www2.unifap.br\/unimulher\/wp-json\/wp\/v2\/comments?post=1351"}],"version-history":[{"count":24,"href":"http:\/\/www2.unifap.br\/unimulher\/wp-json\/wp\/v2\/pages\/1351\/revisions"}],"predecessor-version":[{"id":1843,"href":"http:\/\/www2.unifap.br\/unimulher\/wp-json\/wp\/v2\/pages\/1351\/revisions\/1843"}],"wp:attachment":[{"href":"http:\/\/www2.unifap.br\/unimulher\/wp-json\/wp\/v2\/media?parent=1351"}],"curies":[{"name":"wp","href":"https:\/\/api.w.org\/{rel}","templated":true}]}}