{"id":377,"date":"2020-01-01T08:35:50","date_gmt":"2020-01-01T08:35:50","guid":{"rendered":"https:\/\/www2.unifap.br\/unimulher\/?page_id=377"},"modified":"2023-04-06T13:48:39","modified_gmt":"2023-04-06T16:48:39","slug":"sobre-nos","status":"publish","type":"page","link":"http:\/\/www2.unifap.br\/unimulher\/","title":{"rendered":"SOBRE N\u00d3S"},"content":{"rendered":"<p><a href=\"http:\/\/www2.unifap.br\/unimulher\/files\/2023\/04\/um-divisor-1.png\"><img fetchpriority=\"high\" decoding=\"async\" class=\"aligncenter wp-image-1409 size-full\" src=\"http:\/\/www2.unifap.br\/unimulher\/files\/2023\/04\/um-divisor-1.png\" alt=\"\" width=\"694\" height=\"143\" srcset=\"http:\/\/www2.unifap.br\/unimulher\/files\/2023\/04\/um-divisor-1.png 694w, http:\/\/www2.unifap.br\/unimulher\/files\/2023\/04\/um-divisor-1-300x62.png 300w\" sizes=\"(max-width: 694px) 100vw, 694px\" \/><\/a><\/p>\n<h1 style=\"text-align: center\"><em><strong>O projeto<\/strong><\/em><\/h1>\n<p style=\"text-align: left\"><span style=\"margin: 0px;padding: 0px;border: 0px;vertical-align: baseline;background: transparent\"><span style=\"margin: 0px;padding: 0px;border: 0px;vertical-align: baseline;background: transparent;font-family: arial, '\uff4d\uff53 \uff50\u30b4\u30b7\u30c3\u30af', 'ms pgothic', \ub3cb\uc6c0, dotum, helvetica, sans-serif\">A Universidade da Mulher \u00e9 um projeto de extens\u00e3o da Universidade Federal do Amap\u00e1 \u2013 UNIFAP. Foi idealizado em 2011 pelo professor Steve Wanderson Calheiros de Ara\u00fajo, que enquanto pr\u00f3-reitor de extens\u00e3o e a\u00e7\u00f5es comunit\u00e1rias, desejava que a universidade fizesse algo pelas mulheres em situa\u00e7\u00e3o de vulnerabilidade social e econ\u00f4mica.<\/span><\/span><\/p>\n<p><span style=\"margin: 0px;padding: 0px;border: 0px;vertical-align: baseline;background: transparent\"><span style=\"margin: 0px;padding: 0px;border: 0px;vertical-align: baseline;background: transparent;font-family: arial, '\uff4d\uff53 \uff50\u30b4\u30b7\u30c3\u30af', 'ms pgothic', \ub3cb\uc6c0, dotum, helvetica, sans-serif\">Com isso, ele tratou de elaborar um projeto e buscar parceiros externos que pudessem alocar recursos or\u00e7ament\u00e1rios e financeiros para que a universidade pudesse execut\u00e1-lo.<\/span><\/span><br \/>\n<span style=\"margin: 0px;padding: 0px;border: 0px;vertical-align: baseline;background: transparent\"><span style=\"margin: 0px;padding: 0px;border: 0px;vertical-align: baseline;background: transparent;font-family: arial, '\uff4d\uff53 \uff50\u30b4\u30b7\u30c3\u30af', 'ms pgothic', \ub3cb\uc6c0, dotum, helvetica, sans-serif\">Gra\u00e7as a Deus, encontramos muitos parlamentares dispostos a colaborar com emendas para que o projeto sa\u00edsse do papel. No per\u00edodo de 2012 a 2014, nosso patrono foi o ent\u00e3o Deputado Federal, Sebasti\u00e3o Bala Rocha. De 2015 a 2020, nossa patronesse foi a ent\u00e3o Deputada Federal, Janete Capiberibe, e desde o ano 2021, temos como patrono o Deputado Federal Camilo Capiberibe.<\/span><\/span><\/p>\n<p><a href=\"http:\/\/www2.unifap.br\/unimulher\/files\/2022\/08\/dfdfdf.png\"><img decoding=\"async\" class=\"size-full wp-image-462 aligncenter\" src=\"http:\/\/www2.unifap.br\/unimulher\/files\/2022\/08\/dfdfdf.png\" alt=\"\" width=\"542\" height=\"402\"><\/a><\/p>\n<p><span style=\"margin: 0px;padding: 0px;border: 0px;vertical-align: baseline;background: transparent\"><span style=\"margin: 0px;padding: 0px;border: 0px;vertical-align: baseline;background: transparent;font-family: arial, '\uff4d\uff53 \uff50\u30b4\u30b7\u30c3\u30af', 'ms pgothic', \ub3cb\uc6c0, dotum, helvetica, sans-serif\">O projeto \u00e9 vinculado ao Departamento de Extens\u00e3o \u2013 Dex e tem como objetivo proporcionar cursos livres como forma de promover a melhoria das condi\u00e7\u00f5es de vida, a igualdade e os direitos de cidadania da mulher.At\u00e9 a quinta oferta do projeto as aulas eram realizadas presencialmente no campus Marco Zero do Equador. Entretanto, em decorr\u00eancia das limita\u00e7\u00f5es impostas pela pandemia de covid-19, desde a sexta oferta do projeto, que ocorreu em 2020, as aulas passaram a ser implementadas a dist\u00e2ncia, por meio do Google Meet.<\/span><\/span><\/p>\n<p><a href=\"http:\/\/www2.unifap.br\/unimulher\/files\/2022\/08\/uiuju.png\"><img decoding=\"async\" class=\"size-full wp-image-463 aligncenter\" src=\"http:\/\/www2.unifap.br\/unimulher\/files\/2022\/08\/uiuju.png\" alt=\"\" width=\"368\" height=\"489\"><\/a><\/p>\n<p><span style=\"margin: 0px;padding: 0px;border: 0px;vertical-align: baseline;background: transparent\"><span style=\"margin: 0px;padding: 0px;border: 0px;vertical-align: baseline;background: transparent;font-family: arial, '\uff4d\uff53 \uff50\u30b4\u30b7\u30c3\u30af', 'ms pgothic', \ub3cb\uc6c0, dotum, helvetica, sans-serif\">Desde o ano 2019 o projeto \u00e9 coordenado por Kelly Huany de Melo Braga, servidora do quadro t\u00e9cnico-administrativo da UNIFAP, mas tamb\u00e9m j\u00e1 estiveram nessa fun\u00e7\u00e3o Nair Mota Dias (2012-2013) e Ana Ruth Ara\u00fajo da Silva de Souza (2014-2018).<\/span><\/span><\/p>\n<p>&nbsp;<\/p>\n","protected":false},"excerpt":{"rendered":"<p>O projeto A Universidade da Mulher \u00e9 um projeto de extens\u00e3o da Universidade Federal do Amap\u00e1 \u2013 UNIFAP. Foi idealizado em 2011 pelo professor Steve Wanderson Calheiros de Ara\u00fajo, que enquanto pr\u00f3-reitor de extens\u00e3o e a\u00e7\u00f5es comunit\u00e1rias, desejava que a universidade fizesse algo pelas mulheres em situa\u00e7\u00e3o de vulnerabilidade social e econ\u00f4mica. Com isso, ele&#8230;<\/p>\n","protected":false},"author":3947,"featured_media":0,"parent":0,"menu_order":0,"comment_status":"closed","ping_status":"closed","template":"","meta":{"inline_featured_image":false,"site-sidebar-layout":"default","site-content-layout":"default","ast-site-content-layout":"default","site-content-style":"default","site-sidebar-style":"default","ast-global-header-display":"","ast-banner-title-visibility":"","ast-main-header-display":"","ast-hfb-above-header-display":"","ast-hfb-below-header-display":"","ast-hfb-mobile-header-display":"","site-post-title":"","ast-breadcrumbs-content":"","ast-featured-img":"","footer-sml-layout":"","theme-transparent-header-meta":"default","adv-header-id-meta":"","stick-header-meta":"","header-above-stick-meta":"","header-main-stick-meta":"","header-below-stick-meta":"","astra-migrate-meta-layouts":"default","ast-page-background-enabled":"default","ast-page-background-meta":{"desktop":{"background-color":"var(--ast-global-color-4)","background-image":"","background-repeat":"repeat","background-position":"center center","background-size":"auto","background-attachment":"scroll","background-type":"","background-media":"","overlay-type":"","overlay-color":"","overlay-opacity":"","overlay-gradient":""},"tablet":{"background-color":"","background-image":"","background-repeat":"repeat","background-position":"center center","background-size":"auto","background-attachment":"scroll","background-type":"","background-media":"","overlay-type":"","overlay-color":"","overlay-opacity":"","overlay-gradient":""},"mobile":{"background-color":"","background-image":"","background-repeat":"repeat","background-position":"center center","background-size":"auto","background-attachment":"scroll","background-type":"","background-media":"","overlay-type":"","overlay-color":"","overlay-opacity":"","overlay-gradient":""}},"ast-content-background-meta":{"desktop":{"background-color":"var(--ast-global-color-5)","background-image":"","background-repeat":"repeat","background-position":"center center","background-size":"auto","background-attachment":"scroll","background-type":"","background-media":"","overlay-type":"","overlay-color":"","overlay-opacity":"","overlay-gradient":""},"tablet":{"background-color":"var(--ast-global-color-5)","background-image":"","background-repeat":"repeat","background-position":"center center","background-size":"auto","background-attachment":"scroll","background-type":"","background-media":"","overlay-type":"","overlay-color":"","overlay-opacity":"","overlay-gradient":""},"mobile":{"background-color":"var(--ast-global-color-5)","background-image":"","background-repeat":"repeat","background-position":"center center","background-size":"auto","background-attachment":"scroll","background-type":"","background-media":"","overlay-type":"","overlay-color":"","overlay-opacity":"","overlay-gradient":""}},"ngg_post_thumbnail":0,"footnotes":""},"class_list":["post-377","page","type-page","status-publish","hentry"],"_links":{"self":[{"href":"http:\/\/www2.unifap.br\/unimulher\/wp-json\/wp\/v2\/pages\/377","targetHints":{"allow":["GET"]}}],"collection":[{"href":"http:\/\/www2.unifap.br\/unimulher\/wp-json\/wp\/v2\/pages"}],"about":[{"href":"http:\/\/www2.unifap.br\/unimulher\/wp-json\/wp\/v2\/types\/page"}],"author":[{"embeddable":true,"href":"http:\/\/www2.unifap.br\/unimulher\/wp-json\/wp\/v2\/users\/3947"}],"replies":[{"embeddable":true,"href":"http:\/\/www2.unifap.br\/unimulher\/wp-json\/wp\/v2\/comments?post=377"}],"version-history":[{"count":8,"href":"http:\/\/www2.unifap.br\/unimulher\/wp-json\/wp\/v2\/pages\/377\/revisions"}],"predecessor-version":[{"id":1423,"href":"http:\/\/www2.unifap.br\/unimulher\/wp-json\/wp\/v2\/pages\/377\/revisions\/1423"}],"wp:attachment":[{"href":"http:\/\/www2.unifap.br\/unimulher\/wp-json\/wp\/v2\/media?parent=377"}],"curies":[{"name":"wp","href":"https:\/\/api.w.org\/{rel}","templated":true}]}}