{"id":104,"date":"2024-11-27T10:00:12","date_gmt":"2024-11-27T13:00:12","guid":{"rendered":"https:\/\/www2.unifap.br\/acervocemedharq\/?page_id=104"},"modified":"2024-11-29T11:53:46","modified_gmt":"2024-11-29T14:53:46","slug":"apresentacao","status":"publish","type":"page","link":"https:\/\/www2.unifap.br\/acervocemedharq\/","title":{"rendered":"Apresenta\u00e7\u00e3o"},"content":{"rendered":"\t\t<div data-elementor-type=\"wp-page\" data-elementor-id=\"104\" class=\"elementor elementor-104\">\n\t\t\t\t<div class=\"elementor-element elementor-element-259fa3d e-flex e-con-boxed e-con e-parent\" data-id=\"259fa3d\" data-element_type=\"container\" data-e-type=\"container\">\n\t\t\t\t\t<div class=\"e-con-inner\">\n\t\t\t\t<div class=\"elementor-element elementor-element-49f44c9 elementor-button-warning elementor-align-center elementor-widget elementor-widget-button\" data-id=\"49f44c9\" data-element_type=\"widget\" data-e-type=\"widget\" data-widget_type=\"button.default\">\n\t\t\t\t<div class=\"elementor-widget-container\">\n\t\t\t\t\t\t\t\t\t<div class=\"elementor-button-wrapper\">\n\t\t\t\t\t<a class=\"elementor-button elementor-button-link elementor-size-sm\" href=\"https:\/\/www2.unifap.br\/acervocemedharq\/colecoes\/\">\n\t\t\t\t\t\t<span class=\"elementor-button-content-wrapper\">\n\t\t\t\t\t\t\t\t\t<span class=\"elementor-button-text\">ACERVO - Clique aqui<\/span>\n\t\t\t\t\t<\/span>\n\t\t\t\t\t<\/a>\n\t\t\t\t<\/div>\n\t\t\t\t\t\t\t\t<\/div>\n\t\t\t\t<\/div>\n\t\t\t\t\t<\/div>\n\t\t\t\t<\/div>\n\t\t<div class=\"elementor-element elementor-element-8c2c7fd e-flex e-con-boxed e-con e-parent\" data-id=\"8c2c7fd\" data-element_type=\"container\" data-e-type=\"container\">\n\t\t\t\t\t<div class=\"e-con-inner\">\n\t\t<div class=\"elementor-element elementor-element-13f43ad e-con-full e-flex e-con e-child\" data-id=\"13f43ad\" data-element_type=\"container\" data-e-type=\"container\">\n\t\t\t\t<div class=\"elementor-element elementor-element-be412db elementor-widget elementor-widget-image\" data-id=\"be412db\" data-element_type=\"widget\" data-e-type=\"widget\" data-widget_type=\"image.default\">\n\t\t\t\t<div class=\"elementor-widget-container\">\n\t\t\t\t\t\t\t\t\t\t\t\t\t\t\t<img fetchpriority=\"high\" decoding=\"async\" width=\"1024\" height=\"1024\" src=\"https:\/\/www2.unifap.br\/acervocemedharq\/files\/2024\/11\/gestao-eletronica-de-documentos-1-1024x1024.jpg\" class=\"attachment-large size-large wp-image-132\" alt=\"\" srcset=\"https:\/\/www2.unifap.br\/acervocemedharq\/files\/2024\/11\/gestao-eletronica-de-documentos-1-1024x1024.jpg 1024w, https:\/\/www2.unifap.br\/acervocemedharq\/files\/2024\/11\/gestao-eletronica-de-documentos-1-300x300.jpg 300w, https:\/\/www2.unifap.br\/acervocemedharq\/files\/2024\/11\/gestao-eletronica-de-documentos-1-150x150.jpg 150w, https:\/\/www2.unifap.br\/acervocemedharq\/files\/2024\/11\/gestao-eletronica-de-documentos-1-768x768.jpg 768w, https:\/\/www2.unifap.br\/acervocemedharq\/files\/2024\/11\/gestao-eletronica-de-documentos-1-1536x1536.jpg 1536w, https:\/\/www2.unifap.br\/acervocemedharq\/files\/2024\/11\/gestao-eletronica-de-documentos-1-40x40.jpg 40w, https:\/\/www2.unifap.br\/acervocemedharq\/files\/2024\/11\/gestao-eletronica-de-documentos-1-275x275.jpg 275w, https:\/\/www2.unifap.br\/acervocemedharq\/files\/2024\/11\/gestao-eletronica-de-documentos-1-205x205.jpg 205w, https:\/\/www2.unifap.br\/acervocemedharq\/files\/2024\/11\/gestao-eletronica-de-documentos-1-480x480.jpg 480w, https:\/\/www2.unifap.br\/acervocemedharq\/files\/2024\/11\/gestao-eletronica-de-documentos-1.jpg 2048w\" sizes=\"(max-width: 1024px) 100vw, 1024px\" \/>\t\t\t\t\t\t\t\t\t\t\t\t\t\t\t<\/div>\n\t\t\t\t<\/div>\n\t\t\t\t<\/div>\n\t\t<div class=\"elementor-element elementor-element-b58c785 e-con-full e-flex e-con e-child\" data-id=\"b58c785\" data-element_type=\"container\" data-e-type=\"container\">\n\t\t\t\t<div class=\"elementor-element elementor-element-a06ce9c elementor-drop-cap-yes elementor-drop-cap-view-default elementor-widget elementor-widget-text-editor\" data-id=\"a06ce9c\" data-element_type=\"widget\" data-e-type=\"widget\" data-settings=\"{&quot;drop_cap&quot;:&quot;yes&quot;}\" data-widget_type=\"text-editor.default\">\n\t\t\t\t<div class=\"elementor-widget-container\">\n\t\t\t\t\t\t\t\t\t<p>O CEMEDHARQ \u201cElfredo T\u00e1vora Gonsalves\u201d \u00e9 coordenado atualmente pela professora dr.\u00aa Elke Rocha, do curso de hist\u00f3ria, da Universidade Federal do Amap\u00e1 (UNIFAP) e desenvolvido desde (2022) por uma equipe composta por docentes e discentes do curso de hist\u00f3ria. Alguns projetos est\u00e3o vinculados ao PROFID &#8211; Programa de Forma\u00e7\u00e3o, Aperfei\u00e7oamento, Qualifica\u00e7\u00e3o Profissional e Idiomas.<span style=\"font-size: revert\">O objetivo deste reposit\u00f3rio \u00e9 reunir, organizar, armazenar, preservar e disponibilizar para a comunidade acad\u00eamica, pesquisadores e sociedade no geral, aos acervos que fazem parte dos projetos que o CEMEDHARQ faz a sua salvaguarda.<\/span><span style=\"font-size: revert\">Os acervos aqui listados visam contribuir para mem\u00f3ria e educa\u00e7\u00e3o patrimonial do estado Amap\u00e1, dessa forma, as cole\u00e7\u00f5es s\u00e3o compostas por diversos itens, desde documentos hist\u00f3ricos, utens\u00edlios, objetos pessoais, numism\u00e1tica e outros.<\/span><\/p>\t\t\t\t\t\t\t\t<\/div>\n\t\t\t\t<\/div>\n\t\t\t\t<\/div>\n\t\t\t\t\t<\/div>\n\t\t\t\t<\/div>\n\t\t\t\t<\/div>\n\t\t","protected":false},"excerpt":{"rendered":"<p>ACERVO &#8211; Clique aqui \/*! elementor &#8211; v3.21.0 &#8211; 26-05-2024 *\/ .elementor-widget-image{text-align:center}.elementor-widget-image a{display:inline-block}.elementor-widget-image a img[src$=&#8221;.svg&#8221;]{width:48px}.elementor-widget-image img{vertical-align:middle;display:inline-block} O CEMEDHARQ \u201cElfredo T\u00e1vora Gonsalves\u201d \u00e9 coordenado atualmente pela professora dr.\u00aa Elke Rocha, do curso de hist\u00f3ria, da Universidade Federal do Amap\u00e1 (UNIFAP) e desenvolvido desde (2022) por uma equipe composta por docentes e discentes do curso de hist\u00f3ria&#8230;.<\/p>\n","protected":false},"author":595,"featured_media":0,"parent":0,"menu_order":0,"comment_status":"closed","ping_status":"closed","template":"","meta":{"inline_featured_image":false,"footnotes":""},"class_list":["post-104","page","type-page","status-publish","hentry"],"_links":{"self":[{"href":"https:\/\/www2.unifap.br\/acervocemedharq\/wp-json\/wp\/v2\/pages\/104","targetHints":{"allow":["GET"]}}],"collection":[{"href":"https:\/\/www2.unifap.br\/acervocemedharq\/wp-json\/wp\/v2\/pages"}],"about":[{"href":"https:\/\/www2.unifap.br\/acervocemedharq\/wp-json\/wp\/v2\/types\/page"}],"author":[{"embeddable":true,"href":"https:\/\/www2.unifap.br\/acervocemedharq\/wp-json\/wp\/v2\/users\/595"}],"replies":[{"embeddable":true,"href":"https:\/\/www2.unifap.br\/acervocemedharq\/wp-json\/wp\/v2\/comments?post=104"}],"version-history":[{"count":28,"href":"https:\/\/www2.unifap.br\/acervocemedharq\/wp-json\/wp\/v2\/pages\/104\/revisions"}],"predecessor-version":[{"id":181,"href":"https:\/\/www2.unifap.br\/acervocemedharq\/wp-json\/wp\/v2\/pages\/104\/revisions\/181"}],"wp:attachment":[{"href":"https:\/\/www2.unifap.br\/acervocemedharq\/wp-json\/wp\/v2\/media?parent=104"}],"curies":[{"name":"wp","href":"https:\/\/api.w.org\/{rel}","templated":true}]}}