{"id":181,"date":"2024-09-03T16:17:07","date_gmt":"2024-09-03T19:17:07","guid":{"rendered":"https:\/\/www2.unifap.br\/acervocepap\/?page_id=181"},"modified":"2025-06-03T01:06:28","modified_gmt":"2025-06-03T04:06:28","slug":"apresentacao","status":"publish","type":"page","link":"https:\/\/www2.unifap.br\/acervocepap\/","title":{"rendered":"Acervo Digital &#8211; CEPAP"},"content":{"rendered":"\t\t<div data-elementor-type=\"wp-page\" data-elementor-id=\"181\" class=\"elementor elementor-181\">\n\t\t\t\t<div class=\"elementor-element elementor-element-c00d098 e-flex e-con-boxed e-con e-parent\" data-id=\"c00d098\" data-element_type=\"container\" data-e-type=\"container\">\n\t\t\t\t\t<div class=\"e-con-inner\">\n\t\t\t\t<div class=\"elementor-element elementor-element-416b329 elementor-align-center elementor-widget elementor-widget-button\" data-id=\"416b329\" data-element_type=\"widget\" data-e-type=\"widget\" data-widget_type=\"button.default\">\n\t\t\t\t<div class=\"elementor-widget-container\">\n\t\t\t\t\t\t\t\t\t<div class=\"elementor-button-wrapper\">\n\t\t\t\t\t<a class=\"elementor-button elementor-button-link elementor-size-sm\" href=\"https:\/\/www2.unifap.br\/acervocepap\/colecoes\/\">\n\t\t\t\t\t\t<span class=\"elementor-button-content-wrapper\">\n\t\t\t\t\t\t<span class=\"elementor-button-icon\">\n\t\t\t\t<svg aria-hidden=\"true\" class=\"e-font-icon-svg e-fas-chalkboard-teacher\" viewBox=\"0 0 640 512\" xmlns=\"http:\/\/www.w3.org\/2000\/svg\"><path d=\"M208 352c-2.39 0-4.78.35-7.06 1.09C187.98 357.3 174.35 360 160 360c-14.35 0-27.98-2.7-40.95-6.91-2.28-.74-4.66-1.09-7.05-1.09C49.94 352-.33 402.48 0 464.62.14 490.88 21.73 512 48 512h224c26.27 0 47.86-21.12 48-47.38.33-62.14-49.94-112.62-112-112.62zm-48-32c53.02 0 96-42.98 96-96s-42.98-96-96-96-96 42.98-96 96 42.98 96 96 96zM592 0H208c-26.47 0-48 22.25-48 49.59V96c23.42 0 45.1 6.78 64 17.8V64h352v288h-64v-64H384v64h-76.24c19.1 16.69 33.12 38.73 39.69 64H592c26.47 0 48-22.25 48-49.59V49.59C640 22.25 618.47 0 592 0z\"><\/path><\/svg>\t\t\t<\/span>\n\t\t\t\t\t\t\t\t\t<span class=\"elementor-button-text\">Acesse o Acervo Digital<\/span>\n\t\t\t\t\t<\/span>\n\t\t\t\t\t<\/a>\n\t\t\t\t<\/div>\n\t\t\t\t\t\t\t\t<\/div>\n\t\t\t\t<\/div>\n\t\t\t\t<div class=\"elementor-element elementor-element-4f4e3d1 elementor-pagination-position-outside elementor-widget elementor-widget-image-carousel\" data-id=\"4f4e3d1\" data-element_type=\"widget\" data-e-type=\"widget\" data-settings=\"{&quot;navigation&quot;:&quot;dots&quot;,&quot;autoplay&quot;:&quot;yes&quot;,&quot;pause_on_hover&quot;:&quot;yes&quot;,&quot;pause_on_interaction&quot;:&quot;yes&quot;,&quot;autoplay_speed&quot;:5000,&quot;infinite&quot;:&quot;yes&quot;,&quot;speed&quot;:500}\" data-widget_type=\"image-carousel.default\">\n\t\t\t\t<div class=\"elementor-widget-container\">\n\t\t\t\t\t\t\t<div class=\"elementor-image-carousel-wrapper swiper\" role=\"region\" aria-roledescription=\"carousel\" aria-label=\"Carrossel de imagens\" dir=\"ltr\">\n\t\t\t<div class=\"elementor-image-carousel swiper-wrapper\" aria-live=\"off\">\n\t\t\t\t\t\t\t\t<div class=\"swiper-slide\" role=\"group\" aria-roledescription=\"slide\" aria-label=\"1 de 3\"><figure class=\"swiper-slide-inner\"><img decoding=\"async\" class=\"swiper-slide-image\" src=\"https:\/\/www2.unifap.br\/acervocepap\/files\/tainacan-items\/40\/1203\/20240910_104223.jpg\" alt=\"20240910_104223\" \/><\/figure><\/div><div class=\"swiper-slide\" role=\"group\" aria-roledescription=\"slide\" aria-label=\"2 de 3\"><figure class=\"swiper-slide-inner\"><img decoding=\"async\" class=\"swiper-slide-image\" src=\"https:\/\/www2.unifap.br\/acervocepap\/files\/tainacan-items\/40\/762\/20240910_105842.jpg\" alt=\"20240910_105842\" \/><\/figure><\/div><div class=\"swiper-slide\" role=\"group\" aria-roledescription=\"slide\" aria-label=\"3 de 3\"><figure class=\"swiper-slide-inner\"><img decoding=\"async\" class=\"swiper-slide-image\" src=\"https:\/\/www2.unifap.br\/acervocepap\/files\/tainacan-items\/806\/1823\/20240910_144714.jpg\" alt=\"01\" \/><\/figure><\/div>\t\t\t<\/div>\n\t\t\t\t\t\t\t\n\t\t\t\t\t\t\t\t\t<div class=\"swiper-pagination\"><\/div>\n\t\t\t\t\t\t\t\t\t<\/div>\n\t\t\t\t\t\t<\/div>\n\t\t\t\t<\/div>\n\t\t\t\t\t<\/div>\n\t\t\t\t<\/div>\n\t\t<div class=\"elementor-element elementor-element-0af9bec e-flex e-con-boxed e-con e-parent\" data-id=\"0af9bec\" data-element_type=\"container\" data-e-type=\"container\">\n\t\t\t\t\t<div class=\"e-con-inner\">\n\t\t\t\t<div class=\"elementor-element elementor-element-169cf99 elementor-widget elementor-widget-text-editor\" data-id=\"169cf99\" data-element_type=\"widget\" data-e-type=\"widget\" data-widget_type=\"text-editor.default\">\n\t\t\t\t<div class=\"elementor-widget-container\">\n\t\t\t\t\t\t\t\t\t<h6><span style=\"font-weight: 400\">A arqueologia, ao contr\u00e1rio do que \u00e9 representada no cinema, n\u00e3o \u00e9 sin\u00f4nimo de ca\u00e7a ao tesouro, trata-se de uma ci\u00eancia comprometida com o passado e o presente da humanidade, uma \u00e1rea que utiliza a cultura material, geralmente de popula\u00e7\u00f5es que j\u00e1 n\u00e3o existem, ou seja, de objetos que fizeram parte da cultura destes povos, como vasos, urnas, restos de alimentos, utens\u00edlios etc, para tentar decifrar como estas sociedades viviam no passado, resgatando assim, a \u201cmem\u00f3ria\u201d contida nesses artefatos.<\/span><\/h6><h6><span style=\"font-weight: 400\">Assim, o arque\u00f3logo tamb\u00e9m se dedica a estudar aspectos culturais de popula\u00e7\u00f5es mais recentes, de um ponto de vista diferente dos registros escritos deixados por elas, como invent\u00e1rios, cartas, testamentos, livros, levando em conta seus vest\u00edgios materiais, como supracitado.<\/span><\/h6><h6><span style=\"font-weight: 400\">Dessa forma,\u00a0 a cultura material de um povo ou mesmo daqueles que existiram a muito tempo, vem a refor\u00e7ar a identidade de uma regi\u00e3o e daqueles que nela habitam, ontem e hoje, promovendo a educa\u00e7\u00e3o, o respeito e a mem\u00f3ria!<\/span><\/h6><h6><span style=\"font-weight: 400\">Sendo assim, o CEPAP-UNIFAP,\u00a0 n\u00e3o pode deixar de fornecer, dentro de suas atribui\u00e7\u00f5es, o incentivo a pesquisa, a educa\u00e7\u00e3o patrimonial e a divulga\u00e7\u00e3o de seus projetos, por uma arqueologia acess\u00edvel e significativa para a cultura do estado!<\/span><\/h6>\t\t\t\t\t\t\t\t<\/div>\n\t\t\t\t<\/div>\n\t\t\t\t\t<\/div>\n\t\t\t\t<\/div>\n\t\t<div class=\"elementor-element elementor-element-112efed e-flex e-con-boxed e-con e-parent\" data-id=\"112efed\" data-element_type=\"container\" data-e-type=\"container\">\n\t\t\t\t\t<div class=\"e-con-inner\">\n\t\t\t\t<div class=\"elementor-element elementor-element-3e25799 elementor-widget elementor-widget-image\" data-id=\"3e25799\" data-element_type=\"widget\" data-e-type=\"widget\" data-widget_type=\"image.default\">\n\t\t\t\t<div class=\"elementor-widget-container\">\n\t\t\t\t\t\t\t\t\t\t\t\t\t\t\t\t<a href=\"https:\/\/forms.gle\/n8aNniiJwnKrjUHX6\">\n\t\t\t\t\t\t\t<img fetchpriority=\"high\" decoding=\"async\" width=\"1024\" height=\"320\" src=\"https:\/\/www2.unifap.br\/acervocepap\/files\/2025\/02\/Papyrus-11-1024x320.png\" class=\"attachment-large size-large wp-image-2698\" alt=\"\" srcset=\"https:\/\/www2.unifap.br\/acervocepap\/files\/2025\/02\/Papyrus-11-1024x320.png 1024w, https:\/\/www2.unifap.br\/acervocepap\/files\/2025\/02\/Papyrus-11-300x94.png 300w, https:\/\/www2.unifap.br\/acervocepap\/files\/2025\/02\/Papyrus-11-768x240.png 768w, https:\/\/www2.unifap.br\/acervocepap\/files\/2025\/02\/Papyrus-11-1536x480.png 1536w, https:\/\/www2.unifap.br\/acervocepap\/files\/2025\/02\/Papyrus-11-205x64.png 205w, https:\/\/www2.unifap.br\/acervocepap\/files\/2025\/02\/Papyrus-11-480x150.png 480w, https:\/\/www2.unifap.br\/acervocepap\/files\/2025\/02\/Papyrus-11.png 2000w\" sizes=\"(max-width: 1024px) 100vw, 1024px\" \/>\t\t\t\t\t\t\t\t<\/a>\n\t\t\t\t\t\t\t\t\t\t\t\t\t\t\t<\/div>\n\t\t\t\t<\/div>\n\t\t\t\t<div class=\"elementor-element elementor-element-231130e elementor-widget-divider--view-line elementor-widget elementor-widget-divider\" data-id=\"231130e\" data-element_type=\"widget\" data-e-type=\"widget\" data-widget_type=\"divider.default\">\n\t\t\t\t<div class=\"elementor-widget-container\">\n\t\t\t\t\t\t\t<div class=\"elementor-divider\">\n\t\t\t<span class=\"elementor-divider-separator\">\n\t\t\t\t\t\t<\/span>\n\t\t<\/div>\n\t\t\t\t\t\t<\/div>\n\t\t\t\t<\/div>\n\t\t\t\t<div class=\"elementor-element elementor-element-4bfecd0 elementor-widget elementor-widget-heading\" data-id=\"4bfecd0\" data-element_type=\"widget\" data-e-type=\"widget\" data-widget_type=\"heading.default\">\n\t\t\t\t<div class=\"elementor-widget-container\">\n\t\t\t\t\t<h2 class=\"elementor-heading-title elementor-size-default\">Como chegar ao CEPAP?<\/h2>\t\t\t\t<\/div>\n\t\t\t\t<\/div>\n\t\t\t\t<div class=\"elementor-element elementor-element-df04ce5 elementor-widget elementor-widget-image\" data-id=\"df04ce5\" data-element_type=\"widget\" data-e-type=\"widget\" data-widget_type=\"image.default\">\n\t\t\t\t<div class=\"elementor-widget-container\">\n\t\t\t\t\t\t\t\t\t\t\t\t\t\t\t<img decoding=\"async\" width=\"300\" height=\"225\" src=\"https:\/\/www2.unifap.br\/acervocepap\/files\/2025\/02\/WhatsApp-Image-2025-02-04-at-16.34.40-300x225.jpeg\" class=\"attachment-medium size-medium wp-image-2691\" alt=\"\" srcset=\"https:\/\/www2.unifap.br\/acervocepap\/files\/2025\/02\/WhatsApp-Image-2025-02-04-at-16.34.40-300x225.jpeg 300w, https:\/\/www2.unifap.br\/acervocepap\/files\/2025\/02\/WhatsApp-Image-2025-02-04-at-16.34.40-1024x768.jpeg 1024w, https:\/\/www2.unifap.br\/acervocepap\/files\/2025\/02\/WhatsApp-Image-2025-02-04-at-16.34.40-768x576.jpeg 768w, https:\/\/www2.unifap.br\/acervocepap\/files\/2025\/02\/WhatsApp-Image-2025-02-04-at-16.34.40-1536x1152.jpeg 1536w, https:\/\/www2.unifap.br\/acervocepap\/files\/2025\/02\/WhatsApp-Image-2025-02-04-at-16.34.40-205x154.jpeg 205w, https:\/\/www2.unifap.br\/acervocepap\/files\/2025\/02\/WhatsApp-Image-2025-02-04-at-16.34.40-480x360.jpeg 480w, https:\/\/www2.unifap.br\/acervocepap\/files\/2025\/02\/WhatsApp-Image-2025-02-04-at-16.34.40.jpeg 1600w\" sizes=\"(max-width: 300px) 100vw, 300px\" \/>\t\t\t\t\t\t\t\t\t\t\t\t\t\t\t<\/div>\n\t\t\t\t<\/div>\n\t\t\t\t<div class=\"elementor-element elementor-element-9675246 elementor-widget elementor-widget-google_maps\" data-id=\"9675246\" data-element_type=\"widget\" data-e-type=\"widget\" data-widget_type=\"google_maps.default\">\n\t\t\t\t<div class=\"elementor-widget-container\">\n\t\t\t\t\t\t\t<div class=\"elementor-custom-embed\">\n\t\t\t<iframe loading=\"lazy\"\n\t\t\t\t\tsrc=\"https:\/\/maps.google.com\/maps?q=Centro%20de%20Estudos%20e%20Pesquisas%20Arqueol%C3%B3gicas%20e%20Patrimoniais%20do%20Amapa&#038;t=m&#038;z=18&#038;output=embed&#038;iwloc=near\"\n\t\t\t\t\ttitle=\"Centro de Estudos e Pesquisas Arqueol\u00f3gicas e Patrimoniais do Amapa\"\n\t\t\t\t\taria-label=\"Centro de Estudos e Pesquisas Arqueol\u00f3gicas e Patrimoniais do Amapa\"\n\t\t\t><\/iframe>\n\t\t<\/div>\n\t\t\t\t\t\t<\/div>\n\t\t\t\t<\/div>\n\t\t\t\t\t<\/div>\n\t\t\t\t<\/div>\n\t\t\t\t<\/div>\n\t\t","protected":false},"excerpt":{"rendered":"<p>Acesse o Acervo Digital \/*! elementor &#8211; v3.21.0 &#8211; 26-05-2024 *\/ .elementor-widget-image-carousel .swiper,.elementor-widget-image-carousel .swiper-container{position:static}.elementor-widget-image-carousel .swiper-container .swiper-slide figure,.elementor-widget-image-carousel .swiper .swiper-slide figure{line-height:inherit}.elementor-widget-image-carousel .swiper-slide{text-align:center}.elementor-image-carousel-wrapper:not(.swiper-container-initialized):not(.swiper-initialized) .swiper-slide{max-width:calc(100% \/ var(&#8211;e-image-carousel-slides-to-show, 3))} A arqueologia, ao contr\u00e1rio do que \u00e9 representada no cinema, n\u00e3o \u00e9 sin\u00f4nimo de ca\u00e7a ao tesouro, trata-se de uma ci\u00eancia comprometida com o passado e o presente da humanidade,&#8230;<\/p>\n","protected":false},"author":595,"featured_media":0,"parent":0,"menu_order":0,"comment_status":"closed","ping_status":"closed","template":"","meta":{"inline_featured_image":false,"footnotes":""},"class_list":["post-181","page","type-page","status-publish","hentry"],"_links":{"self":[{"href":"https:\/\/www2.unifap.br\/acervocepap\/wp-json\/wp\/v2\/pages\/181","targetHints":{"allow":["GET"]}}],"collection":[{"href":"https:\/\/www2.unifap.br\/acervocepap\/wp-json\/wp\/v2\/pages"}],"about":[{"href":"https:\/\/www2.unifap.br\/acervocepap\/wp-json\/wp\/v2\/types\/page"}],"author":[{"embeddable":true,"href":"https:\/\/www2.unifap.br\/acervocepap\/wp-json\/wp\/v2\/users\/595"}],"replies":[{"embeddable":true,"href":"https:\/\/www2.unifap.br\/acervocepap\/wp-json\/wp\/v2\/comments?post=181"}],"version-history":[{"count":61,"href":"https:\/\/www2.unifap.br\/acervocepap\/wp-json\/wp\/v2\/pages\/181\/revisions"}],"predecessor-version":[{"id":2726,"href":"https:\/\/www2.unifap.br\/acervocepap\/wp-json\/wp\/v2\/pages\/181\/revisions\/2726"}],"wp:attachment":[{"href":"https:\/\/www2.unifap.br\/acervocepap\/wp-json\/wp\/v2\/media?parent=181"}],"curies":[{"name":"wp","href":"https:\/\/api.w.org\/{rel}","templated":true}]}}