{"id":191,"date":"2024-09-05T11:45:05","date_gmt":"2024-09-05T14:45:05","guid":{"rendered":"https:\/\/www2.unifap.br\/acervocepap\/?page_id=191"},"modified":"2024-09-05T11:50:03","modified_gmt":"2024-09-05T14:50:03","slug":"direitos-autorais","status":"publish","type":"page","link":"https:\/\/www2.unifap.br\/acervocepap\/direitos-autorais\/","title":{"rendered":"Direitos Autorais"},"content":{"rendered":"<h2><img decoding=\"async\" class=\"alignnone size-medium wp-image-195\" src=\"http:\/\/www2.unifap.br\/acervocepap\/files\/2024\/09\/Captura-de-tela-2024-09-05-114916-300x133.png\" alt=\"\" width=\"300\" height=\"133\" srcset=\"https:\/\/www2.unifap.br\/acervocepap\/files\/2024\/09\/Captura-de-tela-2024-09-05-114916-300x133.png 300w, https:\/\/www2.unifap.br\/acervocepap\/files\/2024\/09\/Captura-de-tela-2024-09-05-114916-768x341.png 768w, https:\/\/www2.unifap.br\/acervocepap\/files\/2024\/09\/Captura-de-tela-2024-09-05-114916-205x91.png 205w, https:\/\/www2.unifap.br\/acervocepap\/files\/2024\/09\/Captura-de-tela-2024-09-05-114916-480x213.png 480w, https:\/\/www2.unifap.br\/acervocepap\/files\/2024\/09\/Captura-de-tela-2024-09-05-114916.png 779w\" sizes=\"(max-width: 300px) 100vw, 300px\" \/><\/h2>\n<h2 id=\"rights\">Voc\u00ea tem o direito de:<\/h2>\n<ol>\n<li><strong>Compartilhar\u00a0<\/strong>\u2014 copiar e redistribuir o material em qualquer suporte ou formato<\/li>\n<li><strong>Adaptar\u00a0<\/strong>\u2014 remixar, transformar, e criar a partir do material<\/li>\n<li>O licenciante n\u00e3o pode revogar estes direitos desde que voc\u00ea respeite os termos da licen\u00e7a.<\/li>\n<\/ol>\n<h2 id=\"terms\">De acordo com os termos seguintes:<\/h2>\n<ol>\n<li class=\"cc-by\"><strong>Atribui\u00e7\u00e3o\u00a0<\/strong>\u2014 Voc\u00ea deve dar o\u00a0<a id=\"src-appropriate-credit\" href=\"https:\/\/creativecommons.org\/licenses\/by-nc-sa\/4.0\/deed.pt-br#ref-appropriate-credit\">cr\u00e9dito apropriado\u00a0<\/a>, prover um link para a licen\u00e7a e\u00a0<a id=\"src-indicate-changes\" href=\"https:\/\/creativecommons.org\/licenses\/by-nc-sa\/4.0\/deed.pt-br#ref-indicate-changes\">indicar se mudan\u00e7as foram feitas\u00a0<\/a>. Voc\u00ea deve faz\u00ea-lo em qualquer circunst\u00e2ncia razo\u00e1vel, mas de nenhuma maneira que sugira que o licenciante apoia voc\u00ea ou o seu uso.<\/li>\n<li class=\"cc-nc\"><strong>N\u00e3oComercial\u00a0<\/strong>\u2014 Voc\u00ea n\u00e3o pode usar o material para\u00a0<a id=\"src-commercial-purposes\" href=\"https:\/\/creativecommons.org\/licenses\/by-nc-sa\/4.0\/deed.pt-br#ref-commercial-purposes\">fins comerciais\u00a0<\/a>.<\/li>\n<li class=\"cc-sa\"><strong>CompartilhaIgual\u00a0<\/strong>\u2014 Se voc\u00ea remixar, transformar, ou criar a partir do material, tem de distribuir as suas contribui\u00e7\u00f5es sob a\u00a0<a id=\"src-same-license\" href=\"https:\/\/creativecommons.org\/licenses\/by-nc-sa\/4.0\/deed.pt-br#ref-same-license\">mesma licen\u00e7a\u00a0<\/a>que o original.<\/li>\n<li><strong>Sem restri\u00e7\u00f5es adicionais\u00a0<\/strong>\u2014 Voc\u00ea n\u00e3o pode aplicar termos jur\u00eddicos ou\u00a0<a id=\"src-technological-measures\" href=\"https:\/\/creativecommons.org\/licenses\/by-nc-sa\/4.0\/deed.pt-br#ref-technological-measures\">medidas de car\u00e1ter tecnol\u00f3gico\u00a0<\/a>que restrinjam legalmente outros de fazerem algo que a licen\u00e7a permita.<\/li>\n<\/ol>\n<h2 class=\"b-header has-text-black padding-bottom-big padding-top-normal\">Avisos:<\/h2>\n<p>Voc\u00ea n\u00e3o tem de cumprir com os termos da licen\u00e7a relativamente a elementos do material que estejam no dom\u00ednio p\u00fablico ou cuja utiliza\u00e7\u00e3o seja permitida por uma\u00a0<a id=\"src-exception-or-limitation\" href=\"https:\/\/creativecommons.org\/licenses\/by-nc-sa\/4.0\/deed.pt-br#ref-exception-or-limitation\">exce\u00e7\u00e3o ou limita\u00e7\u00e3o\u00a0<\/a>que seja aplic\u00e1vel.<\/p>\n<p>N\u00e3o s\u00e3o dadas quaisquer garantias. A licen\u00e7a pode n\u00e3o lhe dar todas as autoriza\u00e7\u00f5es necess\u00e1rias para o uso pretendido. Por exemplo, outros direitos, tais como\u00a0<a id=\"src-publicity-privacy-or-moral-rights\" href=\"https:\/\/creativecommons.org\/licenses\/by-nc-sa\/4.0\/deed.pt-br#ref-publicity-privacy-or-moral-rights\">direitos de imagem, de privacidade ou direitos morais\u00a0<\/a>, podem limitar o uso do material.<\/p>\n","protected":false},"excerpt":{"rendered":"<p>Voc\u00ea tem o direito de: Compartilhar\u00a0\u2014 copiar e redistribuir o material em qualquer suporte ou formato Adaptar\u00a0\u2014 remixar, transformar, e criar a partir do material O licenciante n\u00e3o pode revogar estes direitos desde que voc\u00ea respeite os termos da licen\u00e7a. De acordo com os termos seguintes: Atribui\u00e7\u00e3o\u00a0\u2014 Voc\u00ea deve dar o\u00a0cr\u00e9dito apropriado\u00a0, prover um link&#8230;<\/p>\n","protected":false},"author":595,"featured_media":0,"parent":0,"menu_order":0,"comment_status":"closed","ping_status":"closed","template":"","meta":{"inline_featured_image":false,"footnotes":""},"class_list":["post-191","page","type-page","status-publish","hentry"],"_links":{"self":[{"href":"https:\/\/www2.unifap.br\/acervocepap\/wp-json\/wp\/v2\/pages\/191","targetHints":{"allow":["GET"]}}],"collection":[{"href":"https:\/\/www2.unifap.br\/acervocepap\/wp-json\/wp\/v2\/pages"}],"about":[{"href":"https:\/\/www2.unifap.br\/acervocepap\/wp-json\/wp\/v2\/types\/page"}],"author":[{"embeddable":true,"href":"https:\/\/www2.unifap.br\/acervocepap\/wp-json\/wp\/v2\/users\/595"}],"replies":[{"embeddable":true,"href":"https:\/\/www2.unifap.br\/acervocepap\/wp-json\/wp\/v2\/comments?post=191"}],"version-history":[{"count":3,"href":"https:\/\/www2.unifap.br\/acervocepap\/wp-json\/wp\/v2\/pages\/191\/revisions"}],"predecessor-version":[{"id":196,"href":"https:\/\/www2.unifap.br\/acervocepap\/wp-json\/wp\/v2\/pages\/191\/revisions\/196"}],"wp:attachment":[{"href":"https:\/\/www2.unifap.br\/acervocepap\/wp-json\/wp\/v2\/media?parent=191"}],"curies":[{"name":"wp","href":"https:\/\/api.w.org\/{rel}","templated":true}]}}