{"id":27,"date":"2012-04-23T15:42:19","date_gmt":"2012-04-23T15:42:19","guid":{"rendered":"http:\/\/www2.unifap.br\/acessoainformacao\/?page_id=27"},"modified":"2014-07-02T18:42:52","modified_gmt":"2014-07-02T18:42:52","slug":"sobre-a-lei-de-acesso-a-informacao","status":"publish","type":"page","link":"https:\/\/www2.unifap.br\/acessoainformacao\/sobre-a-lei-de-acesso-a-informacao\/","title":{"rendered":"Sobre a Lei de Acesso \u00e0 Informa\u00e7\u00e3o"},"content":{"rendered":"<p style=\"text-align: center;\"><a title=\"Sobre a Lei de Acesso \u00e0 Informa\u00e7\u00e3o\" href=\"http:\/\/www.acessoainformacao.gov.br\" target=\"_blank\"><img decoding=\"async\" class=\"aligncenter size-full wp-image-87\" title=\"Sobre a Lei de Acesso \u00e0 Informa\u00e7\u00e3o\" src=\"http:\/\/www2.unifap.br\/acessoainformacao\/files\/2012\/04\/img-saiba-lei-de-acesso.jpg\" alt=\"\" width=\"362\" height=\"56\" srcset=\"https:\/\/www2.unifap.br\/acessoainformacao\/files\/2012\/04\/img-saiba-lei-de-acesso.jpg 362w, https:\/\/www2.unifap.br\/acessoainformacao\/files\/2012\/04\/img-saiba-lei-de-acesso-300x46.jpg 300w\" sizes=\"(max-width: 362px) 100vw, 362px\" \/><\/a><\/p>\n<p>&nbsp;<\/p>\n","protected":false},"excerpt":{"rendered":"<p>&nbsp;<\/p>\n","protected":false},"author":1,"featured_media":0,"parent":0,"menu_order":11,"comment_status":"closed","ping_status":"closed","template":"template-twocolumns-left.php","meta":{"inline_featured_image":false,"ngg_post_thumbnail":0,"footnotes":""},"class_list":["post-27","page","type-page","status-publish","hentry"],"_links":{"self":[{"href":"https:\/\/www2.unifap.br\/acessoainformacao\/wp-json\/wp\/v2\/pages\/27","targetHints":{"allow":["GET"]}}],"collection":[{"href":"https:\/\/www2.unifap.br\/acessoainformacao\/wp-json\/wp\/v2\/pages"}],"about":[{"href":"https:\/\/www2.unifap.br\/acessoainformacao\/wp-json\/wp\/v2\/types\/page"}],"author":[{"embeddable":true,"href":"https:\/\/www2.unifap.br\/acessoainformacao\/wp-json\/wp\/v2\/users\/1"}],"replies":[{"embeddable":true,"href":"https:\/\/www2.unifap.br\/acessoainformacao\/wp-json\/wp\/v2\/comments?post=27"}],"version-history":[{"count":10,"href":"https:\/\/www2.unifap.br\/acessoainformacao\/wp-json\/wp\/v2\/pages\/27\/revisions"}],"predecessor-version":[{"id":81,"href":"https:\/\/www2.unifap.br\/acessoainformacao\/wp-json\/wp\/v2\/pages\/27\/revisions\/81"}],"wp:attachment":[{"href":"https:\/\/www2.unifap.br\/acessoainformacao\/wp-json\/wp\/v2\/media?parent=27"}],"curies":[{"name":"wp","href":"https:\/\/api.w.org\/{rel}","templated":true}]}}