{"id":1071,"date":"2016-03-16T14:28:56","date_gmt":"2016-03-16T14:28:56","guid":{"rendered":"http:\/\/www2.unifap.br\/administracao\/?page_id=1071"},"modified":"2020-11-25T19:17:58","modified_gmt":"2020-11-25T19:17:58","slug":"certificados-3","status":"publish","type":"page","link":"https:\/\/www2.unifap.br\/administracao\/certificados-3\/","title":{"rendered":"Certificados"},"content":{"rendered":"<p><strong>Certificados da oitava rodada de webconfer\u00eancias do Curso de Administra\u00e7\u00e3o com a tem\u00e1tica OKR \u2013 Objectives and Keyresults.<\/strong><\/p>\n<p><strong><a href=\"https:\/\/drive.google.com\/drive\/folders\/1K9oe1PKr7fXi5gO5_EdW0ZzUulbw5wxA?usp=sharing\">&gt;&gt;&gt;Link com certificados<\/a><\/strong><\/p>\n<p><strong>Certificados da S\u00e9tima rodada de webconfer\u00eancias do Curso de Administra\u00e7\u00e3o \u2013 \u201cO Caminho para uma lideran\u00e7a de Resultado\u201d<\/strong><\/p>\n<p><strong><a href=\"https:\/\/drive.google.com\/drive\/folders\/1jFyZmrbzsNDvMWBT0Wj_SFqGIA3qnCJx?usp=sharing\">&gt;&gt;&gt; Link com certificados<\/a><\/strong><\/p>\n<p><strong>Certificados da Sexta rodada de Webconfer\u00eancias do Curso de Administra\u00e7\u00e3o &#8211; 10 FERRAMENTAS PARA GEST\u00c3O \u00c1GIL<\/strong><\/p>\n<p><strong><a href=\"https:\/\/drive.google.com\/drive\/folders\/1HNyyYpCULsmN9BHk0B5vVw9j40cTEZXu?usp=sharing\">&gt;&gt;&gt; Link com certificados<\/a><\/strong><\/p>\n<p><strong>Certificados 5\u00aa Rodada de webconfer\u00eancias \u2013 Uso da Metodologia Kanban com o Software Trello<\/strong><\/p>\n<p><strong><a href=\"https:\/\/drive.google.com\/drive\/folders\/1fNzkFSC-xPSEpUo7bi66IKu7rbLRQXhX?usp=sharing\">&gt;&gt;&gt;Link com certificados<\/a><\/strong><\/p>\n<p><strong>Certificados 3\u00aa Rodada de webconfer\u00eancias &#8211;&nbsp; Planejamento Estrat\u00e9gico \u00c1gil com Easy Strategic Canvas<\/strong><\/p>\n<p><a href=\"https:\/\/drive.google.com\/open?id=1r00aUMBPm54Jla8bHKScf6f-1mg0TIHX\"><strong>&gt;&gt;&gt; Link com certificados<\/strong><\/a><\/p>\n<h1>Certificados da 2\u00aa rodada de Webconfer\u00eancias do Curso de Administra\u00e7\u00e3o da UNIFAP, com a tem\u00e1tica &#8220;DICAS PARA CONFEC\u00c7\u00c3O DE ARTIGOS CIENT\u00cdFICOS&#8221;<\/h1>\n<p><a href=\"https:\/\/drive.google.com\/open?id=1W3WQ05YD6OeFy3eVG9Jir4SIY17YxzvQ\"><strong>&gt;&gt;&gt; Link com certificados<\/strong><\/a><\/p>\n<h1>Certificados da 1\u00aa rodada de Webconfer\u00eancias do Curso de Administra\u00e7\u00e3o da UNIFAP &#8211; 2019.1<\/h1>\n<p><a href=\"https:\/\/drive.google.com\/open?id=1OPnvgZjZmWrZKHQuk9DhXrySjZ7sP8nV\">&gt;&gt;&gt; Link com certificados<\/a><\/p>\n<h1>Certificados da&nbsp;Semana de Acolhimento e Integra\u00e7\u00e3o dos Acad\u00eamicos do Curso de Administra\u00e7\u00e3o &#8211; 2020.1<\/h1>\n<p><a href=\"https:\/\/drive.google.com\/open?id=1-K9r0QZC9QTLQ-BEUmDPex6fsHXtfHAq\">&gt;&gt;&gt; Link com Certificados<\/a><\/p>\n<h1>Certificados da II Semana de Administra\u00e7\u00e3o da UNIFAP- 2019.<\/h1>\n<p><a href=\"https:\/\/drive.google.com\/drive\/u\/1\/folders\/1EJ_I_7Yjs8MrR5hAWPTB0iOZ0hMY0bYI\">&gt;&gt; Link com Certificados<\/a><\/p>\n<h1>Certificados Semana de Integra\u00e7\u00e3o 2019<\/h1>\n<p><a>&gt; Link com Certificados&#8221; href=&#8221;https:\/\/drive.google.com\/drive\/folders\/1Rp3pzxI-DAlD2vsqNmU05rWAHcfGTZgZ&#8221; target=&#8221;_blank&#8221; rel=&#8221;noopener&#8221;&gt;&gt;&gt; Link com Certificados<\/a><\/p>\n<h1>Certificados &#8220;O Papel do Empreendedor no Cen\u00e1rio Pol\u00edtico&#8221;<\/h1>\n<p><a>&gt; Link com Certificados&#8221; href=&#8221;https:\/\/drive.google.com\/drive\/folders\/1ff49XcGSIGvLSQC3DAweh8nwPkub4Qt6?ogsrc=32&#8243; target=&#8221;_blank&#8221; rel=&#8221;noopener&#8221;&gt;&gt;&gt; Link com Certificados<\/a><\/p>\n<h1>WorkShop de Normaliza\u00e7\u00e3o<\/h1>\n<p><a title=\"workshop de Normaliza\u00e7\u00e3o\" href=\"https:\/\/drive.google.com\/open?id=0B0TyVgpIXTZGanFCTG5IcXRXWDA\" target=\"_blank\" rel=\"noopener noreferrer\">&gt;&gt; Link com Certificados<\/a><\/p>\n<h1>Certificados &#8220;Ciclo StartUp&#8221;<\/h1>\n<p><a href=\"https:\/\/drive.google.com\/open?id=0B0TyVgpIXTZGNjFSV3dfenZ3N2M\" target=\"_blank\" rel=\"noopener noreferrer\">&gt;&gt; Link com Certificados<\/a><\/p>\n<h1>Painel \u201cA Universidade e a vida Acad\u00eamica na forma\u00e7\u00e3o do Administrador\u201d<\/h1>\n<p><a href=\"https:\/\/drive.google.com\/open?id=0B0TyVgpIXTZGTWNaa0VTVnVkZjg\" target=\"_blank\" rel=\"noopener noreferrer\">&gt;&gt; Link com Certificados&nbsp;<\/a><\/p>\n<h1>TCC 1<\/h1>\n<p><a href=\"https:\/\/drive.google.com\/open?id=0B0TyVgpIXTZGYWc1aTBIMjBrSHc\" target=\"_blank\" rel=\"noopener noreferrer\">&gt;&gt; Link com Certificados<\/a><\/p>\n<h1>Constru\u00e7\u00e3o do Planejamento Estrat\u00e9gico do DEPSEC\/PROGRAD\/UNIFAP<\/h1>\n<p><a href=\"https:\/\/drive.google.com\/open?id=0B0TyVgpIXTZGdHVLcHNTcHVsWDg\" target=\"_blank\" rel=\"noopener noreferrer\">&gt;&gt; Link com Certificados<\/a><\/p>\n<h1>Forma\u00e7\u00e3o de Consultor Junior<\/h1>\n<p><a href=\"https:\/\/drive.google.com\/open?id=0B0TyVgpIXTZGajV5RXJxaG5JYlk\" target=\"_blank\" rel=\"noopener noreferrer\">&gt;&gt; Link com Certificados<\/a><\/p>\n<h1>Oficina de Inicia\u00e7\u00e3o Cientifica<\/h1>\n<p><a href=\"https:\/\/drive.google.com\/open?id=0B0TyVgpIXTZGMjU0dUd5a1hMbGc\" target=\"_blank\" rel=\"noopener noreferrer\">&gt;&gt; Link com Certificados<\/a><\/p>\n<h1>SEMANA DE INTEGRA\u00c7\u00c3O 2017<\/h1>\n<p><a href=\"https:\/\/drive.google.com\/open?id=0B0TyVgpIXTZGVVNtd1M4SDVTRHc\" target=\"_blank\" rel=\"noopener noreferrer\">&gt;&gt; Link com Certificados<\/a><\/p>\n<h1>WORKSHOP: GEST\u00c3O EMOCIONAL E T\u00c9CNICA PARA FALAR EM P\u00daBLICO<\/h1>\n<p><a href=\"https:\/\/drive.google.com\/open?id=0B0TyVgpIXTZGa1BiNnN3YWxVblk\" target=\"_blank\" rel=\"noopener noreferrer\">&gt;&gt; Link com Certificados<\/a><\/p>\n<h1>Certificados do Workshop de Log\u00edstica<\/h1>\n<p><a href=\"https:\/\/drive.google.com\/open?id=0B0TyVgpIXTZGNjVobmp6U0luSE0\" target=\"_blank\" rel=\"noopener noreferrer\">&gt;&gt; Link com Certificados<\/a><\/p>\n<h1>Certificados da palestra de Controles Financeiros<\/h1>\n<p><a title=\"https:\/\/drive.google.com\/open?id=0B0TyVgpIXTZGV1k2cmVCT2p3S1U\" href=\"https:\/\/drive.google.com\/open?id=0B0TyVgpIXTZGVVNtd1M4SDVTRHc\" target=\"_blank\" rel=\"noopener noreferrer\">&gt;&gt; Link com Certificados<\/a><\/p>\n<h1>Palestra: Pol\u00edtica de Sustentabilidade no Ambiente P\u00fablico<\/h1>\n<p><a href=\"https:\/\/drive.google.com\/open?id=0B0TyVgpIXTZGSGdHY1FzZC1JOTA\" target=\"_blank\" rel=\"noopener noreferrer\">&gt;&gt; Link com Certificados<\/a><\/p>\n<h1>Certificados_Declara\u00e7\u00e3o de Participa\u00e7\u00e3o Reuni\u00e3o de Colegiado<\/h1>\n<p><a title=\"Certificados_Participa\u00e7\u00e3o Reuni\u00e3o de Colegiado\" href=\"https:\/\/drive.google.com\/drive\/folders\/1HWUGFwh39KzcMCm-g0nQ9T3fzzl8yP11\" target=\"_blank\" rel=\"noopener noreferrer\">&gt;&gt; Link com Certificados<\/a><\/p>\n<h1>Certificados do Encontro de Administradores do Amap\u00e1 e da I Semana de Administra\u00e7\u00e3o da UNIFAP &#8211; I SEAD<\/h1>\n<p><a href=\"https:\/\/goo.gl\/arbVPV\">&gt;&gt; Link com Certificados<\/a><\/p>\n<p>&nbsp;<\/p>\n<p>&nbsp;<\/p>\n","protected":false},"excerpt":{"rendered":"<p>Certificados da oitava rodada de webconfer\u00eancias do Curso de Administra\u00e7\u00e3o com a tem\u00e1tica OKR \u2013 Objectives and Keyresults. &gt;&gt;&gt;Link com&#8230;<\/p>\n","protected":false},"author":366,"featured_media":0,"parent":0,"menu_order":5,"comment_status":"open","ping_status":"closed","template":"page-template-full.php","meta":{"inline_featured_image":false,"site-sidebar-layout":"default","site-content-layout":"","ast-site-content-layout":"default","site-content-style":"default","site-sidebar-style":"default","ast-global-header-display":"","ast-banner-title-visibility":"","ast-main-header-display":"","ast-hfb-above-header-display":"","ast-hfb-below-header-display":"","ast-hfb-mobile-header-display":"","site-post-title":"","ast-breadcrumbs-content":"","ast-featured-img":"","footer-sml-layout":"","theme-transparent-header-meta":"","adv-header-id-meta":"","stick-header-meta":"","header-above-stick-meta":"","header-main-stick-meta":"","header-below-stick-meta":"","astra-migrate-meta-layouts":"default","ast-page-background-enabled":"default","ast-page-background-meta":{"desktop":{"background-color":"var(--ast-global-color-4)","background-image":"","background-repeat":"repeat","background-position":"center center","background-size":"auto","background-attachment":"scroll","background-type":"","background-media":"","overlay-type":"","overlay-color":"","overlay-opacity":"","overlay-gradient":""},"tablet":{"background-color":"","background-image":"","background-repeat":"repeat","background-position":"center center","background-size":"auto","background-attachment":"scroll","background-type":"","background-media":"","overlay-type":"","overlay-color":"","overlay-opacity":"","overlay-gradient":""},"mobile":{"background-color":"","background-image":"","background-repeat":"repeat","background-position":"center center","background-size":"auto","background-attachment":"scroll","background-type":"","background-media":"","overlay-type":"","overlay-color":"","overlay-opacity":"","overlay-gradient":""}},"ast-content-background-meta":{"desktop":{"background-color":"var(--ast-global-color-5)","background-image":"","background-repeat":"repeat","background-position":"center center","background-size":"auto","background-attachment":"scroll","background-type":"","background-media":"","overlay-type":"","overlay-color":"","overlay-opacity":"","overlay-gradient":""},"tablet":{"background-color":"var(--ast-global-color-5)","background-image":"","background-repeat":"repeat","background-position":"center center","background-size":"auto","background-attachment":"scroll","background-type":"","background-media":"","overlay-type":"","overlay-color":"","overlay-opacity":"","overlay-gradient":""},"mobile":{"background-color":"var(--ast-global-color-5)","background-image":"","background-repeat":"repeat","background-position":"center center","background-size":"auto","background-attachment":"scroll","background-type":"","background-media":"","overlay-type":"","overlay-color":"","overlay-opacity":"","overlay-gradient":""}},"ngg_post_thumbnail":0,"footnotes":""},"class_list":["post-1071","page","type-page","status-publish","hentry"],"_links":{"self":[{"href":"https:\/\/www2.unifap.br\/administracao\/wp-json\/wp\/v2\/pages\/1071","targetHints":{"allow":["GET"]}}],"collection":[{"href":"https:\/\/www2.unifap.br\/administracao\/wp-json\/wp\/v2\/pages"}],"about":[{"href":"https:\/\/www2.unifap.br\/administracao\/wp-json\/wp\/v2\/types\/page"}],"author":[{"embeddable":true,"href":"https:\/\/www2.unifap.br\/administracao\/wp-json\/wp\/v2\/users\/366"}],"replies":[{"embeddable":true,"href":"https:\/\/www2.unifap.br\/administracao\/wp-json\/wp\/v2\/comments?post=1071"}],"version-history":[{"count":50,"href":"https:\/\/www2.unifap.br\/administracao\/wp-json\/wp\/v2\/pages\/1071\/revisions"}],"predecessor-version":[{"id":4941,"href":"https:\/\/www2.unifap.br\/administracao\/wp-json\/wp\/v2\/pages\/1071\/revisions\/4941"}],"wp:attachment":[{"href":"https:\/\/www2.unifap.br\/administracao\/wp-json\/wp\/v2\/media?parent=1071"}],"curies":[{"name":"wp","href":"https:\/\/api.w.org\/{rel}","templated":true}]}}