{"id":1502,"date":"2016-05-24T14:48:37","date_gmt":"2016-05-24T14:48:37","guid":{"rendered":"http:\/\/www2.unifap.br\/administracao\/?page_id=1502"},"modified":"2026-03-30T12:25:31","modified_gmt":"2026-03-30T12:25:31","slug":"mapa-de-oferta-de-disciplinas-2016-1","status":"publish","type":"page","link":"https:\/\/www2.unifap.br\/administracao\/ensino\/mapa-de-oferta-de-disciplinas-2016-1\/","title":{"rendered":"Mapa de Oferta de Disciplinas"},"content":{"rendered":"<p><strong>Mapa de ofertas das turmas do Curso de Administra\u00e7\u00e3o&nbsp;<\/strong><\/p>\n<p><a href=\"http:\/\/www2.unifap.br\/administracao\/files\/2026\/03\/mapa_de_ofertas_2026_1_adm_revisado.pdf\" target=\"_blank\" rel=\"noopener\">MAPA DE OFERTA DE DISCIPLINAS 2026.1<\/a><\/p>\n<p><a href=\"http:\/\/www2.unifap.br\/administracao\/files\/2025\/09\/mapa_de_ofertas_2025_2_adm_optativas.pdf\" target=\"_blank\" rel=\"noopener\">MAPA DE OFERTA DE DISCIPLINAS 2025.2<\/a><\/p>\n<p><a href=\"http:\/\/www2.unifap.br\/administracao\/files\/2025\/06\/mapa_de_ofertas_2025-1_adm.pdf\" target=\"_blank\" rel=\"noopener\">MAPA DE OFERTAS SEMESTRE 2025.1<\/a><\/p>\n<p><a href=\"http:\/\/www2.unifap.br\/administracao\/files\/2024\/12\/Mapa_de_Oferta_de_disciplinas_semestre_2024.2.pdf\" target=\"_blank\" rel=\"noopener\">MAPA DE OFERTAS SEMESTRE 2024.2<\/a><\/p>\n<p><a href=\"http:\/\/www2.unifap.br\/administracao\/files\/2024\/12\/Mapa_de_Oferta_de_disciplinas_semestre_2024.1.pdf\" target=\"_blank\" rel=\"noopener\">MAPA DE OFERTAS SEMESTRE 2024.1<\/a><\/p>\n<p><a href=\"http:\/\/www2.unifap.br\/administracao\/files\/2024\/12\/Mapa_de_Oferta_de_disciplinas_semestre_2023.2.pdf\" target=\"_blank\" rel=\"noopener\">MAPA DE OFERTAS SEMESTRE 2023.2<\/a><\/p>\n<p><a href=\"http:\/\/www2.unifap.br\/administracao\/files\/2024\/12\/Mapa_de_Oferta_de_disciplinas_semestre_2023.1.pdf\" target=\"_blank\" rel=\"noopener\">MAPA DE OFERTAS SEMESTRE 2023.1<\/a><\/p>\n<p><a href=\"http:\/\/www2.unifap.br\/administracao\/files\/2024\/12\/Mapa_de_Oferta_de_disciplinas_semestre_2022.2.pdf\" target=\"_blank\" rel=\"noopener\">MAPA DE OFERTAS SEMESTRE 2022.2<\/a><\/p>\n<p><a href=\"http:\/\/www2.unifap.br\/administracao\/files\/2022\/07\/MAPA-DE-OFERTAS-SEMESTRE-2022-.-1.pdf\">MAPA DE OFERTAS SEMESTRE 2022.1<\/a><\/p>\n<p><a href=\"http:\/\/www2.unifap.br\/administracao\/files\/2022\/02\/MAPA-DE-OFERTAS-SEMESTRE-2021.2.pdf\">MAPA DE OFERTAS SEMESTRE 2021.2<\/a><\/p>\n<p><a href=\"http:\/\/www2.unifap.br\/administracao\/files\/2021\/09\/MAPA-DE-OFERTAS-DE-DISCIPLINAS-2021.1.pdf\">MAPA DE OFERTAS DE DISCIPLINAS 2021.1<\/a> &nbsp;<strong>(baseada na Resolu\u00e7\u00e3o n.\u00ba 16\/2021-CONSU)<\/strong><\/p>\n<p><a href=\"http:\/\/www2.unifap.br\/administracao\/files\/2021\/07\/MAPA-DE-OFERTAS-DE-DISCIPLINAS-2020.2.pdf\">MAPA DE OFERTAS DE DISCIPLINAS 2020.2<\/a> <strong>(reativa\u00e7\u00e3o do ano letivo 2020 com base na Resolu\u00e7\u00e3o n.\u00ba 16\/2021-CONSU)<\/strong><\/p>\n<p><a href=\"http:\/\/www2.unifap.br\/administracao\/files\/2021\/04\/MAPA-DE-OFERTAS-DE-DISCIPLINAS-2020.1.pdf\">MAPA DE OFERTAS DE DISCIPLINAS 2020.1<\/a>&nbsp; <strong>(reativa\u00e7\u00e3o do ano letivo 2020 com base na Resolu\u00e7\u00e3o n.\u00ba 16\/2021-CONSU)<\/strong><\/p>\n<p><a href=\"http:\/\/www2.unifap.br\/administracao\/files\/2020\/01\/MAPA-DE-OFERTA-DE-DISCIPLINA-2020.1.pdf\">MAPA DE OFERTA DE DISCIPLINA 2020.1&nbsp; (semestre suspenso em raz\u00e3o da pandemia)<\/a><\/p>\n<p><a href=\"http:\/\/www2.unifap.br\/administracao\/files\/2019\/07\/MAPA-DE-OFERTAS-DE-DISCIPLINAS-2019-2-1.pdf\">MAPA DE OFERTAS DE DISCIPLINAS 2019-2<\/a><\/p>\n<p><a href=\"http:\/\/www2.unifap.br\/administracao\/files\/2016\/05\/MAPA-DE-OFERTAS-DE-DISCIPLINAS.pdf\">MAPA DE OFERTAS DE DISCIPLINAS 2019-1<\/a><\/p>\n<p><a href=\"http:\/\/www2.unifap.br\/administracao\/files\/2016\/05\/Mapa-de-Ofertas-de-Disciplinas-2018.22.pdf\">MAPA DE OFERTAS DE DISCIPLINAS 2018-2<\/a><\/p>\n<p><a href=\"http:\/\/www2.unifap.br\/administracao\/files\/2016\/05\/MAPA-DE-OFERTAS-DE-DISCIPLINAS-2018-11.pdf\">MAPA DE OFERTAS DE DISCIPLINAS 2018-1<\/a><\/p>\n<p><a href=\"http:\/\/www2.unifap.br\/administracao\/files\/2016\/05\/MAPA-DE-OFERTAS-DE-DISCIPLINAS-2017-2.pdf\">MAPA DE OFERTAS DE DISCIPLINAS 2017-2<\/a><\/p>\n<p><a title=\"MAPA DE OFERTA DE DISCIPLINAS 2017.1\" href=\"http:\/\/www2.unifap.br\/administracao\/files\/2016\/05\/MAPA-DE-OFERTA-DE-DISCIPLINAS-2017-1.pdf\" target=\"_blank\" rel=\"noopener noreferrer\">MAPA DE OFERTAS DE DISCIPLINAS 2017-1<\/a><\/p>\n<p><a title=\"MAPA DE OFERTA DE DISCIPLINAS 2016.2\" href=\"http:\/\/www2.unifap.br\/administracao\/files\/2016\/05\/OFERTA-ADMINISTRACAO-2016-OFERTA-2016.2-FINAL1.pdf\" target=\"_blank\" rel=\"noopener noreferrer\">MAPA DE OFERTA ADMINISTRA\u00c7\u00c3O 2016-2<\/a><\/p>\n<p>&nbsp;<\/p>\n","protected":false},"excerpt":{"rendered":"<p>Mapa de ofertas das turmas do Curso de Administra\u00e7\u00e3o&nbsp; MAPA DE OFERTA DE DISCIPLINAS 2026.1 MAPA DE OFERTA DE DISCIPLINAS&#8230;<\/p>\n","protected":false},"author":366,"featured_media":0,"parent":291,"menu_order":0,"comment_status":"open","ping_status":"open","template":"","meta":{"inline_featured_image":false,"site-sidebar-layout":"default","site-content-layout":"","ast-site-content-layout":"default","site-content-style":"default","site-sidebar-style":"default","ast-global-header-display":"","ast-banner-title-visibility":"","ast-main-header-display":"","ast-hfb-above-header-display":"","ast-hfb-below-header-display":"","ast-hfb-mobile-header-display":"","site-post-title":"","ast-breadcrumbs-content":"","ast-featured-img":"","footer-sml-layout":"","theme-transparent-header-meta":"default","adv-header-id-meta":"","stick-header-meta":"","header-above-stick-meta":"","header-main-stick-meta":"","header-below-stick-meta":"","astra-migrate-meta-layouts":"set","ast-page-background-enabled":"default","ast-page-background-meta":{"desktop":{"background-color":"var(--ast-global-color-4)","background-image":"","background-repeat":"repeat","background-position":"center center","background-size":"auto","background-attachment":"scroll","background-type":"","background-media":"","overlay-type":"","overlay-color":"","overlay-opacity":"","overlay-gradient":""},"tablet":{"background-color":"","background-image":"","background-repeat":"repeat","background-position":"center center","background-size":"auto","background-attachment":"scroll","background-type":"","background-media":"","overlay-type":"","overlay-color":"","overlay-opacity":"","overlay-gradient":""},"mobile":{"background-color":"","background-image":"","background-repeat":"repeat","background-position":"center center","background-size":"auto","background-attachment":"scroll","background-type":"","background-media":"","overlay-type":"","overlay-color":"","overlay-opacity":"","overlay-gradient":""}},"ast-content-background-meta":{"desktop":{"background-color":"var(--ast-global-color-5)","background-image":"","background-repeat":"repeat","background-position":"center center","background-size":"auto","background-attachment":"scroll","background-type":"","background-media":"","overlay-type":"","overlay-color":"","overlay-opacity":"","overlay-gradient":""},"tablet":{"background-color":"var(--ast-global-color-5)","background-image":"","background-repeat":"repeat","background-position":"center center","background-size":"auto","background-attachment":"scroll","background-type":"","background-media":"","overlay-type":"","overlay-color":"","overlay-opacity":"","overlay-gradient":""},"mobile":{"background-color":"var(--ast-global-color-5)","background-image":"","background-repeat":"repeat","background-position":"center center","background-size":"auto","background-attachment":"scroll","background-type":"","background-media":"","overlay-type":"","overlay-color":"","overlay-opacity":"","overlay-gradient":""}},"ngg_post_thumbnail":0,"footnotes":""},"class_list":["post-1502","page","type-page","status-publish","hentry"],"_links":{"self":[{"href":"https:\/\/www2.unifap.br\/administracao\/wp-json\/wp\/v2\/pages\/1502","targetHints":{"allow":["GET"]}}],"collection":[{"href":"https:\/\/www2.unifap.br\/administracao\/wp-json\/wp\/v2\/pages"}],"about":[{"href":"https:\/\/www2.unifap.br\/administracao\/wp-json\/wp\/v2\/types\/page"}],"author":[{"embeddable":true,"href":"https:\/\/www2.unifap.br\/administracao\/wp-json\/wp\/v2\/users\/366"}],"replies":[{"embeddable":true,"href":"https:\/\/www2.unifap.br\/administracao\/wp-json\/wp\/v2\/comments?post=1502"}],"version-history":[{"count":75,"href":"https:\/\/www2.unifap.br\/administracao\/wp-json\/wp\/v2\/pages\/1502\/revisions"}],"predecessor-version":[{"id":6167,"href":"https:\/\/www2.unifap.br\/administracao\/wp-json\/wp\/v2\/pages\/1502\/revisions\/6167"}],"up":[{"embeddable":true,"href":"https:\/\/www2.unifap.br\/administracao\/wp-json\/wp\/v2\/pages\/291"}],"wp:attachment":[{"href":"https:\/\/www2.unifap.br\/administracao\/wp-json\/wp\/v2\/media?parent=1502"}],"curies":[{"name":"wp","href":"https:\/\/api.w.org\/{rel}","templated":true}]}}