{"id":2013,"date":"2016-11-18T18:16:53","date_gmt":"2016-11-18T18:16:53","guid":{"rendered":"http:\/\/www2.unifap.br\/administracao\/?page_id=2013"},"modified":"2016-11-18T18:26:12","modified_gmt":"2016-11-18T18:26:12","slug":"avaliacao-do-curso-de-administracao","status":"publish","type":"page","link":"https:\/\/www2.unifap.br\/administracao\/ensino\/avaliacao\/avaliacao-do-curso-de-administracao\/","title":{"rendered":"Avalia\u00e7\u00e3o do Curso de Administra\u00e7\u00e3o"},"content":{"rendered":"<p>Ol\u00e1 Caros Alunos e Alunas,<\/p>\n<p>Esta p\u00e1gina \u00e9 dedicada a avalia\u00e7\u00e3o de desempenho do Curso de Administra\u00e7\u00e3o da UNIFAP no semestres de 2015.1 e 2015.2. Solicitamos total aten\u00e7\u00e3o e seriedade no preenchimento do instrumento abaixo:<\/p>\n<p>Para preencher o instrumento basta clicar no link da sua turma e seu respectivo semestre, l\u00e1 voc\u00ea encontrar\u00e1 as disciplinas e seus respectivos professores.<\/p>\n<p><span style=\"color: #0000ff\"><strong>OBSERVA\u00c7\u00c3O: N\u00c3O H\u00c1 NECESSIDADE DE IDENTIFICA\u00c7\u00c3O POR PARTE DO ALUNO<\/strong><\/span><\/p>\n<p><span style=\"color: #ff0000\"><b>TURMA 1 \u2013 ENTRADA 2014<\/b><\/span><\/p>\n<p><b>Link do Semestre 2015.1<\/b><\/p>\n<p><a href=\"https:\/\/docs.google.com\/forms\/d\/1NrXldTpKDAhCCTba89b1mUF6UqVYb6oyO304QVSwAkA\/viewform\">https:\/\/docs.google.com\/forms\/d\/1NrXldTpKDAhCCTba89b1mUF6UqVYb6oyO304QVSwAkA\/viewform<\/a><\/p>\n<p><b>Link do Semestre 2015.2<\/b><\/p>\n<p><a href=\"https:\/\/docs.google.com\/forms\/d\/10XRyqzTXZJ5yvtc1zp9y24s2IpDh9q6W6Ub6elSF7xQ\/viewform\">https:\/\/docs.google.com\/forms\/d\/10XRyqzTXZJ5yvtc1zp9y24s2IpDh9q6W6Ub6elSF7xQ\/viewform<\/a><\/p>\n<p><span style=\"color: #ff0000\"><b>TURMA 2 \u2013 ENTRADA 2014<\/b><\/span><\/p>\n<p><b>Link do Semestre 2015.1<\/b><\/p>\n<p><a href=\"https:\/\/docs.google.com\/forms\/d\/10-Qg0h7eKTTAUZ7R5eVAV1jIWqu1CceodzOul505CKI\/viewform\">https:\/\/docs.google.com\/forms\/d\/10-Qg0h7eKTTAUZ7R5eVAV1jIWqu1CceodzOul505CKI\/viewform<\/a><\/p>\n<p><b>Link do Semestre 2015.2<\/b><\/p>\n<p><a href=\"https:\/\/docs.google.com\/forms\/d\/19Qcgbz1YUCrp0eSp-w_IMt8MXcez4vrQ17jiMROCDm8\/viewform\">https:\/\/docs.google.com\/forms\/d\/19Qcgbz1YUCrp0eSp-w_IMt8MXcez4vrQ17jiMROCDm8\/viewform<\/a><\/p>\n<p><span style=\"color: #ff0000\"><b>TURMA 3 \u2013 ENTRADA 2015.1<\/b><\/span><\/p>\n<p><b>Link do Semestre 2015.1<\/b><\/p>\n<p><a href=\"https:\/\/docs.google.com\/forms\/d\/1GF6i4NKyvJjEp8J7Xk3MWToEtLFwf0Vr_EbIUe5jHUc\/viewform\">https:\/\/docs.google.com\/forms\/d\/1GF6i4NKyvJjEp8J7Xk3MWToEtLFwf0Vr_EbIUe5jHUc\/viewform<\/a><\/p>\n<p><b>Link do Semestre 2015.2<\/b><\/p>\n<p><a href=\"https:\/\/docs.google.com\/forms\/d\/133i8vNcm8RwHaYEBKXcEucuePS1S2mX4xKSWk-89QAQ\/edit\">https:\/\/docs.google.com\/forms\/d\/133i8vNcm8RwHaYEBKXcEucuePS1S2mX4xKSWk-89QAQ\/edit<\/a><\/p>\n<p><span style=\"color: #ff0000\"><b>TURMA 4 \u2013 ENTRADA 2015.2<\/b><\/span><\/p>\n<p><b>Link do Semestre 2015.2<\/b><\/p>\n<p><a href=\"https:\/\/docs.google.com\/forms\/d\/1TQkbsGlpSfreswmOZ2jlWQhRsERW68ADjSjikhpQp0I\/viewform\">https:\/\/docs.google.com\/forms\/d\/1TQkbsGlpSfreswmOZ2jlWQhRsERW68ADjSjikhpQp0I\/viewform<\/a><\/p>\n","protected":false},"excerpt":{"rendered":"<p>Ol\u00e1 Caros Alunos e Alunas, Esta p\u00e1gina \u00e9 dedicada a avalia\u00e7\u00e3o de desempenho do Curso de Administra\u00e7\u00e3o da UNIFAP no&#8230;<\/p>\n","protected":false},"author":366,"featured_media":0,"parent":1238,"menu_order":0,"comment_status":"open","ping_status":"open","template":"","meta":{"inline_featured_image":false,"site-sidebar-layout":"default","site-content-layout":"","ast-site-content-layout":"default","site-content-style":"default","site-sidebar-style":"default","ast-global-header-display":"","ast-banner-title-visibility":"","ast-main-header-display":"","ast-hfb-above-header-display":"","ast-hfb-below-header-display":"","ast-hfb-mobile-header-display":"","site-post-title":"","ast-breadcrumbs-content":"","ast-featured-img":"","footer-sml-layout":"","theme-transparent-header-meta":"","adv-header-id-meta":"","stick-header-meta":"","header-above-stick-meta":"","header-main-stick-meta":"","header-below-stick-meta":"","astra-migrate-meta-layouts":"default","ast-page-background-enabled":"default","ast-page-background-meta":{"desktop":{"background-color":"var(--ast-global-color-4)","background-image":"","background-repeat":"repeat","background-position":"center center","background-size":"auto","background-attachment":"scroll","background-type":"","background-media":"","overlay-type":"","overlay-color":"","overlay-opacity":"","overlay-gradient":""},"tablet":{"background-color":"","background-image":"","background-repeat":"repeat","background-position":"center center","background-size":"auto","background-attachment":"scroll","background-type":"","background-media":"","overlay-type":"","overlay-color":"","overlay-opacity":"","overlay-gradient":""},"mobile":{"background-color":"","background-image":"","background-repeat":"repeat","background-position":"center center","background-size":"auto","background-attachment":"scroll","background-type":"","background-media":"","overlay-type":"","overlay-color":"","overlay-opacity":"","overlay-gradient":""}},"ast-content-background-meta":{"desktop":{"background-color":"var(--ast-global-color-5)","background-image":"","background-repeat":"repeat","background-position":"center center","background-size":"auto","background-attachment":"scroll","background-type":"","background-media":"","overlay-type":"","overlay-color":"","overlay-opacity":"","overlay-gradient":""},"tablet":{"background-color":"var(--ast-global-color-5)","background-image":"","background-repeat":"repeat","background-position":"center center","background-size":"auto","background-attachment":"scroll","background-type":"","background-media":"","overlay-type":"","overlay-color":"","overlay-opacity":"","overlay-gradient":""},"mobile":{"background-color":"var(--ast-global-color-5)","background-image":"","background-repeat":"repeat","background-position":"center center","background-size":"auto","background-attachment":"scroll","background-type":"","background-media":"","overlay-type":"","overlay-color":"","overlay-opacity":"","overlay-gradient":""}},"ngg_post_thumbnail":0,"footnotes":""},"class_list":["post-2013","page","type-page","status-publish","hentry"],"_links":{"self":[{"href":"https:\/\/www2.unifap.br\/administracao\/wp-json\/wp\/v2\/pages\/2013","targetHints":{"allow":["GET"]}}],"collection":[{"href":"https:\/\/www2.unifap.br\/administracao\/wp-json\/wp\/v2\/pages"}],"about":[{"href":"https:\/\/www2.unifap.br\/administracao\/wp-json\/wp\/v2\/types\/page"}],"author":[{"embeddable":true,"href":"https:\/\/www2.unifap.br\/administracao\/wp-json\/wp\/v2\/users\/366"}],"replies":[{"embeddable":true,"href":"https:\/\/www2.unifap.br\/administracao\/wp-json\/wp\/v2\/comments?post=2013"}],"version-history":[{"count":11,"href":"https:\/\/www2.unifap.br\/administracao\/wp-json\/wp\/v2\/pages\/2013\/revisions"}],"predecessor-version":[{"id":2024,"href":"https:\/\/www2.unifap.br\/administracao\/wp-json\/wp\/v2\/pages\/2013\/revisions\/2024"}],"up":[{"embeddable":true,"href":"https:\/\/www2.unifap.br\/administracao\/wp-json\/wp\/v2\/pages\/1238"}],"wp:attachment":[{"href":"https:\/\/www2.unifap.br\/administracao\/wp-json\/wp\/v2\/media?parent=2013"}],"curies":[{"name":"wp","href":"https:\/\/api.w.org\/{rel}","templated":true}]}}