{"id":2051,"date":"2016-11-22T19:17:05","date_gmt":"2016-11-22T19:17:05","guid":{"rendered":"http:\/\/www2.unifap.br\/administracao\/?page_id=2051"},"modified":"2018-04-04T12:20:08","modified_gmt":"2018-04-04T12:20:08","slug":"projetos","status":"publish","type":"page","link":"https:\/\/www2.unifap.br\/administracao\/projetos\/","title":{"rendered":"Projetos"},"content":{"rendered":"<p>Projetos de Pesquisa e Extens\u00e3o do Curso de Administra\u00e7\u00e3o da UNIFAP<\/p>\n<p>A <strong>Pesquisa Cient\u00edfica<\/strong> \u00e9 elemento fundamental no curso de Administra\u00e7\u00e3o, no link abaixo \u00e9 poss\u00edvel conferir informa\u00e7\u00f5es de como ela ocorre e seus principais resultados.<\/p>\n<p><strong>Pesquisa Cient\u00edfica<\/strong>:\u00a0<a href=\"http:\/\/www2.unifap.br\/administracao\/projetos\/pesquisa\/\">http:\/\/www2.unifap.br\/administracao\/projetos\/pesquisa\/<\/a><\/p>\n<p>A extens\u00e3o Universit\u00e1ria permite a atua\u00e7\u00e3o dos alunos do curso de Administra\u00e7\u00e3o em organiza\u00e7\u00f5es p\u00fablicas e privadas. O curso possui 4 projetos de extens\u00e3o com a\u00e7\u00f5es efetivas na comunidade Amapaense.<\/p>\n<p><strong>Extens\u00e3o Universit\u00e1ria<\/strong>:\u00a0<a href=\"http:\/\/www2.unifap.br\/administracao\/projetos\/extensao\/\">http:\/\/www2.unifap.br\/administracao\/projetos\/extensao\/<\/a><\/p>\n<p>&nbsp;<\/p>\n<p>&nbsp;<\/p>\n<p>&nbsp;<\/p>\n<p>&nbsp;<\/p>\n","protected":false},"excerpt":{"rendered":"<p>Projetos de Pesquisa e Extens\u00e3o do Curso de Administra\u00e7\u00e3o da UNIFAP A Pesquisa Cient\u00edfica \u00e9 elemento fundamental no curso de&#8230;<\/p>\n","protected":false},"author":366,"featured_media":0,"parent":0,"menu_order":0,"comment_status":"open","ping_status":"open","template":"","meta":{"inline_featured_image":false,"site-sidebar-layout":"default","site-content-layout":"","ast-site-content-layout":"default","site-content-style":"default","site-sidebar-style":"default","ast-global-header-display":"","ast-banner-title-visibility":"","ast-main-header-display":"","ast-hfb-above-header-display":"","ast-hfb-below-header-display":"","ast-hfb-mobile-header-display":"","site-post-title":"","ast-breadcrumbs-content":"","ast-featured-img":"","footer-sml-layout":"","theme-transparent-header-meta":"","adv-header-id-meta":"","stick-header-meta":"","header-above-stick-meta":"","header-main-stick-meta":"","header-below-stick-meta":"","astra-migrate-meta-layouts":"default","ast-page-background-enabled":"default","ast-page-background-meta":{"desktop":{"background-color":"var(--ast-global-color-4)","background-image":"","background-repeat":"repeat","background-position":"center center","background-size":"auto","background-attachment":"scroll","background-type":"","background-media":"","overlay-type":"","overlay-color":"","overlay-opacity":"","overlay-gradient":""},"tablet":{"background-color":"","background-image":"","background-repeat":"repeat","background-position":"center center","background-size":"auto","background-attachment":"scroll","background-type":"","background-media":"","overlay-type":"","overlay-color":"","overlay-opacity":"","overlay-gradient":""},"mobile":{"background-color":"","background-image":"","background-repeat":"repeat","background-position":"center center","background-size":"auto","background-attachment":"scroll","background-type":"","background-media":"","overlay-type":"","overlay-color":"","overlay-opacity":"","overlay-gradient":""}},"ast-content-background-meta":{"desktop":{"background-color":"var(--ast-global-color-5)","background-image":"","background-repeat":"repeat","background-position":"center center","background-size":"auto","background-attachment":"scroll","background-type":"","background-media":"","overlay-type":"","overlay-color":"","overlay-opacity":"","overlay-gradient":""},"tablet":{"background-color":"var(--ast-global-color-5)","background-image":"","background-repeat":"repeat","background-position":"center center","background-size":"auto","background-attachment":"scroll","background-type":"","background-media":"","overlay-type":"","overlay-color":"","overlay-opacity":"","overlay-gradient":""},"mobile":{"background-color":"var(--ast-global-color-5)","background-image":"","background-repeat":"repeat","background-position":"center center","background-size":"auto","background-attachment":"scroll","background-type":"","background-media":"","overlay-type":"","overlay-color":"","overlay-opacity":"","overlay-gradient":""}},"ngg_post_thumbnail":0,"footnotes":""},"class_list":["post-2051","page","type-page","status-publish","hentry"],"_links":{"self":[{"href":"https:\/\/www2.unifap.br\/administracao\/wp-json\/wp\/v2\/pages\/2051","targetHints":{"allow":["GET"]}}],"collection":[{"href":"https:\/\/www2.unifap.br\/administracao\/wp-json\/wp\/v2\/pages"}],"about":[{"href":"https:\/\/www2.unifap.br\/administracao\/wp-json\/wp\/v2\/types\/page"}],"author":[{"embeddable":true,"href":"https:\/\/www2.unifap.br\/administracao\/wp-json\/wp\/v2\/users\/366"}],"replies":[{"embeddable":true,"href":"https:\/\/www2.unifap.br\/administracao\/wp-json\/wp\/v2\/comments?post=2051"}],"version-history":[{"count":5,"href":"https:\/\/www2.unifap.br\/administracao\/wp-json\/wp\/v2\/pages\/2051\/revisions"}],"predecessor-version":[{"id":3878,"href":"https:\/\/www2.unifap.br\/administracao\/wp-json\/wp\/v2\/pages\/2051\/revisions\/3878"}],"wp:attachment":[{"href":"https:\/\/www2.unifap.br\/administracao\/wp-json\/wp\/v2\/media?parent=2051"}],"curies":[{"name":"wp","href":"https:\/\/api.w.org\/{rel}","templated":true}]}}