{"id":2196,"date":"2017-01-02T22:41:40","date_gmt":"2017-01-02T22:41:40","guid":{"rendered":"http:\/\/www2.unifap.br\/administracao\/?page_id=2196"},"modified":"2025-05-19T12:19:23","modified_gmt":"2025-05-19T12:19:23","slug":"resolucoes","status":"publish","type":"page","link":"https:\/\/www2.unifap.br\/administracao\/coordenacao\/resolucoes\/","title":{"rendered":"Resolu\u00e7\u00f5es \/ Legisla\u00e7\u00f5es"},"content":{"rendered":"<p><a href=\"http:\/\/www2.unifap.br\/administracao\/files\/2025\/05\/portaria_2025_859_regimento_interno_adm.pdf\" target=\"_blank\" rel=\"noopener\">Regimento Interno do Colegiado do Curso de Bacharelado em Administra\u00e7\u00e3o<\/a><\/p>\n<p><a href=\"http:\/\/www2.unifap.br\/administracao\/files\/2017\/01\/APROVEITAMENTO-DE-ESTUDO-CREDITO-DE-DISCIPLINA.pdf\">APROVEITAMENTO DE ESTUDO (CREDITO DE DISCIPLINA)<\/a><\/p>\n<p><a href=\"http:\/\/www2.unifap.br\/administracao\/files\/2017\/01\/APROVEITAMENTO-DE-ESTUDOS-DE-ALUNOS-DA-UNIFAP.pdf\">APROVEITAMENTO DE ESTUDOS DE ALUNOS DA UNIFAP<\/a><\/p>\n<p><a href=\"http:\/\/www2.unifap.br\/administracao\/files\/2017\/01\/REGULAMENTA-A-NOVA-SISTEMATICA-DE-AVALIA\u00c7\u00c3O-DA-APRENDIZAGEM.pdf\">REGULAMENTA A NOVA SISTEMATICA DE AVALIA\u00c7\u00c3O DA APRENDIZAGEM<\/a><\/p>\n<p><a href=\"http:\/\/www2.unifap.br\/administracao\/files\/2017\/01\/RESOLU\u00c7\u00c3O-DE-ABONO-DE-FALTA.pdf\">RESOLU\u00c7\u00c3O DE ABONO DE FALTA<\/a><\/p>\n<p><a href=\"http:\/\/www2.unifap.br\/administracao\/files\/2017\/01\/RESOLU\u00c7\u00c3O-LEI-DO-SERVI\u00c7O-MILITAR-EXERCITO.pdf\">RESOLU\u00c7\u00c3O LEI DO SERVI\u00c7O MILITAR (EXERCITO)<\/a><\/p>\n<p>&nbsp;<\/p>\n","protected":false},"excerpt":{"rendered":"<p>Regimento Interno do Colegiado do Curso de Bacharelado em Administra\u00e7\u00e3o APROVEITAMENTO DE ESTUDO (CREDITO DE DISCIPLINA) APROVEITAMENTO DE ESTUDOS DE&#8230;<\/p>\n","protected":false},"author":366,"featured_media":0,"parent":46,"menu_order":0,"comment_status":"open","ping_status":"open","template":"","meta":{"inline_featured_image":false,"site-sidebar-layout":"default","site-content-layout":"","ast-site-content-layout":"default","site-content-style":"default","site-sidebar-style":"default","ast-global-header-display":"","ast-banner-title-visibility":"","ast-main-header-display":"","ast-hfb-above-header-display":"","ast-hfb-below-header-display":"","ast-hfb-mobile-header-display":"","site-post-title":"","ast-breadcrumbs-content":"","ast-featured-img":"","footer-sml-layout":"","theme-transparent-header-meta":"default","adv-header-id-meta":"","stick-header-meta":"","header-above-stick-meta":"","header-main-stick-meta":"","header-below-stick-meta":"","astra-migrate-meta-layouts":"set","ast-page-background-enabled":"default","ast-page-background-meta":{"desktop":{"background-color":"var(--ast-global-color-4)","background-image":"","background-repeat":"repeat","background-position":"center center","background-size":"auto","background-attachment":"scroll","background-type":"","background-media":"","overlay-type":"","overlay-color":"","overlay-opacity":"","overlay-gradient":""},"tablet":{"background-color":"","background-image":"","background-repeat":"repeat","background-position":"center center","background-size":"auto","background-attachment":"scroll","background-type":"","background-media":"","overlay-type":"","overlay-color":"","overlay-opacity":"","overlay-gradient":""},"mobile":{"background-color":"","background-image":"","background-repeat":"repeat","background-position":"center center","background-size":"auto","background-attachment":"scroll","background-type":"","background-media":"","overlay-type":"","overlay-color":"","overlay-opacity":"","overlay-gradient":""}},"ast-content-background-meta":{"desktop":{"background-color":"var(--ast-global-color-5)","background-image":"","background-repeat":"repeat","background-position":"center center","background-size":"auto","background-attachment":"scroll","background-type":"","background-media":"","overlay-type":"","overlay-color":"","overlay-opacity":"","overlay-gradient":""},"tablet":{"background-color":"var(--ast-global-color-5)","background-image":"","background-repeat":"repeat","background-position":"center center","background-size":"auto","background-attachment":"scroll","background-type":"","background-media":"","overlay-type":"","overlay-color":"","overlay-opacity":"","overlay-gradient":""},"mobile":{"background-color":"var(--ast-global-color-5)","background-image":"","background-repeat":"repeat","background-position":"center center","background-size":"auto","background-attachment":"scroll","background-type":"","background-media":"","overlay-type":"","overlay-color":"","overlay-opacity":"","overlay-gradient":""}},"ngg_post_thumbnail":0,"footnotes":""},"class_list":["post-2196","page","type-page","status-publish","hentry"],"_links":{"self":[{"href":"https:\/\/www2.unifap.br\/administracao\/wp-json\/wp\/v2\/pages\/2196","targetHints":{"allow":["GET"]}}],"collection":[{"href":"https:\/\/www2.unifap.br\/administracao\/wp-json\/wp\/v2\/pages"}],"about":[{"href":"https:\/\/www2.unifap.br\/administracao\/wp-json\/wp\/v2\/types\/page"}],"author":[{"embeddable":true,"href":"https:\/\/www2.unifap.br\/administracao\/wp-json\/wp\/v2\/users\/366"}],"replies":[{"embeddable":true,"href":"https:\/\/www2.unifap.br\/administracao\/wp-json\/wp\/v2\/comments?post=2196"}],"version-history":[{"count":6,"href":"https:\/\/www2.unifap.br\/administracao\/wp-json\/wp\/v2\/pages\/2196\/revisions"}],"predecessor-version":[{"id":6119,"href":"https:\/\/www2.unifap.br\/administracao\/wp-json\/wp\/v2\/pages\/2196\/revisions\/6119"}],"up":[{"embeddable":true,"href":"https:\/\/www2.unifap.br\/administracao\/wp-json\/wp\/v2\/pages\/46"}],"wp:attachment":[{"href":"https:\/\/www2.unifap.br\/administracao\/wp-json\/wp\/v2\/media?parent=2196"}],"curies":[{"name":"wp","href":"https:\/\/api.w.org\/{rel}","templated":true}]}}