{"id":25,"date":"2013-12-12T19:36:09","date_gmt":"2013-12-12T19:36:09","guid":{"rendered":"http:\/\/www2.unifap.br\/administracao\/?page_id=25"},"modified":"2015-08-24T15:48:02","modified_gmt":"2015-08-24T15:48:02","slug":"campo-de-atuacao-do-administrador","status":"publish","type":"page","link":"https:\/\/www2.unifap.br\/administracao\/coordenacao\/dados\/campo-de-atuacao-do-administrador\/","title":{"rendered":"Campo de Atua\u00e7\u00e3o do Administrador"},"content":{"rendered":"<p style=\"padding-left: 30px\">O Administrador de empresas possui uma vasta \u00e1rea de atua\u00e7\u00e3o, abaixo relacionamos algumas delas:<\/p>\n<ul>\n<li><strong>Administra\u00e7\u00e3o Geral (inclui planejamento estrat\u00e9gico);<\/strong><\/li>\n<li><strong>\u00c1rea Financeira (inclui Auditoria e Controladoria);<\/strong><\/li>\n<li><strong>Recursos Humanos;<\/strong><\/li>\n<li><strong>Vendas;<\/strong><\/li>\n<li><strong>Produ\u00e7\u00e3o;<\/strong><\/li>\n<li><strong>Gest\u00e3o de Projetos;<\/strong><\/li>\n<li><strong>Gest\u00e3o de Processos;<\/strong><\/li>\n<li><strong>Log\u00edstica;<\/strong><\/li>\n<li><strong>Tecnologia da Informa\u00e7\u00e3o;<\/strong><\/li>\n<li><strong>Marketing;<\/strong><\/li>\n<li><strong>Sistemas de Informa\u00e7\u00f5es;<\/strong><\/li>\n<li><strong>Inova\u00e7\u00e3o Tecnol\u00f3gica.<\/strong><\/li>\n<\/ul>\n<p>&nbsp;<\/p>\n","protected":false},"excerpt":{"rendered":"<p>O Administrador de empresas possui uma vasta \u00e1rea de atua\u00e7\u00e3o, abaixo relacionamos algumas delas: Administra\u00e7\u00e3o Geral (inclui planejamento estrat\u00e9gico); \u00c1rea&#8230;<\/p>\n","protected":false},"author":365,"featured_media":0,"parent":27,"menu_order":3,"comment_status":"open","ping_status":"open","template":"","meta":{"inline_featured_image":false,"site-sidebar-layout":"default","site-content-layout":"","ast-site-content-layout":"default","site-content-style":"default","site-sidebar-style":"default","ast-global-header-display":"","ast-banner-title-visibility":"","ast-main-header-display":"","ast-hfb-above-header-display":"","ast-hfb-below-header-display":"","ast-hfb-mobile-header-display":"","site-post-title":"","ast-breadcrumbs-content":"","ast-featured-img":"","footer-sml-layout":"","theme-transparent-header-meta":"","adv-header-id-meta":"","stick-header-meta":"","header-above-stick-meta":"","header-main-stick-meta":"","header-below-stick-meta":"","astra-migrate-meta-layouts":"default","ast-page-background-enabled":"default","ast-page-background-meta":{"desktop":{"background-color":"var(--ast-global-color-4)","background-image":"","background-repeat":"repeat","background-position":"center center","background-size":"auto","background-attachment":"scroll","background-type":"","background-media":"","overlay-type":"","overlay-color":"","overlay-opacity":"","overlay-gradient":""},"tablet":{"background-color":"","background-image":"","background-repeat":"repeat","background-position":"center center","background-size":"auto","background-attachment":"scroll","background-type":"","background-media":"","overlay-type":"","overlay-color":"","overlay-opacity":"","overlay-gradient":""},"mobile":{"background-color":"","background-image":"","background-repeat":"repeat","background-position":"center center","background-size":"auto","background-attachment":"scroll","background-type":"","background-media":"","overlay-type":"","overlay-color":"","overlay-opacity":"","overlay-gradient":""}},"ast-content-background-meta":{"desktop":{"background-color":"var(--ast-global-color-5)","background-image":"","background-repeat":"repeat","background-position":"center center","background-size":"auto","background-attachment":"scroll","background-type":"","background-media":"","overlay-type":"","overlay-color":"","overlay-opacity":"","overlay-gradient":""},"tablet":{"background-color":"var(--ast-global-color-5)","background-image":"","background-repeat":"repeat","background-position":"center center","background-size":"auto","background-attachment":"scroll","background-type":"","background-media":"","overlay-type":"","overlay-color":"","overlay-opacity":"","overlay-gradient":""},"mobile":{"background-color":"var(--ast-global-color-5)","background-image":"","background-repeat":"repeat","background-position":"center center","background-size":"auto","background-attachment":"scroll","background-type":"","background-media":"","overlay-type":"","overlay-color":"","overlay-opacity":"","overlay-gradient":""}},"ngg_post_thumbnail":0,"footnotes":""},"class_list":["post-25","page","type-page","status-publish","hentry"],"_links":{"self":[{"href":"https:\/\/www2.unifap.br\/administracao\/wp-json\/wp\/v2\/pages\/25","targetHints":{"allow":["GET"]}}],"collection":[{"href":"https:\/\/www2.unifap.br\/administracao\/wp-json\/wp\/v2\/pages"}],"about":[{"href":"https:\/\/www2.unifap.br\/administracao\/wp-json\/wp\/v2\/types\/page"}],"author":[{"embeddable":true,"href":"https:\/\/www2.unifap.br\/administracao\/wp-json\/wp\/v2\/users\/365"}],"replies":[{"embeddable":true,"href":"https:\/\/www2.unifap.br\/administracao\/wp-json\/wp\/v2\/comments?post=25"}],"version-history":[{"count":6,"href":"https:\/\/www2.unifap.br\/administracao\/wp-json\/wp\/v2\/pages\/25\/revisions"}],"predecessor-version":[{"id":306,"href":"https:\/\/www2.unifap.br\/administracao\/wp-json\/wp\/v2\/pages\/25\/revisions\/306"}],"up":[{"embeddable":true,"href":"https:\/\/www2.unifap.br\/administracao\/wp-json\/wp\/v2\/pages\/27"}],"wp:attachment":[{"href":"https:\/\/www2.unifap.br\/administracao\/wp-json\/wp\/v2\/media?parent=25"}],"curies":[{"name":"wp","href":"https:\/\/api.w.org\/{rel}","templated":true}]}}