{"id":295,"date":"2015-08-24T15:30:32","date_gmt":"2015-08-24T15:30:32","guid":{"rendered":"http:\/\/www2.unifap.br\/administracao\/?page_id=295"},"modified":"2018-03-30T13:15:53","modified_gmt":"2018-03-30T13:15:53","slug":"extensao","status":"publish","type":"page","link":"https:\/\/www2.unifap.br\/administracao\/projetos\/extensao\/","title":{"rendered":"Extens\u00e3o"},"content":{"rendered":"<p>Nesta p\u00e1gina, apresentamos as documenta\u00e7\u00f5es, arquivos, atividades e pr\u00e1ticas referentes ao desenvolvimento da esfera Extens\u00e3o no Curso de Administra\u00e7\u00e3o da UNIFAP.<\/p>\n<p><strong>1. Orienta\u00e7\u00f5es e Modelo de Atividades de Extens\u00e3o &gt;<\/strong>\u00a0<a href=\"http:\/\/www2.unifap.br\/administracao\/files\/2015\/08\/Orienta%C3%A7%C3%B5es-e-Modelo-de-atividade-de-extens%C3%A3o.pdf\">Orienta\u00e7\u00f5es e Modelo de atividade de extens\u00e3o<\/a><\/p>\n<p><strong>2. Declara\u00e7\u00e3o pelo Coordenador de Autoriza\u00e7\u00e3o de Participa\u00e7\u00e3o em A\u00e7\u00f5es de Extens\u00e3o<\/strong>\u00a0&gt;<strong>\u00a0<\/strong><a href=\"http:\/\/www2.unifap.br\/administracao\/files\/2015\/08\/Declara%C3%A7%C3%A3o-de-paticipa%C3%A7%C3%B5es-em-a%C3%A7%C3%B5es-extensionistas-em-.pdf\">Declara\u00e7\u00e3o de autoriza\u00e7\u00e3o de participa\u00e7\u00e3o em a\u00e7\u00f5es extensionistas<\/a>.<\/p>\n<p><strong>Projetos de Extens\u00e3o do Curso de Administra\u00e7\u00e3o da UNIFAP<\/strong><\/p>\n<p>&#8211; Escola de Consultoria &#8211; Link:\u00a0<a href=\"http:\/\/www2.unifap.br\/administracao\/projetos\/extensao\/escola-de-consultoria-2\/\">http:\/\/www2.unifap.br\/administracao\/projetos\/extensao\/escola-de-consultoria-2\/<\/a><\/p>\n<p>&#8211; A Hora do Empreendedor &#8211; Link:\u00a0<a href=\"http:\/\/www2.unifap.br\/administracao\/projetos\/extensao\/projeto-a-hora-do-empreendedor\/\">http:\/\/www2.unifap.br\/administracao\/projetos\/extensao\/projeto-a-hora-do-empreendedor\/<\/a><\/p>\n<p>&#8211; Escrit\u00f3rio Modelo de Administra\u00e7\u00e3o &#8211; Link:\u00a0<a href=\"http:\/\/www2.unifap.br\/administracao\/projetos\/extensao\/projeto-de-extensao-pop\/\">http:\/\/www2.unifap.br\/administracao\/projetos\/extensao\/projeto-de-extensao-pop\/<\/a><\/p>\n<p>&#8211; Apoio a Implementa\u00e7\u00e3o do Procedimento Operacional Padr\u00e3o (POP) Unifap &#8211; Link:\u00a0<a href=\"http:\/\/www2.unifap.br\/administracao\/projetos\/extensao\/apoio-a-implementacao-do-procedimento-operacional-padrao-pop-unifap\/\">http:\/\/www2.unifap.br\/administracao\/projetos\/extensao\/apoio-a-implementacao-do-procedimento-operacional-padrao-pop-unifap\/<\/a><\/p>\n<p>&nbsp;<\/p>\n<p>&nbsp;<\/p>\n","protected":false},"excerpt":{"rendered":"<p>Nesta p\u00e1gina, apresentamos as documenta\u00e7\u00f5es, arquivos, atividades e pr\u00e1ticas referentes ao desenvolvimento da esfera Extens\u00e3o no Curso de Administra\u00e7\u00e3o da&#8230;<\/p>\n","protected":false},"author":366,"featured_media":0,"parent":2051,"menu_order":2,"comment_status":"open","ping_status":"closed","template":"","meta":{"inline_featured_image":false,"site-sidebar-layout":"default","site-content-layout":"","ast-site-content-layout":"default","site-content-style":"default","site-sidebar-style":"default","ast-global-header-display":"","ast-banner-title-visibility":"","ast-main-header-display":"","ast-hfb-above-header-display":"","ast-hfb-below-header-display":"","ast-hfb-mobile-header-display":"","site-post-title":"","ast-breadcrumbs-content":"","ast-featured-img":"","footer-sml-layout":"","theme-transparent-header-meta":"","adv-header-id-meta":"","stick-header-meta":"","header-above-stick-meta":"","header-main-stick-meta":"","header-below-stick-meta":"","astra-migrate-meta-layouts":"default","ast-page-background-enabled":"default","ast-page-background-meta":{"desktop":{"background-color":"var(--ast-global-color-4)","background-image":"","background-repeat":"repeat","background-position":"center center","background-size":"auto","background-attachment":"scroll","background-type":"","background-media":"","overlay-type":"","overlay-color":"","overlay-opacity":"","overlay-gradient":""},"tablet":{"background-color":"","background-image":"","background-repeat":"repeat","background-position":"center center","background-size":"auto","background-attachment":"scroll","background-type":"","background-media":"","overlay-type":"","overlay-color":"","overlay-opacity":"","overlay-gradient":""},"mobile":{"background-color":"","background-image":"","background-repeat":"repeat","background-position":"center center","background-size":"auto","background-attachment":"scroll","background-type":"","background-media":"","overlay-type":"","overlay-color":"","overlay-opacity":"","overlay-gradient":""}},"ast-content-background-meta":{"desktop":{"background-color":"var(--ast-global-color-5)","background-image":"","background-repeat":"repeat","background-position":"center center","background-size":"auto","background-attachment":"scroll","background-type":"","background-media":"","overlay-type":"","overlay-color":"","overlay-opacity":"","overlay-gradient":""},"tablet":{"background-color":"var(--ast-global-color-5)","background-image":"","background-repeat":"repeat","background-position":"center center","background-size":"auto","background-attachment":"scroll","background-type":"","background-media":"","overlay-type":"","overlay-color":"","overlay-opacity":"","overlay-gradient":""},"mobile":{"background-color":"var(--ast-global-color-5)","background-image":"","background-repeat":"repeat","background-position":"center center","background-size":"auto","background-attachment":"scroll","background-type":"","background-media":"","overlay-type":"","overlay-color":"","overlay-opacity":"","overlay-gradient":""}},"ngg_post_thumbnail":0,"footnotes":""},"class_list":["post-295","page","type-page","status-publish","hentry"],"_links":{"self":[{"href":"https:\/\/www2.unifap.br\/administracao\/wp-json\/wp\/v2\/pages\/295","targetHints":{"allow":["GET"]}}],"collection":[{"href":"https:\/\/www2.unifap.br\/administracao\/wp-json\/wp\/v2\/pages"}],"about":[{"href":"https:\/\/www2.unifap.br\/administracao\/wp-json\/wp\/v2\/types\/page"}],"author":[{"embeddable":true,"href":"https:\/\/www2.unifap.br\/administracao\/wp-json\/wp\/v2\/users\/366"}],"replies":[{"embeddable":true,"href":"https:\/\/www2.unifap.br\/administracao\/wp-json\/wp\/v2\/comments?post=295"}],"version-history":[{"count":5,"href":"https:\/\/www2.unifap.br\/administracao\/wp-json\/wp\/v2\/pages\/295\/revisions"}],"predecessor-version":[{"id":3845,"href":"https:\/\/www2.unifap.br\/administracao\/wp-json\/wp\/v2\/pages\/295\/revisions\/3845"}],"up":[{"embeddable":true,"href":"https:\/\/www2.unifap.br\/administracao\/wp-json\/wp\/v2\/pages\/2051"}],"wp:attachment":[{"href":"https:\/\/www2.unifap.br\/administracao\/wp-json\/wp\/v2\/media?parent=295"}],"curies":[{"name":"wp","href":"https:\/\/api.w.org\/{rel}","templated":true}]}}