{"id":298,"date":"2015-08-24T15:39:46","date_gmt":"2015-08-24T15:39:46","guid":{"rendered":"http:\/\/www2.unifap.br\/administracao\/?page_id=298"},"modified":"2024-02-29T02:18:28","modified_gmt":"2024-02-29T02:18:28","slug":"trabalho-de-conclusao-de-curso-tcc","status":"publish","type":"page","link":"https:\/\/www2.unifap.br\/administracao\/ensino\/trabalho-de-conclusao-de-curso-tcc\/","title":{"rendered":"Trabalho de Conclus\u00e3o de Curso (TCC)"},"content":{"rendered":"<p>Resolu\u00e7\u00e3o que estabelece as diretrizes para o Trabalho de&nbsp;Conclus\u00e3o de Curso em n\u00edvel de Gradua\u00e7\u00e3o,&nbsp;no \u00e2mbito da UNIFAP.<\/p>\n<p><a href=\"http:\/\/www2.unifap.br\/administracao\/files\/2015\/08\/Resolu\u00e7\u00e3o-11.-2008-TCC.pdf\">Resolu\u00e7\u00e3o &#8211; 11. 2008 TCC<\/a><\/p>\n<p>____________________________________________________________________________________<\/p>\n<p>Aos acad\u00eamicos do curso de Administra\u00e7\u00e3o seguir as Nomas de Elabora\u00e7\u00e3o de TCC<strong>&nbsp;( Regimento do TCC<\/strong><strong>)<\/strong><\/p>\n<p><a href=\"http:\/\/www2.unifap.br\/administracao\/files\/2015\/08\/NORMAS-DE-ELABORA\u00c7\u00c3O-TCC.pdf\">NORMAS DE ELABORA\u00c7\u00c3O TCC<\/a><\/p>\n<p><a href=\"http:\/\/www2.unifap.br\/administracao\/files\/2015\/08\/TCC-MODELO-CAPA-E-CONTRACAPA1.pdf\">TCC &#8211; MODELO CAPA E CONTRACAPA<\/a><\/p>\n<p>____________________________________________________________________________________<\/p>\n<p>&nbsp;<\/p>\n","protected":false},"excerpt":{"rendered":"<p>Resolu\u00e7\u00e3o que estabelece as diretrizes para o Trabalho de&nbsp;Conclus\u00e3o de Curso em n\u00edvel de Gradua\u00e7\u00e3o,&nbsp;no \u00e2mbito da UNIFAP. Resolu\u00e7\u00e3o &#8211;&#8230;<\/p>\n","protected":false},"author":366,"featured_media":0,"parent":291,"menu_order":5,"comment_status":"open","ping_status":"closed","template":"","meta":{"inline_featured_image":false,"site-sidebar-layout":"default","site-content-layout":"","ast-site-content-layout":"default","site-content-style":"default","site-sidebar-style":"default","ast-global-header-display":"","ast-banner-title-visibility":"","ast-main-header-display":"","ast-hfb-above-header-display":"","ast-hfb-below-header-display":"","ast-hfb-mobile-header-display":"","site-post-title":"","ast-breadcrumbs-content":"","ast-featured-img":"","footer-sml-layout":"","theme-transparent-header-meta":"","adv-header-id-meta":"","stick-header-meta":"","header-above-stick-meta":"","header-main-stick-meta":"","header-below-stick-meta":"","astra-migrate-meta-layouts":"default","ast-page-background-enabled":"default","ast-page-background-meta":{"desktop":{"background-color":"var(--ast-global-color-4)","background-image":"","background-repeat":"repeat","background-position":"center center","background-size":"auto","background-attachment":"scroll","background-type":"","background-media":"","overlay-type":"","overlay-color":"","overlay-opacity":"","overlay-gradient":""},"tablet":{"background-color":"","background-image":"","background-repeat":"repeat","background-position":"center center","background-size":"auto","background-attachment":"scroll","background-type":"","background-media":"","overlay-type":"","overlay-color":"","overlay-opacity":"","overlay-gradient":""},"mobile":{"background-color":"","background-image":"","background-repeat":"repeat","background-position":"center center","background-size":"auto","background-attachment":"scroll","background-type":"","background-media":"","overlay-type":"","overlay-color":"","overlay-opacity":"","overlay-gradient":""}},"ast-content-background-meta":{"desktop":{"background-color":"var(--ast-global-color-5)","background-image":"","background-repeat":"repeat","background-position":"center center","background-size":"auto","background-attachment":"scroll","background-type":"","background-media":"","overlay-type":"","overlay-color":"","overlay-opacity":"","overlay-gradient":""},"tablet":{"background-color":"var(--ast-global-color-5)","background-image":"","background-repeat":"repeat","background-position":"center center","background-size":"auto","background-attachment":"scroll","background-type":"","background-media":"","overlay-type":"","overlay-color":"","overlay-opacity":"","overlay-gradient":""},"mobile":{"background-color":"var(--ast-global-color-5)","background-image":"","background-repeat":"repeat","background-position":"center center","background-size":"auto","background-attachment":"scroll","background-type":"","background-media":"","overlay-type":"","overlay-color":"","overlay-opacity":"","overlay-gradient":""}},"ngg_post_thumbnail":0,"footnotes":""},"class_list":["post-298","page","type-page","status-publish","hentry"],"_links":{"self":[{"href":"https:\/\/www2.unifap.br\/administracao\/wp-json\/wp\/v2\/pages\/298","targetHints":{"allow":["GET"]}}],"collection":[{"href":"https:\/\/www2.unifap.br\/administracao\/wp-json\/wp\/v2\/pages"}],"about":[{"href":"https:\/\/www2.unifap.br\/administracao\/wp-json\/wp\/v2\/types\/page"}],"author":[{"embeddable":true,"href":"https:\/\/www2.unifap.br\/administracao\/wp-json\/wp\/v2\/users\/366"}],"replies":[{"embeddable":true,"href":"https:\/\/www2.unifap.br\/administracao\/wp-json\/wp\/v2\/comments?post=298"}],"version-history":[{"count":20,"href":"https:\/\/www2.unifap.br\/administracao\/wp-json\/wp\/v2\/pages\/298\/revisions"}],"predecessor-version":[{"id":5889,"href":"https:\/\/www2.unifap.br\/administracao\/wp-json\/wp\/v2\/pages\/298\/revisions\/5889"}],"up":[{"embeddable":true,"href":"https:\/\/www2.unifap.br\/administracao\/wp-json\/wp\/v2\/pages\/291"}],"wp:attachment":[{"href":"https:\/\/www2.unifap.br\/administracao\/wp-json\/wp\/v2\/media?parent=298"}],"curies":[{"name":"wp","href":"https:\/\/api.w.org\/{rel}","templated":true}]}}