{"id":304,"date":"2015-08-24T15:41:39","date_gmt":"2015-08-24T15:41:39","guid":{"rendered":"http:\/\/www2.unifap.br\/administracao\/?page_id=304"},"modified":"2022-04-18T14:56:27","modified_gmt":"2022-04-18T14:56:27","slug":"estagio-supervisionado","status":"publish","type":"page","link":"https:\/\/www2.unifap.br\/administracao\/ensino\/estagio-supervisionado\/","title":{"rendered":"Est\u00e1gio Supervisionado"},"content":{"rendered":"<p><strong><span style=\"color: #000000\">EST\u00c1GIO OBRIGAT\u00d3RIO<\/span><\/strong><\/p>\n<ul>\n<li><a href=\"http:\/\/www2.unifap.br\/administracao\/files\/2022\/04\/REGULAMENTO-DE-ESTAGIO-SUPERVISIONADO.pdf\">REGULAMENTO DE EST\u00c1GIO SUPERVISIONADO<\/a><\/li>\n<li><a href=\"http:\/\/www2.unifap.br\/administracao\/files\/2022\/04\/TERMO-DE-COMPROMISSO-DE-ESTAGIO-SUPERVISIONADO-OBRIGATORIO_2022_MODELO.doc\">TERMO DE COMPROMISSO DE EST\u00c1GIO SUPERVISIONADO OBRIGAT\u00d3RIO_2022_MODELO<\/a><\/li>\n<li><a href=\"http:\/\/www2.unifap.br\/administracao\/files\/2022\/04\/PLANO-DE-ESTAGIO_2022_MODELO.docx\">PLANO DE EST\u00c1GIO_2022_MODELO<\/a><\/li>\n<li><a href=\"http:\/\/www2.unifap.br\/administracao\/files\/2022\/04\/FREQUENCIA-DE-ESTAGIO-SUPERVISIONADO-OBRIGATORIO_2022_MODELO.doc\">FREQU\u00caNCIA DE EST\u00c1GIO SUPERVISIONADO OBRIGAT\u00d3RIO_2022_MODELO<\/a><\/li>\n<li><a href=\"http:\/\/www2.unifap.br\/administracao\/files\/2022\/04\/FORMULARIO-DE-AVALIACAO-DO-ESTAGIARIO_SUPERVISIONADO-OBRIGATORIO-_Empresa_Orgao-Concedente_2022.doc\">FORMUL\u00c1RIO DE AVALIA\u00c7\u00c3O DO ESTAGI\u00c1RIO_SUPERVISIONADO OBRIGAT\u00d3RIO _Empresa_\u00d3rg\u00e3o Concedente_2022<\/a><\/li>\n<li><a href=\"http:\/\/www2.unifap.br\/administracao\/files\/2022\/04\/RELATORIO-FINAL-DE-ESTAGIO-SUPERVISIONADO-OBRIGATORIO-I_e_II-2022_MODELO.doc\">RELAT\u00d3RIO FINAL DE EST\u00c1GIO SUPERVISIONADO OBRIGAT\u00d3RIO &#8211; I_e_II &#8211; 2022_MODELO<\/a><\/li>\n<\/ul>\n<p>&nbsp;<\/p>\n<p><span style=\"color: #000000\"><strong>EST\u00c1GIO N\u00c3O OBRIGAT\u00d3RIO<\/strong><\/span><\/p>\n<p>Conforme publica\u00e7\u00e3o atualizada no s\u00edtio eletr\u00f4nico do DFCH ( https:\/\/www2.unifap.br\/dfch\/2022\/03\/07\/informacao-sobre-estagio-nao-obrigatorio\/), foram realizadas altera\u00e7\u00f5es nos procedimentos para assinatura da documenta\u00e7\u00e3o de est\u00e1gio n\u00e3o obrigat\u00f3rio dos cursos vinculados ao departamento.<\/p>\n<p>O atendimento presencial para a assinatura dos termos de est\u00e1gio ser\u00e1 realizado na sala da PROGRAD, por meio da Divis\u00e3o de Recursos e Apoio ao Estudante (DCRAE), no hor\u00e1rio de 8:30 at\u00e9 as 16h, sob responsabilidade de Christiano Ricardo dos Santos (contato: dcrae@unifap.br).<\/p>\n<p>Todos os pr\u00e9 requisitos continuam v\u00e1lidos, como as assinaturas que o termo de compromisso requer (do estagi\u00e1rio e concedente) , atestado de matr\u00edcula, e ainda, plano de est\u00e1gio devidamente assinado (no caso de termo inicial) e relat\u00f3rio de est\u00e1gio do per\u00edodo devidamente assinado no qual se desenvolveu o est\u00e1gio (no caso de termo aditivo).<\/p>\n<p><strong>Mais informa\u00e7\u00f5es<\/strong>&nbsp; <img decoding=\"async\" src=\"http:\/\/www.gifs-animados.net\/seta\/set07.gif\" alt=\"m\u00c3\u00a3o ir\">&nbsp;<a title=\"http:\/\/www2.unifap.br\/executivo\/estagio\/\" href=\"http:\/\/www2.unifap.br\/dfch\/estagio\/\">http:\/\/www2.unifap.br\/dfch\/estagio\/<\/a><\/p>\n<p>&nbsp;<\/p>\n","protected":false},"excerpt":{"rendered":"<p>EST\u00c1GIO OBRIGAT\u00d3RIO REGULAMENTO DE EST\u00c1GIO SUPERVISIONADO TERMO DE COMPROMISSO DE EST\u00c1GIO SUPERVISIONADO OBRIGAT\u00d3RIO_2022_MODELO PLANO DE EST\u00c1GIO_2022_MODELO FREQU\u00caNCIA DE EST\u00c1GIO SUPERVISIONADO&#8230;<\/p>\n","protected":false},"author":366,"featured_media":0,"parent":291,"menu_order":6,"comment_status":"open","ping_status":"open","template":"","meta":{"inline_featured_image":false,"site-sidebar-layout":"default","site-content-layout":"","ast-site-content-layout":"default","site-content-style":"default","site-sidebar-style":"default","ast-global-header-display":"","ast-banner-title-visibility":"","ast-main-header-display":"","ast-hfb-above-header-display":"","ast-hfb-below-header-display":"","ast-hfb-mobile-header-display":"","site-post-title":"","ast-breadcrumbs-content":"","ast-featured-img":"","footer-sml-layout":"","theme-transparent-header-meta":"","adv-header-id-meta":"","stick-header-meta":"","header-above-stick-meta":"","header-main-stick-meta":"","header-below-stick-meta":"","astra-migrate-meta-layouts":"default","ast-page-background-enabled":"default","ast-page-background-meta":{"desktop":{"background-color":"var(--ast-global-color-4)","background-image":"","background-repeat":"repeat","background-position":"center center","background-size":"auto","background-attachment":"scroll","background-type":"","background-media":"","overlay-type":"","overlay-color":"","overlay-opacity":"","overlay-gradient":""},"tablet":{"background-color":"","background-image":"","background-repeat":"repeat","background-position":"center center","background-size":"auto","background-attachment":"scroll","background-type":"","background-media":"","overlay-type":"","overlay-color":"","overlay-opacity":"","overlay-gradient":""},"mobile":{"background-color":"","background-image":"","background-repeat":"repeat","background-position":"center center","background-size":"auto","background-attachment":"scroll","background-type":"","background-media":"","overlay-type":"","overlay-color":"","overlay-opacity":"","overlay-gradient":""}},"ast-content-background-meta":{"desktop":{"background-color":"var(--ast-global-color-5)","background-image":"","background-repeat":"repeat","background-position":"center center","background-size":"auto","background-attachment":"scroll","background-type":"","background-media":"","overlay-type":"","overlay-color":"","overlay-opacity":"","overlay-gradient":""},"tablet":{"background-color":"var(--ast-global-color-5)","background-image":"","background-repeat":"repeat","background-position":"center center","background-size":"auto","background-attachment":"scroll","background-type":"","background-media":"","overlay-type":"","overlay-color":"","overlay-opacity":"","overlay-gradient":""},"mobile":{"background-color":"var(--ast-global-color-5)","background-image":"","background-repeat":"repeat","background-position":"center center","background-size":"auto","background-attachment":"scroll","background-type":"","background-media":"","overlay-type":"","overlay-color":"","overlay-opacity":"","overlay-gradient":""}},"ngg_post_thumbnail":0,"footnotes":""},"class_list":["post-304","page","type-page","status-publish","hentry"],"_links":{"self":[{"href":"https:\/\/www2.unifap.br\/administracao\/wp-json\/wp\/v2\/pages\/304","targetHints":{"allow":["GET"]}}],"collection":[{"href":"https:\/\/www2.unifap.br\/administracao\/wp-json\/wp\/v2\/pages"}],"about":[{"href":"https:\/\/www2.unifap.br\/administracao\/wp-json\/wp\/v2\/types\/page"}],"author":[{"embeddable":true,"href":"https:\/\/www2.unifap.br\/administracao\/wp-json\/wp\/v2\/users\/366"}],"replies":[{"embeddable":true,"href":"https:\/\/www2.unifap.br\/administracao\/wp-json\/wp\/v2\/comments?post=304"}],"version-history":[{"count":25,"href":"https:\/\/www2.unifap.br\/administracao\/wp-json\/wp\/v2\/pages\/304\/revisions"}],"predecessor-version":[{"id":5529,"href":"https:\/\/www2.unifap.br\/administracao\/wp-json\/wp\/v2\/pages\/304\/revisions\/5529"}],"up":[{"embeddable":true,"href":"https:\/\/www2.unifap.br\/administracao\/wp-json\/wp\/v2\/pages\/291"}],"wp:attachment":[{"href":"https:\/\/www2.unifap.br\/administracao\/wp-json\/wp\/v2\/media?parent=304"}],"curies":[{"name":"wp","href":"https:\/\/api.w.org\/{rel}","templated":true}]}}