{"id":313,"date":"2015-08-24T16:04:47","date_gmt":"2015-08-24T16:04:47","guid":{"rendered":"http:\/\/www2.unifap.br\/administracao\/?page_id=313"},"modified":"2024-02-29T02:20:15","modified_gmt":"2024-02-29T02:20:15","slug":"acervo","status":"publish","type":"page","link":"https:\/\/www2.unifap.br\/administracao\/ensino\/acervo\/","title":{"rendered":"Acervo Bibliogr\u00e1fico: Livros, Peri\u00f3dicos e Ebooks"},"content":{"rendered":"<p><span style=\"color: #000000\">Nesta p\u00e1gina, o&nbsp;<\/span><span style=\"color: #000000\">curso de Gradua\u00e7\u00e3o em Administra\u00e7\u00e3o apresenta a rela\u00e7\u00e3o dos livros disponibilizados para o Curso de Administra\u00e7\u00e3o da UNIFAP, os Peri\u00f3dicos da \u00e1rea de administra\u00e7\u00e3o, que podem ser acessados via Portal de Peri\u00f3dicos da CAPES, al\u00e9m de acesso a Ebooks e Normas T\u00e9cnicas.<\/span><b><\/b><b><\/b><\/p>\n<p><b>BIBLIOGRAFIA B\u00c1SICA E COMPLEMENTAR DISPON\u00cdVEL<\/b><\/p>\n<p>&#8212; Link para Documento &#8211;&gt;&nbsp;<a href=\"http:\/\/www2.unifap.br\/administracao\/files\/2015\/08\/Bibliografia-B\u00e1sica-e-Complementar-do-Curso-de-Administra\u00e7\u00e3o-da-UNIFAP1.pdf\">Bibliografia B\u00e1sica e Complementar do Curso de Administra\u00e7\u00e3o da UNIFAP<\/a><\/p>\n<p><strong>PERI\u00d3DICOS NACIONAIS<\/strong><\/p>\n<p style=\"text-align: left\" align=\"center\"><b>Obs: Por ser uma ASSINATURA DE PERI\u00d3DICOS ESPECIALIZADA via plataforma de peri\u00f3dicos da Capes. Os discentes e docentes dever\u00e3o acessar pelo site da Universidade Federal do Amap\u00e1.<\/b><\/p>\n<p style=\"text-align: left\" align=\"center\"><b>PERI\u00d3DICOS NACIONAIS&nbsp;<\/b><b><\/b><b>EM ADMINISTRA\u00c7\u00c3O<\/b><\/p>\n<p style=\"text-align: left\" align=\"center\">&#8212; Link para Documento &#8211;&gt;&nbsp;<a href=\"http:\/\/www2.unifap.br\/administracao\/files\/2015\/08\/PERIODICOS-NACIONAIS-DE-ADMINISTRA\u00c7\u00c3O.pdf\">PERIODICOS NACIONAIS DE ADMINISTRA\u00c7\u00c3O<\/a><\/p>\n<p style=\"text-align: left\" align=\"center\"><b>PERI\u00d3DICOS INTERNACIONAIS&nbsp;<\/b><b><\/b><b>EM ADMINISTRA\u00c7\u00c3O<\/b><\/p>\n<p style=\"text-align: left\" align=\"center\"><b><\/b>&#8212; Link para Documento &#8211;&gt; <a href=\"http:\/\/www2.unifap.br\/administracao\/files\/2015\/08\/PERIODICOS-INTERNACIONAIS-DE-ADMINISTRA\u00c7\u00c3O.pdf\">PERIODICOS INTERNACIONAIS DE ADMINISTRA\u00c7\u00c3O<\/a><\/p>\n<p><b>EBOOKS &#8211; Biblioteca Virtual Universit\u00e1ria e dot.lib (multidisciplinar)<\/b><\/p>\n<p>&#8212; Link para Documento &#8211;&gt;<b>&nbsp;<\/b><a href=\"http:\/\/www2.unifap.br\/biblioteca\/acervo-digital\/ebooks-2\/\">http:\/\/www2.unifap.br\/biblioteca\/acervo-digital\/ebooks-2\/<\/a><\/p>\n<p><b>EBOOKS DA EDITORA DA UNIFAP<\/b><\/p>\n<p>&#8212; Link para Documento &#8211;&gt;<b>&nbsp;<a href=\"http:\/\/www2.unifap.br\/editora\/catalogo\/e-books\/\" target=\"_blank\" rel=\"noopener\">http:\/\/www2.unifap.br\/editora\/catalogo\/e-books\/<\/a><\/b><\/p>\n<p style=\"text-align: left\" align=\"center\">&nbsp;<\/p>\n","protected":false},"excerpt":{"rendered":"<p>Nesta p\u00e1gina, o&nbsp;curso de Gradua\u00e7\u00e3o em Administra\u00e7\u00e3o apresenta a rela\u00e7\u00e3o dos livros disponibilizados para o Curso de Administra\u00e7\u00e3o da UNIFAP,&#8230;<\/p>\n","protected":false},"author":366,"featured_media":0,"parent":291,"menu_order":1,"comment_status":"open","ping_status":"closed","template":"","meta":{"inline_featured_image":false,"site-sidebar-layout":"default","site-content-layout":"","ast-site-content-layout":"default","site-content-style":"default","site-sidebar-style":"default","ast-global-header-display":"","ast-banner-title-visibility":"","ast-main-header-display":"","ast-hfb-above-header-display":"","ast-hfb-below-header-display":"","ast-hfb-mobile-header-display":"","site-post-title":"","ast-breadcrumbs-content":"","ast-featured-img":"","footer-sml-layout":"","theme-transparent-header-meta":"","adv-header-id-meta":"","stick-header-meta":"","header-above-stick-meta":"","header-main-stick-meta":"","header-below-stick-meta":"","astra-migrate-meta-layouts":"default","ast-page-background-enabled":"default","ast-page-background-meta":{"desktop":{"background-color":"var(--ast-global-color-4)","background-image":"","background-repeat":"repeat","background-position":"center center","background-size":"auto","background-attachment":"scroll","background-type":"","background-media":"","overlay-type":"","overlay-color":"","overlay-opacity":"","overlay-gradient":""},"tablet":{"background-color":"","background-image":"","background-repeat":"repeat","background-position":"center center","background-size":"auto","background-attachment":"scroll","background-type":"","background-media":"","overlay-type":"","overlay-color":"","overlay-opacity":"","overlay-gradient":""},"mobile":{"background-color":"","background-image":"","background-repeat":"repeat","background-position":"center center","background-size":"auto","background-attachment":"scroll","background-type":"","background-media":"","overlay-type":"","overlay-color":"","overlay-opacity":"","overlay-gradient":""}},"ast-content-background-meta":{"desktop":{"background-color":"var(--ast-global-color-5)","background-image":"","background-repeat":"repeat","background-position":"center center","background-size":"auto","background-attachment":"scroll","background-type":"","background-media":"","overlay-type":"","overlay-color":"","overlay-opacity":"","overlay-gradient":""},"tablet":{"background-color":"var(--ast-global-color-5)","background-image":"","background-repeat":"repeat","background-position":"center center","background-size":"auto","background-attachment":"scroll","background-type":"","background-media":"","overlay-type":"","overlay-color":"","overlay-opacity":"","overlay-gradient":""},"mobile":{"background-color":"var(--ast-global-color-5)","background-image":"","background-repeat":"repeat","background-position":"center center","background-size":"auto","background-attachment":"scroll","background-type":"","background-media":"","overlay-type":"","overlay-color":"","overlay-opacity":"","overlay-gradient":""}},"ngg_post_thumbnail":0,"footnotes":""},"class_list":["post-313","page","type-page","status-publish","hentry"],"_links":{"self":[{"href":"https:\/\/www2.unifap.br\/administracao\/wp-json\/wp\/v2\/pages\/313","targetHints":{"allow":["GET"]}}],"collection":[{"href":"https:\/\/www2.unifap.br\/administracao\/wp-json\/wp\/v2\/pages"}],"about":[{"href":"https:\/\/www2.unifap.br\/administracao\/wp-json\/wp\/v2\/types\/page"}],"author":[{"embeddable":true,"href":"https:\/\/www2.unifap.br\/administracao\/wp-json\/wp\/v2\/users\/366"}],"replies":[{"embeddable":true,"href":"https:\/\/www2.unifap.br\/administracao\/wp-json\/wp\/v2\/comments?post=313"}],"version-history":[{"count":25,"href":"https:\/\/www2.unifap.br\/administracao\/wp-json\/wp\/v2\/pages\/313\/revisions"}],"predecessor-version":[{"id":5891,"href":"https:\/\/www2.unifap.br\/administracao\/wp-json\/wp\/v2\/pages\/313\/revisions\/5891"}],"up":[{"embeddable":true,"href":"https:\/\/www2.unifap.br\/administracao\/wp-json\/wp\/v2\/pages\/291"}],"wp:attachment":[{"href":"https:\/\/www2.unifap.br\/administracao\/wp-json\/wp\/v2\/media?parent=313"}],"curies":[{"name":"wp","href":"https:\/\/api.w.org\/{rel}","templated":true}]}}