{"id":337,"date":"2015-08-24T22:13:44","date_gmt":"2015-08-24T22:13:44","guid":{"rendered":"http:\/\/www2.unifap.br\/administracao\/?page_id=337"},"modified":"2018-04-04T12:12:18","modified_gmt":"2018-04-04T12:12:18","slug":"projetos-de-pesquisas-cadastrados-na-unifap-propespg","status":"publish","type":"page","link":"https:\/\/www2.unifap.br\/administracao\/projetos\/pesquisa\/projetos-de-pesquisas-cadastrados-na-unifap-propespg\/","title":{"rendered":"Projetos de Pesquisas Cadastradas"},"content":{"rendered":"<p>Abaixo rela\u00e7\u00e3o dos Projetos de Pesquisa conclu\u00eddas ou em andamento dos Docentes do Curso de Administra\u00e7\u00e3o da UNIFAP.<\/p>\n<table width=\"1244\" border=\"0\" cellspacing=\"0\" cellpadding=\"0\">\n<col width=\"237\" \/>\n<col span=\"3\" width=\"87\" \/>\n<col width=\"311\" \/>\n<col width=\"435\" \/>\n<tbody>\n<tr>\n<td width=\"237\" height=\"21\">Docente<\/td>\n<td width=\"87\">Situa\u00e7\u00e3o<\/td>\n<td width=\"87\">Ano Inicio<\/td>\n<td width=\"87\">Ano Final<\/td>\n<td width=\"311\">T\u00edtulo<\/td>\n<td width=\"435\">Descri\u00e7\u00e3o da pesquisa<\/td>\n<\/tr>\n<tr>\n<td width=\"237\" height=\"180\">Glauber Ruan Barbosa Pereira<\/td>\n<td width=\"87\">Conclu\u00edda<\/td>\n<td align=\"right\" width=\"87\">2013<\/td>\n<td align=\"right\" width=\"87\">2016<\/td>\n<td width=\"311\">Inova\u00e7\u00f5es Tecnol\u00f3gicas para uma Log\u00edstica Sustent\u00e1vel<\/td>\n<td width=\"435\">O trabalho desenvolvido considerou a abordagem da log\u00edstica reversa associada as quest\u00f5es do meio-ambiente, em destaque a sustentabilidade. O objetivo do estudo foi de entender o efeito que as inova\u00e7\u00f5es tecnol\u00f3gicas apresentam para o desenvolvimento das pr\u00e1ticas da log\u00edstica reversa. Este estudo baseou-se, inicialmente, em uma pesquisa de cunho bibliogr\u00e1fica, investigando os principais efeitos das novas tecnologias para a desenvolvimento das pr\u00e1ticas da log\u00edstica reversa.<br \/>\nSitua\u00e7\u00e3o: Interrompida em fun\u00e7\u00e3o de afastamento do docente para qualifica\u00e7\u00e3o. Natureza: Projetos de pesquisa.<\/td>\n<\/tr>\n<tr>\n<td rowspan=\"2\" width=\"237\" height=\"558\">Sheila Tr\u00edcia Guedes Pastana<\/td>\n<td width=\"87\">Conclu\u00edda<\/td>\n<td align=\"right\" width=\"87\">2013<\/td>\n<td align=\"right\" width=\"87\">2016<\/td>\n<td width=\"311\">GEST\u00c3O SUSTENT\u00c1VEL NO COM\u00c9RCIO VAREJISTA DE MACAP\u00c1<\/td>\n<td width=\"435\">Com o objetivo de analisar a gest\u00e3o das grandes empresas do varejo de Macap\u00e1 \u00e0 luz do trip\u00e9 da sustentabilidade, a presente pesquisa desdobrou-se com seguintes objetivos espec\u00edficos:<br \/>\nAnalisar as empresas e a\u00e7\u00f5es de sustentabilidade incorporadas na gest\u00e3o dos empreendimentos varejistas de Macap\u00e1;<br \/>\nInvestigar as evid\u00eancias e relev\u00e2ncia das a\u00e7\u00f5es de gest\u00e3o sustent\u00e1vel, no que se refere \u00e0 sustentabilidade na percep\u00e7\u00e3o dos gestores, funcion\u00e1rios e clientes;<br \/>\nCompreender de que maneira essas empresas percebem e lidam com a sustentabilidade.<br \/>\nQuanto aos procedimentos metodol\u00f3gicos, a tipologia adotada foi de pesquisa explorat\u00f3ria, de natureza aplicada, onde o m\u00e9todo de abordagem do problema foi o qualitativo e quantitativo. A estrat\u00e9gia de pesquisa utilizada para o atendimento dos objetivos do trabalho foi a abordagem de estudo de caso, com an\u00e1lise de casos m\u00faltiplos.<\/td>\n<\/tr>\n<tr>\n<td width=\"87\" height=\"293\">Conclu\u00edda<\/td>\n<td align=\"right\" width=\"87\">2013<\/td>\n<td align=\"right\" width=\"87\">2016<\/td>\n<td width=\"311\">GEST\u00c3O SUSTENT\u00c1VEL NO COM\u00c9RCIO VAREJISTA DE MACAP\u00c1<\/td>\n<td width=\"435\">Com o objetivo de analisar a gest\u00e3o das grandes empresas do varejo de Macap\u00e1 \u00e0 luz do trip\u00e9 da sustentabilidade, a presente pesquisa desdobrou-se com seguintes objetivos espec\u00edficos:<br \/>\nAnalisar as empresas e a\u00e7\u00f5es de sustentabilidade incorporadas na gest\u00e3o dos empreendimentos varejistas de Macap\u00e1;<br \/>\nInvestigar as evid\u00eancias e relev\u00e2ncia das a\u00e7\u00f5es de gest\u00e3o sustent\u00e1vel, no que se refere \u00e0 sustentabilidade na percep\u00e7\u00e3o dos gestores, funcion\u00e1rios e clientes;<br \/>\nCompreender de que maneira essas empresas percebem e lidam com a sustentabilidade.<br \/>\nQuanto aos procedimentos metodol\u00f3gicos, a tipologia adotada foi de pesquisa explorat\u00f3ria, de natureza aplicada, onde o m\u00e9todo de abordagem do problema foi o qualitativo e quantitativo. A estrat\u00e9gia de pesquisa utilizada para o atendimento dos objetivos do trabalho foi a abordagem de estudo de caso, com an\u00e1lise de casos m\u00faltiplos.<\/td>\n<\/tr>\n<tr>\n<td width=\"237\" height=\"35\">Robson Antonio Tavares Costa<\/td>\n<td width=\"87\">Em andamento<\/td>\n<td align=\"right\" width=\"87\">2013<\/td>\n<td width=\"87\"><\/td>\n<td width=\"311\">Forma\u00e7\u00e3o de Empreendedores por meio de Treinamento Empresarial<\/td>\n<td width=\"435\">Estudo sobre as habilidades e compet\u00eancias empreendedoras<\/td>\n<\/tr>\n<tr>\n<td rowspan=\"5\" width=\"237\" height=\"243\">Cl\u00e1udio M\u00e1rcio Campos de Mendon\u00e7a<\/td>\n<td width=\"87\">Em andamento<\/td>\n<td align=\"right\" width=\"87\">2018<\/td>\n<td width=\"87\"><\/td>\n<td width=\"311\">Rela\u00e7\u00f5es entre Elementos da Transforma\u00e7\u00e3o Digital e Capacidade Din\u00e2mica<\/td>\n<td width=\"435\">A presente pesquisa tem como objetivo identificar as rela\u00e7\u00f5es entre os elementos da transforma\u00e7\u00e3o digital, Big Data, IoT e Intelig\u00eancia Artificial, com as Capacidades Din\u00e2micas.<\/td>\n<\/tr>\n<tr>\n<td width=\"87\" height=\"52\">Conclu\u00edda<\/td>\n<td align=\"right\" width=\"87\">2016<\/td>\n<td align=\"right\" width=\"87\">2017<\/td>\n<td width=\"311\">Mapeamento de Processos em uma IFES da Amaz\u00f4nia<\/td>\n<td width=\"435\">A presente pesquisa teve como objetivo descrever o processo de mapeamento de processos de uma IFES da regi\u00e3o amaz\u00f4nica do Brasil \u00e0 Luz dos Componentes de Governan\u00e7a do TCU<\/td>\n<\/tr>\n<tr>\n<td width=\"87\" height=\"52\">Conclu\u00edda<\/td>\n<td align=\"right\" width=\"87\">2014<\/td>\n<td align=\"right\" width=\"87\">2017<\/td>\n<td width=\"311\">Estudo Comparativo do Modelo de Gest\u00e3o Escolar e o IDEB em Escolas de Macap\u00e1<\/td>\n<td width=\"435\">O presente trabalho tem como objetivo principal fazer um estudo comparativo da gest\u00e3o de escolas p\u00fablicas da cidade de Macap\u00e1 e sua rela\u00e7\u00e3o com a nota obtida no IDEB.<\/td>\n<\/tr>\n<tr>\n<td width=\"87\" height=\"52\">Conclu\u00edda<\/td>\n<td align=\"right\" width=\"87\">2014<\/td>\n<td align=\"right\" width=\"87\">2017<\/td>\n<td width=\"311\">Governan\u00e7a de TI: Alinhamento Estrat\u00e9gico entre Neg\u00f3cio e TI em organiza\u00e7\u00f5es brasileiras<\/td>\n<td width=\"435\">O presente projeto de pesquisa tem como objetivo avaliar a maturidade do alinhamento estrat\u00e9gico entre neg\u00f3cio e TI de acordo com o modelo de Luftman (2000)<\/td>\n<\/tr>\n<tr>\n<td width=\"87\" height=\"35\">Em andamento<\/td>\n<td align=\"right\" width=\"87\">2016<\/td>\n<td width=\"87\"><\/td>\n<td width=\"311\">Planejamento Estrat\u00e9gico com BSC em uma IFES da Amaz\u00f4nia<\/td>\n<td width=\"435\">Descrever o processo de Planejamento Estrat\u00e9gico integrado ao PDI de uma Universidade da Amaz\u00f4nia<\/td>\n<\/tr>\n<tr>\n<td width=\"237\" height=\"427\">Mariana Morais Miccione<\/td>\n<td width=\"87\">Em andamento<\/td>\n<td align=\"right\" width=\"87\">2017<\/td>\n<td width=\"87\"><\/td>\n<td width=\"311\">ESTUDOS AVAN\u00c7ADOS SOBRE EMPREENDEDORISMO E GEST\u00c3O DE MICRO E PEQUENAS EMPRESAS.<\/td>\n<td width=\"435\">Este estudo tem como objetivo identificar e analisar o valor do empreendedorismo como ferramenta de desenvolvimento economico, gera\u00e7\u00e3o de emprego e renda, evidenciando a import\u00e2ncia destes como instrumento de desenvolvimento de econ\u00f4mico e alunos universit\u00e1rios, para atividades empresariais. Foram abordados temas como, empreendedorismo, comportamento humano e mercado, onde atrav\u00e9s deste buscou-se verificar se os treinamentos, com objetivo de forma\u00e7\u00e3o de empreendedores, s\u00e3o uma ferramenta importante na constru\u00e7\u00e3o de caracter\u00edsticas empreendedoras relevantes para empres\u00e1rios e jovens universit\u00e1rios e por conseguinte para abertura de novos neg\u00f3cios. Antes desta tese, esfor\u00e7os foram feitos para abordar os treinamentos enquanto instrumento de ensino e aprendizagem, mas n\u00e3o houve acompanhamento, no mercado, das atividades dos participantes. Ao inv\u00e9s, no \u00e2mbito emp\u00edrico, o que se procurou foi compilar e avaliar as impress\u00f5es dos participantes acerca do treinamento em si. Novos dados dispon\u00edveis em &#8220;Impacto do Treinamento EMPRETEC nos participantes Macapaenses\u201d, sistematizados nesta tese, permitiram comparar o desempenho de participantes do treinamento espec\u00edfico, o EMPRETEC, antes e depois da participa\u00e7\u00e3o no mesmo. Conclu\u00edmos que h\u00e1 fortes raz\u00f5es para acreditar em que o treinamento em quest\u00e3o efetivamente promoveu atividades empresariais e que estas tendem a ser robustas.<\/td>\n<\/tr>\n<tr>\n<td rowspan=\"2\" width=\"237\" height=\"121\">Kamila Pereira Tavares<\/td>\n<td width=\"87\">Conclu\u00edda<\/td>\n<td align=\"right\" width=\"87\">2016<\/td>\n<td align=\"right\" width=\"87\">2016<\/td>\n<td width=\"311\">A Atividade Moveleira na Espacialidade da Cidade de Macap\u00e1: An\u00e1lise Sobre o<br \/>\nOrdenamento do Plano Diretor.<\/td>\n<td width=\"435\">Uma an\u00e1lise sobre o setor moveleiro e o desenvolvimento regional.<\/td>\n<\/tr>\n<tr>\n<td width=\"87\" height=\"69\">Conclu\u00edda<\/td>\n<td align=\"right\" width=\"87\">2015<\/td>\n<td align=\"right\" width=\"87\">2017<\/td>\n<td width=\"311\">O Desenvolvimento do aglomerado madeira e m\u00f3veis no munic\u00edpio de Macap\u00e1<\/td>\n<td width=\"435\">An\u00e1lise sobre o aglomerado madeira e m\u00f3veis no munic\u00edpio de Macap\u00e1, os reflexos deste para com o desenvolvimento local e a exist\u00eancia de um poss\u00edvel Arranjo Produtivo Local. Abordagem da inova\u00e7\u00e3o e gest\u00e3o no aglomerado moveleiro.<\/td>\n<\/tr>\n<tr>\n<td width=\"237\" height=\"120\">Erick Franck Nogueira da Paix\u00e3o<\/td>\n<td width=\"87\">Em andamento<\/td>\n<td align=\"right\" width=\"87\">2018<\/td>\n<td width=\"87\"><\/td>\n<td width=\"311\">A din\u00e2mica de oportunidade do projeto de extens\u00e3o Unimulher no empoderamento feminino.<\/td>\n<td width=\"435\">O projeto de pesquisa tem a finalidade de avaliar o papel das a\u00e7\u00f5es de extens\u00e3o da UNIFAP no fortalecimento do empoderamento feminino, e a contribui\u00e7\u00e3o da institui\u00e7\u00e3o para o desenvolvimento de pol\u00edticas p\u00fablicas que visa oportunidades de conhecimento as mulheres.<\/td>\n<\/tr>\n<tr>\n<td rowspan=\"6\" width=\"237\" height=\"1379\">Alexandre Gomes Galindo<\/td>\n<td rowspan=\"2\" width=\"87\">FASE DE CADASTRO DE ENCERRAMENTO<\/td>\n<td rowspan=\"2\" align=\"right\" width=\"87\">2013<\/td>\n<td rowspan=\"2\" align=\"right\" width=\"87\">2018<\/td>\n<td width=\"311\">PROJETO DOUTORADO-Estado, Sociedade Civil e Democracia: um olhar sobre a perspectiva dos processos de participa\u00e7\u00e3o social na condu\u00e7\u00e3o pol\u00edtica em Macap\u00e1-AP<\/td>\n<td rowspan=\"2\" width=\"435\">No intuito de abordar os processos de participa\u00e7\u00e3o pol\u00edtica em Macap\u00e1, a presente pesquisa se prop\u00f5e destacar como categorias de an\u00e1lise o Estado, sociedade civil, democracia e participa\u00e7\u00e3o social durante o transcorrer das atividades de produ\u00e7\u00e3o do conhecimento. Neste caminho, nosso olhar estar\u00e1 focado no estudo das configura\u00e7\u00f5es destes espa\u00e7os, atrav\u00e9s da leitura dada pelos atores sociais que est\u00e3o vinculados com os diversos canais e f\u00f3runs de comunica\u00e7\u00e3o entre Estado e sociedade macapaense, como a C\u00e2mara Municipal, Conselhos Municipais, Associa\u00e7\u00f5es comunit\u00e1rias, ONGs, Conferencias, Audi\u00eancias P\u00fablicas, dentre outros.<\/td>\n<\/tr>\n<tr>\n<td width=\"311\" height=\"100\">(T\u00edtulo Projeto de Tese-Participa\u00e7\u00e3o social no desenvolvimento de pol\u00edticas p\u00fablicas no estado do Amap\u00e1: um olhar sobre a elabora\u00e7\u00e3o e execu\u00e7\u00e3o do Plano Plurianual de Macap\u00e1-AP no per\u00edodo de 2013 a 2016)<\/td>\n<\/tr>\n<tr>\n<td width=\"87\" height=\"380\">CONCLUIDO<\/td>\n<td align=\"right\" width=\"87\">2012<\/td>\n<td align=\"right\" width=\"87\">2014<\/td>\n<td width=\"311\">O uso da pesquisa e da tecnologia da informa\u00e7\u00e3o no ensino m\u00e9dio: um estudo explorat\u00f3rio no Estado do Amap\u00e1<\/td>\n<td width=\"435\">O presente projeto de pesquisa intitulado ?O uso da pesquisa e da Tecnologia da Informa\u00e7\u00e3o no ensino m\u00e9dio: um estudo explorat\u00f3rio no Estado do Amap\u00e1?, tem o prop\u00f3sito de realizar uma analise do uso da abordagem cient\u00edfica e da tecnologia da informa\u00e7\u00e3o no ensino m\u00e9dio, utilizando alunos deste n\u00edvel de ensino como integrantes da equipe de pesquisadores. Os objetivos da pesquisa s\u00e3o: 1) analisar a maneira com que a abordagem cient\u00edfica \u00e9 utilizada nos trabalhos de pesquisa dos alunos do ensino m\u00e9dio em escolas estaduais do Amap\u00e1 e 2) analisar a maneira com que a tecnologia da informa\u00e7\u00e3o \u00e9 utilizada nas atividades de pesquisa acad\u00eamica dos alunos nas escolas estaduais de ensino m\u00e9dio do Amap\u00e1. O estudo se caracteriza como sendo de car\u00e1ter explorat\u00f3rio-descritivo, com previs\u00e3o de fazer uso de m\u00e9todos quantitativos e qualitativos de tratamento e analise de dados e evid\u00eancias, obtidas em trabalho de campo, atrav\u00e9s de pesquisas bibliogr\u00e1ficas; realiza\u00e7\u00e3o de entrevistas e survey (com aplica\u00e7\u00e3o de question\u00e1rios). Ser\u00e3o considerados como elementos que compor\u00e3o o objeto de estudo: 1) as Escolas Estaduais de Ensino M\u00e9dio do Estado do Amap\u00e1 e 2) Corpo Administrativo, T\u00e9cnico e Estudantes das Escolas Estaduais de Ensino M\u00e9dio do Estado do Amap\u00e1.<\/td>\n<\/tr>\n<tr>\n<td width=\"87\" height=\"120\">CONCLUIDO<\/td>\n<td align=\"right\" width=\"87\">2012<\/td>\n<td align=\"right\" width=\"87\">2013<\/td>\n<td width=\"311\">Caracteriza\u00e7\u00e3o do arranjo Produtivo Local de Fitoter\u00e1picos no Estado do Amap\u00e1: um estudo explorat\u00f3rio<\/td>\n<td width=\"435\">O projeto visa apresentar um quadro compreensivo da fitoterapia no estado do Amap\u00e1, sob a \u00f3tica dos arranjos produtivos e inovativos locais e inclus\u00e3o social desenvolvida pela RedeSist, tendo como ponto de partida as a\u00e7\u00f5es desenvolvidas pelo Instituto de Pesquisa Cientifica e Tecnol\u00f3gica do Amap\u00e1 (IEPA) de incentivo a esta atividade como uma alternativa de sa\u00fade p\u00fablica.<\/td>\n<\/tr>\n<tr>\n<td width=\"87\" height=\"300\">CONCLUIDO<\/td>\n<td align=\"right\" width=\"87\">2011<\/td>\n<td align=\"right\" width=\"87\">2015<\/td>\n<td width=\"311\">An\u00e1lise dos elementos envolvidos na forma\u00e7\u00e3o e atua\u00e7\u00e3o do profissional de secretariado executivo: da perspectiva nacional \u00e0 realidade local<\/td>\n<td width=\"435\">O presente projeto de pesquisa intitulado ?An\u00e1lise dos elementos envolvidos na forma\u00e7\u00e3o e atua\u00e7\u00e3o do profissional de Secretariado Executivo (SE): da perspectiva nacional \u00e0 realidade local?, tem o prop\u00f3sito de realizar a analise do panorama da profiss\u00e3o de Secretariado Executivo nas dimens\u00f5es de forma\u00e7\u00e3o e atua\u00e7\u00e3o profissional, tanto no contexto da realidade nacional, quanto local. Os objetivos da pesquisa s\u00e3o: 1) descrever as principais caracter\u00edsticas e tend\u00eancias do processo de forma\u00e7\u00e3o do profissional de Secretariado Executivo no Brasil; 2) identificar as caracter\u00edsticas relacionadas com a atua\u00e7\u00e3o deste profissional no mercado de trabalho brasileiro; 3) analisar os aspectos estruturais e pedag\u00f3gicos relacionados com o processo de forma\u00e7\u00e3o do profissional de Secretariado Executivo no estado do Amap\u00e1 e 4) identificar as principais caracter\u00edsticas relacionadas com o contexto de atua\u00e7\u00e3o deste profissional no Estado do Amap\u00e1.<\/td>\n<\/tr>\n<tr>\n<td width=\"87\" height=\"380\">CONCLUIDO<\/td>\n<td align=\"right\" width=\"87\">2011<\/td>\n<td align=\"right\" width=\"87\">2012<\/td>\n<td width=\"311\">An\u00e1lise do sistema de comunica\u00e7\u00e3o interna de shoping center: estudo explorat\u00f3rio no Macap\u00e1 Shoping Center.<\/td>\n<td width=\"435\">O presente projeto de pesquisa intitulado tem o prop\u00f3sito de descrever o Sistema de Comunica\u00e7\u00e3o Interna do Macap\u00e1 Shopping Center (MSC), identificar as suas ferramentas de Comunica\u00e7\u00e3o Interna, bem como analisar os principais canais de comunica\u00e7\u00e3o interna utilizados neste sistema, descrevendo suas vantagens e principais defici\u00eancias. Este estudo, de car\u00e1ter explorat\u00f3rio-descritivo, se caracteriza como sendo de campo, utilizando estrat\u00e9gias de pesquisas bibliogr\u00e1ficas, documental, survey (com aplica\u00e7\u00e3o de question\u00e1rios) e observa\u00e7\u00f5es diretas vinculadas \u00e0s din\u00e2micas de comunica\u00e7\u00e3o organizacional da empresa. Ser\u00e3o considerados como elementos que compor\u00e3o o objeto de estudo os funcion\u00e1rios que atuam nas unidades administrativas do Macap\u00e1 Shopping Center respons\u00e1veis pela gest\u00e3o integrada dos empreendimentos que est\u00e3o atualmente em funcionamento. Ao final da pesquisa, ser\u00e3o apresentadas as estruturas sist\u00eamicas do processo de comunica\u00e7\u00e3o interna do Shoping, apontando as principais rela\u00e7\u00f5es existentes entre os canais de comunica\u00e7\u00e3o utilizados nos diversos n\u00edveis organizacionais com o prop\u00f3sito de sinalizar alternativas voltadas para a melhoria do desempenho organizacional.<\/td>\n<\/tr>\n<\/tbody>\n<\/table>\n","protected":false},"excerpt":{"rendered":"<p>Abaixo rela\u00e7\u00e3o dos Projetos de Pesquisa conclu\u00eddas ou em andamento dos Docentes do Curso de Administra\u00e7\u00e3o da UNIFAP. Docente Situa\u00e7\u00e3o&#8230;<\/p>\n","protected":false},"author":366,"featured_media":0,"parent":293,"menu_order":4,"comment_status":"open","ping_status":"open","template":"","meta":{"inline_featured_image":false,"site-sidebar-layout":"default","site-content-layout":"","ast-site-content-layout":"default","site-content-style":"default","site-sidebar-style":"default","ast-global-header-display":"","ast-banner-title-visibility":"","ast-main-header-display":"","ast-hfb-above-header-display":"","ast-hfb-below-header-display":"","ast-hfb-mobile-header-display":"","site-post-title":"","ast-breadcrumbs-content":"","ast-featured-img":"","footer-sml-layout":"","theme-transparent-header-meta":"","adv-header-id-meta":"","stick-header-meta":"","header-above-stick-meta":"","header-main-stick-meta":"","header-below-stick-meta":"","astra-migrate-meta-layouts":"default","ast-page-background-enabled":"default","ast-page-background-meta":{"desktop":{"background-color":"var(--ast-global-color-4)","background-image":"","background-repeat":"repeat","background-position":"center center","background-size":"auto","background-attachment":"scroll","background-type":"","background-media":"","overlay-type":"","overlay-color":"","overlay-opacity":"","overlay-gradient":""},"tablet":{"background-color":"","background-image":"","background-repeat":"repeat","background-position":"center center","background-size":"auto","background-attachment":"scroll","background-type":"","background-media":"","overlay-type":"","overlay-color":"","overlay-opacity":"","overlay-gradient":""},"mobile":{"background-color":"","background-image":"","background-repeat":"repeat","background-position":"center center","background-size":"auto","background-attachment":"scroll","background-type":"","background-media":"","overlay-type":"","overlay-color":"","overlay-opacity":"","overlay-gradient":""}},"ast-content-background-meta":{"desktop":{"background-color":"var(--ast-global-color-5)","background-image":"","background-repeat":"repeat","background-position":"center center","background-size":"auto","background-attachment":"scroll","background-type":"","background-media":"","overlay-type":"","overlay-color":"","overlay-opacity":"","overlay-gradient":""},"tablet":{"background-color":"var(--ast-global-color-5)","background-image":"","background-repeat":"repeat","background-position":"center center","background-size":"auto","background-attachment":"scroll","background-type":"","background-media":"","overlay-type":"","overlay-color":"","overlay-opacity":"","overlay-gradient":""},"mobile":{"background-color":"var(--ast-global-color-5)","background-image":"","background-repeat":"repeat","background-position":"center center","background-size":"auto","background-attachment":"scroll","background-type":"","background-media":"","overlay-type":"","overlay-color":"","overlay-opacity":"","overlay-gradient":""}},"ngg_post_thumbnail":0,"footnotes":""},"class_list":["post-337","page","type-page","status-publish","hentry"],"_links":{"self":[{"href":"https:\/\/www2.unifap.br\/administracao\/wp-json\/wp\/v2\/pages\/337","targetHints":{"allow":["GET"]}}],"collection":[{"href":"https:\/\/www2.unifap.br\/administracao\/wp-json\/wp\/v2\/pages"}],"about":[{"href":"https:\/\/www2.unifap.br\/administracao\/wp-json\/wp\/v2\/types\/page"}],"author":[{"embeddable":true,"href":"https:\/\/www2.unifap.br\/administracao\/wp-json\/wp\/v2\/users\/366"}],"replies":[{"embeddable":true,"href":"https:\/\/www2.unifap.br\/administracao\/wp-json\/wp\/v2\/comments?post=337"}],"version-history":[{"count":12,"href":"https:\/\/www2.unifap.br\/administracao\/wp-json\/wp\/v2\/pages\/337\/revisions"}],"predecessor-version":[{"id":5992,"href":"https:\/\/www2.unifap.br\/administracao\/wp-json\/wp\/v2\/pages\/337\/revisions\/5992"}],"up":[{"embeddable":true,"href":"https:\/\/www2.unifap.br\/administracao\/wp-json\/wp\/v2\/pages\/293"}],"wp:attachment":[{"href":"https:\/\/www2.unifap.br\/administracao\/wp-json\/wp\/v2\/media?parent=337"}],"curies":[{"name":"wp","href":"https:\/\/api.w.org\/{rel}","templated":true}]}}