{"id":341,"date":"2015-08-24T22:35:53","date_gmt":"2015-08-24T22:35:53","guid":{"rendered":"http:\/\/www2.unifap.br\/administracao\/?page_id=341"},"modified":"2019-01-11T13:31:58","modified_gmt":"2019-01-11T13:31:58","slug":"documentos-oficiais-downloads","status":"publish","type":"page","link":"https:\/\/www2.unifap.br\/administracao\/ensino\/documentos-oficiais-downloads\/","title":{"rendered":"Calend\u00e1rio Acad\u00eamico"},"content":{"rendered":"<p>Nesta espa\u00e7o, a Coordena\u00e7\u00e3o do Curso de Administra\u00e7\u00e3o disponibiliza os calend\u00e1rios acad\u00eamicos da Institui\u00e7\u00e3o.<\/p>\n<p><span style=\"color: #000000\"><strong>1. Calend\u00e1rio Acad\u00eamico 2015<\/strong><\/span><span style=\"line-height: 1.5em\"> &gt;\u00a0<\/span><a style=\"line-height: 1.5em\" href=\"http:\/\/www2.unifap.br\/administracao\/files\/2015\/08\/CALEND\u00c1RIO-ACAD\u00caMICO-2015.pdf\">CALEND\u00c1RIO-ACAD\u00caMICO-2015<\/a><\/p>\n<p><strong>2. Calend\u00e1rio Acad\u00eamico P\u00f3s-Greve &gt; <a href=\"http:\/\/www2.unifap.br\/administracao\/files\/2015\/08\/Calend\u00e1rio-Acad\u00eamico-2015-rotorno-das-atividades-2.pdf\">Calend\u00e1rio Acad\u00eamico 2015.2 &#8211; P\u00f3s-Greve.<\/a>\u00a0<\/strong><\/p>\n<p><strong style=\"color: #000000;line-height: 1.5em\">3. Aten\u00e7\u00e3o: Cronograma de Matr\u00edcula para \u00a02\u00ba semestre de 2015 &gt;\u00a0<a href=\"http:\/\/www2.unifap.br\/administracao\/files\/2015\/08\/sintese-do-cronograma-Atual.pdf\">sintese do cronograma Atual<\/a><\/strong><\/p>\n<p><strong>4. Calend\u00e1rio Acad\u00eamico 2016.\u00a0<a href=\"http:\/\/www2.unifap.br\/administracao\/files\/2015\/08\/Calend\u00e1rio-Acad\u00eamico-2016-2.pdf\">Calend\u00e1rio Acad\u00eamico 2016.<\/a><\/strong><\/p>\n<p><strong>5.<\/strong>\u00a0<strong>Calend\u00e1rio Acad\u00eamico 2016.\u00a0<a href=\"http:\/\/www2.unifap.br\/administracao\/files\/2015\/08\/cronograma-de-matricula-2016.2.pdf\">cronograma de matricula &#8211; 2016.2<\/a><\/strong><\/p>\n<p><strong>6. Calend\u00e1rio Acad\u00eamico 2017.\u00a0<\/strong><a href=\"http:\/\/www2.unifap.br\/administracao\/files\/2015\/08\/Resolu\u00e7\u00e3o-n\u00ba-03-2017-Aprova-Calend\u00e1rio-Acad\u00eamico-2017-1.pdf\">Resolu\u00e7\u00e3o n\u00ba 03-2017 &#8211; Aprova Calend\u00e1rio Acad\u00eamico-2017\u00a0<\/a><strong>\u00a0&gt;\u00a0<a href=\"http:\/\/www2.unifap.br\/administracao\/files\/2015\/08\/S\u00edntese-do-Cronograma-Atual.pdf\">S\u00edntese do Cronograma Atual<\/a><\/strong><\/p>\n<p><strong>7.<\/strong><strong>\u00a0Calend\u00e1rio Acad\u00eamico 2018.\u00a0<a href=\"http:\/\/www2.unifap.br\/administracao\/files\/2015\/08\/Calend\u00e1rio-Acad\u00eamico-2018.pdf\">Calend\u00e1rio Acad\u00eamico 2018<\/a><\/strong><\/p>\n<p><strong>8.<\/strong><strong>\u00a0Calend\u00e1rio Acad\u00eamico 2019.\u00a0<a href=\"http:\/\/www2.unifap.br\/administracao\/files\/2015\/08\/Calend\u00e1rio-Acad\u00eamico-2019.pdf\">Calend\u00e1rio Acad\u00eamico 2019<\/a><\/strong><\/p>\n","protected":false},"excerpt":{"rendered":"<p>Nesta espa\u00e7o, a Coordena\u00e7\u00e3o do Curso de Administra\u00e7\u00e3o disponibiliza os calend\u00e1rios acad\u00eamicos da Institui\u00e7\u00e3o. 1. Calend\u00e1rio Acad\u00eamico 2015 &gt;\u00a0CALEND\u00c1RIO-ACAD\u00caMICO-2015 2&#8230;.<\/p>\n","protected":false},"author":366,"featured_media":0,"parent":291,"menu_order":0,"comment_status":"open","ping_status":"open","template":"page-template-full.php","meta":{"inline_featured_image":false,"site-sidebar-layout":"default","site-content-layout":"","ast-site-content-layout":"default","site-content-style":"default","site-sidebar-style":"default","ast-global-header-display":"","ast-banner-title-visibility":"","ast-main-header-display":"","ast-hfb-above-header-display":"","ast-hfb-below-header-display":"","ast-hfb-mobile-header-display":"","site-post-title":"","ast-breadcrumbs-content":"","ast-featured-img":"","footer-sml-layout":"","theme-transparent-header-meta":"","adv-header-id-meta":"","stick-header-meta":"","header-above-stick-meta":"","header-main-stick-meta":"","header-below-stick-meta":"","astra-migrate-meta-layouts":"default","ast-page-background-enabled":"default","ast-page-background-meta":{"desktop":{"background-color":"var(--ast-global-color-4)","background-image":"","background-repeat":"repeat","background-position":"center center","background-size":"auto","background-attachment":"scroll","background-type":"","background-media":"","overlay-type":"","overlay-color":"","overlay-opacity":"","overlay-gradient":""},"tablet":{"background-color":"","background-image":"","background-repeat":"repeat","background-position":"center center","background-size":"auto","background-attachment":"scroll","background-type":"","background-media":"","overlay-type":"","overlay-color":"","overlay-opacity":"","overlay-gradient":""},"mobile":{"background-color":"","background-image":"","background-repeat":"repeat","background-position":"center center","background-size":"auto","background-attachment":"scroll","background-type":"","background-media":"","overlay-type":"","overlay-color":"","overlay-opacity":"","overlay-gradient":""}},"ast-content-background-meta":{"desktop":{"background-color":"var(--ast-global-color-5)","background-image":"","background-repeat":"repeat","background-position":"center center","background-size":"auto","background-attachment":"scroll","background-type":"","background-media":"","overlay-type":"","overlay-color":"","overlay-opacity":"","overlay-gradient":""},"tablet":{"background-color":"var(--ast-global-color-5)","background-image":"","background-repeat":"repeat","background-position":"center center","background-size":"auto","background-attachment":"scroll","background-type":"","background-media":"","overlay-type":"","overlay-color":"","overlay-opacity":"","overlay-gradient":""},"mobile":{"background-color":"var(--ast-global-color-5)","background-image":"","background-repeat":"repeat","background-position":"center center","background-size":"auto","background-attachment":"scroll","background-type":"","background-media":"","overlay-type":"","overlay-color":"","overlay-opacity":"","overlay-gradient":""}},"ngg_post_thumbnail":0,"footnotes":""},"class_list":["post-341","page","type-page","status-publish","hentry"],"_links":{"self":[{"href":"https:\/\/www2.unifap.br\/administracao\/wp-json\/wp\/v2\/pages\/341","targetHints":{"allow":["GET"]}}],"collection":[{"href":"https:\/\/www2.unifap.br\/administracao\/wp-json\/wp\/v2\/pages"}],"about":[{"href":"https:\/\/www2.unifap.br\/administracao\/wp-json\/wp\/v2\/types\/page"}],"author":[{"embeddable":true,"href":"https:\/\/www2.unifap.br\/administracao\/wp-json\/wp\/v2\/users\/366"}],"replies":[{"embeddable":true,"href":"https:\/\/www2.unifap.br\/administracao\/wp-json\/wp\/v2\/comments?post=341"}],"version-history":[{"count":28,"href":"https:\/\/www2.unifap.br\/administracao\/wp-json\/wp\/v2\/pages\/341\/revisions"}],"predecessor-version":[{"id":4193,"href":"https:\/\/www2.unifap.br\/administracao\/wp-json\/wp\/v2\/pages\/341\/revisions\/4193"}],"up":[{"embeddable":true,"href":"https:\/\/www2.unifap.br\/administracao\/wp-json\/wp\/v2\/pages\/291"}],"wp:attachment":[{"href":"https:\/\/www2.unifap.br\/administracao\/wp-json\/wp\/v2\/media?parent=341"}],"curies":[{"name":"wp","href":"https:\/\/api.w.org\/{rel}","templated":true}]}}