{"id":38,"date":"2013-12-12T19:52:19","date_gmt":"2013-12-12T19:52:19","guid":{"rendered":"http:\/\/www2.unifap.br\/administracao\/?page_id=38"},"modified":"2015-08-24T15:48:27","modified_gmt":"2015-08-24T15:48:27","slug":"dados-interessantes-sobre-o-administrador","status":"publish","type":"page","link":"https:\/\/www2.unifap.br\/administracao\/coordenacao\/dados\/dados-interessantes-sobre-o-administrador\/","title":{"rendered":"Dados interessantes sobre o Administrador"},"content":{"rendered":"<p>A 9 de setembro \u00e9 comemorado o Dia do Administrador, pois foi neste dia, em 1965, que a Lei 4.769 institucionalizou a profiss\u00e3o, sancionada pelo Presidente da Rep\u00fablica Humberto de Alencar Castello Branco. A Lei foi publicada no Di\u00e1rio Oficial da Uni\u00e3o em 13\/09\/65.Anualmente, acontecem, em todo o Brasil solenidades alusivas ao DIA DO ADMINISTRADOR. Os Conselhos Regionais de Administra\u00e7\u00e3o &#8211; CRAs realizam eventos, debates e diversas premia\u00e7\u00f5es.<\/p>\n<p>Segundo o Conselho Federal de Administra\u00e7\u00e3o (CFA) o Curso de Administra\u00e7\u00e3o possui alguns dados interessantes, tais como:<\/p>\n<ul>\n<li><strong>Maior curso do Brasil em n\u00famero de alunos matriculados;<\/strong><\/li>\n<li><strong>Empregabilidade: quase 80% dos administradores possuem registro com carteira assinada;<\/strong><\/li>\n<li><strong>M\u00e9dia Nacional de Renda do Administrador: 9,7 sal\u00e1rios m\u00ednimos (aproximadamente R$ 6.500,00);<\/strong><\/li>\n<\/ul>\n<p>&nbsp;<\/p>\n","protected":false},"excerpt":{"rendered":"<p>A 9 de setembro \u00e9 comemorado o Dia do Administrador, pois foi neste dia, em 1965, que a Lei 4.769&#8230;<\/p>\n","protected":false},"author":365,"featured_media":0,"parent":27,"menu_order":4,"comment_status":"open","ping_status":"open","template":"","meta":{"inline_featured_image":false,"site-sidebar-layout":"default","site-content-layout":"","ast-site-content-layout":"default","site-content-style":"default","site-sidebar-style":"default","ast-global-header-display":"","ast-banner-title-visibility":"","ast-main-header-display":"","ast-hfb-above-header-display":"","ast-hfb-below-header-display":"","ast-hfb-mobile-header-display":"","site-post-title":"","ast-breadcrumbs-content":"","ast-featured-img":"","footer-sml-layout":"","theme-transparent-header-meta":"","adv-header-id-meta":"","stick-header-meta":"","header-above-stick-meta":"","header-main-stick-meta":"","header-below-stick-meta":"","astra-migrate-meta-layouts":"default","ast-page-background-enabled":"default","ast-page-background-meta":{"desktop":{"background-color":"var(--ast-global-color-4)","background-image":"","background-repeat":"repeat","background-position":"center center","background-size":"auto","background-attachment":"scroll","background-type":"","background-media":"","overlay-type":"","overlay-color":"","overlay-opacity":"","overlay-gradient":""},"tablet":{"background-color":"","background-image":"","background-repeat":"repeat","background-position":"center center","background-size":"auto","background-attachment":"scroll","background-type":"","background-media":"","overlay-type":"","overlay-color":"","overlay-opacity":"","overlay-gradient":""},"mobile":{"background-color":"","background-image":"","background-repeat":"repeat","background-position":"center center","background-size":"auto","background-attachment":"scroll","background-type":"","background-media":"","overlay-type":"","overlay-color":"","overlay-opacity":"","overlay-gradient":""}},"ast-content-background-meta":{"desktop":{"background-color":"var(--ast-global-color-5)","background-image":"","background-repeat":"repeat","background-position":"center center","background-size":"auto","background-attachment":"scroll","background-type":"","background-media":"","overlay-type":"","overlay-color":"","overlay-opacity":"","overlay-gradient":""},"tablet":{"background-color":"var(--ast-global-color-5)","background-image":"","background-repeat":"repeat","background-position":"center center","background-size":"auto","background-attachment":"scroll","background-type":"","background-media":"","overlay-type":"","overlay-color":"","overlay-opacity":"","overlay-gradient":""},"mobile":{"background-color":"var(--ast-global-color-5)","background-image":"","background-repeat":"repeat","background-position":"center center","background-size":"auto","background-attachment":"scroll","background-type":"","background-media":"","overlay-type":"","overlay-color":"","overlay-opacity":"","overlay-gradient":""}},"ngg_post_thumbnail":0,"footnotes":""},"class_list":["post-38","page","type-page","status-publish","hentry"],"_links":{"self":[{"href":"https:\/\/www2.unifap.br\/administracao\/wp-json\/wp\/v2\/pages\/38","targetHints":{"allow":["GET"]}}],"collection":[{"href":"https:\/\/www2.unifap.br\/administracao\/wp-json\/wp\/v2\/pages"}],"about":[{"href":"https:\/\/www2.unifap.br\/administracao\/wp-json\/wp\/v2\/types\/page"}],"author":[{"embeddable":true,"href":"https:\/\/www2.unifap.br\/administracao\/wp-json\/wp\/v2\/users\/365"}],"replies":[{"embeddable":true,"href":"https:\/\/www2.unifap.br\/administracao\/wp-json\/wp\/v2\/comments?post=38"}],"version-history":[{"count":5,"href":"https:\/\/www2.unifap.br\/administracao\/wp-json\/wp\/v2\/pages\/38\/revisions"}],"predecessor-version":[{"id":307,"href":"https:\/\/www2.unifap.br\/administracao\/wp-json\/wp\/v2\/pages\/38\/revisions\/307"}],"up":[{"embeddable":true,"href":"https:\/\/www2.unifap.br\/administracao\/wp-json\/wp\/v2\/pages\/27"}],"wp:attachment":[{"href":"https:\/\/www2.unifap.br\/administracao\/wp-json\/wp\/v2\/media?parent=38"}],"curies":[{"name":"wp","href":"https:\/\/api.w.org\/{rel}","templated":true}]}}