{"id":4,"date":"2013-12-12T19:09:47","date_gmt":"2013-12-12T19:09:47","guid":{"rendered":"http:\/\/www2.unifap.br\/administracao\/?page_id=4"},"modified":"2024-06-12T18:31:37","modified_gmt":"2024-06-12T18:31:37","slug":"objetivo-do-curso","status":"publish","type":"page","link":"https:\/\/www2.unifap.br\/administracao\/coordenacao\/dados\/objetivo-do-curso\/","title":{"rendered":"Objetivos do Curso"},"content":{"rendered":"<p style=\"text-align: justify\">&nbsp;<\/p>\n<p>&nbsp;<\/p>\n<p style=\"text-align: center\"><a href=\"http:\/\/www2.unifap.br\/administracao\/files\/2024\/06\/cropped-1-1.png\"><img decoding=\"async\" class=\"size-medium wp-image-5942 aligncenter\" src=\"http:\/\/www2.unifap.br\/administracao\/files\/2024\/06\/cropped-1-1-300x100.png\" alt=\"\" width=\"300\" height=\"100\" srcset=\"https:\/\/www2.unifap.br\/administracao\/files\/2024\/06\/cropped-1-1-300x100.png 300w, https:\/\/www2.unifap.br\/administracao\/files\/2024\/06\/cropped-1-1-1024x343.png 1024w, https:\/\/www2.unifap.br\/administracao\/files\/2024\/06\/cropped-1-1-768x257.png 768w, https:\/\/www2.unifap.br\/administracao\/files\/2024\/06\/cropped-1-1-177x59.png 177w, https:\/\/www2.unifap.br\/administracao\/files\/2024\/06\/cropped-1-1.png 1078w\" sizes=\"(max-width: 300px) 100vw, 300px\" \/><\/a><\/p>\n<p>&nbsp;<\/p>\n<h4><strong> GERAL:<\/strong><\/h4>\n<p style=\"padding-left: 30px\">Formar profissionais que buscam produzir conhecimento cr\u00edtico sobre o lugar e o papel do administrador, no sentido de permitir entendimento amplo e aprofundado sobre demandas sociais, ambientais, legais e morais da pr\u00e1tica da administra\u00e7\u00e3o para compreender e transformar a sociedade.<\/p>\n<h4>&nbsp;<\/h4>\n<h4><strong>ESPEC\u00cdFICOS:<\/strong><\/h4>\n<ul>\n<li>Promover uma forma\u00e7\u00e3o t\u00e9cnica e cient\u00edfica ampla e atualizada, em vista das novas t\u00e9cnicas e conhecimentos que vem sendo desenvolvidos na \u00e1rea da Administra\u00e7\u00e3o;<\/li>\n<li>Articular o ensino com a pesquisa e a extens\u00e3o com o objetivo de formar administradores familiarizados com as pr\u00e1ticas de investiga\u00e7\u00e3o;<\/li>\n<li>Promover e disseminar o empreendedorismo e a utiliza\u00e7\u00e3o de pr\u00e1ticas inovadoras de gest\u00e3o;<\/li>\n<li>Promover e disseminar valores relacionados \u00e0 responsabilidade social, contribuindo para a difus\u00e3o e aplica\u00e7\u00e3o de conhecimentos e t\u00e9cnicas que promovam o desenvolvimento sustent\u00e1vel;<\/li>\n<li>Contribuir para o desenvolvimento s\u00f3cio-econ\u00f4mico do Amap\u00e1 e da regi\u00e3o norte.<\/li>\n<\/ul>\n<p style=\"text-align: justify\"><strong>&nbsp;<\/strong><\/p>\n","protected":false},"excerpt":{"rendered":"<p>&nbsp; &nbsp; &nbsp; GERAL: Formar profissionais que buscam produzir conhecimento cr\u00edtico sobre o lugar e o papel do administrador, no&#8230;<\/p>\n","protected":false},"author":365,"featured_media":0,"parent":27,"menu_order":1,"comment_status":"open","ping_status":"open","template":"","meta":{"inline_featured_image":false,"site-sidebar-layout":"default","site-content-layout":"","ast-site-content-layout":"default","site-content-style":"default","site-sidebar-style":"default","ast-global-header-display":"","ast-banner-title-visibility":"","ast-main-header-display":"","ast-hfb-above-header-display":"","ast-hfb-below-header-display":"","ast-hfb-mobile-header-display":"","site-post-title":"","ast-breadcrumbs-content":"","ast-featured-img":"","footer-sml-layout":"","theme-transparent-header-meta":"default","adv-header-id-meta":"","stick-header-meta":"","header-above-stick-meta":"","header-main-stick-meta":"","header-below-stick-meta":"","astra-migrate-meta-layouts":"set","ast-page-background-enabled":"default","ast-page-background-meta":{"desktop":{"background-color":"var(--ast-global-color-4)","background-image":"","background-repeat":"repeat","background-position":"center center","background-size":"auto","background-attachment":"scroll","background-type":"","background-media":"","overlay-type":"","overlay-color":"","overlay-opacity":"","overlay-gradient":""},"tablet":{"background-color":"","background-image":"","background-repeat":"repeat","background-position":"center center","background-size":"auto","background-attachment":"scroll","background-type":"","background-media":"","overlay-type":"","overlay-color":"","overlay-opacity":"","overlay-gradient":""},"mobile":{"background-color":"","background-image":"","background-repeat":"repeat","background-position":"center center","background-size":"auto","background-attachment":"scroll","background-type":"","background-media":"","overlay-type":"","overlay-color":"","overlay-opacity":"","overlay-gradient":""}},"ast-content-background-meta":{"desktop":{"background-color":"var(--ast-global-color-5)","background-image":"","background-repeat":"repeat","background-position":"center center","background-size":"auto","background-attachment":"scroll","background-type":"","background-media":"","overlay-type":"","overlay-color":"","overlay-opacity":"","overlay-gradient":""},"tablet":{"background-color":"var(--ast-global-color-5)","background-image":"","background-repeat":"repeat","background-position":"center center","background-size":"auto","background-attachment":"scroll","background-type":"","background-media":"","overlay-type":"","overlay-color":"","overlay-opacity":"","overlay-gradient":""},"mobile":{"background-color":"var(--ast-global-color-5)","background-image":"","background-repeat":"repeat","background-position":"center center","background-size":"auto","background-attachment":"scroll","background-type":"","background-media":"","overlay-type":"","overlay-color":"","overlay-opacity":"","overlay-gradient":""}},"ngg_post_thumbnail":0,"footnotes":""},"class_list":["post-4","page","type-page","status-publish","hentry"],"_links":{"self":[{"href":"https:\/\/www2.unifap.br\/administracao\/wp-json\/wp\/v2\/pages\/4","targetHints":{"allow":["GET"]}}],"collection":[{"href":"https:\/\/www2.unifap.br\/administracao\/wp-json\/wp\/v2\/pages"}],"about":[{"href":"https:\/\/www2.unifap.br\/administracao\/wp-json\/wp\/v2\/types\/page"}],"author":[{"embeddable":true,"href":"https:\/\/www2.unifap.br\/administracao\/wp-json\/wp\/v2\/users\/365"}],"replies":[{"embeddable":true,"href":"https:\/\/www2.unifap.br\/administracao\/wp-json\/wp\/v2\/comments?post=4"}],"version-history":[{"count":15,"href":"https:\/\/www2.unifap.br\/administracao\/wp-json\/wp\/v2\/pages\/4\/revisions"}],"predecessor-version":[{"id":5976,"href":"https:\/\/www2.unifap.br\/administracao\/wp-json\/wp\/v2\/pages\/4\/revisions\/5976"}],"up":[{"embeddable":true,"href":"https:\/\/www2.unifap.br\/administracao\/wp-json\/wp\/v2\/pages\/27"}],"wp:attachment":[{"href":"https:\/\/www2.unifap.br\/administracao\/wp-json\/wp\/v2\/media?parent=4"}],"curies":[{"name":"wp","href":"https:\/\/api.w.org\/{rel}","templated":true}]}}