{"id":41,"date":"2013-12-12T19:55:52","date_gmt":"2013-12-12T19:55:52","guid":{"rendered":"http:\/\/www2.unifap.br\/administracao\/?page_id=41"},"modified":"2015-08-24T16:11:10","modified_gmt":"2015-08-24T16:11:10","slug":"areas-promissoras-na-regiao-norte-para-o-administrador","status":"publish","type":"page","link":"https:\/\/www2.unifap.br\/administracao\/coordenacao\/dados\/areas-promissoras-na-regiao-norte-para-o-administrador\/","title":{"rendered":"\u00c1reas promissoras na Regi\u00e3o Norte para o Administrador"},"content":{"rendered":"<p>&nbsp;<\/p>\n<p><strong>&#8211; Consultoria empresarial; <\/strong><\/p>\n<p><strong>&#8211; Administra\u00e7\u00e3o p\u00fablica direta;<\/strong><\/p>\n<p><strong>&#8211; Servi\u00e7os;<\/strong><\/p>\n<p><strong>&#8211; Administra\u00e7\u00e3o p\u00fablica indireta;<\/strong><\/p>\n<p><strong>&#8211; Administra\u00e7\u00e3o hospitalar\/servi\u00e7os de sa\u00fade; e<\/strong><\/p>\n<p><strong>&#8211; \u00c1rea de hotelaria e turismo.<\/strong><\/p>\n<p><strong>&#8211; Governan\u00e7a dos APLs <\/strong><\/p>\n<p>&nbsp;<\/p>\n<p>&nbsp;<\/p>\n","protected":false},"excerpt":{"rendered":"<p>&nbsp; &#8211; Consultoria empresarial; &#8211; Administra\u00e7\u00e3o p\u00fablica direta; &#8211; Servi\u00e7os; &#8211; Administra\u00e7\u00e3o p\u00fablica indireta; &#8211; Administra\u00e7\u00e3o hospitalar\/servi\u00e7os de sa\u00fade; e&#8230;<\/p>\n","protected":false},"author":365,"featured_media":0,"parent":27,"menu_order":5,"comment_status":"open","ping_status":"open","template":"","meta":{"inline_featured_image":false,"site-sidebar-layout":"default","site-content-layout":"","ast-site-content-layout":"default","site-content-style":"default","site-sidebar-style":"default","ast-global-header-display":"","ast-banner-title-visibility":"","ast-main-header-display":"","ast-hfb-above-header-display":"","ast-hfb-below-header-display":"","ast-hfb-mobile-header-display":"","site-post-title":"","ast-breadcrumbs-content":"","ast-featured-img":"","footer-sml-layout":"","theme-transparent-header-meta":"","adv-header-id-meta":"","stick-header-meta":"","header-above-stick-meta":"","header-main-stick-meta":"","header-below-stick-meta":"","astra-migrate-meta-layouts":"default","ast-page-background-enabled":"default","ast-page-background-meta":{"desktop":{"background-color":"var(--ast-global-color-4)","background-image":"","background-repeat":"repeat","background-position":"center center","background-size":"auto","background-attachment":"scroll","background-type":"","background-media":"","overlay-type":"","overlay-color":"","overlay-opacity":"","overlay-gradient":""},"tablet":{"background-color":"","background-image":"","background-repeat":"repeat","background-position":"center center","background-size":"auto","background-attachment":"scroll","background-type":"","background-media":"","overlay-type":"","overlay-color":"","overlay-opacity":"","overlay-gradient":""},"mobile":{"background-color":"","background-image":"","background-repeat":"repeat","background-position":"center center","background-size":"auto","background-attachment":"scroll","background-type":"","background-media":"","overlay-type":"","overlay-color":"","overlay-opacity":"","overlay-gradient":""}},"ast-content-background-meta":{"desktop":{"background-color":"var(--ast-global-color-5)","background-image":"","background-repeat":"repeat","background-position":"center center","background-size":"auto","background-attachment":"scroll","background-type":"","background-media":"","overlay-type":"","overlay-color":"","overlay-opacity":"","overlay-gradient":""},"tablet":{"background-color":"var(--ast-global-color-5)","background-image":"","background-repeat":"repeat","background-position":"center center","background-size":"auto","background-attachment":"scroll","background-type":"","background-media":"","overlay-type":"","overlay-color":"","overlay-opacity":"","overlay-gradient":""},"mobile":{"background-color":"var(--ast-global-color-5)","background-image":"","background-repeat":"repeat","background-position":"center center","background-size":"auto","background-attachment":"scroll","background-type":"","background-media":"","overlay-type":"","overlay-color":"","overlay-opacity":"","overlay-gradient":""}},"ngg_post_thumbnail":0,"footnotes":""},"class_list":["post-41","page","type-page","status-publish","hentry"],"_links":{"self":[{"href":"https:\/\/www2.unifap.br\/administracao\/wp-json\/wp\/v2\/pages\/41","targetHints":{"allow":["GET"]}}],"collection":[{"href":"https:\/\/www2.unifap.br\/administracao\/wp-json\/wp\/v2\/pages"}],"about":[{"href":"https:\/\/www2.unifap.br\/administracao\/wp-json\/wp\/v2\/types\/page"}],"author":[{"embeddable":true,"href":"https:\/\/www2.unifap.br\/administracao\/wp-json\/wp\/v2\/users\/365"}],"replies":[{"embeddable":true,"href":"https:\/\/www2.unifap.br\/administracao\/wp-json\/wp\/v2\/comments?post=41"}],"version-history":[{"count":3,"href":"https:\/\/www2.unifap.br\/administracao\/wp-json\/wp\/v2\/pages\/41\/revisions"}],"predecessor-version":[{"id":43,"href":"https:\/\/www2.unifap.br\/administracao\/wp-json\/wp\/v2\/pages\/41\/revisions\/43"}],"up":[{"embeddable":true,"href":"https:\/\/www2.unifap.br\/administracao\/wp-json\/wp\/v2\/pages\/27"}],"wp:attachment":[{"href":"https:\/\/www2.unifap.br\/administracao\/wp-json\/wp\/v2\/media?parent=41"}],"curies":[{"name":"wp","href":"https:\/\/api.w.org\/{rel}","templated":true}]}}