{"id":46,"date":"2013-12-12T20:51:31","date_gmt":"2013-12-12T20:51:31","guid":{"rendered":"http:\/\/www2.unifap.br\/administracao\/?page_id=46"},"modified":"2026-03-30T13:10:47","modified_gmt":"2026-03-30T13:10:47","slug":"coordenacao","status":"publish","type":"page","link":"https:\/\/www2.unifap.br\/administracao\/coordenacao\/","title":{"rendered":"Coordena\u00e7\u00e3o"},"content":{"rendered":"<p><span style=\"color: #000000\"><strong>Coordenador: Prof. Dr. Alexandre Gomes Galindo<\/strong><\/span><\/p>\n<p><span style=\"color: #000000\"><strong>E-mail: <\/strong>alexandregalindo01@gmail.com&nbsp;&nbsp;<\/span><\/p>\n<p>&nbsp;<\/p>\n<p><span style=\"color: #000000\"><strong>Servidor T\u00e9cnico-Administrativo:<\/strong><\/span><span style=\"line-height: 1.5em\"> Fernando Castro Amoras<\/span><\/p>\n<p>&nbsp;<\/p>\n<p><strong>E-mail da Coordena\u00e7\u00e3o:<\/strong> administracao@unifap.br<\/p>\n<p>&nbsp;<\/p>\n<p><span style=\"color: #000000\"><strong>Localiza\u00e7\u00e3o da Coordena\u00e7\u00e3o: <\/strong><span style=\"color: #333333\">Universidade Federal do Amap\u00e1 \u2013 Campus Universit\u00e1rio Marco Zero do Equador: Rod. Juscelino Kubitschek, KM-02, Bloco das Coordena\u00e7\u00f5es de Curso \u2013 Jardim Marco Zero \u2013 CEP 68.903-419 \u2013 Macap\u00e1 \u2013 AP \u2013 Brasil<\/span><\/span><\/p>\n<p><strong>Mapa de Localiza\u00e7\u00e3o da UNIFAP.<\/strong><\/p>\n<p><a href=\"http:\/\/www2.unifap.br\/administracao\/files\/2013\/12\/MAP-UNIFAP-1.jpg\"><img decoding=\"async\" class=\"alignnone size-medium wp-image-432\" src=\"http:\/\/www2.unifap.br\/administracao\/files\/2013\/12\/MAP-UNIFAP-1-300x153.jpg\" alt=\"MAP UNIFAP 1\" width=\"300\" height=\"153\" srcset=\"https:\/\/www2.unifap.br\/administracao\/files\/2013\/12\/MAP-UNIFAP-1-300x153.jpg 300w, https:\/\/www2.unifap.br\/administracao\/files\/2013\/12\/MAP-UNIFAP-1-1024x523.jpg 1024w, https:\/\/www2.unifap.br\/administracao\/files\/2013\/12\/MAP-UNIFAP-1.jpg 1050w\" sizes=\"(max-width: 300px) 100vw, 300px\" \/><\/a><\/p>\n<p>Fonte: Google Maps.<\/p>\n","protected":false},"excerpt":{"rendered":"<p>Coordenador: Prof. Dr. Alexandre Gomes Galindo E-mail: alexandregalindo01@gmail.com&nbsp;&nbsp; &nbsp; Servidor T\u00e9cnico-Administrativo: Fernando Castro Amoras &nbsp; E-mail da Coordena\u00e7\u00e3o: administracao@unifap.br &nbsp;&#8230;<\/p>\n","protected":false},"author":365,"featured_media":0,"parent":0,"menu_order":1,"comment_status":"open","ping_status":"closed","template":"","meta":{"inline_featured_image":false,"site-sidebar-layout":"default","site-content-layout":"","ast-site-content-layout":"default","site-content-style":"default","site-sidebar-style":"default","ast-global-header-display":"","ast-banner-title-visibility":"","ast-main-header-display":"","ast-hfb-above-header-display":"","ast-hfb-below-header-display":"","ast-hfb-mobile-header-display":"","site-post-title":"","ast-breadcrumbs-content":"","ast-featured-img":"","footer-sml-layout":"","theme-transparent-header-meta":"default","adv-header-id-meta":"","stick-header-meta":"","header-above-stick-meta":"","header-main-stick-meta":"","header-below-stick-meta":"","astra-migrate-meta-layouts":"set","ast-page-background-enabled":"default","ast-page-background-meta":{"desktop":{"background-color":"var(--ast-global-color-4)","background-image":"","background-repeat":"repeat","background-position":"center center","background-size":"auto","background-attachment":"scroll","background-type":"","background-media":"","overlay-type":"","overlay-color":"","overlay-opacity":"","overlay-gradient":""},"tablet":{"background-color":"","background-image":"","background-repeat":"repeat","background-position":"center center","background-size":"auto","background-attachment":"scroll","background-type":"","background-media":"","overlay-type":"","overlay-color":"","overlay-opacity":"","overlay-gradient":""},"mobile":{"background-color":"","background-image":"","background-repeat":"repeat","background-position":"center center","background-size":"auto","background-attachment":"scroll","background-type":"","background-media":"","overlay-type":"","overlay-color":"","overlay-opacity":"","overlay-gradient":""}},"ast-content-background-meta":{"desktop":{"background-color":"var(--ast-global-color-5)","background-image":"","background-repeat":"repeat","background-position":"center center","background-size":"auto","background-attachment":"scroll","background-type":"","background-media":"","overlay-type":"","overlay-color":"","overlay-opacity":"","overlay-gradient":""},"tablet":{"background-color":"var(--ast-global-color-5)","background-image":"","background-repeat":"repeat","background-position":"center center","background-size":"auto","background-attachment":"scroll","background-type":"","background-media":"","overlay-type":"","overlay-color":"","overlay-opacity":"","overlay-gradient":""},"mobile":{"background-color":"var(--ast-global-color-5)","background-image":"","background-repeat":"repeat","background-position":"center center","background-size":"auto","background-attachment":"scroll","background-type":"","background-media":"","overlay-type":"","overlay-color":"","overlay-opacity":"","overlay-gradient":""}},"ngg_post_thumbnail":0,"footnotes":""},"class_list":["post-46","page","type-page","status-publish","hentry"],"_links":{"self":[{"href":"https:\/\/www2.unifap.br\/administracao\/wp-json\/wp\/v2\/pages\/46","targetHints":{"allow":["GET"]}}],"collection":[{"href":"https:\/\/www2.unifap.br\/administracao\/wp-json\/wp\/v2\/pages"}],"about":[{"href":"https:\/\/www2.unifap.br\/administracao\/wp-json\/wp\/v2\/types\/page"}],"author":[{"embeddable":true,"href":"https:\/\/www2.unifap.br\/administracao\/wp-json\/wp\/v2\/users\/365"}],"replies":[{"embeddable":true,"href":"https:\/\/www2.unifap.br\/administracao\/wp-json\/wp\/v2\/comments?post=46"}],"version-history":[{"count":58,"href":"https:\/\/www2.unifap.br\/administracao\/wp-json\/wp\/v2\/pages\/46\/revisions"}],"predecessor-version":[{"id":5848,"href":"https:\/\/www2.unifap.br\/administracao\/wp-json\/wp\/v2\/pages\/46\/revisions\/5848"}],"wp:attachment":[{"href":"https:\/\/www2.unifap.br\/administracao\/wp-json\/wp\/v2\/media?parent=46"}],"curies":[{"name":"wp","href":"https:\/\/api.w.org\/{rel}","templated":true}]}}