{"id":491,"date":"2015-09-03T14:17:08","date_gmt":"2015-09-03T14:17:08","guid":{"rendered":"http:\/\/www2.unifap.br\/administracao\/?page_id=491"},"modified":"2016-11-22T19:45:27","modified_gmt":"2016-11-22T19:45:27","slug":"links-uteis","status":"publish","type":"page","link":"https:\/\/www2.unifap.br\/administracao\/coordenacao\/links-uteis\/","title":{"rendered":"Links \u00dateis"},"content":{"rendered":"<p><strong>MEC &#8211; Minist\u00e9rio da Educa\u00e7\u00e3o\u00a0<\/strong><\/p>\n<p><a title=\"MEC - Minist\u00e9rio da Educa\u00e7\u00e3o\" href=\"http:\/\/portal.mec.gov.br\/index.php\">http:\/\/portal.mec.gov.br\/index.php<\/a><\/p>\n<p><strong>CAPES &#8211; Coordena\u00e7\u00e3o de Aperfei\u00e7oamento de Pessoal de N\u00edvel Superior<\/strong><\/p>\n<p><a title=\"Capes\" href=\"http:\/\/www.capes.gov.br\/\">http:\/\/www.capes.gov.br\/<\/a><\/p>\n<p><strong>IsF &#8211; Idiomas sem Fronteiras<\/strong><\/p>\n<p><a title=\"IsF - Idiomas sem Fronteiras\" href=\"http:\/\/isf.mec.gov.br\/\">http:\/\/isf.mec.gov.br\/<\/a><\/p>\n<p><strong style=\"line-height: 1.5em\">Conselho Federal de Administra\u00e7\u00e3o<\/strong><\/p>\n<p><a href=\"http:\/\/www.cfa.org.br\">http:\/\/www.cfa.org.br<\/a><\/p>\n<p><strong>Conselho Regional de Administra\u00e7\u00e3o do Amap\u00e1<\/strong><\/p>\n<p><a href=\"http:\/\/www.craap.org.br\">http:\/\/www.craap.org.br<\/a><\/p>\n<p><strong>Portal do Administrador<\/strong><\/p>\n<p><a href=\"http:\/\/www.administradores.com.br\">http:\/\/www.administradores.com.br<\/a><\/p>\n<p><strong>Curr\u00edculo Lattes<\/strong><\/p>\n<p><a href=\"http:\/\/lattes.cnpq.br\">http:\/\/lattes.cnpq.br<\/a><\/p>\n<p><strong>SEBRAE (Macap\u00e1)<\/strong><\/p>\n<p><a href=\"http:\/\/www.sebrae.com.br\/uf\/amapa\/\">http:\/\/www.sebrae.com.br\/uf\/amapa<br \/>\n<\/a><\/p>\n<p>&nbsp;<\/p>\n","protected":false},"excerpt":{"rendered":"<p>MEC &#8211; Minist\u00e9rio da Educa\u00e7\u00e3o\u00a0 http:\/\/portal.mec.gov.br\/index.php CAPES &#8211; Coordena\u00e7\u00e3o de Aperfei\u00e7oamento de Pessoal de N\u00edvel Superior http:\/\/www.capes.gov.br\/ IsF &#8211; Idiomas&#8230;<\/p>\n","protected":false},"author":366,"featured_media":0,"parent":46,"menu_order":0,"comment_status":"open","ping_status":"open","template":"","meta":{"inline_featured_image":false,"site-sidebar-layout":"default","site-content-layout":"","ast-site-content-layout":"default","site-content-style":"default","site-sidebar-style":"default","ast-global-header-display":"","ast-banner-title-visibility":"","ast-main-header-display":"","ast-hfb-above-header-display":"","ast-hfb-below-header-display":"","ast-hfb-mobile-header-display":"","site-post-title":"","ast-breadcrumbs-content":"","ast-featured-img":"","footer-sml-layout":"","theme-transparent-header-meta":"","adv-header-id-meta":"","stick-header-meta":"","header-above-stick-meta":"","header-main-stick-meta":"","header-below-stick-meta":"","astra-migrate-meta-layouts":"default","ast-page-background-enabled":"default","ast-page-background-meta":{"desktop":{"background-color":"var(--ast-global-color-4)","background-image":"","background-repeat":"repeat","background-position":"center center","background-size":"auto","background-attachment":"scroll","background-type":"","background-media":"","overlay-type":"","overlay-color":"","overlay-opacity":"","overlay-gradient":""},"tablet":{"background-color":"","background-image":"","background-repeat":"repeat","background-position":"center center","background-size":"auto","background-attachment":"scroll","background-type":"","background-media":"","overlay-type":"","overlay-color":"","overlay-opacity":"","overlay-gradient":""},"mobile":{"background-color":"","background-image":"","background-repeat":"repeat","background-position":"center center","background-size":"auto","background-attachment":"scroll","background-type":"","background-media":"","overlay-type":"","overlay-color":"","overlay-opacity":"","overlay-gradient":""}},"ast-content-background-meta":{"desktop":{"background-color":"var(--ast-global-color-5)","background-image":"","background-repeat":"repeat","background-position":"center center","background-size":"auto","background-attachment":"scroll","background-type":"","background-media":"","overlay-type":"","overlay-color":"","overlay-opacity":"","overlay-gradient":""},"tablet":{"background-color":"var(--ast-global-color-5)","background-image":"","background-repeat":"repeat","background-position":"center center","background-size":"auto","background-attachment":"scroll","background-type":"","background-media":"","overlay-type":"","overlay-color":"","overlay-opacity":"","overlay-gradient":""},"mobile":{"background-color":"var(--ast-global-color-5)","background-image":"","background-repeat":"repeat","background-position":"center center","background-size":"auto","background-attachment":"scroll","background-type":"","background-media":"","overlay-type":"","overlay-color":"","overlay-opacity":"","overlay-gradient":""}},"ngg_post_thumbnail":0,"footnotes":""},"class_list":["post-491","page","type-page","status-publish","hentry"],"_links":{"self":[{"href":"https:\/\/www2.unifap.br\/administracao\/wp-json\/wp\/v2\/pages\/491","targetHints":{"allow":["GET"]}}],"collection":[{"href":"https:\/\/www2.unifap.br\/administracao\/wp-json\/wp\/v2\/pages"}],"about":[{"href":"https:\/\/www2.unifap.br\/administracao\/wp-json\/wp\/v2\/types\/page"}],"author":[{"embeddable":true,"href":"https:\/\/www2.unifap.br\/administracao\/wp-json\/wp\/v2\/users\/366"}],"replies":[{"embeddable":true,"href":"https:\/\/www2.unifap.br\/administracao\/wp-json\/wp\/v2\/comments?post=491"}],"version-history":[{"count":4,"href":"https:\/\/www2.unifap.br\/administracao\/wp-json\/wp\/v2\/pages\/491\/revisions"}],"predecessor-version":[{"id":608,"href":"https:\/\/www2.unifap.br\/administracao\/wp-json\/wp\/v2\/pages\/491\/revisions\/608"}],"up":[{"embeddable":true,"href":"https:\/\/www2.unifap.br\/administracao\/wp-json\/wp\/v2\/pages\/46"}],"wp:attachment":[{"href":"https:\/\/www2.unifap.br\/administracao\/wp-json\/wp\/v2\/media?parent=491"}],"curies":[{"name":"wp","href":"https:\/\/api.w.org\/{rel}","templated":true}]}}