{"id":494,"date":"2015-09-03T14:35:31","date_gmt":"2015-09-03T14:35:31","guid":{"rendered":"http:\/\/www2.unifap.br\/administracao\/?page_id=494"},"modified":"2016-01-05T19:32:02","modified_gmt":"2016-01-05T19:32:02","slug":"teste-anpad","status":"publish","type":"page","link":"https:\/\/www2.unifap.br\/administracao\/coordenacao\/links-uteis\/teste-anpad\/","title":{"rendered":"Teste Anpad"},"content":{"rendered":"<p style=\"text-align: justify\"><strong>Teste ANPAD\u00a0<img decoding=\"async\" class=\"alignleft\" alt=\"\" src=\"http:\/\/www.ufla.br\/ascom\/wp-content\/uploads\/2012\/01\/20.01-logoTesteAnpad.jpg\" width=\"145\" height=\"112\" \/><\/strong><\/p>\n<p style=\"text-align: justify\"><span style=\"line-height: 1.5em\">O Teste ANPAD \u00e9 realizado <strong>tr\u00eas vezes ao ano<\/strong>, sempre nos meses de <strong>fevereiro, junho e setembro<\/strong>. \u00a0A rela\u00e7\u00e3o completa dos locais de aplica\u00e7\u00e3o est\u00e1 dispon\u00edvel no s\u00edtio eletr\u00f4nico <a title=\"Teste Anpad\" href=\"http:\/\/www.anpad.org.br\/teste\">http:\/\/www.<b>anpad<\/b>.org.br\/<b>teste<\/b><\/a>\u00a0<\/span><\/p>\n<p style=\"text-align: justify\">O Teste ANPAD \u00e9 utilizado por institui\u00e7\u00f5es de ensino superior como um dos requisitos para que o candidato possa participar da sele\u00e7\u00e3o de <strong>Programas de Mestrado e Doutorado em Administra\u00e7\u00e3o.<\/strong><\/p>\n<p style=\"text-align: justify\">Envolvendo conhecimentos em l\u00ednguas portuguesa e inglesa e habilidades em racioc\u00ednios l\u00f3gico, quantitativo e anal\u00edtico, o Teste ANPAD \u00e9 um exame nacional que tem sido utilizado por diversas institui\u00e7\u00f5es como parte dos processos de sele\u00e7\u00e3o de cursos de p\u00f3s-gradua\u00e7\u00e3o stricto sensu e de cursos profissionalizantes de Administra\u00e7\u00e3o, Ci\u00eancias Cont\u00e1beis e \u00e1reas afins.<\/p>\n<div style=\"text-align: justify\">\n<p>Os inscritos podem ter cursado ou estar cursando a gradua\u00e7\u00e3o em qualquer \u00e1rea de conhecimento. \u00c9 importante lembrar, no entanto, que o resultado do Teste ANPAD, que tem <strong>validade m\u00e1xima de dois anos<\/strong> (per\u00edodo correspondente \u00e0s seis \u00faltimas edi\u00e7\u00f5es), constitui apenas um dos requisitos exigidos pelas institui\u00e7\u00f5es usu\u00e1rias, cabendo ao interessado buscar mais informa\u00e7\u00f5es sobre os processos seletivos junto \u00e0 coordena\u00e7\u00e3o de cada curso pretendido ou demais organiza\u00e7\u00f5es.<\/p>\n<p><strong>A inscri\u00e7\u00e3o para o Teste ANPAD \u00e9 realizada somente via Internet<\/strong>, mediante acesso ao s\u00edtio eletr\u00f4nico\u00a0<a href=\"http:\/\/l.facebook.com\/l.php?u=http%3A%2F%2Fwww.anpad.org.br%2Fteste&amp;h=VAQGKkth4AQEHt_xU17LeYpDTW9p3naPi3O-WNn8MtS5mTw&amp;enc=AZPjIWjQeOjMwrgqb0dvpZaR54_wsphdus28EjltrCLmlrEA8G8aV7ueEb8QyNOLaX4S5ag9DVFaRv5ytlEf8kEAxoDAMbJ86mFF5G12DQDZxK7UHgQ37iXoeCYADFvIjypregZ-ayTAgCg9fusJoZoe5E5NGghK6r-MiYbLjMGXvhqA-ZzrY2mxEn0iy2bctJxS8gPuAWrUFJUpyWnLS-BE&amp;s=1\" target=\"_blank\" rel=\"nofollow\">www.anpad.org.br\/teste<\/a>. Essa p\u00e1gina apresenta, ainda, a lista completa das institui\u00e7\u00f5es usu\u00e1rias, informa\u00e7\u00f5es sobre o conte\u00fado e o formato das provas, procedimentos necess\u00e1rios para inscri\u00e7\u00e3o no teste, bem como hor\u00e1rios e locais de realiza\u00e7\u00e3o das provas. \u00c9 poss\u00edvel tamb\u00e9m adquirir as provas de edi\u00e7\u00f5es anteriores, com os respectivos gabaritos e justificativas das respostas, o que pode ajudar o inscrito a se preparar para o exame.<\/p>\n<p>Mais informa\u00e7\u00f5es podem ser obtidas junto \u00e0 coordena\u00e7\u00e3o do Teste ANPAD pelo e-mail teste@anpad.org.br ou pelo telefone (44) 3020-2322.<\/p>\n<\/div>\n<p style=\"text-align: justify\">\n","protected":false},"excerpt":{"rendered":"<p>Teste ANPAD\u00a0 O Teste ANPAD \u00e9 realizado tr\u00eas vezes ao ano, sempre nos meses de fevereiro, junho e setembro. \u00a0A&#8230;<\/p>\n","protected":false},"author":366,"featured_media":0,"parent":491,"menu_order":1,"comment_status":"open","ping_status":"open","template":"","meta":{"inline_featured_image":false,"site-sidebar-layout":"default","site-content-layout":"","ast-site-content-layout":"default","site-content-style":"default","site-sidebar-style":"default","ast-global-header-display":"","ast-banner-title-visibility":"","ast-main-header-display":"","ast-hfb-above-header-display":"","ast-hfb-below-header-display":"","ast-hfb-mobile-header-display":"","site-post-title":"","ast-breadcrumbs-content":"","ast-featured-img":"","footer-sml-layout":"","theme-transparent-header-meta":"","adv-header-id-meta":"","stick-header-meta":"","header-above-stick-meta":"","header-main-stick-meta":"","header-below-stick-meta":"","astra-migrate-meta-layouts":"default","ast-page-background-enabled":"default","ast-page-background-meta":{"desktop":{"background-color":"var(--ast-global-color-4)","background-image":"","background-repeat":"repeat","background-position":"center center","background-size":"auto","background-attachment":"scroll","background-type":"","background-media":"","overlay-type":"","overlay-color":"","overlay-opacity":"","overlay-gradient":""},"tablet":{"background-color":"","background-image":"","background-repeat":"repeat","background-position":"center center","background-size":"auto","background-attachment":"scroll","background-type":"","background-media":"","overlay-type":"","overlay-color":"","overlay-opacity":"","overlay-gradient":""},"mobile":{"background-color":"","background-image":"","background-repeat":"repeat","background-position":"center center","background-size":"auto","background-attachment":"scroll","background-type":"","background-media":"","overlay-type":"","overlay-color":"","overlay-opacity":"","overlay-gradient":""}},"ast-content-background-meta":{"desktop":{"background-color":"var(--ast-global-color-5)","background-image":"","background-repeat":"repeat","background-position":"center center","background-size":"auto","background-attachment":"scroll","background-type":"","background-media":"","overlay-type":"","overlay-color":"","overlay-opacity":"","overlay-gradient":""},"tablet":{"background-color":"var(--ast-global-color-5)","background-image":"","background-repeat":"repeat","background-position":"center center","background-size":"auto","background-attachment":"scroll","background-type":"","background-media":"","overlay-type":"","overlay-color":"","overlay-opacity":"","overlay-gradient":""},"mobile":{"background-color":"var(--ast-global-color-5)","background-image":"","background-repeat":"repeat","background-position":"center center","background-size":"auto","background-attachment":"scroll","background-type":"","background-media":"","overlay-type":"","overlay-color":"","overlay-opacity":"","overlay-gradient":""}},"ngg_post_thumbnail":0,"footnotes":""},"class_list":["post-494","page","type-page","status-publish","hentry"],"_links":{"self":[{"href":"https:\/\/www2.unifap.br\/administracao\/wp-json\/wp\/v2\/pages\/494","targetHints":{"allow":["GET"]}}],"collection":[{"href":"https:\/\/www2.unifap.br\/administracao\/wp-json\/wp\/v2\/pages"}],"about":[{"href":"https:\/\/www2.unifap.br\/administracao\/wp-json\/wp\/v2\/types\/page"}],"author":[{"embeddable":true,"href":"https:\/\/www2.unifap.br\/administracao\/wp-json\/wp\/v2\/users\/366"}],"replies":[{"embeddable":true,"href":"https:\/\/www2.unifap.br\/administracao\/wp-json\/wp\/v2\/comments?post=494"}],"version-history":[{"count":14,"href":"https:\/\/www2.unifap.br\/administracao\/wp-json\/wp\/v2\/pages\/494\/revisions"}],"predecessor-version":[{"id":931,"href":"https:\/\/www2.unifap.br\/administracao\/wp-json\/wp\/v2\/pages\/494\/revisions\/931"}],"up":[{"embeddable":true,"href":"https:\/\/www2.unifap.br\/administracao\/wp-json\/wp\/v2\/pages\/491"}],"wp:attachment":[{"href":"https:\/\/www2.unifap.br\/administracao\/wp-json\/wp\/v2\/media?parent=494"}],"curies":[{"name":"wp","href":"https:\/\/api.w.org\/{rel}","templated":true}]}}