{"id":5038,"date":"2020-10-19T14:03:28","date_gmt":"2020-10-19T14:03:28","guid":{"rendered":"http:\/\/www2.unifap.br\/administracao\/?page_id=5038"},"modified":"2020-10-19T14:09:31","modified_gmt":"2020-10-19T14:09:31","slug":"periodo-letivo-suplementar-pls-2020-3","status":"publish","type":"page","link":"https:\/\/www2.unifap.br\/administracao\/ensino\/planos-de-ensino\/periodo-letivo-suplementar-pls-2020-3\/","title":{"rendered":"Per\u00edodo Letivo  Suplementar (PLS) \u2013 2020.3"},"content":{"rendered":"<h2 style=\"text-align: center\"><strong>Planos de Ensino<\/strong><\/h2>\n<p>&nbsp;<\/p>\n<h4><strong>Disciplinas ofertadas para o Per\u00edodo Letivo&nbsp; Suplementar (PLS) \u2013 2020.3, nos termos da Resolu\u00e7\u00e3o n \u00ba 14\/2020- CONSU\/UNIFAP<\/strong><\/h4>\n<p>&nbsp;<\/p>\n<p><strong><a href=\"http:\/\/www2.unifap.br\/administracao\/files\/2020\/10\/Administra\u00e7\u00e3o-da-Produ\u00e7\u00e3o.pdf\">Administra\u00e7\u00e3o da Produ\u00e7\u00e3o<\/a><\/strong><\/p>\n<p><strong> <a href=\"http:\/\/www2.unifap.br\/administracao\/files\/2020\/10\/Comportamento-Organizacional.pdf\">Comportamento Organizacional<\/a> <\/strong><\/p>\n<p><strong><a href=\"http:\/\/www2.unifap.br\/administracao\/files\/2020\/10\/Contabilidade-Geral.pdf\">Contabilidade Geral<\/a> <\/strong><\/p>\n<p><strong><a href=\"http:\/\/www2.unifap.br\/administracao\/files\/2020\/10\/Direito-Administrativo.pdf\">Direito Administrativo<\/a> <\/strong><\/p>\n<p><strong><a href=\"http:\/\/www2.unifap.br\/administracao\/files\/2020\/10\/Empreendedorismo.pdf\">Empreendedorismo<\/a> <\/strong><\/p>\n<p><strong><a href=\"http:\/\/www2.unifap.br\/administracao\/files\/2020\/10\/Gest\u00e3o-da-Qualidade.pdf\">Gest\u00e3o da Qualidade<\/a> <\/strong><\/p>\n<p><strong><a href=\"http:\/\/www2.unifap.br\/administracao\/files\/2020\/10\/Inform\u00e1tica-Aplicada.pdf\">Inform\u00e1tica Aplicada<\/a> <\/strong><\/p>\n<p><strong><a href=\"http:\/\/www2.unifap.br\/administracao\/files\/2020\/10\/OSM-Estruturas-Organizacionais.pdf\">OSM Estruturas Organizacionais<\/a> <\/strong><\/p>\n<p><strong><a href=\"http:\/\/www2.unifap.br\/administracao\/files\/2020\/10\/Teoria-da-Administra\u00e7\u00e3o-P\u00fablica.pdf\">Teoria da Administra\u00e7\u00e3o P\u00fablica<\/a><\/strong><\/p>\n<p>&nbsp;<\/p>\n<p>&nbsp;<\/p>\n","protected":false},"excerpt":{"rendered":"<p>Planos de Ensino &nbsp; Disciplinas ofertadas para o Per\u00edodo Letivo&nbsp; Suplementar (PLS) \u2013 2020.3, nos termos da Resolu\u00e7\u00e3o n \u00ba&#8230;<\/p>\n","protected":false},"author":873,"featured_media":0,"parent":274,"menu_order":12,"comment_status":"closed","ping_status":"closed","template":"","meta":{"inline_featured_image":false,"site-sidebar-layout":"default","site-content-layout":"","ast-site-content-layout":"default","site-content-style":"default","site-sidebar-style":"default","ast-global-header-display":"","ast-banner-title-visibility":"","ast-main-header-display":"","ast-hfb-above-header-display":"","ast-hfb-below-header-display":"","ast-hfb-mobile-header-display":"","site-post-title":"","ast-breadcrumbs-content":"","ast-featured-img":"","footer-sml-layout":"","theme-transparent-header-meta":"","adv-header-id-meta":"","stick-header-meta":"","header-above-stick-meta":"","header-main-stick-meta":"","header-below-stick-meta":"","astra-migrate-meta-layouts":"default","ast-page-background-enabled":"default","ast-page-background-meta":{"desktop":{"background-color":"var(--ast-global-color-4)","background-image":"","background-repeat":"repeat","background-position":"center center","background-size":"auto","background-attachment":"scroll","background-type":"","background-media":"","overlay-type":"","overlay-color":"","overlay-opacity":"","overlay-gradient":""},"tablet":{"background-color":"","background-image":"","background-repeat":"repeat","background-position":"center center","background-size":"auto","background-attachment":"scroll","background-type":"","background-media":"","overlay-type":"","overlay-color":"","overlay-opacity":"","overlay-gradient":""},"mobile":{"background-color":"","background-image":"","background-repeat":"repeat","background-position":"center center","background-size":"auto","background-attachment":"scroll","background-type":"","background-media":"","overlay-type":"","overlay-color":"","overlay-opacity":"","overlay-gradient":""}},"ast-content-background-meta":{"desktop":{"background-color":"var(--ast-global-color-5)","background-image":"","background-repeat":"repeat","background-position":"center center","background-size":"auto","background-attachment":"scroll","background-type":"","background-media":"","overlay-type":"","overlay-color":"","overlay-opacity":"","overlay-gradient":""},"tablet":{"background-color":"var(--ast-global-color-5)","background-image":"","background-repeat":"repeat","background-position":"center center","background-size":"auto","background-attachment":"scroll","background-type":"","background-media":"","overlay-type":"","overlay-color":"","overlay-opacity":"","overlay-gradient":""},"mobile":{"background-color":"var(--ast-global-color-5)","background-image":"","background-repeat":"repeat","background-position":"center center","background-size":"auto","background-attachment":"scroll","background-type":"","background-media":"","overlay-type":"","overlay-color":"","overlay-opacity":"","overlay-gradient":""}},"ngg_post_thumbnail":0,"footnotes":""},"class_list":["post-5038","page","type-page","status-publish","hentry"],"_links":{"self":[{"href":"https:\/\/www2.unifap.br\/administracao\/wp-json\/wp\/v2\/pages\/5038","targetHints":{"allow":["GET"]}}],"collection":[{"href":"https:\/\/www2.unifap.br\/administracao\/wp-json\/wp\/v2\/pages"}],"about":[{"href":"https:\/\/www2.unifap.br\/administracao\/wp-json\/wp\/v2\/types\/page"}],"author":[{"embeddable":true,"href":"https:\/\/www2.unifap.br\/administracao\/wp-json\/wp\/v2\/users\/873"}],"replies":[{"embeddable":true,"href":"https:\/\/www2.unifap.br\/administracao\/wp-json\/wp\/v2\/comments?post=5038"}],"version-history":[{"count":3,"href":"https:\/\/www2.unifap.br\/administracao\/wp-json\/wp\/v2\/pages\/5038\/revisions"}],"predecessor-version":[{"id":5050,"href":"https:\/\/www2.unifap.br\/administracao\/wp-json\/wp\/v2\/pages\/5038\/revisions\/5050"}],"up":[{"embeddable":true,"href":"https:\/\/www2.unifap.br\/administracao\/wp-json\/wp\/v2\/pages\/274"}],"wp:attachment":[{"href":"https:\/\/www2.unifap.br\/administracao\/wp-json\/wp\/v2\/media?parent=5038"}],"curies":[{"name":"wp","href":"https:\/\/api.w.org\/{rel}","templated":true}]}}