{"id":510,"date":"2015-09-04T19:07:37","date_gmt":"2015-09-04T19:07:37","guid":{"rendered":"http:\/\/www2.unifap.br\/administracao\/?page_id=510"},"modified":"2016-11-18T18:05:09","modified_gmt":"2016-11-18T18:05:09","slug":"enade-exame-nacional-de-desempenho-de-estudantes","status":"publish","type":"page","link":"https:\/\/www2.unifap.br\/administracao\/ensino\/avaliacao\/enade-exame-nacional-de-desempenho-de-estudantes\/","title":{"rendered":"Enade"},"content":{"rendered":"<p>De acordo com a\u00a0<a href=\"http:\/\/download.inep.gov.br\/educacao_superior\/enade\/legislacao\/2007\/portaria_n40_12122007.pdf\" target=\"_blank\">Portaria Normativa n\u00ba 40 de 12 de dezembro de 2007<\/a>, Art. 33-D, o <strong>Exame Nacional de Desempenho de Estudantes (Enade)<\/strong>, que integra o\u00a0<a href=\"http:\/\/portal.inep.gov.br\/web\/guest\/superior-sinaes\">Sistema Nacional de Avalia\u00e7\u00e3o da Educa\u00e7\u00e3o Superior (Sinaes)<\/a>, tem como objetivo aferir o desempenho dos estudantes em rela\u00e7\u00e3o aos conte\u00fados program\u00e1ticos previstos nas diretrizes curriculares do respectivo curso de gradua\u00e7\u00e3o, e as habilidades e compet\u00eancias em sua forma\u00e7\u00e3o.<\/p>\n<p><strong>Manual do Estudante Enade 2015<\/strong><\/p>\n<p><a href=\"http:\/\/www2.unifap.br\/administracao\/files\/2015\/09\/manual_do_estudante_2015_07_2015.pdf\">manual_do_estudante_2015_07_2015<\/a><\/p>\n<p><strong>Link do\u00a0Portal \u00a0do Exame Nacional de Desempenho de Estudantes &#8211; ENADE<\/strong><\/p>\n<p>O portal do ENADE\/INEP oferece al\u00e9m de outras informa\u00e7\u00f5es com rela\u00e7\u00e3o ao Exame Nacional, o download de provas e gabaritos das edi\u00e7\u00f5es anteriores do ENADE.<\/p>\n<p>Segue o link para mais informa\u00e7\u00f5es.<\/p>\n<p><a style=\"font-size: 2em;line-height: 1.5em\" title=\"ENADE - Portal do Exame Nacional de Desempenho de Estudantes\" href=\"http:\/\/portal.inep.gov.br\/enade\"><span style=\"font-size: 14px;line-height: 1.5em\">http:\/\/portal.inep.gov.br\/enade<\/span><\/a><\/p>\n","protected":false},"excerpt":{"rendered":"<p>De acordo com a\u00a0Portaria Normativa n\u00ba 40 de 12 de dezembro de 2007, Art. 33-D, o Exame Nacional de Desempenho&#8230;<\/p>\n","protected":false},"author":366,"featured_media":0,"parent":1238,"menu_order":0,"comment_status":"open","ping_status":"open","template":"","meta":{"inline_featured_image":false,"site-sidebar-layout":"default","site-content-layout":"","ast-site-content-layout":"default","site-content-style":"default","site-sidebar-style":"default","ast-global-header-display":"","ast-banner-title-visibility":"","ast-main-header-display":"","ast-hfb-above-header-display":"","ast-hfb-below-header-display":"","ast-hfb-mobile-header-display":"","site-post-title":"","ast-breadcrumbs-content":"","ast-featured-img":"","footer-sml-layout":"","theme-transparent-header-meta":"","adv-header-id-meta":"","stick-header-meta":"","header-above-stick-meta":"","header-main-stick-meta":"","header-below-stick-meta":"","astra-migrate-meta-layouts":"default","ast-page-background-enabled":"default","ast-page-background-meta":{"desktop":{"background-color":"var(--ast-global-color-4)","background-image":"","background-repeat":"repeat","background-position":"center center","background-size":"auto","background-attachment":"scroll","background-type":"","background-media":"","overlay-type":"","overlay-color":"","overlay-opacity":"","overlay-gradient":""},"tablet":{"background-color":"","background-image":"","background-repeat":"repeat","background-position":"center center","background-size":"auto","background-attachment":"scroll","background-type":"","background-media":"","overlay-type":"","overlay-color":"","overlay-opacity":"","overlay-gradient":""},"mobile":{"background-color":"","background-image":"","background-repeat":"repeat","background-position":"center center","background-size":"auto","background-attachment":"scroll","background-type":"","background-media":"","overlay-type":"","overlay-color":"","overlay-opacity":"","overlay-gradient":""}},"ast-content-background-meta":{"desktop":{"background-color":"var(--ast-global-color-5)","background-image":"","background-repeat":"repeat","background-position":"center center","background-size":"auto","background-attachment":"scroll","background-type":"","background-media":"","overlay-type":"","overlay-color":"","overlay-opacity":"","overlay-gradient":""},"tablet":{"background-color":"var(--ast-global-color-5)","background-image":"","background-repeat":"repeat","background-position":"center center","background-size":"auto","background-attachment":"scroll","background-type":"","background-media":"","overlay-type":"","overlay-color":"","overlay-opacity":"","overlay-gradient":""},"mobile":{"background-color":"var(--ast-global-color-5)","background-image":"","background-repeat":"repeat","background-position":"center center","background-size":"auto","background-attachment":"scroll","background-type":"","background-media":"","overlay-type":"","overlay-color":"","overlay-opacity":"","overlay-gradient":""}},"ngg_post_thumbnail":0,"footnotes":""},"class_list":["post-510","page","type-page","status-publish","hentry"],"_links":{"self":[{"href":"https:\/\/www2.unifap.br\/administracao\/wp-json\/wp\/v2\/pages\/510","targetHints":{"allow":["GET"]}}],"collection":[{"href":"https:\/\/www2.unifap.br\/administracao\/wp-json\/wp\/v2\/pages"}],"about":[{"href":"https:\/\/www2.unifap.br\/administracao\/wp-json\/wp\/v2\/types\/page"}],"author":[{"embeddable":true,"href":"https:\/\/www2.unifap.br\/administracao\/wp-json\/wp\/v2\/users\/366"}],"replies":[{"embeddable":true,"href":"https:\/\/www2.unifap.br\/administracao\/wp-json\/wp\/v2\/comments?post=510"}],"version-history":[{"count":8,"href":"https:\/\/www2.unifap.br\/administracao\/wp-json\/wp\/v2\/pages\/510\/revisions"}],"predecessor-version":[{"id":2010,"href":"https:\/\/www2.unifap.br\/administracao\/wp-json\/wp\/v2\/pages\/510\/revisions\/2010"}],"up":[{"embeddable":true,"href":"https:\/\/www2.unifap.br\/administracao\/wp-json\/wp\/v2\/pages\/1238"}],"wp:attachment":[{"href":"https:\/\/www2.unifap.br\/administracao\/wp-json\/wp\/v2\/media?parent=510"}],"curies":[{"name":"wp","href":"https:\/\/api.w.org\/{rel}","templated":true}]}}