{"id":5231,"date":"2021-07-01T12:10:32","date_gmt":"2021-07-01T12:10:32","guid":{"rendered":"http:\/\/www2.unifap.br\/administracao\/?page_id=5231"},"modified":"2021-07-07T17:58:24","modified_gmt":"2021-07-07T17:58:24","slug":"2o-semestre-de-2019","status":"publish","type":"page","link":"https:\/\/www2.unifap.br\/administracao\/ensino\/planos-de-ensino\/2o-semestre-de-2019\/","title":{"rendered":"2\u00ba Semestre de 2019"},"content":{"rendered":"<p><strong><a href=\"http:\/\/www2.unifap.br\/administracao\/files\/2021\/07\/PLANO-DE-ENSINO-TRABALHO-DE-CONCLUS\u00c3O-DE-CURSO-I-2019.2.pdf\">PLANO DE ENSINO &#8211; TRABALHO DE CONCLUS\u00c3O DE CURSO I &#8211; 2019.2<\/a><\/strong><\/p>\n<p><strong><a href=\"http:\/\/www2.unifap.br\/administracao\/files\/2021\/07\/PLANO-DE-ENSINO-ADMINISTRA\u00c7\u00c3O-ESTRAT\u00c9GICA-2019-2.pdf\">PLANO DE ENSINO &#8211; ADMINISTRA\u00c7\u00c3O ESTRAT\u00c9GICA &#8211; 2019 2<\/a><\/strong><\/p>\n<p><strong><a href=\"http:\/\/www2.unifap.br\/administracao\/files\/2021\/07\/PLANO-DE-ENSINO-COMPORTAMENTO-ORGANIZACIONAL-2019.2.pdf\">PLANO DE ENSINO &#8211; COMPORTAMENTO ORGANIZACIONAL &#8211; 2019.2<\/a><\/strong><\/p>\n<p><strong><a href=\"http:\/\/www2.unifap.br\/administracao\/files\/2021\/07\/PLANO-DE-ENSINO-OR\u00c7AMENTO-P\u00daBLICO-2019.2.pdf\">PLANO DE ENSINO &#8211; OR\u00c7AMENTO P\u00daBLICO &#8211; 2019.2<\/a><\/strong><\/p>\n<p><strong><a href=\"http:\/\/www2.unifap.br\/administracao\/files\/2021\/07\/PLANO-DE-ENSINO-OSM-PROCESSOS-ORGANIZACIONAIS-2019.2.pdf\">PLANO DE ENSINO &#8211; OSM PROCESSOS ORGANIZACIONAIS &#8211; 2019.2<\/a><\/strong><\/p>\n<p><strong><a href=\"http:\/\/www2.unifap.br\/administracao\/files\/2021\/07\/PLANO-DE-ENSINO-PSICOLOGIA-ORGANIZACIONAL-2019.2.pdf\">PLANO DE ENSINO &#8211; PSICOLOGIA ORGANIZACIONAL &#8211; 2019.2<\/a><\/strong><\/p>\n<p><strong><a href=\"http:\/\/www2.unifap.br\/administracao\/files\/2021\/07\/PLANO-DE-ENSINO-ADMINISTRA\u00c7\u00c3O-MERCADOL\u00d3GICA-2019.2.pdf\">PLANO DE ENSINO &#8211; ADMINISTRA\u00c7\u00c3O MERCADOL\u00d3GICA &#8211; 2019.2<\/a> <\/strong><\/p>\n<p><strong><a href=\"http:\/\/www2.unifap.br\/administracao\/files\/2021\/07\/PLANO-DE-ENSINO-DESENVOLVIMENTO-DE-PESSOAS-2019.2.pdf\">PLANO DE ENSINO &#8211; DESENVOLVIMENTO DE PESSOAS &#8211; 2019.2<\/a> <\/strong><\/p>\n<p><strong><a href=\"http:\/\/www2.unifap.br\/administracao\/files\/2021\/07\/PLANO-DE-ENSINO-EMPREENDEDORISMO-2019.2.pdf\">PLANO DE ENSINO &#8211; EMPREENDEDORISMO-2019.2<\/a> <\/strong><\/p>\n<p><strong><a href=\"http:\/\/www2.unifap.br\/administracao\/files\/2021\/07\/PLANO-DE-ENSINO-\u00c9TICA-EMPRESARIAL-2019.2.pdf\">PLANO DE ENSINO &#8211; \u00c9TICA EMPRESARIAL &#8211; 2019.2<\/a> <\/strong><\/p>\n<p><strong><a href=\"http:\/\/www2.unifap.br\/administracao\/files\/2021\/07\/PLANO-DE-ENSINO-GEST\u00c3O-DA-TECNOLOGIA-E-INOVA\u00c7\u00c3O.pdf\">PLANO DE ENSINO &#8211; GEST\u00c3O DA TECNOLOGIA E INOVA\u00c7\u00c3O<\/a> <\/strong><\/p>\n<p><strong><a href=\"http:\/\/www2.unifap.br\/administracao\/files\/2021\/07\/PLANO-DE-ENSINO-LEGISLA\u00c7\u00c3O-SOCIAL-E-TRABALHISTA-2019.2.pdf\">PLANO DE ENSINO &#8211; LEGISLA\u00c7\u00c3O SOCIAL E TRABALHISTA &#8211; 2019.2<\/a> <\/strong><\/p>\n<p><strong><a href=\"http:\/\/www2.unifap.br\/administracao\/files\/2021\/07\/PLANO-DE-ENSINO-MATEM\u00c1TICA-FINANCEIRA-2019.2-1.pdf\">PLANO DE ENSINO &#8211; MATEM\u00c1TICA FINANCEIRA &#8211; 2019.2<\/a> <\/strong><\/p>\n<p><strong><a href=\"http:\/\/www2.unifap.br\/administracao\/files\/2021\/07\/PLANO-DE-ENSINO-TEORIA-GERAL-DA-ADMINISTRA\u00c7\u00c3O-2019.2.pdf\">PLANO DE ENSINO &#8211; TEORIA GERAL DA ADMINISTRA\u00c7\u00c3O &#8211; 2019.2<\/a> <\/strong><\/p>\n<p><strong><a href=\"http:\/\/www2.unifap.br\/administracao\/files\/2021\/07\/PLANO-DE-ENSINO-TRABALHO-DE-CONCLUS\u00c3O-DE-CURSO-II-2019.2.pdf\">PLANO DE ENSINO &#8211; TRABALHO DE CONCLUS\u00c3O DE CURSO II &#8211; 2019.2<\/a><\/strong><\/p>\n<p>&nbsp;<\/p>\n","protected":false},"excerpt":{"rendered":"<p>PLANO DE ENSINO &#8211; TRABALHO DE CONCLUS\u00c3O DE CURSO I &#8211; 2019.2 PLANO DE ENSINO &#8211; ADMINISTRA\u00c7\u00c3O ESTRAT\u00c9GICA &#8211; 2019&#8230;<\/p>\n","protected":false},"author":873,"featured_media":0,"parent":274,"menu_order":12,"comment_status":"closed","ping_status":"closed","template":"","meta":{"inline_featured_image":false,"site-sidebar-layout":"default","site-content-layout":"","ast-site-content-layout":"default","site-content-style":"default","site-sidebar-style":"default","ast-global-header-display":"","ast-banner-title-visibility":"","ast-main-header-display":"","ast-hfb-above-header-display":"","ast-hfb-below-header-display":"","ast-hfb-mobile-header-display":"","site-post-title":"","ast-breadcrumbs-content":"","ast-featured-img":"","footer-sml-layout":"","theme-transparent-header-meta":"","adv-header-id-meta":"","stick-header-meta":"","header-above-stick-meta":"","header-main-stick-meta":"","header-below-stick-meta":"","astra-migrate-meta-layouts":"default","ast-page-background-enabled":"default","ast-page-background-meta":{"desktop":{"background-color":"var(--ast-global-color-4)","background-image":"","background-repeat":"repeat","background-position":"center center","background-size":"auto","background-attachment":"scroll","background-type":"","background-media":"","overlay-type":"","overlay-color":"","overlay-opacity":"","overlay-gradient":""},"tablet":{"background-color":"","background-image":"","background-repeat":"repeat","background-position":"center center","background-size":"auto","background-attachment":"scroll","background-type":"","background-media":"","overlay-type":"","overlay-color":"","overlay-opacity":"","overlay-gradient":""},"mobile":{"background-color":"","background-image":"","background-repeat":"repeat","background-position":"center center","background-size":"auto","background-attachment":"scroll","background-type":"","background-media":"","overlay-type":"","overlay-color":"","overlay-opacity":"","overlay-gradient":""}},"ast-content-background-meta":{"desktop":{"background-color":"var(--ast-global-color-5)","background-image":"","background-repeat":"repeat","background-position":"center center","background-size":"auto","background-attachment":"scroll","background-type":"","background-media":"","overlay-type":"","overlay-color":"","overlay-opacity":"","overlay-gradient":""},"tablet":{"background-color":"var(--ast-global-color-5)","background-image":"","background-repeat":"repeat","background-position":"center center","background-size":"auto","background-attachment":"scroll","background-type":"","background-media":"","overlay-type":"","overlay-color":"","overlay-opacity":"","overlay-gradient":""},"mobile":{"background-color":"var(--ast-global-color-5)","background-image":"","background-repeat":"repeat","background-position":"center center","background-size":"auto","background-attachment":"scroll","background-type":"","background-media":"","overlay-type":"","overlay-color":"","overlay-opacity":"","overlay-gradient":""}},"ngg_post_thumbnail":0,"footnotes":""},"class_list":["post-5231","page","type-page","status-publish","hentry"],"_links":{"self":[{"href":"https:\/\/www2.unifap.br\/administracao\/wp-json\/wp\/v2\/pages\/5231","targetHints":{"allow":["GET"]}}],"collection":[{"href":"https:\/\/www2.unifap.br\/administracao\/wp-json\/wp\/v2\/pages"}],"about":[{"href":"https:\/\/www2.unifap.br\/administracao\/wp-json\/wp\/v2\/types\/page"}],"author":[{"embeddable":true,"href":"https:\/\/www2.unifap.br\/administracao\/wp-json\/wp\/v2\/users\/873"}],"replies":[{"embeddable":true,"href":"https:\/\/www2.unifap.br\/administracao\/wp-json\/wp\/v2\/comments?post=5231"}],"version-history":[{"count":4,"href":"https:\/\/www2.unifap.br\/administracao\/wp-json\/wp\/v2\/pages\/5231\/revisions"}],"predecessor-version":[{"id":5240,"href":"https:\/\/www2.unifap.br\/administracao\/wp-json\/wp\/v2\/pages\/5231\/revisions\/5240"}],"up":[{"embeddable":true,"href":"https:\/\/www2.unifap.br\/administracao\/wp-json\/wp\/v2\/pages\/274"}],"wp:attachment":[{"href":"https:\/\/www2.unifap.br\/administracao\/wp-json\/wp\/v2\/media?parent=5231"}],"curies":[{"name":"wp","href":"https:\/\/api.w.org\/{rel}","templated":true}]}}