{"id":5242,"date":"2021-07-01T12:46:29","date_gmt":"2021-07-01T12:46:29","guid":{"rendered":"http:\/\/www2.unifap.br\/administracao\/?page_id=5242"},"modified":"2021-07-14T14:24:00","modified_gmt":"2021-07-14T14:24:00","slug":"1o-semestre-de-2020","status":"publish","type":"page","link":"https:\/\/www2.unifap.br\/administracao\/ensino\/planos-de-ensino\/1o-semestre-de-2020\/","title":{"rendered":"1\u00ba Semestre de 2020"},"content":{"rendered":"<p><strong><a href=\"http:\/\/www2.unifap.br\/administracao\/files\/2021\/07\/PLANO-DE-ENSINO-ADMINISTRA\u00c7\u00c3O-FINANCEIRA-I-2021.1.pdf\">PLANO DE ENSINO &#8211; ADMINISTRA\u00c7\u00c3O FINANCEIRA I &#8211; 2021.1<\/a> <\/strong><\/p>\n<p><strong><a href=\"http:\/\/www2.unifap.br\/administracao\/files\/2021\/07\/PLANO-DE-ENSINO-ADMINISTRA\u00c7\u00c3O-DE-RECURSOS-MATERIAIS-E-PATRIMONIAIS-2020.1.pdf\">PLANO DE ENSINO &#8211; ADMINISTRA\u00c7\u00c3O DE RECURSOS MATERIAIS E PATRIMONIAIS -2020.1<\/a> <\/strong><\/p>\n<p><strong><a href=\"http:\/\/www2.unifap.br\/administracao\/files\/2021\/07\/PLANO-DE-ENSINO-ADMINISTRAC\u0327A\u0303O-ESTRATE\u0301GICA-2020.1.pdf\">PLANO DE ENSINO &#8211; ADMINISTRAC\u0327A\u0303O ESTRATE\u0301GICA &#8211; 2020.1<\/a> <\/strong><\/p>\n<p><strong><a href=\"http:\/\/www2.unifap.br\/administracao\/files\/2021\/07\/PLANO-DE-ENSINO-ADMINISTRA\u00c7\u00c3O-MERCADOL\u00d3GICA-2020.1.pdf\">PLANO DE ENSINO &#8211; ADMINISTRA\u00c7\u00c3O MERCADOL\u00d3GICA &#8211; 2020.1<\/a> <\/strong><\/p>\n<p><strong><a href=\"http:\/\/www2.unifap.br\/administracao\/files\/2021\/07\/PLANO-DE-ENSINO-COMPORTAMENTO-ORGANIZACIONAL-2020.1.pdf\">PLANO DE ENSINO &#8211; COMPORTAMENTO ORGANIZACIONAL &#8211; 2020.1<\/a> <\/strong><\/p>\n<p><strong><a href=\"http:\/\/www2.unifap.br\/administracao\/files\/2021\/07\/PLANO-DE-ENSINO-COMUNICA\u00c7\u00c3O-EMPRESARIAL-2020.1.pdf\">PLANO DE ENSINO &#8211; COMUNICA\u00c7\u00c3O EMPRESARIAL &#8211; 2020.1<\/a> <\/strong><\/p>\n<p><strong><a href=\"http:\/\/www2.unifap.br\/administracao\/files\/2021\/07\/PLANO-DE-ENSINO-CONTABILIDADE-GERAL-2021.pdf\">PLANO DE ENSINO &#8211; CONTABILIDADE GERAL &#8211; 2021<\/a> <\/strong><\/p>\n<p><strong><a href=\"http:\/\/www2.unifap.br\/administracao\/files\/2021\/07\/PLANO-DE-ENSINO-\u00c9TICA-PROFISSIONAL-E-EMPRESARIAL-2020.1.pdf\">PLANO DE ENSINO &#8211; \u00c9TICA PROFISSIONAL E EMPRESARIAL &#8211; 2020.1<\/a> <\/strong><\/p>\n<p><strong><a href=\"http:\/\/www2.unifap.br\/administracao\/files\/2021\/07\/PLANO-DE-ENSINO-GEST\u00c3O-AMBIENTAL-2020.1.pdf\">PLANO DE ENSINO &#8211; GEST\u00c3O AMBIENTAL &#8211; 2020.1<\/a> <\/strong><\/p>\n<p><strong><a href=\"http:\/\/www2.unifap.br\/administracao\/files\/2021\/07\/PLANO-DE-ENSINO-GEST\u00c3O-DE-NEG\u00d3CIOS-2020.1.pdf\">PLANO DE ENSINO &#8211; GEST\u00c3O DE NEG\u00d3CIOS- 2020.1<\/a> <\/strong><\/p>\n<p><strong><a href=\"http:\/\/www2.unifap.br\/administracao\/files\/2021\/07\/PLANO-DE-ENSINO-GEST\u00c3O-E-PLANEJAMENTO-TRIBUT\u00c1RIO-2020.1.pdf\">PLANO DE ENSINO &#8211; GEST\u00c3O E PLANEJAMENTO TRIBUT\u00c1RIO -2020.1<\/a> <\/strong><\/p>\n<p><strong><a href=\"http:\/\/www2.unifap.br\/administracao\/files\/2021\/07\/PLANO-DE-ENSINO-INTRODU\u00c7\u00c3O-\u00c0-ADMINISTRA\u00c7\u00c3O-2020.1.pdf\">PLANO DE ENSINO &#8211; INTRODU\u00c7\u00c3O \u00c0 ADMINISTRA\u00c7\u00c3O &#8211; 2020.1<\/a> <\/strong><\/p>\n<p><strong><a href=\"http:\/\/www2.unifap.br\/administracao\/files\/2021\/07\/PLANO-DE-ENSINO-LOGI\u0301STICA-EMPRESARIAL-2020.1.pdf\">PLANO DE ENSINO &#8211; LOGI\u0301STICA EMPRESARIAL &#8211; 2020.1<\/a> <\/strong><\/p>\n<p><strong><a href=\"http:\/\/www2.unifap.br\/administracao\/files\/2021\/07\/PLANO-DE-ENSINO-METODOLOGIA-DA-PESQUISA-EM-ADMINISTRA\u00c7\u00c3O-2020.1.pdf\">PLANO DE ENSINO &#8211; METODOLOGIA DA PESQUISA EM ADMINISTRA\u00c7\u00c3O &#8211; 2020.1<\/a> <\/strong><\/p>\n<p><strong><a href=\"http:\/\/www2.unifap.br\/administracao\/files\/2021\/07\/PLANO-DE-ENSINO-OSM-PROCESSOS-ORGANIZACIONAIS-2020.1.pdf\">PLANO DE ENSINO &#8211; OSM PROCESSOS ORGANIZACIONAIS -2020.1<\/a> <\/strong><\/p>\n<p><strong><a href=\"http:\/\/www2.unifap.br\/administracao\/files\/2021\/07\/PLANO-DE-ENSINO-OSM-PROCESSOS-ORGANIZACIONAIS-2020.1-1.pdf\">PLANO DE ENSINO &#8211; OSM-PROCESSOS ORGANIZACIONAIS -2020.1<\/a> <\/strong><\/p>\n<p><strong><a href=\"http:\/\/www2.unifap.br\/administracao\/files\/2021\/07\/PLANO-DE-ENSINO-PLANEJAMENTO-E-GEST\u00c3O-NA-ADMINISTRA\u00c7\u00c3O-P\u00daBLICA-2020.1.pdf\">PLANO DE ENSINO &#8211; PLANEJAMENTO E GEST\u00c3O NA ADMINISTRA\u00c7\u00c3O P\u00daBLICA &#8211; 2020.1<\/a> <\/strong><\/p>\n<p><strong><a href=\"http:\/\/www2.unifap.br\/administracao\/files\/2021\/07\/PLANO-DE-ENSINO-SISTEMA-DE-GEST\u00c3O-INTEGRADO-2020.1.pdf\">PLANO DE ENSINO &#8211; SISTEMA DE GEST\u00c3O INTEGRADO -2020.1<\/a> <\/strong><\/p>\n<p><strong><a href=\"http:\/\/www2.unifap.br\/administracao\/files\/2021\/07\/PLANO-DE-ENSINO-SOCIOLOGIA-DAS-ORGANIZA\u00c7\u00d5ES-2020.1.pdf\">PLANO DE ENSINO &#8211; SOCIOLOGIA DAS ORGANIZA\u00c7\u00d5ES &#8211; 2020.1<\/a><\/strong><\/p>\n<p><strong><a href=\"http:\/\/www2.unifap.br\/administracao\/files\/2021\/07\/PLANO-DE-ENSINO-INGL\u00caS-INSTRUMENTAL-2020.1.pdf\">PLANO DE ENSINO &#8211; INGL\u00caS INSTRUMENTAL &#8211; 2020.1<\/a><\/strong><\/p>\n","protected":false},"excerpt":{"rendered":"<p>PLANO DE ENSINO &#8211; ADMINISTRA\u00c7\u00c3O FINANCEIRA I &#8211; 2021.1 PLANO DE ENSINO &#8211; ADMINISTRA\u00c7\u00c3O DE RECURSOS MATERIAIS E PATRIMONIAIS -2020.1&#8230;<\/p>\n","protected":false},"author":873,"featured_media":0,"parent":274,"menu_order":14,"comment_status":"closed","ping_status":"closed","template":"","meta":{"inline_featured_image":false,"site-sidebar-layout":"default","site-content-layout":"","ast-site-content-layout":"default","site-content-style":"default","site-sidebar-style":"default","ast-global-header-display":"","ast-banner-title-visibility":"","ast-main-header-display":"","ast-hfb-above-header-display":"","ast-hfb-below-header-display":"","ast-hfb-mobile-header-display":"","site-post-title":"","ast-breadcrumbs-content":"","ast-featured-img":"","footer-sml-layout":"","theme-transparent-header-meta":"","adv-header-id-meta":"","stick-header-meta":"","header-above-stick-meta":"","header-main-stick-meta":"","header-below-stick-meta":"","astra-migrate-meta-layouts":"default","ast-page-background-enabled":"default","ast-page-background-meta":{"desktop":{"background-color":"var(--ast-global-color-4)","background-image":"","background-repeat":"repeat","background-position":"center center","background-size":"auto","background-attachment":"scroll","background-type":"","background-media":"","overlay-type":"","overlay-color":"","overlay-opacity":"","overlay-gradient":""},"tablet":{"background-color":"","background-image":"","background-repeat":"repeat","background-position":"center center","background-size":"auto","background-attachment":"scroll","background-type":"","background-media":"","overlay-type":"","overlay-color":"","overlay-opacity":"","overlay-gradient":""},"mobile":{"background-color":"","background-image":"","background-repeat":"repeat","background-position":"center center","background-size":"auto","background-attachment":"scroll","background-type":"","background-media":"","overlay-type":"","overlay-color":"","overlay-opacity":"","overlay-gradient":""}},"ast-content-background-meta":{"desktop":{"background-color":"var(--ast-global-color-5)","background-image":"","background-repeat":"repeat","background-position":"center center","background-size":"auto","background-attachment":"scroll","background-type":"","background-media":"","overlay-type":"","overlay-color":"","overlay-opacity":"","overlay-gradient":""},"tablet":{"background-color":"var(--ast-global-color-5)","background-image":"","background-repeat":"repeat","background-position":"center center","background-size":"auto","background-attachment":"scroll","background-type":"","background-media":"","overlay-type":"","overlay-color":"","overlay-opacity":"","overlay-gradient":""},"mobile":{"background-color":"var(--ast-global-color-5)","background-image":"","background-repeat":"repeat","background-position":"center center","background-size":"auto","background-attachment":"scroll","background-type":"","background-media":"","overlay-type":"","overlay-color":"","overlay-opacity":"","overlay-gradient":""}},"ngg_post_thumbnail":0,"footnotes":""},"class_list":["post-5242","page","type-page","status-publish","hentry"],"_links":{"self":[{"href":"https:\/\/www2.unifap.br\/administracao\/wp-json\/wp\/v2\/pages\/5242","targetHints":{"allow":["GET"]}}],"collection":[{"href":"https:\/\/www2.unifap.br\/administracao\/wp-json\/wp\/v2\/pages"}],"about":[{"href":"https:\/\/www2.unifap.br\/administracao\/wp-json\/wp\/v2\/types\/page"}],"author":[{"embeddable":true,"href":"https:\/\/www2.unifap.br\/administracao\/wp-json\/wp\/v2\/users\/873"}],"replies":[{"embeddable":true,"href":"https:\/\/www2.unifap.br\/administracao\/wp-json\/wp\/v2\/comments?post=5242"}],"version-history":[{"count":3,"href":"https:\/\/www2.unifap.br\/administracao\/wp-json\/wp\/v2\/pages\/5242\/revisions"}],"predecessor-version":[{"id":5284,"href":"https:\/\/www2.unifap.br\/administracao\/wp-json\/wp\/v2\/pages\/5242\/revisions\/5284"}],"up":[{"embeddable":true,"href":"https:\/\/www2.unifap.br\/administracao\/wp-json\/wp\/v2\/pages\/274"}],"wp:attachment":[{"href":"https:\/\/www2.unifap.br\/administracao\/wp-json\/wp\/v2\/media?parent=5242"}],"curies":[{"name":"wp","href":"https:\/\/api.w.org\/{rel}","templated":true}]}}