{"id":5285,"date":"2021-07-14T14:29:37","date_gmt":"2021-07-14T14:29:37","guid":{"rendered":"http:\/\/www2.unifap.br\/administracao\/?page_id=5285"},"modified":"2021-07-20T19:50:10","modified_gmt":"2021-07-20T19:50:10","slug":"2o-semestre-2020-2","status":"publish","type":"page","link":"https:\/\/www2.unifap.br\/administracao\/ensino\/planos-de-ensino\/2o-semestre-2020-2\/","title":{"rendered":"2\u00ba semestre 2020.2"},"content":{"rendered":"<p><strong><a href=\"http:\/\/www2.unifap.br\/administracao\/files\/2021\/07\/PLANO-DE-ENSINO-ADMINISTRA\u00c7\u00c3O-ESTRAT\u00c9GICA-DE-SERVI\u00c7OS-2020.2.pdf\">PLANO DE ENSINO &#8211; ADMINISTRA\u00c7\u00c3O ESTRAT\u00c9GICA DE SERVI\u00c7OS &#8211; 2020.2<\/a> <\/strong><\/p>\n<p><strong><a href=\"http:\/\/www2.unifap.br\/administracao\/files\/2021\/07\/PLANO-DE-ENSINO-ADMINISTRA\u00c7\u00c3O-MERCADOL\u00d3GICA-2020.2.pdf\">PLANO DE ENSINO &#8211; ADMINISTRA\u00c7\u00c3O MERCADOL\u00d3GICA &#8211; 2020.2<\/a> <\/strong><\/p>\n<p><strong><a href=\"http:\/\/www2.unifap.br\/administracao\/files\/2021\/07\/PLANO-DE-ENSINO-DESENVOLVIMENTO-DE-PESSOAS-2020.2.pdf\">PLANO DE ENSINO &#8211; DESENVOLVIMENTO DE PESSOAS &#8211; 2020.2<\/a> <\/strong><\/p>\n<p><strong><a href=\"http:\/\/www2.unifap.br\/administracao\/files\/2021\/07\/PLANO-DE-ENSINO-ESTAT\u00cdSTICA-APLICADA-2020.2.pdf\">PLANO DE ENSINO &#8211; ESTAT\u00cdSTICA APLICADA- 2020.2<\/a> <\/strong><\/p>\n<p><strong><a href=\"http:\/\/www2.unifap.br\/administracao\/files\/2021\/07\/PLANO-DE-ENSINO-\u00c9TICA-PROFISSIONAL-E-EMPRESARIAL-2020.2.pdf\">PLANO DE ENSINO &#8211; \u00c9TICA PROFISSIONAL E EMPRESARIAL &#8211; 2020.2<\/a> <\/strong><\/p>\n<p><strong><a href=\"http:\/\/www2.unifap.br\/administracao\/files\/2021\/07\/PLANO-DE-ENSINO-GEST\u00c3O-DA-QUALIDADE-2020.2.pdf\">PLANO DE ENSINO &#8211; GEST\u00c3O DA QUALIDADE &#8211; 2020.2<\/a> <\/strong><\/p>\n<p><strong><a href=\"http:\/\/www2.unifap.br\/administracao\/files\/2021\/07\/PLANO-DE-ENSINO-GEST\u00c3O-DA-TECNOLOGIA-E-INOVA\u00c7\u00c3O-2020.2.pdf\">PLANO DE ENSINO &#8211; GEST\u00c3O DA TECNOLOGIA E INOVA\u00c7\u00c3O -2020.2<\/a> <\/strong><\/p>\n<p><strong><a href=\"http:\/\/www2.unifap.br\/administracao\/files\/2021\/07\/PLANO-DE-ENSINO-GESTA\u0303O-DE-PROJETOS-2020.2.pdf\">PLANO DE ENSINO &#8211; GESTA\u0303O DE PROJETOS &#8211; 2020.2<\/a> <\/strong><\/p>\n<p><strong><a href=\"http:\/\/www2.unifap.br\/administracao\/files\/2021\/07\/PLANO-DE-ENSINO-GOVERNAN\u00c7A-CORPORATIVA-2020.2.pdf\">PLANO DE ENSINO &#8211; GOVERNAN\u00c7A CORPORATIVA &#8211; 2020.2<\/a> <\/strong><\/p>\n<p><strong><a href=\"http:\/\/www2.unifap.br\/administracao\/files\/2021\/07\/PLANO-DE-ENSINO-INGL\u00caS-INSTRUMENTAL-2020.2.pdf\">PLANO DE ENSINO &#8211; INGL\u00caS INSTRUMENTAL &#8211; 2020.2<\/a> <\/strong><\/p>\n<p><strong><a href=\"http:\/\/www2.unifap.br\/administracao\/files\/2021\/07\/PLANO-DE-ENSINO-PSICOLOGIA-ORGANIZACIONAL-2020.2.pdf\">PLANO DE ENSINO &#8211; PSICOLOGIA ORGANIZACIONAL &#8211; 2020.2<\/a> <\/strong><\/p>\n<p><strong><a href=\"http:\/\/www2.unifap.br\/administracao\/files\/2021\/07\/PLANO-DE-ENSINO-SISTEMA-INTEGRADO-DE-GEST\u00c3O-2020.2.pdf\">PLANO DE ENSINO &#8211; SISTEMA INTEGRADO DE GEST\u00c3O &#8211; 2020.2<\/a> <\/strong><\/p>\n<p><strong><a href=\"http:\/\/www2.unifap.br\/administracao\/files\/2021\/07\/PLANO-DE-ENSINO-SUSTENTABILIDADE-EMPRESARIAL-2020.2.pdf\">PLANO DE ENSINO &#8211; SUSTENTABILIDADE EMPRESARIAL &#8211; 2020.2<\/a> <\/strong><\/p>\n<p><strong><a href=\"http:\/\/www2.unifap.br\/administracao\/files\/2021\/07\/PLANO-DE-ENSINO-TRABALHO-DE-CONCLUS\u00c3O-DE-CURSO-I-2020.2.pdf\">PLANO DE ENSINO &#8211; TRABALHO DE CONCLUS\u00c3O DE CURSO I &#8211; 2020.2<\/a><\/strong><\/p>\n<p><strong><a href=\"http:\/\/www2.unifap.br\/administracao\/files\/2021\/07\/PLANO-DE-ENSINO-ADMINISTRA\u00c7\u00c3O-DO-TERCEIRO-SETOR-2020.2.pdf\">PLANO DE ENSINO ADMINISTRA\u00c7\u00c3O DO TERCEIRO SETOR &#8211; 2020.2<\/a> <\/strong><\/p>\n<p><strong><a href=\"http:\/\/www2.unifap.br\/administracao\/files\/2021\/07\/PLANO-DE-ENSINO-INSTITUI\u00c7\u00d5ES-DO-DIREITO-P\u00daBLICO-E-PRIVADO-2020.2.pdf\">PLANO DE ENSINO INSTITUI\u00c7\u00d5ES DO DIREITO P\u00daBLICO E PRIVADO &#8211; 2020.2<\/a><\/strong><\/p>\n<p><strong><a href=\"http:\/\/www2.unifap.br\/administracao\/files\/2021\/07\/PLANO-DE-ENSINO-ECONOMIA-E-MERCADO-2020.2.pdf\">PLANO DE ENSINO &#8211; ECONOMIA E MERCADO &#8211; 2020.2<\/a> <\/strong><\/p>\n<p><strong><a href=\"http:\/\/www2.unifap.br\/administracao\/files\/2021\/07\/PLANO-DE-ENSINO-TEORIA-GERAL-DA-ADMINISTRA\u00c7\u00c3O-2020.2.pdf\">PLANO DE ENSINO &#8211; TEORIA GERAL DA ADMINISTRA\u00c7\u00c3O &#8211; 2020.2<\/a> <\/strong><\/p>\n<p><strong><a href=\"http:\/\/www2.unifap.br\/administracao\/files\/2021\/07\/PLANO-DE-ENSINO-TRABALHO-DE-CONCLUS\u00c3O-DE-CURSO-II-2020.2.pdf\">PLANO DE ENSINO &#8211; TRABALHO DE CONCLUS\u00c3O DE CURSO II &#8211; 2020.2<\/a><\/strong><\/p>\n","protected":false},"excerpt":{"rendered":"<p>PLANO DE ENSINO &#8211; ADMINISTRA\u00c7\u00c3O ESTRAT\u00c9GICA DE SERVI\u00c7OS &#8211; 2020.2 PLANO DE ENSINO &#8211; ADMINISTRA\u00c7\u00c3O MERCADOL\u00d3GICA &#8211; 2020.2 PLANO DE&#8230;<\/p>\n","protected":false},"author":873,"featured_media":0,"parent":274,"menu_order":15,"comment_status":"closed","ping_status":"closed","template":"","meta":{"inline_featured_image":false,"site-sidebar-layout":"default","site-content-layout":"","ast-site-content-layout":"default","site-content-style":"default","site-sidebar-style":"default","ast-global-header-display":"","ast-banner-title-visibility":"","ast-main-header-display":"","ast-hfb-above-header-display":"","ast-hfb-below-header-display":"","ast-hfb-mobile-header-display":"","site-post-title":"","ast-breadcrumbs-content":"","ast-featured-img":"","footer-sml-layout":"","theme-transparent-header-meta":"","adv-header-id-meta":"","stick-header-meta":"","header-above-stick-meta":"","header-main-stick-meta":"","header-below-stick-meta":"","astra-migrate-meta-layouts":"default","ast-page-background-enabled":"default","ast-page-background-meta":{"desktop":{"background-color":"var(--ast-global-color-4)","background-image":"","background-repeat":"repeat","background-position":"center center","background-size":"auto","background-attachment":"scroll","background-type":"","background-media":"","overlay-type":"","overlay-color":"","overlay-opacity":"","overlay-gradient":""},"tablet":{"background-color":"","background-image":"","background-repeat":"repeat","background-position":"center center","background-size":"auto","background-attachment":"scroll","background-type":"","background-media":"","overlay-type":"","overlay-color":"","overlay-opacity":"","overlay-gradient":""},"mobile":{"background-color":"","background-image":"","background-repeat":"repeat","background-position":"center center","background-size":"auto","background-attachment":"scroll","background-type":"","background-media":"","overlay-type":"","overlay-color":"","overlay-opacity":"","overlay-gradient":""}},"ast-content-background-meta":{"desktop":{"background-color":"var(--ast-global-color-5)","background-image":"","background-repeat":"repeat","background-position":"center center","background-size":"auto","background-attachment":"scroll","background-type":"","background-media":"","overlay-type":"","overlay-color":"","overlay-opacity":"","overlay-gradient":""},"tablet":{"background-color":"var(--ast-global-color-5)","background-image":"","background-repeat":"repeat","background-position":"center center","background-size":"auto","background-attachment":"scroll","background-type":"","background-media":"","overlay-type":"","overlay-color":"","overlay-opacity":"","overlay-gradient":""},"mobile":{"background-color":"var(--ast-global-color-5)","background-image":"","background-repeat":"repeat","background-position":"center center","background-size":"auto","background-attachment":"scroll","background-type":"","background-media":"","overlay-type":"","overlay-color":"","overlay-opacity":"","overlay-gradient":""}},"ngg_post_thumbnail":0,"footnotes":""},"class_list":["post-5285","page","type-page","status-publish","hentry"],"_links":{"self":[{"href":"https:\/\/www2.unifap.br\/administracao\/wp-json\/wp\/v2\/pages\/5285","targetHints":{"allow":["GET"]}}],"collection":[{"href":"https:\/\/www2.unifap.br\/administracao\/wp-json\/wp\/v2\/pages"}],"about":[{"href":"https:\/\/www2.unifap.br\/administracao\/wp-json\/wp\/v2\/types\/page"}],"author":[{"embeddable":true,"href":"https:\/\/www2.unifap.br\/administracao\/wp-json\/wp\/v2\/users\/873"}],"replies":[{"embeddable":true,"href":"https:\/\/www2.unifap.br\/administracao\/wp-json\/wp\/v2\/comments?post=5285"}],"version-history":[{"count":4,"href":"https:\/\/www2.unifap.br\/administracao\/wp-json\/wp\/v2\/pages\/5285\/revisions"}],"predecessor-version":[{"id":5309,"href":"https:\/\/www2.unifap.br\/administracao\/wp-json\/wp\/v2\/pages\/5285\/revisions\/5309"}],"up":[{"embeddable":true,"href":"https:\/\/www2.unifap.br\/administracao\/wp-json\/wp\/v2\/pages\/274"}],"wp:attachment":[{"href":"https:\/\/www2.unifap.br\/administracao\/wp-json\/wp\/v2\/media?parent=5285"}],"curies":[{"name":"wp","href":"https:\/\/api.w.org\/{rel}","templated":true}]}}