{"id":5421,"date":"2021-12-13T14:29:05","date_gmt":"2021-12-13T14:29:05","guid":{"rendered":"http:\/\/www2.unifap.br\/administracao\/?page_id=5421"},"modified":"2021-12-27T20:36:18","modified_gmt":"2021-12-27T20:36:18","slug":"1o-semestre-2021-1","status":"publish","type":"page","link":"https:\/\/www2.unifap.br\/administracao\/ensino\/planos-de-ensino\/1o-semestre-2021-1\/","title":{"rendered":"1\u00ba semestre 2021.1"},"content":{"rendered":"<p><strong><a href=\"http:\/\/www2.unifap.br\/administracao\/files\/2021\/12\/PLANO-DE-ENSINO_ADMINISTRA\u00c7\u00c3O-DA-PRODU\u00c7\u00c3O_2021.1.pdf\">PLANO DE ENSINO_ADMINISTRA\u00c7\u00c3O DA PRODU\u00c7\u00c3O_2021.1<\/a><\/strong><\/p>\n<p><strong> <a href=\"http:\/\/www2.unifap.br\/administracao\/files\/2021\/12\/PLANO-DE-ENSINO_CONTABILIDADE-GERAL_2021.1.pdf\">PLANO DE ENSINO_CONTABILIDADE GERAL_2021.1<\/a><\/strong><\/p>\n<p><strong> <a href=\"http:\/\/www2.unifap.br\/administracao\/files\/2021\/12\/PLANO-DE-ENSINO_DIREITO-ADMINISTRATIVO_2021.1.pdf\">PLANO DE ENSINO_DIREITO ADMINISTRATIVO_2021.1<\/a><\/strong><\/p>\n<p><strong> <a href=\"http:\/\/www2.unifap.br\/administracao\/files\/2021\/12\/PLANO-DE-ENSINO_GEST\u00c3O-AMBIENTAL_2021.1.pdf\">PLANO DE ENSINO_GEST\u00c3O AMBIENTAL_2021.1<\/a><\/strong><\/p>\n<p><strong> <a href=\"http:\/\/www2.unifap.br\/administracao\/files\/2021\/12\/PLANO-DE-ENSINO_GESTA\u0303O-DE-PROJETOS_2021.1.pdf\">PLANO DE ENSINO_GESTA\u0303O DE PROJETOS_2021.1<\/a><\/strong><\/p>\n<p><strong> <a href=\"http:\/\/www2.unifap.br\/administracao\/files\/2021\/12\/PLANO-DE-ENSINO_INFORM\u00c1TICA-APLICADA_2021.1.pdf\">PLANO DE ENSINO_INFORM\u00c1TICA APLICADA_2021.1<\/a><\/strong><\/p>\n<p><strong><a href=\"http:\/\/www2.unifap.br\/administracao\/files\/2021\/12\/PLANO-DE-ENSINO_COMUNICA\u00c7\u00c3O-EMPRESARIAL_2021.1.pdf\">PLANO DE ENSINO_COMUNICA\u00c7\u00c3O EMPRESARIAL_2021.1<\/a><\/strong><\/p>\n<p><strong> <a href=\"http:\/\/www2.unifap.br\/administracao\/files\/2021\/12\/PLANO-DE-ENSINO_GEST\u00c3O-DA-QUALIDADE_2021.1.pdf\">PLANO DE ENSINO_GEST\u00c3O DA QUALIDADE_2021.1<\/a><\/strong><\/p>\n<p><strong><a href=\"http:\/\/www2.unifap.br\/administracao\/files\/2021\/12\/PLANO-DE-ENSINO_LEGISLA\u00c7\u00c3O-SOCIAL-E-TRABALHISTA_2021.pdf\">PLANO DE ENSINO_LEGISLA\u00c7\u00c3O SOCIAL E TRABALHISTA_2021<\/a> <\/strong><\/p>\n<p><strong><a href=\"http:\/\/www2.unifap.br\/administracao\/files\/2021\/12\/PLANO-DE-ENSINO_NEGOCIA\u00c7\u00c3O-E-RESOLU\u00c7\u00c3O-DE-CONFLITOS_2021.pdf\">PLANO DE ENSINO_NEGOCIA\u00c7\u00c3O E RESOLU\u00c7\u00c3O DE CONFLITOS_2021<\/a><\/strong><\/p>\n<p><strong> <a href=\"http:\/\/www2.unifap.br\/administracao\/files\/2021\/12\/PLANO-DE-ENSINO_TEORIA-DA-ADMINISTRA\u00c7\u00c3O-P\u00daBLICA_2021.pdf\">PLANO DE ENSINO_TEORIA DA ADMINISTRA\u00c7\u00c3O P\u00daBLICA_2021<\/a><\/strong><\/p>\n<p><strong><a href=\"http:\/\/www2.unifap.br\/administracao\/files\/2021\/12\/PLANO-DE-ENSINO_OSM-ESTRUTURAS-ORGANIZACIONAIS_2021.1.pdf\">PLANO DE ENSINO_OSM-ESTRUTURAS ORGANIZACIONAIS_2021.1<\/a> <\/strong><\/p>\n<p><strong><a href=\"http:\/\/www2.unifap.br\/administracao\/files\/2021\/12\/PLANOS-DE-ENSINO_ESTAT\u00cdSTICA-APLICADA-\u00c0-ADMINISTRA\u00c7\u00c3O_2021.1.pdf\">PLANOS DE ENSINO_ESTAT\u00cdSTICA APLICADA \u00c0 ADMINISTRA\u00c7\u00c3O_2021.1<\/a><\/strong><\/p>\n<p><strong><a href=\"http:\/\/www2.unifap.br\/administracao\/files\/2021\/12\/PLANO-DE-ENSINO_FUNDAMENTOS-DE-GEST\u00c3O-DE-PESSOAS_2021.1.pdf\">PLANO DE ENSINO_FUNDAMENTOS DE GEST\u00c3O DE PESSOAS_2021.1<\/a> <\/strong><\/p>\n<p><strong><a href=\"http:\/\/www2.unifap.br\/administracao\/files\/2021\/12\/PLANO-DE-ENSINO_METODOLOGIA-DA-PESQUISA-EM-ADMINISTRA\u00c7\u00c3O_2021.1.pdf\">PLANO DE ENSINO_METODOLOGIA DA PESQUISA EM ADMINISTRA\u00c7\u00c3O_2021.1<\/a><\/strong><\/p>\n<p><strong><a href=\"http:\/\/www2.unifap.br\/administracao\/files\/2021\/12\/PLANO-DE-ENSINO_EMPREENDEDORISMO_2021.1.pdf\">PLANO DE ENSINO_EMPREENDEDORISMO_2021.1<\/a> <\/strong><\/p>\n<p><strong><a href=\"http:\/\/www2.unifap.br\/administracao\/files\/2021\/12\/PLANO-DE-ENSINO_INTRODU\u00c7\u00c3O-\u00c0-ADMINISTRA\u00c7\u00c3O_2021.1.pdf\">PLANO DE ENSINO_INTRODU\u00c7\u00c3O \u00c0 ADMINISTRA\u00c7\u00c3O_2021.1<\/a><\/strong><\/p>\n","protected":false},"excerpt":{"rendered":"<p>PLANO DE ENSINO_ADMINISTRA\u00c7\u00c3O DA PRODU\u00c7\u00c3O_2021.1 PLANO DE ENSINO_CONTABILIDADE GERAL_2021.1 PLANO DE ENSINO_DIREITO ADMINISTRATIVO_2021.1 PLANO DE ENSINO_GEST\u00c3O AMBIENTAL_2021.1 PLANO DE ENSINO_GESTA\u0303O&#8230;<\/p>\n","protected":false},"author":873,"featured_media":0,"parent":274,"menu_order":16,"comment_status":"closed","ping_status":"closed","template":"","meta":{"inline_featured_image":false,"site-sidebar-layout":"default","site-content-layout":"","ast-site-content-layout":"default","site-content-style":"default","site-sidebar-style":"default","ast-global-header-display":"","ast-banner-title-visibility":"","ast-main-header-display":"","ast-hfb-above-header-display":"","ast-hfb-below-header-display":"","ast-hfb-mobile-header-display":"","site-post-title":"","ast-breadcrumbs-content":"","ast-featured-img":"","footer-sml-layout":"","theme-transparent-header-meta":"","adv-header-id-meta":"","stick-header-meta":"","header-above-stick-meta":"","header-main-stick-meta":"","header-below-stick-meta":"","astra-migrate-meta-layouts":"default","ast-page-background-enabled":"default","ast-page-background-meta":{"desktop":{"background-color":"var(--ast-global-color-4)","background-image":"","background-repeat":"repeat","background-position":"center center","background-size":"auto","background-attachment":"scroll","background-type":"","background-media":"","overlay-type":"","overlay-color":"","overlay-opacity":"","overlay-gradient":""},"tablet":{"background-color":"","background-image":"","background-repeat":"repeat","background-position":"center center","background-size":"auto","background-attachment":"scroll","background-type":"","background-media":"","overlay-type":"","overlay-color":"","overlay-opacity":"","overlay-gradient":""},"mobile":{"background-color":"","background-image":"","background-repeat":"repeat","background-position":"center center","background-size":"auto","background-attachment":"scroll","background-type":"","background-media":"","overlay-type":"","overlay-color":"","overlay-opacity":"","overlay-gradient":""}},"ast-content-background-meta":{"desktop":{"background-color":"var(--ast-global-color-5)","background-image":"","background-repeat":"repeat","background-position":"center center","background-size":"auto","background-attachment":"scroll","background-type":"","background-media":"","overlay-type":"","overlay-color":"","overlay-opacity":"","overlay-gradient":""},"tablet":{"background-color":"var(--ast-global-color-5)","background-image":"","background-repeat":"repeat","background-position":"center center","background-size":"auto","background-attachment":"scroll","background-type":"","background-media":"","overlay-type":"","overlay-color":"","overlay-opacity":"","overlay-gradient":""},"mobile":{"background-color":"var(--ast-global-color-5)","background-image":"","background-repeat":"repeat","background-position":"center center","background-size":"auto","background-attachment":"scroll","background-type":"","background-media":"","overlay-type":"","overlay-color":"","overlay-opacity":"","overlay-gradient":""}},"ngg_post_thumbnail":0,"footnotes":""},"class_list":["post-5421","page","type-page","status-publish","hentry"],"_links":{"self":[{"href":"https:\/\/www2.unifap.br\/administracao\/wp-json\/wp\/v2\/pages\/5421","targetHints":{"allow":["GET"]}}],"collection":[{"href":"https:\/\/www2.unifap.br\/administracao\/wp-json\/wp\/v2\/pages"}],"about":[{"href":"https:\/\/www2.unifap.br\/administracao\/wp-json\/wp\/v2\/types\/page"}],"author":[{"embeddable":true,"href":"https:\/\/www2.unifap.br\/administracao\/wp-json\/wp\/v2\/users\/873"}],"replies":[{"embeddable":true,"href":"https:\/\/www2.unifap.br\/administracao\/wp-json\/wp\/v2\/comments?post=5421"}],"version-history":[{"count":5,"href":"https:\/\/www2.unifap.br\/administracao\/wp-json\/wp\/v2\/pages\/5421\/revisions"}],"predecessor-version":[{"id":5450,"href":"https:\/\/www2.unifap.br\/administracao\/wp-json\/wp\/v2\/pages\/5421\/revisions\/5450"}],"up":[{"embeddable":true,"href":"https:\/\/www2.unifap.br\/administracao\/wp-json\/wp\/v2\/pages\/274"}],"wp:attachment":[{"href":"https:\/\/www2.unifap.br\/administracao\/wp-json\/wp\/v2\/media?parent=5421"}],"curies":[{"name":"wp","href":"https:\/\/api.w.org\/{rel}","templated":true}]}}