{"id":56,"date":"2024-04-01T19:01:38","date_gmt":"2024-04-01T19:01:38","guid":{"rendered":"http:\/\/www2.unifap.br\/administracao\/?page_id=56"},"modified":"2026-03-30T12:31:09","modified_gmt":"2026-03-30T12:31:09","slug":"coordenadores","status":"publish","type":"page","link":"https:\/\/www2.unifap.br\/administracao\/coordenacao\/coordenadores\/","title":{"rendered":"Coordenadores"},"content":{"rendered":"<p><strong>Coordenador:<\/strong><\/p>\n<p><strong>Alexandre Gomes Galindo<\/strong><\/p>\n<p><strong>E-mail:&nbsp;<\/strong><\/p>\n<p>alexandregalindo01@gmail.com<\/p>\n<p>Doutor em Sociologia pela Universidade Federal do Cear\u00e1, Mestre em Administra\u00e7\u00e3o pela Universidade Estadual do Cear\u00e1, Especializa\u00e7\u00e3o em Elabora\u00e7\u00e3o e An\u00e1lise de Projetos pelo Centro de Ensino Superior do Amap\u00e1, Especializa\u00e7\u00e3o em Controladoria Estrat\u00e9gica e Finan\u00e7as Empresariais pela Pontif\u00edcia Universidade Cat\u00f3lica de Minas Gerais, Especializa\u00e7\u00e3o em Mba Gest\u00e3o Empresarial e de Neg\u00f3cios pela Faculdade de Macap\u00e1, Especializa\u00e7\u00e3o em Performance do Treinamento Desportivo pela Universidade Gama Filho, com Gradua\u00e7\u00e3o em Administra\u00e7\u00e3o \u2013 Hab. Marketing pela Faculdade do Amap\u00e1 e Gradua\u00e7\u00e3o em Educa\u00e7\u00e3o F\u00edsica.<\/p>\n<p><strong>Lattes:<\/strong> http:\/\/lattes.cnpq.br\/8119827129836289<\/p>\n<p><strong>Vice-Coordenador:<\/strong><\/p>\n<p><strong>Fernando Castro Amoras<\/strong><\/p>\n","protected":false},"excerpt":{"rendered":"<p>Coordenador: Alexandre Gomes Galindo E-mail:&nbsp; alexandregalindo01@gmail.com Doutor em Sociologia pela Universidade Federal do Cear\u00e1, Mestre em Administra\u00e7\u00e3o pela Universidade Estadual&#8230;<\/p>\n","protected":false},"author":365,"featured_media":0,"parent":46,"menu_order":6,"comment_status":"open","ping_status":"closed","template":"","meta":{"inline_featured_image":false,"site-sidebar-layout":"default","site-content-layout":"","ast-site-content-layout":"default","site-content-style":"default","site-sidebar-style":"default","ast-global-header-display":"","ast-banner-title-visibility":"","ast-main-header-display":"","ast-hfb-above-header-display":"","ast-hfb-below-header-display":"","ast-hfb-mobile-header-display":"","site-post-title":"","ast-breadcrumbs-content":"","ast-featured-img":"","footer-sml-layout":"","theme-transparent-header-meta":"default","adv-header-id-meta":"","stick-header-meta":"","header-above-stick-meta":"","header-main-stick-meta":"","header-below-stick-meta":"","astra-migrate-meta-layouts":"set","ast-page-background-enabled":"default","ast-page-background-meta":{"desktop":{"background-color":"var(--ast-global-color-4)","background-image":"","background-repeat":"repeat","background-position":"center center","background-size":"auto","background-attachment":"scroll","background-type":"","background-media":"","overlay-type":"","overlay-color":"","overlay-opacity":"","overlay-gradient":""},"tablet":{"background-color":"","background-image":"","background-repeat":"repeat","background-position":"center center","background-size":"auto","background-attachment":"scroll","background-type":"","background-media":"","overlay-type":"","overlay-color":"","overlay-opacity":"","overlay-gradient":""},"mobile":{"background-color":"","background-image":"","background-repeat":"repeat","background-position":"center center","background-size":"auto","background-attachment":"scroll","background-type":"","background-media":"","overlay-type":"","overlay-color":"","overlay-opacity":"","overlay-gradient":""}},"ast-content-background-meta":{"desktop":{"background-color":"var(--ast-global-color-5)","background-image":"","background-repeat":"repeat","background-position":"center center","background-size":"auto","background-attachment":"scroll","background-type":"","background-media":"","overlay-type":"","overlay-color":"","overlay-opacity":"","overlay-gradient":""},"tablet":{"background-color":"var(--ast-global-color-5)","background-image":"","background-repeat":"repeat","background-position":"center center","background-size":"auto","background-attachment":"scroll","background-type":"","background-media":"","overlay-type":"","overlay-color":"","overlay-opacity":"","overlay-gradient":""},"mobile":{"background-color":"var(--ast-global-color-5)","background-image":"","background-repeat":"repeat","background-position":"center center","background-size":"auto","background-attachment":"scroll","background-type":"","background-media":"","overlay-type":"","overlay-color":"","overlay-opacity":"","overlay-gradient":""}},"ngg_post_thumbnail":0,"footnotes":""},"class_list":["post-56","page","type-page","status-publish","hentry"],"_links":{"self":[{"href":"https:\/\/www2.unifap.br\/administracao\/wp-json\/wp\/v2\/pages\/56","targetHints":{"allow":["GET"]}}],"collection":[{"href":"https:\/\/www2.unifap.br\/administracao\/wp-json\/wp\/v2\/pages"}],"about":[{"href":"https:\/\/www2.unifap.br\/administracao\/wp-json\/wp\/v2\/types\/page"}],"author":[{"embeddable":true,"href":"https:\/\/www2.unifap.br\/administracao\/wp-json\/wp\/v2\/users\/365"}],"replies":[{"embeddable":true,"href":"https:\/\/www2.unifap.br\/administracao\/wp-json\/wp\/v2\/comments?post=56"}],"version-history":[{"count":29,"href":"https:\/\/www2.unifap.br\/administracao\/wp-json\/wp\/v2\/pages\/56\/revisions"}],"predecessor-version":[{"id":6182,"href":"https:\/\/www2.unifap.br\/administracao\/wp-json\/wp\/v2\/pages\/56\/revisions\/6182"}],"up":[{"embeddable":true,"href":"https:\/\/www2.unifap.br\/administracao\/wp-json\/wp\/v2\/pages\/46"}],"wp:attachment":[{"href":"https:\/\/www2.unifap.br\/administracao\/wp-json\/wp\/v2\/media?parent=56"}],"curies":[{"name":"wp","href":"https:\/\/api.w.org\/{rel}","templated":true}]}}