{"id":80,"date":"2013-12-12T21:41:25","date_gmt":"2013-12-12T21:41:25","guid":{"rendered":"http:\/\/www2.unifap.br\/administracao\/?page_id=80"},"modified":"2015-11-05T13:51:48","modified_gmt":"2015-11-05T13:51:48","slug":"matriz-curricular","status":"publish","type":"page","link":"https:\/\/www2.unifap.br\/administracao\/ensino\/matriz-curricular\/","title":{"rendered":"Matriz Curricular"},"content":{"rendered":"<p>Esta p\u00e1gina apresenta a matriz curricular vigente do Curso de Administra\u00e7\u00e3o da Unifap.<\/p>\n<table width=\"449\" border=\"1\" cellspacing=\"0\" cellpadding=\"0\">\n<tbody>\n<tr>\n<td colspan=\"4\" width=\"449\"><strong>1\u00aa S\u00e9rie<\/strong><\/td>\n<\/tr>\n<tr>\n<td width=\"58\"><strong>Per\u00edodo<\/strong><\/td>\n<td width=\"181\"><strong>Disciplinas<\/strong><\/td>\n<td width=\"66\"><strong>CH<\/strong><\/td>\n<td width=\"144\"><strong>Pr\u00e9-Requisito<\/strong><\/td>\n<\/tr>\n<tr>\n<td rowspan=\"6\" width=\"58\">1\u00baSemestre<\/td>\n<td width=\"181\">Inform\u00e1tica Aplicada<\/td>\n<td width=\"66\">60<\/td>\n<td width=\"144\"><\/td>\n<\/tr>\n<tr>\n<td width=\"181\">Matem\u00e1tica Aplicada \u00e0\u00a0 Administra\u00e7\u00e3o<\/td>\n<td width=\"66\">60<\/td>\n<td width=\"144\"><\/td>\n<\/tr>\n<tr>\n<td width=\"181\">Comunica\u00e7\u00e3o Empresarial<\/td>\n<td width=\"66\">60<\/td>\n<td width=\"144\"><\/td>\n<\/tr>\n<tr>\n<td width=\"181\">Introdu\u00e7\u00e3o \u00e0 Administra\u00e7\u00e3o<\/td>\n<td width=\"66\">75<\/td>\n<td width=\"144\"><\/td>\n<\/tr>\n<tr>\n<td width=\"181\">Metodologia da Pesquisa em Administra\u00e7\u00e3o<\/td>\n<td width=\"66\">75<\/td>\n<td width=\"144\"><\/td>\n<\/tr>\n<tr>\n<td width=\"181\">Contabilidade Geral<\/td>\n<td width=\"66\">60<\/td>\n<td width=\"144\"><\/td>\n<\/tr>\n<tr>\n<td valign=\"top\" width=\"58\"><\/td>\n<td width=\"181\">TOTAL<\/td>\n<td width=\"66\">390<\/td>\n<td width=\"144\"><\/td>\n<\/tr>\n<tr>\n<td rowspan=\"6\" width=\"58\">2\u00baSemestre<\/td>\n<td width=\"181\">Matem\u00e1tica Financeira<\/td>\n<td width=\"66\">60<\/td>\n<td width=\"144\"><\/td>\n<\/tr>\n<tr>\n<td width=\"181\">\u00c9tica Profissional<\/td>\n<td width=\"66\">60<\/td>\n<td width=\"144\"><\/td>\n<\/tr>\n<tr>\n<td width=\"181\">Psicologia Organizacional<\/td>\n<td width=\"66\">60<\/td>\n<td width=\"144\"><\/td>\n<\/tr>\n<tr>\n<td width=\"181\">Economia e Mercado<\/td>\n<td width=\"66\">75<\/td>\n<td width=\"144\"><\/td>\n<\/tr>\n<tr>\n<td width=\"181\">Teoria Geral da Administra\u00e7\u00e3o<\/td>\n<td width=\"66\">75<\/td>\n<td width=\"144\"><\/td>\n<\/tr>\n<tr>\n<td width=\"181\">Sociologia Organizacional<\/td>\n<td width=\"66\">60<\/td>\n<td width=\"144\"><\/td>\n<\/tr>\n<tr>\n<td valign=\"top\" width=\"58\"><\/td>\n<td width=\"181\">TOTAL<\/td>\n<td width=\"66\">390<\/td>\n<td width=\"144\"><\/td>\n<\/tr>\n<tr>\n<td colspan=\"4\" width=\"449\"><strong>2\u00aa S\u00e9rie<\/strong><\/td>\n<\/tr>\n<tr>\n<td width=\"58\"><strong>Per\u00edodo<\/strong><\/td>\n<td width=\"181\"><strong>Disciplinas<\/strong><\/td>\n<td width=\"66\"><strong>CH<\/strong><\/td>\n<td width=\"144\"><strong>Pr\u00e9-Requisito<\/strong><\/td>\n<\/tr>\n<tr>\n<td rowspan=\"6\" width=\"58\">3\u00baSemestre<\/td>\n<td width=\"181\">Fundamentos de Gest\u00e3o de Pessoas<\/td>\n<td width=\"66\">60<\/td>\n<td width=\"144\"><\/td>\n<\/tr>\n<tr>\n<td width=\"181\">Estat\u00edstica Aplicada<\/td>\n<td width=\"66\">60<\/td>\n<td width=\"144\"><\/td>\n<\/tr>\n<tr>\n<td width=\"181\">Administra\u00e7\u00e3o da Produ\u00e7\u00e3o<\/td>\n<td width=\"66\">75<\/td>\n<td width=\"144\"><\/td>\n<\/tr>\n<tr>\n<td width=\"181\">Optativa<\/td>\n<td width=\"66\">75<\/td>\n<td width=\"144\"><\/td>\n<\/tr>\n<tr>\n<td width=\"181\">Institui\u00e7\u00f5es de Direito P\u00fablico e Privado<\/td>\n<td width=\"66\">75<\/td>\n<td width=\"144\"><\/td>\n<\/tr>\n<tr>\n<td width=\"181\">Ingl\u00eas Instrumental<\/td>\n<td width=\"66\">60<\/td>\n<td width=\"144\"><\/td>\n<\/tr>\n<tr>\n<td width=\"58\"><\/td>\n<td width=\"181\">TOTAL<\/td>\n<td width=\"66\">405<\/td>\n<td width=\"144\"><\/td>\n<\/tr>\n<tr>\n<td rowspan=\"6\" width=\"58\">4\u00baSemestre<\/td>\n<td width=\"181\">Desenvolvimento de Pessoas<\/td>\n<td width=\"66\">60<\/td>\n<td width=\"144\"><\/td>\n<\/tr>\n<tr>\n<td width=\"181\">Comportamento Organizacional<\/td>\n<td width=\"66\">60<\/td>\n<td width=\"144\"><\/td>\n<\/tr>\n<tr>\n<td width=\"181\">Administra\u00e7\u00e3o Mercadol\u00f3gica<\/td>\n<td width=\"66\">75<\/td>\n<td width=\"144\"><\/td>\n<\/tr>\n<tr>\n<td width=\"181\">Legisla\u00e7\u00e3o Social e Trabalhista<\/td>\n<td width=\"66\">75<\/td>\n<td width=\"144\"><\/td>\n<\/tr>\n<tr>\n<td width=\"181\">Empreendedorismo<\/td>\n<td width=\"66\">60<\/td>\n<td width=\"144\"><\/td>\n<\/tr>\n<tr>\n<td width=\"181\">Optativa<\/td>\n<td width=\"66\">75<\/td>\n<td width=\"144\"><\/td>\n<\/tr>\n<tr>\n<td valign=\"top\" width=\"58\"><\/td>\n<td width=\"181\">TOTAL<\/td>\n<td width=\"66\">405<\/td>\n<td width=\"144\"><\/td>\n<\/tr>\n<tr>\n<td colspan=\"4\" width=\"449\"><strong>3\u00aa S\u00e9rie<\/strong><\/td>\n<\/tr>\n<tr>\n<td width=\"58\"><strong>Per\u00edodo<\/strong><\/td>\n<td width=\"181\"><strong>Disciplinas<\/strong><\/td>\n<td width=\"66\"><strong>CH<\/strong><\/td>\n<td width=\"144\"><strong>Pr\u00e9-Requisito<\/strong><\/td>\n<\/tr>\n<tr>\n<td rowspan=\"6\" width=\"58\">5\u00baSemestre<\/td>\n<td width=\"181\">Teoria da Administra\u00e7\u00e3o P\u00fablica<\/td>\n<td width=\"66\">60<\/td>\n<td width=\"144\"><\/td>\n<\/tr>\n<tr>\n<td width=\"181\">Administra\u00e7\u00e3o Financeira e Or\u00e7ament\u00e1ria<\/td>\n<td width=\"66\">75<\/td>\n<td width=\"144\"><\/td>\n<\/tr>\n<tr>\n<td width=\"181\">Sistema Integrado de Gest\u00e3o<\/td>\n<td width=\"66\">75<\/td>\n<td width=\"144\"><\/td>\n<\/tr>\n<tr>\n<td width=\"181\">Organiza\u00e7\u00e3o, Sistemas e M\u00e9todos \u2013 Estruturas Organizacionais<\/td>\n<td width=\"66\">60<\/td>\n<td width=\"144\"><\/td>\n<\/tr>\n<tr>\n<td width=\"181\">Administra\u00e7\u00e3o de Recursos Materiais e Patrimoniais<\/td>\n<td width=\"66\">75<\/td>\n<td width=\"144\"><\/td>\n<\/tr>\n<tr>\n<td width=\"181\">Optativa<\/td>\n<td width=\"66\">75<\/td>\n<td width=\"144\"><\/td>\n<\/tr>\n<tr>\n<td width=\"58\"><\/td>\n<td width=\"181\">TOTAL<\/td>\n<td width=\"66\">420<\/td>\n<td width=\"144\"><\/td>\n<\/tr>\n<tr>\n<td rowspan=\"6\" width=\"58\">6\u00baSemestre<\/td>\n<td width=\"181\">Planejamento e Gest\u00e3o da Administra\u00e7\u00e3o P\u00fablica<\/td>\n<td width=\"66\">60<\/td>\n<td width=\"144\"><\/td>\n<\/tr>\n<tr>\n<td width=\"181\">Optativa<\/td>\n<td width=\"66\">75<\/td>\n<td width=\"144\"><\/td>\n<\/tr>\n<tr>\n<td width=\"181\">Trabalho de Conclus\u00e3o do Curso I<\/td>\n<td width=\"66\">60<\/td>\n<td width=\"144\"><\/td>\n<\/tr>\n<tr>\n<td width=\"181\">Log\u00edstica Empresarial<\/td>\n<td width=\"66\">75<\/td>\n<td width=\"144\"><\/td>\n<\/tr>\n<tr>\n<td width=\"181\">Organiza\u00e7\u00e3o, Sistemas e M\u00e9todos \u2013 Processos Organizacionais<\/td>\n<td width=\"66\">60<\/td>\n<td width=\"144\"><\/td>\n<\/tr>\n<tr>\n<td width=\"181\">Est\u00e1gio Supervisionado I<\/td>\n<td width=\"66\">120<\/td>\n<td width=\"144\"><\/td>\n<\/tr>\n<tr>\n<td valign=\"top\" width=\"58\"><\/td>\n<td width=\"181\">TOTAL<\/td>\n<td width=\"66\">450<\/td>\n<td width=\"144\"><\/td>\n<\/tr>\n<tr>\n<td colspan=\"4\" width=\"449\"><strong>4\u00aa S\u00e9rie<\/strong><\/td>\n<\/tr>\n<tr>\n<td width=\"58\"><strong>Per\u00edodo<\/strong><\/td>\n<td width=\"181\"><strong>Disciplinas<\/strong><\/td>\n<td width=\"66\"><strong>CH<\/strong><\/td>\n<td width=\"144\"><strong>Pr\u00e9-Requisito<\/strong><\/td>\n<\/tr>\n<tr>\n<td rowspan=\"5\" width=\"58\">7\u00baSemestre<\/td>\n<td width=\"181\">Gest\u00e3o Ambiental<\/td>\n<td width=\"66\">75<\/td>\n<td width=\"144\"><\/td>\n<\/tr>\n<tr>\n<td width=\"181\">Gest\u00e3o de Neg\u00f3cios<\/td>\n<td width=\"66\">75<\/td>\n<td width=\"144\"><\/td>\n<\/tr>\n<tr>\n<td width=\"181\">Gest\u00e3o de Projetos<\/td>\n<td width=\"66\">75<\/td>\n<td width=\"144\"><\/td>\n<\/tr>\n<tr>\n<td width=\"181\">Direito Administrativo<\/td>\n<td width=\"66\">75<\/td>\n<td width=\"144\"><\/td>\n<\/tr>\n<tr>\n<td width=\"181\">Est\u00e1gio Supervisionado II<\/td>\n<td width=\"66\">180<\/td>\n<td width=\"144\">Est\u00e1gio Supervisionado I<\/td>\n<\/tr>\n<tr>\n<td width=\"58\"><\/td>\n<td width=\"181\">TOTAL<\/td>\n<td width=\"66\">480<\/td>\n<td width=\"144\"><\/td>\n<\/tr>\n<tr>\n<td rowspan=\"5\" width=\"58\">8\u00baSemestre<\/td>\n<td width=\"181\">Gest\u00e3o da Tecnologia e Inova\u00e7\u00e3o<\/td>\n<td width=\"66\">75<\/td>\n<td width=\"144\"><\/td>\n<\/tr>\n<tr>\n<td width=\"181\">Gest\u00e3o da Qualidade<\/td>\n<td width=\"66\">75<\/td>\n<td width=\"144\"><\/td>\n<\/tr>\n<tr>\n<td width=\"181\">Trabalho de Conclus\u00e3o do Curso II<\/td>\n<td width=\"66\">60<\/td>\n<td width=\"144\">Trabalho de Conclus\u00e3o do Curso I<\/td>\n<\/tr>\n<tr>\n<td width=\"181\">Com\u00e9rcio Exterior<\/td>\n<td width=\"66\">75<\/td>\n<td width=\"144\"><\/td>\n<\/tr>\n<tr>\n<td width=\"181\">Administra\u00e7\u00e3o Estrat\u00e9gica<\/td>\n<td width=\"66\">75<\/td>\n<td width=\"144\"><\/td>\n<\/tr>\n<tr>\n<td valign=\"top\" width=\"58\"><\/td>\n<td width=\"181\">Gest\u00e3o e Planejamento Tribut\u00e1rio<\/td>\n<td width=\"66\">60<\/td>\n<td width=\"144\"><\/td>\n<\/tr>\n<tr>\n<td valign=\"top\" width=\"58\"><\/td>\n<td width=\"181\">TOTAL<\/td>\n<td width=\"66\">420<\/td>\n<td width=\"144\"><\/td>\n<\/tr>\n<tr>\n<td colspan=\"2\" width=\"239\"><strong>ATIVIDADES COMPLEMENTARES<\/strong>&nbsp;<\/td>\n<td width=\"66\"><strong>240<\/strong>&nbsp;<\/td>\n<td width=\"144\"><\/td>\n<\/tr>\n<tr>\n<td colspan=\"2\" valign=\"top\" width=\"239\"><strong>CARGA HOR\u00c1RIA TOTAL<\/strong><\/td>\n<td width=\"66\"><strong>3.600<\/strong><\/td>\n<td width=\"144\"><\/td>\n<\/tr>\n<\/tbody>\n<\/table>\n<p>&nbsp;<\/p>\n","protected":false},"excerpt":{"rendered":"<p>Esta p\u00e1gina apresenta a matriz curricular vigente do Curso de Administra\u00e7\u00e3o da Unifap. 1\u00aa S\u00e9rie Per\u00edodo Disciplinas CH Pr\u00e9-Requisito 1\u00baSemestre&#8230;<\/p>\n","protected":false},"author":365,"featured_media":0,"parent":291,"menu_order":1,"comment_status":"open","ping_status":"open","template":"","meta":{"inline_featured_image":false,"site-sidebar-layout":"default","site-content-layout":"","ast-site-content-layout":"default","site-content-style":"default","site-sidebar-style":"default","ast-global-header-display":"","ast-banner-title-visibility":"","ast-main-header-display":"","ast-hfb-above-header-display":"","ast-hfb-below-header-display":"","ast-hfb-mobile-header-display":"","site-post-title":"","ast-breadcrumbs-content":"","ast-featured-img":"","footer-sml-layout":"","theme-transparent-header-meta":"","adv-header-id-meta":"","stick-header-meta":"","header-above-stick-meta":"","header-main-stick-meta":"","header-below-stick-meta":"","astra-migrate-meta-layouts":"default","ast-page-background-enabled":"default","ast-page-background-meta":{"desktop":{"background-color":"var(--ast-global-color-4)","background-image":"","background-repeat":"repeat","background-position":"center center","background-size":"auto","background-attachment":"scroll","background-type":"","background-media":"","overlay-type":"","overlay-color":"","overlay-opacity":"","overlay-gradient":""},"tablet":{"background-color":"","background-image":"","background-repeat":"repeat","background-position":"center center","background-size":"auto","background-attachment":"scroll","background-type":"","background-media":"","overlay-type":"","overlay-color":"","overlay-opacity":"","overlay-gradient":""},"mobile":{"background-color":"","background-image":"","background-repeat":"repeat","background-position":"center center","background-size":"auto","background-attachment":"scroll","background-type":"","background-media":"","overlay-type":"","overlay-color":"","overlay-opacity":"","overlay-gradient":""}},"ast-content-background-meta":{"desktop":{"background-color":"var(--ast-global-color-5)","background-image":"","background-repeat":"repeat","background-position":"center center","background-size":"auto","background-attachment":"scroll","background-type":"","background-media":"","overlay-type":"","overlay-color":"","overlay-opacity":"","overlay-gradient":""},"tablet":{"background-color":"var(--ast-global-color-5)","background-image":"","background-repeat":"repeat","background-position":"center center","background-size":"auto","background-attachment":"scroll","background-type":"","background-media":"","overlay-type":"","overlay-color":"","overlay-opacity":"","overlay-gradient":""},"mobile":{"background-color":"var(--ast-global-color-5)","background-image":"","background-repeat":"repeat","background-position":"center center","background-size":"auto","background-attachment":"scroll","background-type":"","background-media":"","overlay-type":"","overlay-color":"","overlay-opacity":"","overlay-gradient":""}},"ngg_post_thumbnail":0,"footnotes":""},"class_list":["post-80","page","type-page","status-publish","hentry"],"_links":{"self":[{"href":"https:\/\/www2.unifap.br\/administracao\/wp-json\/wp\/v2\/pages\/80","targetHints":{"allow":["GET"]}}],"collection":[{"href":"https:\/\/www2.unifap.br\/administracao\/wp-json\/wp\/v2\/pages"}],"about":[{"href":"https:\/\/www2.unifap.br\/administracao\/wp-json\/wp\/v2\/types\/page"}],"author":[{"embeddable":true,"href":"https:\/\/www2.unifap.br\/administracao\/wp-json\/wp\/v2\/users\/365"}],"replies":[{"embeddable":true,"href":"https:\/\/www2.unifap.br\/administracao\/wp-json\/wp\/v2\/comments?post=80"}],"version-history":[{"count":3,"href":"https:\/\/www2.unifap.br\/administracao\/wp-json\/wp\/v2\/pages\/80\/revisions"}],"predecessor-version":[{"id":1183,"href":"https:\/\/www2.unifap.br\/administracao\/wp-json\/wp\/v2\/pages\/80\/revisions\/1183"}],"up":[{"embeddable":true,"href":"https:\/\/www2.unifap.br\/administracao\/wp-json\/wp\/v2\/pages\/291"}],"wp:attachment":[{"href":"https:\/\/www2.unifap.br\/administracao\/wp-json\/wp\/v2\/media?parent=80"}],"curies":[{"name":"wp","href":"https:\/\/api.w.org\/{rel}","templated":true}]}}