{"id":103,"date":"2012-10-16T20:02:53","date_gmt":"2012-10-16T20:02:53","guid":{"rendered":"http:\/\/www2.unifap.br\/alexandresantiago\/?page_id=103"},"modified":"2014-01-07T13:37:18","modified_gmt":"2014-01-07T13:37:18","slug":"biologia-aquatica","status":"publish","type":"page","link":"https:\/\/www2.unifap.br\/alexandresantiago\/pagina-exemplo\/biologia-aquatica\/","title":{"rendered":"Biologia Aqu\u00e1tica"},"content":{"rendered":"<p>Ol\u00e1 Turma, a\u00ed vai o material da nossa aula sobre biologia aqu\u00e1tica, inclusive os v\u00eddeos vimos.<\/p>\n<p>Abra\u00e7os.<\/p>\n<p>Alexandre Santiago<\/p>\n<p><a href=\"http:\/\/www2.unifap.br\/alexandresantiago\/files\/2012\/10\/como-Voce-se-levanta-quando-cai3.wmv\">como Voce se levanta quando cai<\/a><\/p>\n<p><a href=\"http:\/\/www2.unifap.br\/alexandresantiago\/files\/2012\/10\/como-Voce-se-levanta-quando-cai2.wmv\">como Voce se levanta quando cai<\/a><a href=\"http:\/\/www2.unifap.br\/alexandresantiago\/files\/2012\/10\/DANCING_NOT_CRYING1.wmv\">DANCING_NOT_CRYING<\/a><\/p>\n<p><a href=\"http:\/\/www2.unifap.br\/alexandresantiago\/files\/2012\/10\/Adapta\u00e7\u00f5es-dos-organismos-de-sangue-frio-ao-ambiente-marinho-ant\u00e1rtic11.docx\">Adapta\u00e7\u00f5es dos organismos de sangue frio ao ambiente marinho ant\u00e1rtic1<\/a><\/p>\n<p><a href=\"http:\/\/www2.unifap.br\/alexandresantiago\/files\/2012\/10\/Adapta\u00e7\u00f5es-dos-organismos-de-sangue-frio-ao-ambiente-marinho-ant\u00e1rtic21.docx\">Adapta\u00e7\u00f5es dos organismos de sangue frio ao ambiente marinho ant\u00e1rtic2<\/a><\/p>\n<p><a href=\"http:\/\/www2.unifap.br\/alexandresantiago\/files\/2012\/10\/Adapta\u00e7\u00f5es-dos-organismos-de-sangue-frio-ao-ambiente-marinho-ant\u00e1rtico1.docx\">Adapta\u00e7\u00f5es dos organismos de sangue frio ao ambiente marinho ant\u00e1rtico<\/a><\/p>\n<p><a href=\"http:\/\/www2.unifap.br\/alexandresantiago\/files\/2012\/10\/Aula-Introducao-a-Oceanografia-biologica1.pdf\">Aula Introducao a Oceanografia biologica<\/a><\/p>\n<p><a href=\"http:\/\/www2.unifap.br\/alexandresantiago\/files\/2012\/10\/BIOLOGIA-MARINHA1.pptx\">BIOLOGIA MARINHA<\/a><\/p>\n<p><a href=\"http:\/\/www2.unifap.br\/alexandresantiago\/files\/2012\/10\/biologia-marinha-ecologia-plactonica.docx1.pdf\">biologia marinha ecologia plactonica.docx<\/a><\/p>\n<p><a href=\"http:\/\/www2.unifap.br\/alexandresantiago\/files\/2012\/10\/doc65_coleta_de_sedimento-metodologia-p-avaliacao-experimental-atividade-fauna-bentonica1.pdf\">doc65_coleta_de_sedimento metodologia p avaliacao experimental atividade fauna bentonica<\/a><\/p>\n<p><a href=\"http:\/\/www2.unifap.br\/alexandresantiago\/files\/2012\/10\/Esquema-aula-Oceanografia-Biologica1.docx\">Esquema aula Oceanografia Biologica<\/a><\/p>\n<p><a href=\"http:\/\/www2.unifap.br\/alexandresantiago\/files\/2012\/10\/TIPOS-DE-H\u00c1BITATS-E-ORGANISMOS-ASSOCIADOS1.docx\">TIPOS DE H\u00c1BITATS E ORGANISMOS ASSOCIADOS<\/a><\/p>\n<p>&nbsp;<\/p>\n<p>&nbsp;<\/p>\n<p>&nbsp;<\/p>\n","protected":false},"excerpt":{"rendered":"<p>Ol\u00e1 Turma, a\u00ed vai o material da nossa aula sobre biologia aqu\u00e1tica, inclusive os v\u00eddeos vimos. Abra\u00e7os. Alexandre Santiago como Voce se levanta quando cai como Voce se levanta quando caiDANCING_NOT_CRYING Adapta\u00e7\u00f5es dos organismos de sangue frio ao ambiente marinho&hellip; <\/p>\n<p><a href=\"https:\/\/www2.unifap.br\/alexandresantiago\/pagina-exemplo\/biologia-aquatica\/\" class=\"readmore-button\">Continue Reading<\/a><\/p>\n","protected":false},"author":102,"featured_media":0,"parent":2,"menu_order":0,"comment_status":"open","ping_status":"open","template":"","meta":{"inline_featured_image":false,"ngg_post_thumbnail":0,"footnotes":""},"class_list":["post-103","page","type-page","status-publish","hentry"],"_links":{"self":[{"href":"https:\/\/www2.unifap.br\/alexandresantiago\/wp-json\/wp\/v2\/pages\/103","targetHints":{"allow":["GET"]}}],"collection":[{"href":"https:\/\/www2.unifap.br\/alexandresantiago\/wp-json\/wp\/v2\/pages"}],"about":[{"href":"https:\/\/www2.unifap.br\/alexandresantiago\/wp-json\/wp\/v2\/types\/page"}],"author":[{"embeddable":true,"href":"https:\/\/www2.unifap.br\/alexandresantiago\/wp-json\/wp\/v2\/users\/102"}],"replies":[{"embeddable":true,"href":"https:\/\/www2.unifap.br\/alexandresantiago\/wp-json\/wp\/v2\/comments?post=103"}],"version-history":[{"count":4,"href":"https:\/\/www2.unifap.br\/alexandresantiago\/wp-json\/wp\/v2\/pages\/103\/revisions"}],"predecessor-version":[{"id":130,"href":"https:\/\/www2.unifap.br\/alexandresantiago\/wp-json\/wp\/v2\/pages\/103\/revisions\/130"}],"up":[{"embeddable":true,"href":"https:\/\/www2.unifap.br\/alexandresantiago\/wp-json\/wp\/v2\/pages\/2"}],"wp:attachment":[{"href":"https:\/\/www2.unifap.br\/alexandresantiago\/wp-json\/wp\/v2\/media?parent=103"}],"curies":[{"name":"wp","href":"https:\/\/api.w.org\/{rel}","templated":true}]}}