{"id":159,"date":"2012-12-17T15:04:02","date_gmt":"2012-12-17T15:04:02","guid":{"rendered":"http:\/\/www2.unifap.br\/alexandresantiago\/?page_id=159"},"modified":"2014-05-08T21:23:00","modified_gmt":"2014-05-08T21:23:00","slug":"zoologia-de-invertebrados-i","status":"publish","type":"page","link":"https:\/\/www2.unifap.br\/alexandresantiago\/zoologia-de-invertebrados-i\/","title":{"rendered":"Zoologia de Invertebrados I"},"content":{"rendered":"<p>Esta \u00e9 a p\u00e1gina dedicada \u00e0 Disciplina de Zoologia de Invertebrados I.<\/p>\n<p>A seguir disponibiliza\u00e7\u00e3o do material de nossas aulas.<\/p>\n<p>Prof. Alexandre Santiago<\/p>\n<p><a href=\"http:\/\/www2.unifap.br\/alexandresantiago\/files\/2012\/12\/REINO-DOS-PROTISTAS.pdf\">REINO DOS PROTISTAS<\/a><\/p>\n<p><a href=\"http:\/\/www2.unifap.br\/alexandresantiago\/files\/2012\/12\/REINO-DOS-PROTISTAS1.pdf\">REINO DOS PROTISTAS<\/a><\/p>\n<p><a href=\"http:\/\/www2.unifap.br\/alexandresantiago\/files\/2012\/12\/caracterizacao-geral-de-eucariontes-basais_protozoarios.docx\">caracterizacao geral de eucariontes basais_protozoarios<\/a><\/p>\n<p><a href=\"http:\/\/www2.unifap.br\/alexandresantiago\/files\/2012\/12\/FILO-PORIFERA.pdf\">FILO PORIFERA<\/a><\/p>\n<p><a href=\"http:\/\/www2.unifap.br\/alexandresantiago\/files\/2012\/12\/Aula-5-filo-Cnidaria.docx\">Aula 5 &#8211; filo Cnidaria<\/a><\/p>\n<p><a href=\"http:\/\/www2.unifap.br\/alexandresantiago\/files\/2012\/12\/FILO-COELENTERATA-OU-CNIDARIA.docx\">FILO COELENTERATA OU CNIDARIA<\/a><\/p>\n<p><a href=\"http:\/\/www2.unifap.br\/alexandresantiago\/files\/2012\/12\/Filo-Cnidaria_Biologia_Ecologia_UFPE.docx\">Filo Cnidaria_Biologia_Ecologia_UFPE<\/a><\/p>\n<p>A\u00ed vai o material sobre Acelomados:<\/p>\n<p><a href=\"http:\/\/www2.unifap.br\/alexandresantiago\/files\/2012\/12\/E-BOOKBiota_1.pdf\">E-BOOKBiota_1<\/a><\/p>\n<p><a href=\"http:\/\/www2.unifap.br\/alexandresantiago\/files\/2012\/12\/filo_platyhelminthes.pdf\">filo_platyhelminthes<\/a><\/p>\n<p><a href=\"http:\/\/www2.unifap.br\/alexandresantiago\/files\/2012\/12\/Platelmintos.pdf\">Platelmintos<\/a><\/p>\n<p><a href=\"http:\/\/www2.unifap.br\/alexandresantiago\/files\/2012\/12\/Schistosoma_mansoni_resumo_Classificacao.pdf\">Schistosoma_mansoni_resumo_Classificacao<\/a><\/p>\n<p><a href=\"http:\/\/www2.unifap.br\/alexandresantiago\/files\/2012\/12\/FILO-MOLLUSCA.pptx\">FILO MOLLUSCA<\/a><\/p>\n<p><a href=\"http:\/\/www2.unifap.br\/alexandresantiago\/files\/2012\/12\/Filo-Mollusca-caracteristicas-gerais.pptx\">Filo Mollusca caracteristicas gerais<\/a><\/p>\n<p><a href=\"http:\/\/www2.unifap.br\/alexandresantiago\/files\/2012\/12\/Anatomia-dos_Moluscos.pdf\">Anatomia-dos_Moluscos<\/a><a href=\"http:\/\/www2.unifap.br\/alexandresantiago\/files\/2012\/12\/Aula5_Pratica_Molusca.pdf\">Aula5_Pratica_Molusca<\/a><\/p>\n<p><a href=\"http:\/\/www2.unifap.br\/alexandresantiago\/files\/2012\/12\/Filo_Annelida_Geral.pdf\">Filo_Annelida_Geral<\/a><\/p>\n\n<p>&nbsp;<\/p>\n<p>&nbsp;<\/p>\n","protected":false},"excerpt":{"rendered":"<p>Esta \u00e9 a p\u00e1gina dedicada \u00e0 Disciplina de Zoologia de Invertebrados I. A seguir disponibiliza\u00e7\u00e3o do material de nossas aulas. Prof. Alexandre Santiago REINO DOS PROTISTAS REINO DOS PROTISTAS caracterizacao geral de eucariontes basais_protozoarios FILO PORIFERA Aula 5 &#8211; filo&hellip; <\/p>\n<p><a href=\"https:\/\/www2.unifap.br\/alexandresantiago\/zoologia-de-invertebrados-i\/\" class=\"readmore-button\">Continue Reading<\/a><\/p>\n","protected":false},"author":102,"featured_media":0,"parent":0,"menu_order":0,"comment_status":"open","ping_status":"open","template":"","meta":{"inline_featured_image":false,"ngg_post_thumbnail":0,"footnotes":""},"class_list":["post-159","page","type-page","status-publish","hentry"],"_links":{"self":[{"href":"https:\/\/www2.unifap.br\/alexandresantiago\/wp-json\/wp\/v2\/pages\/159","targetHints":{"allow":["GET"]}}],"collection":[{"href":"https:\/\/www2.unifap.br\/alexandresantiago\/wp-json\/wp\/v2\/pages"}],"about":[{"href":"https:\/\/www2.unifap.br\/alexandresantiago\/wp-json\/wp\/v2\/types\/page"}],"author":[{"embeddable":true,"href":"https:\/\/www2.unifap.br\/alexandresantiago\/wp-json\/wp\/v2\/users\/102"}],"replies":[{"embeddable":true,"href":"https:\/\/www2.unifap.br\/alexandresantiago\/wp-json\/wp\/v2\/comments?post=159"}],"version-history":[{"count":9,"href":"https:\/\/www2.unifap.br\/alexandresantiago\/wp-json\/wp\/v2\/pages\/159\/revisions"}],"predecessor-version":[{"id":246,"href":"https:\/\/www2.unifap.br\/alexandresantiago\/wp-json\/wp\/v2\/pages\/159\/revisions\/246"}],"wp:attachment":[{"href":"https:\/\/www2.unifap.br\/alexandresantiago\/wp-json\/wp\/v2\/media?parent=159"}],"curies":[{"name":"wp","href":"https:\/\/api.w.org\/{rel}","templated":true}]}}