{"id":197,"date":"2013-11-11T20:24:25","date_gmt":"2013-11-11T20:24:25","guid":{"rendered":"http:\/\/www2.unifap.br\/alexandresantiago\/?page_id=197"},"modified":"2013-11-11T20:24:25","modified_gmt":"2013-11-11T20:24:25","slug":"relevo-submarino-deriva-continental-e-tectonica-de-placas","status":"publish","type":"page","link":"https:\/\/www2.unifap.br\/alexandresantiago\/pagina-exemplo\/relevo-submarino-deriva-continental-e-tectonica-de-placas\/","title":{"rendered":"Relevo Submarino, Deriva Continental e Tect\u00f4nica de Placas"},"content":{"rendered":"<p>Ol\u00e1 turma este \u00e9 o material relativo \u00e0 aula sobre relevo submarino.<\/p>\n<p>tudo de bom.<\/p>\n<p>Alexandre Santiago<\/p>\n<p><a href=\"http:\/\/www2.unifap.br\/alexandresantiago\/files\/2013\/11\/Aula-3-RELEVO-OCE\u00c2NICO.pdf\">Aula 3 RELEVO OCE\u00c2NICO<\/a><\/p>\n<p><a href=\"http:\/\/www2.unifap.br\/alexandresantiago\/files\/2013\/11\/DERIVA-CONTINENTAL-E-PLACAS-TECT\u00d4NICAS.pdf\">DERIVA CONTINENTAL E PLACAS TECT\u00d4NICAS<\/a><\/p>\n<p><a href=\"http:\/\/www2.unifap.br\/alexandresantiago\/files\/2013\/11\/Tectonica-de-Placas.pdf\">Tectonica de Placas<\/a><\/p>\n","protected":false},"excerpt":{"rendered":"<p>Ol\u00e1 turma este \u00e9 o material relativo \u00e0 aula sobre relevo submarino. tudo de bom. Alexandre Santiago Aula 3 RELEVO OCE\u00c2NICO DERIVA CONTINENTAL E PLACAS TECT\u00d4NICAS Tectonica de Placas<\/p>\n","protected":false},"author":102,"featured_media":0,"parent":2,"menu_order":0,"comment_status":"open","ping_status":"open","template":"","meta":{"inline_featured_image":false,"ngg_post_thumbnail":0,"footnotes":""},"class_list":["post-197","page","type-page","status-publish","hentry"],"_links":{"self":[{"href":"https:\/\/www2.unifap.br\/alexandresantiago\/wp-json\/wp\/v2\/pages\/197","targetHints":{"allow":["GET"]}}],"collection":[{"href":"https:\/\/www2.unifap.br\/alexandresantiago\/wp-json\/wp\/v2\/pages"}],"about":[{"href":"https:\/\/www2.unifap.br\/alexandresantiago\/wp-json\/wp\/v2\/types\/page"}],"author":[{"embeddable":true,"href":"https:\/\/www2.unifap.br\/alexandresantiago\/wp-json\/wp\/v2\/users\/102"}],"replies":[{"embeddable":true,"href":"https:\/\/www2.unifap.br\/alexandresantiago\/wp-json\/wp\/v2\/comments?post=197"}],"version-history":[{"count":2,"href":"https:\/\/www2.unifap.br\/alexandresantiago\/wp-json\/wp\/v2\/pages\/197\/revisions"}],"predecessor-version":[{"id":202,"href":"https:\/\/www2.unifap.br\/alexandresantiago\/wp-json\/wp\/v2\/pages\/197\/revisions\/202"}],"up":[{"embeddable":true,"href":"https:\/\/www2.unifap.br\/alexandresantiago\/wp-json\/wp\/v2\/pages\/2"}],"wp:attachment":[{"href":"https:\/\/www2.unifap.br\/alexandresantiago\/wp-json\/wp\/v2\/media?parent=197"}],"curies":[{"name":"wp","href":"https:\/\/api.w.org\/{rel}","templated":true}]}}