{"id":2,"date":"2012-03-08T10:34:08","date_gmt":"2012-03-08T10:34:08","guid":{"rendered":"http:\/\/www2.unifap.br\/alexandresantiago\/?page_id=2"},"modified":"2012-03-14T16:07:48","modified_gmt":"2012-03-14T16:07:48","slug":"pagina-exemplo","status":"publish","type":"page","link":"https:\/\/www2.unifap.br\/alexandresantiago\/pagina-exemplo\/","title":{"rendered":"Oceanografia e Limnologia"},"content":{"rendered":"<p>Ol\u00e1, est\u00e1 \u00e9 a p\u00e1gina da disciplina Oceanografia e Limnologia.<\/p>\n<p>Aqui ser\u00e3o publicados materiais relativos \u00e0 disciplinas e disponibilizados assuntos referentes ao Tema: Oceanos, Rios, Lagos, Ressacas, Clima, etc.<\/p>\n<p>sugest\u00f5es, cr\u00edticas, elogios, podem enviar que ser\u00e3o bem vindos.<\/p>\n<p>Tudo de bom.<\/p>\n<p>Alexandre Santiago<a href=\"http:\/\/www2.unifap.br\/alexandresantiago\/files\/2012\/03\/1.1-Introducao-a-Oceanografia-Biologica1.pdf\">1.1 Introducao a Oceanografia Biologica<\/a><\/p>\n<p><a href=\"http:\/\/www2.unifap.br\/alexandresantiago\/files\/2012\/03\/Aula-02_Cartas-Nauticas_PDF.pdf\">Aula 02_Cartas Nauticas_PDF<\/a><\/p>\n<p><a href=\"http:\/\/www2.unifap.br\/alexandresantiago\/files\/2012\/03\/1.1-Introducao-a-Oceanografia-Biologica3.pdf\">1.1 Introducao a Oceanografia Biologica<\/a><\/p>\n<p><a href=\"http:\/\/www2.unifap.br\/alexandresantiago\/files\/2012\/03\/Aula1.3-Introducao-a-Oceanografia-Fisica1.pdf\">Aula1.3 Introducao a Oceanografia Fisica<\/a><\/p>\n<p><a href=\"http:\/\/www2.unifap.br\/alexandresantiago\/files\/2012\/03\/EcossistemasAquaticos.pdf\">EcossistemasAquaticos<\/a><\/p>\n<p>&nbsp;<\/p>\n<p>&nbsp;<\/p>\n<p>&nbsp;<\/p>\n","protected":false},"excerpt":{"rendered":"<p>Ol\u00e1, est\u00e1 \u00e9 a p\u00e1gina da disciplina Oceanografia e Limnologia. Aqui ser\u00e3o publicados materiais relativos \u00e0 disciplinas e disponibilizados assuntos referentes ao Tema: Oceanos, Rios, Lagos, Ressacas, Clima, etc. sugest\u00f5es, cr\u00edticas, elogios, podem enviar que ser\u00e3o bem vindos. Tudo de&hellip; <\/p>\n<p><a href=\"https:\/\/www2.unifap.br\/alexandresantiago\/pagina-exemplo\/\" class=\"readmore-button\">Continue Reading<\/a><\/p>\n","protected":false},"author":1,"featured_media":0,"parent":0,"menu_order":0,"comment_status":"open","ping_status":"open","template":"","meta":{"inline_featured_image":false,"ngg_post_thumbnail":0,"footnotes":""},"class_list":["post-2","page","type-page","status-publish","hentry"],"_links":{"self":[{"href":"https:\/\/www2.unifap.br\/alexandresantiago\/wp-json\/wp\/v2\/pages\/2","targetHints":{"allow":["GET"]}}],"collection":[{"href":"https:\/\/www2.unifap.br\/alexandresantiago\/wp-json\/wp\/v2\/pages"}],"about":[{"href":"https:\/\/www2.unifap.br\/alexandresantiago\/wp-json\/wp\/v2\/types\/page"}],"author":[{"embeddable":true,"href":"https:\/\/www2.unifap.br\/alexandresantiago\/wp-json\/wp\/v2\/users\/1"}],"replies":[{"embeddable":true,"href":"https:\/\/www2.unifap.br\/alexandresantiago\/wp-json\/wp\/v2\/comments?post=2"}],"version-history":[{"count":7,"href":"https:\/\/www2.unifap.br\/alexandresantiago\/wp-json\/wp\/v2\/pages\/2\/revisions"}],"predecessor-version":[{"id":14,"href":"https:\/\/www2.unifap.br\/alexandresantiago\/wp-json\/wp\/v2\/pages\/2\/revisions\/14"}],"wp:attachment":[{"href":"https:\/\/www2.unifap.br\/alexandresantiago\/wp-json\/wp\/v2\/media?parent=2"}],"curies":[{"name":"wp","href":"https:\/\/api.w.org\/{rel}","templated":true}]}}