{"id":231,"date":"2014-01-20T23:55:22","date_gmt":"2014-01-20T23:55:22","guid":{"rendered":"http:\/\/www2.unifap.br\/alexandresantiago\/?page_id=231"},"modified":"2014-01-20T23:55:26","modified_gmt":"2014-01-20T23:55:26","slug":"espirituais-meditacao","status":"publish","type":"page","link":"https:\/\/www2.unifap.br\/alexandresantiago\/espirituais-meditacao\/","title":{"rendered":"Espirituais &#8211; Medita\u00e7\u00e3o"},"content":{"rendered":"<p>Caros alunas e alunos, a\u00ed v\u00e3o algumas apresenta\u00e7\u00f5es para nos ajudar a meditar, pensar na vida!<\/p>\n<p>um grande abra\u00e7o a todos.<\/p>\n<p>Alexandre Santiago<\/p>\n<p><a href=\"http:\/\/www2.unifap.br\/alexandresantiago\/files\/2014\/01\/DANCING_NOT_CRYING.wmv\">DANCING_NOT_CRYING<\/a><\/p>\n<p><a href=\"http:\/\/www2.unifap.br\/alexandresantiago\/files\/2014\/01\/FotografiasComAlma.pps\">FotografiasComAlma<\/a><\/p>\n","protected":false},"excerpt":{"rendered":"<p>Caros alunas e alunos, a\u00ed v\u00e3o algumas apresenta\u00e7\u00f5es para nos ajudar a meditar, pensar na vida! um grande abra\u00e7o a todos. Alexandre Santiago DANCING_NOT_CRYING FotografiasComAlma<\/p>\n","protected":false},"author":102,"featured_media":0,"parent":0,"menu_order":0,"comment_status":"open","ping_status":"open","template":"","meta":{"inline_featured_image":false,"ngg_post_thumbnail":0,"footnotes":""},"class_list":["post-231","page","type-page","status-publish","hentry"],"_links":{"self":[{"href":"https:\/\/www2.unifap.br\/alexandresantiago\/wp-json\/wp\/v2\/pages\/231","targetHints":{"allow":["GET"]}}],"collection":[{"href":"https:\/\/www2.unifap.br\/alexandresantiago\/wp-json\/wp\/v2\/pages"}],"about":[{"href":"https:\/\/www2.unifap.br\/alexandresantiago\/wp-json\/wp\/v2\/types\/page"}],"author":[{"embeddable":true,"href":"https:\/\/www2.unifap.br\/alexandresantiago\/wp-json\/wp\/v2\/users\/102"}],"replies":[{"embeddable":true,"href":"https:\/\/www2.unifap.br\/alexandresantiago\/wp-json\/wp\/v2\/comments?post=231"}],"version-history":[{"count":2,"href":"https:\/\/www2.unifap.br\/alexandresantiago\/wp-json\/wp\/v2\/pages\/231\/revisions"}],"predecessor-version":[{"id":235,"href":"https:\/\/www2.unifap.br\/alexandresantiago\/wp-json\/wp\/v2\/pages\/231\/revisions\/235"}],"wp:attachment":[{"href":"https:\/\/www2.unifap.br\/alexandresantiago\/wp-json\/wp\/v2\/media?parent=231"}],"curies":[{"name":"wp","href":"https:\/\/api.w.org\/{rel}","templated":true}]}}