{"id":249,"date":"2015-02-12T20:33:32","date_gmt":"2015-02-12T20:33:32","guid":{"rendered":"http:\/\/www2.unifap.br\/alexandresantiago\/?page_id=249"},"modified":"2015-02-12T20:33:32","modified_gmt":"2015-02-12T20:33:32","slug":"ecologia-geral-3","status":"publish","type":"page","link":"https:\/\/www2.unifap.br\/alexandresantiago\/ecologia-geral-3\/","title":{"rendered":"Ecologia Geral"},"content":{"rendered":"<p>Ol\u00e1 turma, este \u00e9 nosso material sobre Ecologia Geral.<\/p>\n<p>Um grande abra\u00e7o.<\/p>\n<p>tudo de bom.<\/p>\n<p>Alexandre Santiago<\/p>\n<p><a href=\"http:\/\/www2.unifap.br\/alexandresantiago\/files\/2015\/02\/aula-1-Ecologia-geral1.doc\">aula 1 Ecologia geral<\/a><\/p>\n<p><a href=\"http:\/\/www2.unifap.br\/alexandresantiago\/files\/2015\/02\/ECOLOGIA-GERAL-introducao-aula1.ppt\">ECOLOGIA GERAL introducao aula1<\/a><\/p>\n<p><a href=\"http:\/\/www2.unifap.br\/alexandresantiago\/files\/2015\/02\/COMUNIDADES-aula-4.ppt\">COMUNIDADES aula 4<\/a><\/p>\n<p><a href=\"http:\/\/www2.unifap.br\/alexandresantiago\/files\/2015\/02\/HISTORICO-DA-ECOLOGIA.ppt\">HISTORICO DA ECOLOGIA<\/a><\/p>\n<p><a href=\"http:\/\/www2.unifap.br\/alexandresantiago\/files\/2015\/02\/o-que-e-biodiversidade.pdf\">o-que-e-biodiversidade<\/a><\/p>\n<p><a href=\"http:\/\/www2.unifap.br\/alexandresantiago\/files\/2015\/02\/Tipos-de-ecossistema-Odum.doc\">Tipos de ecossistema Odum<\/a><\/p>\n<p><a href=\"http:\/\/www2.unifap.br\/alexandresantiago\/files\/2015\/02\/Cadeias_e_Teias_Alimentares.pdf\">Cadeias_e_Teias_Alimentares<\/a><\/p>\n<p><a href=\"http:\/\/www2.unifap.br\/alexandresantiago\/files\/2015\/02\/Produtividade-primaria-em-ecossistemas-aquaticos.pdf\">Produtividade primaria em ecossistemas aquaticos<\/a><\/p>\n<p><a href=\"http:\/\/www2.unifap.br\/alexandresantiago\/files\/2015\/02\/Transformacoes-de-carbono-em-energia.pdf\">Transformacoes de carbono em energia<\/a><\/p>\n<p><a href=\"http:\/\/www2.unifap.br\/alexandresantiago\/files\/2015\/02\/Aula-2-ENERGIA-NOS-SISTEMAS-ECOL\u00d3GICOS.ppt\">Aula 2 ENERGIA NOS SISTEMAS ECOL\u00d3GICOS<\/a><\/p>\n<p><a href=\"http:\/\/www2.unifap.br\/alexandresantiago\/files\/2015\/02\/Cronograma_Ecologia_Geral_Pafor_Turma_E_2012.docx\">Cronograma_Ecologia_Geral_Pafor_Turma_E_2012<\/a><\/p>\n","protected":false},"excerpt":{"rendered":"<p>Ol\u00e1 turma, este \u00e9 nosso material sobre Ecologia Geral. Um grande abra\u00e7o. tudo de bom. Alexandre Santiago aula 1 Ecologia geral ECOLOGIA GERAL introducao aula1 COMUNIDADES aula 4 HISTORICO DA ECOLOGIA o-que-e-biodiversidade Tipos de ecossistema Odum Cadeias_e_Teias_Alimentares Produtividade primaria em&hellip; <\/p>\n<p><a href=\"https:\/\/www2.unifap.br\/alexandresantiago\/ecologia-geral-3\/\" class=\"readmore-button\">Continue Reading<\/a><\/p>\n","protected":false},"author":102,"featured_media":0,"parent":0,"menu_order":0,"comment_status":"open","ping_status":"open","template":"","meta":{"inline_featured_image":false,"ngg_post_thumbnail":0,"footnotes":""},"class_list":["post-249","page","type-page","status-publish","hentry"],"_links":{"self":[{"href":"https:\/\/www2.unifap.br\/alexandresantiago\/wp-json\/wp\/v2\/pages\/249","targetHints":{"allow":["GET"]}}],"collection":[{"href":"https:\/\/www2.unifap.br\/alexandresantiago\/wp-json\/wp\/v2\/pages"}],"about":[{"href":"https:\/\/www2.unifap.br\/alexandresantiago\/wp-json\/wp\/v2\/types\/page"}],"author":[{"embeddable":true,"href":"https:\/\/www2.unifap.br\/alexandresantiago\/wp-json\/wp\/v2\/users\/102"}],"replies":[{"embeddable":true,"href":"https:\/\/www2.unifap.br\/alexandresantiago\/wp-json\/wp\/v2\/comments?post=249"}],"version-history":[{"count":1,"href":"https:\/\/www2.unifap.br\/alexandresantiago\/wp-json\/wp\/v2\/pages\/249\/revisions"}],"predecessor-version":[{"id":268,"href":"https:\/\/www2.unifap.br\/alexandresantiago\/wp-json\/wp\/v2\/pages\/249\/revisions\/268"}],"wp:attachment":[{"href":"https:\/\/www2.unifap.br\/alexandresantiago\/wp-json\/wp\/v2\/media?parent=249"}],"curies":[{"name":"wp","href":"https:\/\/api.w.org\/{rel}","templated":true}]}}