{"id":45,"date":"2012-03-26T13:50:05","date_gmt":"2012-03-26T13:50:05","guid":{"rendered":"http:\/\/www2.unifap.br\/alexandresantiago\/?page_id=45"},"modified":"2014-01-16T18:49:02","modified_gmt":"2014-01-16T18:49:02","slug":"aula-sobre-cartas-nauticas","status":"publish","type":"page","link":"https:\/\/www2.unifap.br\/alexandresantiago\/pagina-exemplo\/aula-sobre-cartas-nauticas\/","title":{"rendered":"Aula sobre Cartas N\u00e1uticas"},"content":{"rendered":"<p>ol\u00e1 turma, a\u00ed vai o material da nossa aula sobre cartas n\u00e1uticas.<\/p>\n<p>Um abra\u00e7\u00e3o.<\/p>\n<p>Alexandre Santiago<\/p>\n<p><a href=\"http:\/\/www2.unifap.br\/alexandresantiago\/files\/2012\/03\/Aula-02_Cartas-Nauticas_PDF1.pdf\">Aula 02_Cartas Nauticas_PDF<\/a><\/p>\n<p><a href=\"http:\/\/www.nautica.com.br\/colunas\/viewcoluna.php?id=155\">http:\/\/www.nautica.com.br\/colunas\/viewcoluna.php?id=155 <\/a><\/p>\n<p>Link do site sobre Cartas N\u00e1uticas;<\/p>\n<p><a href=\"http:\/\/www.nautica.com.br\/colunas\/viewcoluna.php?id=156\">http:\/\/www.nautica.com.br\/colunas\/viewcoluna.php?id=156<\/a><\/p>\n<p>Link do site sobre Coordenadas Geogr\u00e1ficas.<\/p>\n<p><a href=\"http:\/\/www2.unifap.br\/alexandresantiago\/files\/2012\/03\/Aula-02_Cartas-Nauticas_PDF2.pdf\">Aula 02_Cartas Nauticas_PDF<\/a><\/p>\n<p><a href=\"http:\/\/www2.unifap.br\/alexandresantiago\/files\/2012\/03\/cap_2_Projecoes_Cartograficas_Carta_Nautica.pdf\">cap_2_Projecoes_Cartograficas_Carta_Nautica<\/a><\/p>\n<p><a href=\"http:\/\/www2.unifap.br\/alexandresantiago\/files\/2012\/03\/cap2b_Carta_Nautica_utilizacao_interpretacao.pdf\">cap2b_Carta_Nautica_utilizacao_interpretacao<\/a><\/p>\n<p><a href=\"http:\/\/www2.unifap.br\/alexandresantiago\/files\/2012\/03\/carta-nautica-uso-e-interpretacao.pdf\">carta nautica uso e interpretacao<\/a><\/p>\n<p>&nbsp;<\/p>\n<p>&nbsp;<\/p>\n<p>&nbsp;<\/p>\n","protected":false},"excerpt":{"rendered":"<p>ol\u00e1 turma, a\u00ed vai o material da nossa aula sobre cartas n\u00e1uticas. Um abra\u00e7\u00e3o. Alexandre Santiago Aula 02_Cartas Nauticas_PDF http:\/\/www.nautica.com.br\/colunas\/viewcoluna.php?id=155 Link do site sobre Cartas N\u00e1uticas; http:\/\/www.nautica.com.br\/colunas\/viewcoluna.php?id=156 Link do site sobre Coordenadas Geogr\u00e1ficas. Aula 02_Cartas Nauticas_PDF cap_2_Projecoes_Cartograficas_Carta_Nautica cap2b_Carta_Nautica_utilizacao_interpretacao carta nautica&hellip; <\/p>\n<p><a href=\"https:\/\/www2.unifap.br\/alexandresantiago\/pagina-exemplo\/aula-sobre-cartas-nauticas\/\" class=\"readmore-button\">Continue Reading<\/a><\/p>\n","protected":false},"author":102,"featured_media":0,"parent":2,"menu_order":0,"comment_status":"open","ping_status":"open","template":"","meta":{"inline_featured_image":false,"ngg_post_thumbnail":0,"footnotes":""},"class_list":["post-45","page","type-page","status-publish","hentry"],"_links":{"self":[{"href":"https:\/\/www2.unifap.br\/alexandresantiago\/wp-json\/wp\/v2\/pages\/45","targetHints":{"allow":["GET"]}}],"collection":[{"href":"https:\/\/www2.unifap.br\/alexandresantiago\/wp-json\/wp\/v2\/pages"}],"about":[{"href":"https:\/\/www2.unifap.br\/alexandresantiago\/wp-json\/wp\/v2\/types\/page"}],"author":[{"embeddable":true,"href":"https:\/\/www2.unifap.br\/alexandresantiago\/wp-json\/wp\/v2\/users\/102"}],"replies":[{"embeddable":true,"href":"https:\/\/www2.unifap.br\/alexandresantiago\/wp-json\/wp\/v2\/comments?post=45"}],"version-history":[{"count":6,"href":"https:\/\/www2.unifap.br\/alexandresantiago\/wp-json\/wp\/v2\/pages\/45\/revisions"}],"predecessor-version":[{"id":48,"href":"https:\/\/www2.unifap.br\/alexandresantiago\/wp-json\/wp\/v2\/pages\/45\/revisions\/48"}],"up":[{"embeddable":true,"href":"https:\/\/www2.unifap.br\/alexandresantiago\/wp-json\/wp\/v2\/pages\/2"}],"wp:attachment":[{"href":"https:\/\/www2.unifap.br\/alexandresantiago\/wp-json\/wp\/v2\/media?parent=45"}],"curies":[{"name":"wp","href":"https:\/\/api.w.org\/{rel}","templated":true}]}}