{"id":51,"date":"2012-03-28T07:38:52","date_gmt":"2012-03-28T07:38:52","guid":{"rendered":"http:\/\/www2.unifap.br\/alexandresantiago\/?page_id=51"},"modified":"2012-03-28T07:38:52","modified_gmt":"2012-03-28T07:38:52","slug":"material-das-aulas-de-metodologia-cientifica","status":"publish","type":"page","link":"https:\/\/www2.unifap.br\/alexandresantiago\/material-das-aulas-de-metodologia-cientifica\/","title":{"rendered":"Material das aulas de metodologia cient\u00edfica"},"content":{"rendered":"<p>ol\u00e1 turma, a\u00ed vai o material que estou disponibilizando para voc\u00eas consultarem.<\/p>\n<p>um grande abra\u00e7o.<\/p>\n<p>Alexandre Santiago<\/p>\n<p><a href=\"http:\/\/www2.unifap.br\/alexandresantiago\/files\/2012\/03\/Manual_TCC_artigo_cientifico_posgraduacao.pdf\">Manual_TCC_artigo_cientifico_posgraduacao<\/a><\/p>\n<p><a href=\"http:\/\/www2.unifap.br\/alexandresantiago\/files\/2012\/03\/NBR-6022-Artigo-em-publicacao-periodica.pdf\">NBR 6022 Artigo em publicacao periodica<\/a><\/p>\n<p><a href=\"http:\/\/www2.unifap.br\/alexandresantiago\/files\/2012\/03\/NBR-6024-2003-Numeracao-Progressiva.pdf\">NBR 6024 &#8211; 2003 Numeracao Progressiva<\/a><\/p>\n<p><a href=\"http:\/\/www2.unifap.br\/alexandresantiago\/files\/2012\/03\/NBR-6027-Elaboracao-de-sumarios.pdf\">NBR 6027 Elaboracao de sumarios<\/a><\/p>\n<p><a href=\"http:\/\/www2.unifap.br\/alexandresantiago\/files\/2012\/03\/NBR-15287-Projeto-de-pesquisa.pdf\">NBR 15287-Projeto de pesquisa<\/a><\/p>\n<p><a href=\"http:\/\/www2.unifap.br\/alexandresantiago\/files\/2012\/03\/Normas-da-ABNT.pdf\">Normas da ABNT<\/a><\/p>\n<p><a href=\"http:\/\/www2.unifap.br\/alexandresantiago\/files\/2012\/03\/APRENDA-A-FAZER-CITA\u00c7\u00d5ES-INTERNAS-EM-UM-TEXTO.pdf\">APRENDA A FAZER CITA\u00c7\u00d5ES INTERNAS EM UM TEXTO<\/a><\/p>\n<p><a href=\"http:\/\/www2.unifap.br\/alexandresantiago\/files\/2012\/03\/Elabora\u00e7\u00e3o-de-Resumos.pdf\">Elabora\u00e7\u00e3o de Resumos<\/a><\/p>\n","protected":false},"excerpt":{"rendered":"<p>ol\u00e1 turma, a\u00ed vai o material que estou disponibilizando para voc\u00eas consultarem. um grande abra\u00e7o. Alexandre Santiago Manual_TCC_artigo_cientifico_posgraduacao NBR 6022 Artigo em publicacao periodica NBR 6024 &#8211; 2003 Numeracao Progressiva NBR 6027 Elaboracao de sumarios NBR 15287-Projeto de pesquisa Normas&hellip; <\/p>\n<p><a href=\"https:\/\/www2.unifap.br\/alexandresantiago\/material-das-aulas-de-metodologia-cientifica\/\" class=\"readmore-button\">Continue Reading<\/a><\/p>\n","protected":false},"author":102,"featured_media":0,"parent":0,"menu_order":0,"comment_status":"open","ping_status":"open","template":"","meta":{"inline_featured_image":false,"ngg_post_thumbnail":0,"footnotes":""},"class_list":["post-51","page","type-page","status-publish","hentry"],"_links":{"self":[{"href":"https:\/\/www2.unifap.br\/alexandresantiago\/wp-json\/wp\/v2\/pages\/51","targetHints":{"allow":["GET"]}}],"collection":[{"href":"https:\/\/www2.unifap.br\/alexandresantiago\/wp-json\/wp\/v2\/pages"}],"about":[{"href":"https:\/\/www2.unifap.br\/alexandresantiago\/wp-json\/wp\/v2\/types\/page"}],"author":[{"embeddable":true,"href":"https:\/\/www2.unifap.br\/alexandresantiago\/wp-json\/wp\/v2\/users\/102"}],"replies":[{"embeddable":true,"href":"https:\/\/www2.unifap.br\/alexandresantiago\/wp-json\/wp\/v2\/comments?post=51"}],"version-history":[{"count":2,"href":"https:\/\/www2.unifap.br\/alexandresantiago\/wp-json\/wp\/v2\/pages\/51\/revisions"}],"predecessor-version":[{"id":61,"href":"https:\/\/www2.unifap.br\/alexandresantiago\/wp-json\/wp\/v2\/pages\/51\/revisions\/61"}],"wp:attachment":[{"href":"https:\/\/www2.unifap.br\/alexandresantiago\/wp-json\/wp\/v2\/media?parent=51"}],"curies":[{"name":"wp","href":"https:\/\/api.w.org\/{rel}","templated":true}]}}