{"id":62,"date":"2012-04-02T11:24:52","date_gmt":"2012-04-02T11:24:52","guid":{"rendered":"http:\/\/www2.unifap.br\/alexandresantiago\/?page_id=62"},"modified":"2012-09-25T20:03:43","modified_gmt":"2012-09-25T20:03:43","slug":"material-das-aulas-de-oceanografia-e-limnologia","status":"publish","type":"page","link":"https:\/\/www2.unifap.br\/alexandresantiago\/pagina-exemplo\/material-das-aulas-de-oceanografia-e-limnologia\/","title":{"rendered":"Material das Aulas de Oceanografia e Limnologia"},"content":{"rendered":"<p>Ol\u00e1 turma, nesta p\u00e1gina ser\u00e1 disponibilizado o material das aulas de Oceanografia e Limnologia.<\/p>\n<p>um grande abra\u00e7o.<\/p>\n<p>Alexandre Santiago<\/p>\n<p><a href=\"http:\/\/www2.unifap.br\/alexandresantiago\/files\/2012\/04\/A-Terra-geologia-oceanica.pdf\">A Terra geologia oceanica<\/a><\/p>\n<p><a href=\"http:\/\/www2.unifap.br\/alexandresantiago\/files\/2012\/04\/Aula-3-RELEVO-OCE\u00c2NICO.pdf\">Aula 3 RELEVO OCE\u00c2NICO<\/a><\/p>\n<p><a href=\"http:\/\/www2.unifap.br\/alexandresantiago\/files\/2012\/04\/DERIVA-CONTINENTAL-E-PLACAS-TECT\u00d4NICAS.pdf\">DERIVA CONTINENTAL E PLACAS TECT\u00d4NICAS<\/a><\/p>\n<p><a href=\"http:\/\/www2.unifap.br\/alexandresantiago\/files\/2012\/04\/Geomorfologia.pdf\">Geomorfologia<\/a><\/p>\n<p><a href=\"http:\/\/www2.unifap.br\/alexandresantiago\/files\/2012\/04\/RELEVO-OCE\u00c2NICO1.pdf\">RELEVO OCE\u00c2NICO<\/a><\/p>\n<p><a href=\"http:\/\/www2.unifap.br\/alexandresantiago\/files\/2012\/04\/RELEVO-SUBMARINO.pdf\">RELEVO SUBMARINO<\/a><\/p>\n<p><a href=\"http:\/\/www2.unifap.br\/alexandresantiago\/files\/2012\/04\/Tectonica-de-Placas.pdf\">Tectonica de Placas<\/a><\/p>\n<p><a href=\"http:\/\/www2.unifap.br\/alexandresantiago\/files\/2012\/04\/Agua-do-Marcap_03.pdf\">Caracter\u00edsticas da \u00c1gua do Mar<\/a><\/p>\n<p><a href=\"http:\/\/www2.unifap.br\/alexandresantiago\/files\/2012\/04\/Composicao-da-agua-do-mar.pdf\">Composicao da agua do mar<\/a><\/p>\n<p><a href=\"http:\/\/www2.unifap.br\/alexandresantiago\/files\/2012\/04\/propriedades-fisico-quimicas-das-aguas-oceanicas.pptx\">propriedades fisico quimicas das aguas oceanicas<\/a><a href=\"http:\/\/www2.unifap.br\/alexandresantiago\/files\/2012\/04\/elementos-da-agua-do-mar.pdf\">elementos da agua do mar<\/a><a href=\"http:\/\/www2.unifap.br\/alexandresantiago\/files\/2012\/04\/Distribui\u00e7\u00e3o-de-temperatura-e-salinidade-com-a-profundidade.docx\">Distribui\u00e7\u00e3o de temperatura e salinidade com a profundidade<\/a><\/p>\n<p>Apresenta\u00e7\u00e3o da aula de Din\u00e2mica Marinha &#8211; Relevo, Agentes Modificadores do Relevo: http:\/\/www.slideshare.net\/lfwgeografia\/agentes-modeladores-do-relevo-externos-ou-exgenos.<\/p>\n<p>&nbsp;<\/p>\n","protected":false},"excerpt":{"rendered":"<p>Ol\u00e1 turma, nesta p\u00e1gina ser\u00e1 disponibilizado o material das aulas de Oceanografia e Limnologia. um grande abra\u00e7o. Alexandre Santiago A Terra geologia oceanica Aula 3 RELEVO OCE\u00c2NICO DERIVA CONTINENTAL E PLACAS TECT\u00d4NICAS Geomorfologia RELEVO OCE\u00c2NICO RELEVO SUBMARINO Tectonica de Placas&hellip; <\/p>\n<p><a href=\"https:\/\/www2.unifap.br\/alexandresantiago\/pagina-exemplo\/material-das-aulas-de-oceanografia-e-limnologia\/\" class=\"readmore-button\">Continue Reading<\/a><\/p>\n","protected":false},"author":102,"featured_media":0,"parent":2,"menu_order":0,"comment_status":"open","ping_status":"open","template":"","meta":{"inline_featured_image":false,"ngg_post_thumbnail":0,"footnotes":""},"class_list":["post-62","page","type-page","status-publish","hentry"],"_links":{"self":[{"href":"https:\/\/www2.unifap.br\/alexandresantiago\/wp-json\/wp\/v2\/pages\/62","targetHints":{"allow":["GET"]}}],"collection":[{"href":"https:\/\/www2.unifap.br\/alexandresantiago\/wp-json\/wp\/v2\/pages"}],"about":[{"href":"https:\/\/www2.unifap.br\/alexandresantiago\/wp-json\/wp\/v2\/types\/page"}],"author":[{"embeddable":true,"href":"https:\/\/www2.unifap.br\/alexandresantiago\/wp-json\/wp\/v2\/users\/102"}],"replies":[{"embeddable":true,"href":"https:\/\/www2.unifap.br\/alexandresantiago\/wp-json\/wp\/v2\/comments?post=62"}],"version-history":[{"count":4,"href":"https:\/\/www2.unifap.br\/alexandresantiago\/wp-json\/wp\/v2\/pages\/62\/revisions"}],"predecessor-version":[{"id":72,"href":"https:\/\/www2.unifap.br\/alexandresantiago\/wp-json\/wp\/v2\/pages\/62\/revisions\/72"}],"up":[{"embeddable":true,"href":"https:\/\/www2.unifap.br\/alexandresantiago\/wp-json\/wp\/v2\/pages\/2"}],"wp:attachment":[{"href":"https:\/\/www2.unifap.br\/alexandresantiago\/wp-json\/wp\/v2\/media?parent=62"}],"curies":[{"name":"wp","href":"https:\/\/api.w.org\/{rel}","templated":true}]}}