{"id":79,"date":"2012-05-14T14:08:11","date_gmt":"2012-05-14T14:08:11","guid":{"rendered":"http:\/\/www2.unifap.br\/alexandresantiago\/?page_id=79"},"modified":"2014-01-07T13:17:13","modified_gmt":"2014-01-07T13:17:13","slug":"dinamica-marinha","status":"publish","type":"page","link":"https:\/\/www2.unifap.br\/alexandresantiago\/pagina-exemplo\/dinamica-marinha\/","title":{"rendered":"Din\u00e2mica Marinha"},"content":{"rendered":"<p>Ol\u00e1 turma, a\u00ed vai o material sobre Din\u00e2mica Marinha.<\/p>\n<p>Um grande abra\u00e7o.<\/p>\n<p><a href=\"http:\/\/www2.unifap.br\/alexandresantiago\/files\/2012\/05\/Aula-5-CORRENTES-OCE\u00c2NICAS-E-MASSAS-DE-\u00c1GUA.pptx\">Aula 5 CORRENTES OCE\u00c2NICAS E MASSAS DE \u00c1GUA<\/a><\/p>\n<p><a href=\"http:\/\/www2.unifap.br\/alexandresantiago\/files\/2012\/05\/Aula-5_1-CORRENTES-OCE\u00c2NICAS-TERMOHALINA.pptx\">Aula 5_1 CORRENTES OCE\u00c2NICAS TERMOHALINA<\/a><\/p>\n<p><a href=\"http:\/\/www2.unifap.br\/alexandresantiago\/files\/2012\/05\/Aula-5_2-MAR\u00c9S.pptx\">Aula 5_2 MAR\u00c9S<\/a><\/p>\n<p><a href=\"http:\/\/www2.unifap.br\/alexandresantiago\/files\/2012\/05\/cap10-Mares-e-Correntes-de-Mare.pdf\">cap10 Mares e Correntes de Mare<\/a><\/p>\n<p><a href=\"http:\/\/www2.unifap.br\/alexandresantiago\/files\/2012\/05\/cinematica-e-dinamica-da-circulacao-oceanica.pdf\">cinematica e dinamica da circula\u00e7\u00e3o oce\u00e2nica<\/a><\/p>\n<p><a href=\"http:\/\/www2.unifap.br\/alexandresantiago\/files\/2012\/05\/forca-de-Coriolis.pptx\">forca de Coriolis<\/a><\/p>\n<p>Din\u00e2mica Marinha &#8211; Agentes modeladores da regi\u00e3o litor\u00e2nea &#8211; apresenta\u00e7\u00e3o <a href=\"http:\/\/www.slideshare.net\/lfwgeografia\/agentes-modeladores-do-relevo-externos-ou-exgenos\">Agentes modificadores do relevo litor\u00e2neo<\/a><\/p>\n","protected":false},"excerpt":{"rendered":"<p>Ol\u00e1 turma, a\u00ed vai o material sobre Din\u00e2mica Marinha. Um grande abra\u00e7o. Aula 5 CORRENTES OCE\u00c2NICAS E MASSAS DE \u00c1GUA Aula 5_1 CORRENTES OCE\u00c2NICAS TERMOHALINA Aula 5_2 MAR\u00c9S cap10 Mares e Correntes de Mare cinematica e dinamica da circula\u00e7\u00e3o oce\u00e2nica&hellip; <\/p>\n<p><a href=\"https:\/\/www2.unifap.br\/alexandresantiago\/pagina-exemplo\/dinamica-marinha\/\" class=\"readmore-button\">Continue Reading<\/a><\/p>\n","protected":false},"author":102,"featured_media":0,"parent":2,"menu_order":3,"comment_status":"open","ping_status":"open","template":"","meta":{"inline_featured_image":false,"ngg_post_thumbnail":0,"footnotes":""},"class_list":["post-79","page","type-page","status-publish","hentry"],"_links":{"self":[{"href":"https:\/\/www2.unifap.br\/alexandresantiago\/wp-json\/wp\/v2\/pages\/79","targetHints":{"allow":["GET"]}}],"collection":[{"href":"https:\/\/www2.unifap.br\/alexandresantiago\/wp-json\/wp\/v2\/pages"}],"about":[{"href":"https:\/\/www2.unifap.br\/alexandresantiago\/wp-json\/wp\/v2\/types\/page"}],"author":[{"embeddable":true,"href":"https:\/\/www2.unifap.br\/alexandresantiago\/wp-json\/wp\/v2\/users\/102"}],"replies":[{"embeddable":true,"href":"https:\/\/www2.unifap.br\/alexandresantiago\/wp-json\/wp\/v2\/comments?post=79"}],"version-history":[{"count":6,"href":"https:\/\/www2.unifap.br\/alexandresantiago\/wp-json\/wp\/v2\/pages\/79\/revisions"}],"predecessor-version":[{"id":206,"href":"https:\/\/www2.unifap.br\/alexandresantiago\/wp-json\/wp\/v2\/pages\/79\/revisions\/206"}],"up":[{"embeddable":true,"href":"https:\/\/www2.unifap.br\/alexandresantiago\/wp-json\/wp\/v2\/pages\/2"}],"wp:attachment":[{"href":"https:\/\/www2.unifap.br\/alexandresantiago\/wp-json\/wp\/v2\/media?parent=79"}],"curies":[{"name":"wp","href":"https:\/\/api.w.org\/{rel}","templated":true}]}}