{"id":10188,"date":"2025-10-23T23:26:07","date_gmt":"2025-10-24T02:26:07","guid":{"rendered":"https:\/\/www2.unifap.br\/arquitetura\/?page_id=10188"},"modified":"2026-04-27T15:30:10","modified_gmt":"2026-04-27T18:30:10","slug":"monitoria","status":"publish","type":"page","link":"https:\/\/www2.unifap.br\/arquitetura\/monitoria\/","title":{"rendered":"Monitoria"},"content":{"rendered":"\t\t<div data-elementor-type=\"wp-page\" data-elementor-id=\"10188\" class=\"elementor elementor-10188\">\n\t\t\t\t<div class=\"elementor-element elementor-element-58e152e e-flex e-con-boxed e-con e-parent\" data-id=\"58e152e\" data-element_type=\"container\" data-e-type=\"container\">\n\t\t\t\t\t<div class=\"e-con-inner\">\n\t\t\t\t<div class=\"elementor-element elementor-element-d17ed3b elementor-widget elementor-widget-heading\" data-id=\"d17ed3b\" data-element_type=\"widget\" data-e-type=\"widget\" data-widget_type=\"heading.default\">\n\t\t\t\t<div class=\"elementor-widget-container\">\n\t\t\t\t\t<h2 class=\"elementor-heading-title elementor-size-default\">Monitoria<\/h2>\t\t\t\t<\/div>\n\t\t\t\t<\/div>\n\t\t\t\t<div class=\"elementor-element elementor-element-5f2eb88 elementor-widget elementor-widget-text-editor\" data-id=\"5f2eb88\" data-element_type=\"widget\" data-e-type=\"widget\" data-widget_type=\"text-editor.default\">\n\t\t\t\t<div class=\"elementor-widget-container\">\n\t\t\t\t\t\t\t\t\t<div class=\"elementor-element elementor-element-a1a8fe3 elementor-widget elementor-widget-text-editor\" data-id=\"a1a8fe3\" data-element_type=\"widget\" data-widget_type=\"text-editor.default\"><div class=\"elementor-widget-container\"><p>A monitoria no Curso de Arquitetura e Urbanismo objetiva ampliar a forma\u00e7\u00e3o acad\u00eamica do aluno, possibilitando-lhe atuar de forma mais intensa e direta em uma determinada disciplina, sob orienta\u00e7\u00e3o docente. Assim, o programa visa incentivar a participa\u00e7\u00e3o do aluno nas atividades da Universidade e despert\u00e1-lo para a doc\u00eancia, a pesquisa e a extens\u00e3o, oportunizando sua capacita\u00e7\u00e3o did\u00e1tica e cient\u00edfica, bem como possibilitar integra\u00e7\u00e3o dos segmentos na Universidade.<\/p><\/div><\/div><div class=\"elementor-element elementor-element-7377463 elementor-widget elementor-widget-text-editor\" data-id=\"7377463\" data-element_type=\"widget\" data-widget_type=\"text-editor.default\"><div class=\"elementor-widget-container\"><p>O <strong>Programa Bolsa Monitoria<\/strong> \u00e9 de responsabilidade do DCET e o\u00a0<strong>Programa de Monitoria Volunt\u00e1ria<\/strong> \u00e9 de responsabilidade das Coordena\u00e7\u00f5es de Curso<\/p><\/div><\/div><div class=\"elementor-element elementor-element-1026792 elementor-widget elementor-widget-text-editor\" data-id=\"1026792\" data-element_type=\"widget\" data-widget_type=\"text-editor.default\"><div class=\"elementor-widget-container\"><p>Ao final da monitoria os alunos que cumprirem todos os requisitos recebem uma declara\u00e7\u00e3o de participa\u00e7\u00e3o com carga hor\u00e1ria que pode ser computada como Atividade Complementar.<\/p><\/div><\/div>\t\t\t\t\t\t\t\t<\/div>\n\t\t\t\t<\/div>\n\t\t\t\t<div class=\"elementor-element elementor-element-509c549 elementor-widget elementor-widget-button\" data-id=\"509c549\" data-element_type=\"widget\" data-e-type=\"widget\" data-widget_type=\"button.default\">\n\t\t\t\t<div class=\"elementor-widget-container\">\n\t\t\t\t\t\t\t\t\t<div class=\"elementor-button-wrapper\">\n\t\t\t\t\t<a class=\"elementor-button elementor-button-link elementor-size-sm\" href=\"https:\/\/www2.unifap.br\/dcet\/portal-academico\/monitoria\/\" target=\"_blank\">\n\t\t\t\t\t\t<span class=\"elementor-button-content-wrapper\">\n\t\t\t\t\t\t\t\t\t<span class=\"elementor-button-text\">Programa Bolsa Monitoria<\/span>\n\t\t\t\t\t<\/span>\n\t\t\t\t\t<\/a>\n\t\t\t\t<\/div>\n\t\t\t\t\t\t\t\t<\/div>\n\t\t\t\t<\/div>\n\t\t\t\t<div class=\"elementor-element elementor-element-b0fe857 elementor-widget elementor-widget-heading\" data-id=\"b0fe857\" data-element_type=\"widget\" data-e-type=\"widget\" data-widget_type=\"heading.default\">\n\t\t\t\t<div class=\"elementor-widget-container\">\n\t\t\t\t\t<h2 class=\"elementor-heading-title elementor-size-default\">Monitoria Volunt\u00e1ria<\/h2>\t\t\t\t<\/div>\n\t\t\t\t<\/div>\n\t\t\t\t<div class=\"elementor-element elementor-element-7b0fa06 elementor-widget elementor-widget-n-accordion\" data-id=\"7b0fa06\" data-element_type=\"widget\" data-e-type=\"widget\" data-settings=\"{&quot;default_state&quot;:&quot;all_collapsed&quot;,&quot;max_items_expended&quot;:&quot;one&quot;,&quot;n_accordion_animation_duration&quot;:{&quot;unit&quot;:&quot;ms&quot;,&quot;size&quot;:400,&quot;sizes&quot;:[]}}\" data-widget_type=\"nested-accordion.default\">\n\t\t\t\t<div class=\"elementor-widget-container\">\n\t\t\t\t\t\t\t<div class=\"e-n-accordion\" aria-label=\"Accordion. Open links with Enter or Space, close with Escape, and navigate with Arrow Keys\">\n\t\t\t\t\t\t<details id=\"e-n-accordion-item-1290\" class=\"e-n-accordion-item\" >\n\t\t\t\t<summary class=\"e-n-accordion-item-title\" data-accordion-index=\"1\" tabindex=\"0\" aria-expanded=\"false\" aria-controls=\"e-n-accordion-item-1290\" >\n\t\t\t\t\t<span class='e-n-accordion-item-title-header'><div class=\"e-n-accordion-item-title-text\"> Edital de Monitoria Volunt\u00e1ria 2026.1 - Vagas Remanescentes <\/div><\/span>\n\t\t\t\t\t\t\t<span class='e-n-accordion-item-title-icon'>\n\t\t\t<span class='e-opened' ><svg aria-hidden=\"true\" class=\"e-font-icon-svg e-fas-minus\" viewBox=\"0 0 448 512\" xmlns=\"http:\/\/www.w3.org\/2000\/svg\"><path d=\"M416 208H32c-17.67 0-32 14.33-32 32v32c0 17.67 14.33 32 32 32h384c17.67 0 32-14.33 32-32v-32c0-17.67-14.33-32-32-32z\"><\/path><\/svg><\/span>\n\t\t\t<span class='e-closed'><svg aria-hidden=\"true\" class=\"e-font-icon-svg e-fas-plus\" viewBox=\"0 0 448 512\" xmlns=\"http:\/\/www.w3.org\/2000\/svg\"><path d=\"M416 208H272V64c0-17.67-14.33-32-32-32h-32c-17.67 0-32 14.33-32 32v144H32c-17.67 0-32 14.33-32 32v32c0 17.67 14.33 32 32 32h144v144c0 17.67 14.33 32 32 32h32c17.67 0 32-14.33 32-32V304h144c17.67 0 32-14.33 32-32v-32c0-17.67-14.33-32-32-32z\"><\/path><\/svg><\/span>\n\t\t<\/span>\n\n\t\t\t\t\t\t<\/summary>\n\t\t\t\t<div role=\"region\" aria-labelledby=\"e-n-accordion-item-1290\" class=\"elementor-element elementor-element-9837865 e-con-full e-flex e-con e-child\" data-id=\"9837865\" data-element_type=\"container\" data-e-type=\"container\">\n\t\t<div role=\"region\" aria-labelledby=\"e-n-accordion-item-1290\" class=\"elementor-element elementor-element-e23faa3 e-flex e-con-boxed e-con e-child\" data-id=\"e23faa3\" data-element_type=\"container\" data-e-type=\"container\">\n\t\t\t\t\t<div class=\"e-con-inner\">\n\t\t\t\t<div class=\"elementor-element elementor-element-52981df elementor-widget elementor-widget-text-editor\" data-id=\"52981df\" data-element_type=\"widget\" data-e-type=\"widget\" data-widget_type=\"text-editor.default\">\n\t\t\t\t<div class=\"elementor-widget-container\">\n\t\t\t\t\t\t\t\t\t<ol><li>Edital N\u00ba 02\/2026 &#8211; CCAU\/UNIFAP &#8211;\u00a0<strong><a href=\"http:\/\/www2.unifap.br\/arquitetura\/files\/2026\/04\/Edital_02-2026_CCAU_Monitoria-voluntaria_2026.1.pdf\" target=\"_blank\" rel=\"noopener\">Monitoria Volunt\u00e1ria 2026.1<\/a><\/strong> &#8211; 10\/04\/2026<\/li><li>Edital N\u00ba 02\/2026 &#8211; CCAU\/UNIFAP &#8211; <strong><a href=\"http:\/\/www2.unifap.br\/arquitetura\/files\/2026\/04\/Edital_02-2026_CCAU_Lista_Provisoria_Inscricoes.pdf\" target=\"_blank\" rel=\"noopener\">Lista Provis\u00f3ria das Inscri\u00e7\u00f5es<\/a><\/strong> &#8211; 12\/04\/2026<\/li><li>Edital N\u00ba 02\/2026 &#8211; CCAU\/UNIFAP &#8211; <a href=\"http:\/\/www2.unifap.br\/arquitetura\/files\/2026\/04\/Edital_02-2026_CCAU_Lista_Definitiva_Inscricoes.pdf\" target=\"_blank\" rel=\"noopener\"><strong>Lista Definitiva das Inscri\u00e7\u00f5es<\/strong><\/a> &#8211; 13\/04\/2026<\/li><li>Edital N\u00ba 02\/2026 &#8211; CCAU\/UNIFAP &#8211; <a href=\"http:\/\/www2.unifap.br\/arquitetura\/files\/2026\/04\/Edital_02-2026_CCAU_Cronograma-entrevistas.pdf\" target=\"_blank\" rel=\"noopener\"><strong>Cronograma das Entrevistas<\/strong><\/a>\u00a0&#8211; 13\/04\/2026<\/li><li>Edital N\u00ba 02\/2026 &#8211; CCAU\/UNIFAP &#8211; <a href=\"http:\/\/www2.unifap.br\/arquitetura\/files\/2026\/04\/Edital_02-2026_CCAU_Resultado-provisorio.pdf\" target=\"_blank\" rel=\"noopener\"><strong>Resultado Provis\u00f3rio<\/strong><\/a>\u00a0&#8211; 15\/04\/2026<\/li><li>Edital N\u00ba 02\/2026 &#8211; CCAU\/UNIFAP &#8211; <a href=\"http:\/\/www2.unifap.br\/arquitetura\/files\/2026\/04\/Edital_02-2026_CCAU_Resultado-definitivo.pdf\" target=\"_blank\" rel=\"noopener\"><strong>Resultado Definitivo<\/strong><\/a>\u00a0&#8211; 17\/04\/2026<span style=\"font-size: 16px\"><img decoding=\"async\" src=\"http:\/\/www2.unifap.br\/dcet\/files\/2022\/01\/novo.gif\" \/><\/span><\/li><\/ol>\t\t\t\t\t\t\t\t<\/div>\n\t\t\t\t<\/div>\n\t\t\t\t\t<\/div>\n\t\t\t\t<\/div>\n\t\t\t\t<\/div>\n\t\t\t\t\t<\/details>\n\t\t\t\t\t\t<details id=\"e-n-accordion-item-1291\" class=\"e-n-accordion-item\" >\n\t\t\t\t<summary class=\"e-n-accordion-item-title\" data-accordion-index=\"2\" tabindex=\"-1\" aria-expanded=\"false\" aria-controls=\"e-n-accordion-item-1291\" >\n\t\t\t\t\t<span class='e-n-accordion-item-title-header'><div class=\"e-n-accordion-item-title-text\"> Edital de Monitoria Volunt\u00e1ria 2026.1 <\/div><\/span>\n\t\t\t\t\t\t\t<span class='e-n-accordion-item-title-icon'>\n\t\t\t<span class='e-opened' ><svg aria-hidden=\"true\" class=\"e-font-icon-svg e-fas-minus\" viewBox=\"0 0 448 512\" xmlns=\"http:\/\/www.w3.org\/2000\/svg\"><path d=\"M416 208H32c-17.67 0-32 14.33-32 32v32c0 17.67 14.33 32 32 32h384c17.67 0 32-14.33 32-32v-32c0-17.67-14.33-32-32-32z\"><\/path><\/svg><\/span>\n\t\t\t<span class='e-closed'><svg aria-hidden=\"true\" class=\"e-font-icon-svg e-fas-plus\" viewBox=\"0 0 448 512\" xmlns=\"http:\/\/www.w3.org\/2000\/svg\"><path d=\"M416 208H272V64c0-17.67-14.33-32-32-32h-32c-17.67 0-32 14.33-32 32v144H32c-17.67 0-32 14.33-32 32v32c0 17.67 14.33 32 32 32h144v144c0 17.67 14.33 32 32 32h32c17.67 0 32-14.33 32-32V304h144c17.67 0 32-14.33 32-32v-32c0-17.67-14.33-32-32-32z\"><\/path><\/svg><\/span>\n\t\t<\/span>\n\n\t\t\t\t\t\t<\/summary>\n\t\t\t\t<div role=\"region\" aria-labelledby=\"e-n-accordion-item-1291\" class=\"elementor-element elementor-element-3ad8817 e-con-full e-flex e-con e-child\" data-id=\"3ad8817\" data-element_type=\"container\" data-e-type=\"container\">\n\t\t<div role=\"region\" aria-labelledby=\"e-n-accordion-item-1291\" class=\"elementor-element elementor-element-0275362 e-flex e-con-boxed e-con e-child\" data-id=\"0275362\" data-element_type=\"container\" data-e-type=\"container\">\n\t\t\t\t\t<div class=\"e-con-inner\">\n\t\t\t\t<div class=\"elementor-element elementor-element-39e2db1 elementor-widget elementor-widget-text-editor\" data-id=\"39e2db1\" data-element_type=\"widget\" data-e-type=\"widget\" data-widget_type=\"text-editor.default\">\n\t\t\t\t<div class=\"elementor-widget-container\">\n\t\t\t\t\t\t\t\t\t<ol><li>Edital N\u00ba 01\/2026 &#8211; CCAU\/UNIFAP &#8211;<a href=\"http:\/\/www2.unifap.br\/arquitetura\/files\/2026\/02\/Edital_01-2026_CCAU_Monitoria-voluntaria_2026.1.pdf\" target=\"_blank\" rel=\"noopener\"><strong> Monitoria Volunt\u00e1ria 2026.1<\/strong><\/a> &#8211; 26\/02\/2026<\/li><li>Edital N\u00ba 01\/2026 &#8211; CCAU\/UNIFAP<span style=\"font-size: 16px\"> &#8211;<a href=\"http:\/\/www2.unifap.br\/arquitetura\/files\/2026\/02\/Edital_01-2026_CCAU_Monitoria-voluntaria_2026.1-1a_retificacao.pdf\" target=\"_blank\" rel=\"noopener\"><strong> 1a Retifica\u00e7\u00e3o<\/strong><\/a> &#8211; 27\/02\/2026 <\/span><\/li><li>Edital N\u00ba 01\/2026 &#8211; CCAU\/UNIFAP &#8211;<a href=\"http:\/\/www2.unifap.br\/arquitetura\/files\/2026\/03\/Edital_01-2026_CCAU_Lista-provisoria_Inscricoes.pdf\" target=\"_blank\" rel=\"noopener\"><strong> Lista Provis\u00f3ria das Inscri\u00e7\u00f5es<\/strong><\/a>\u00a0&#8211; 02\/03\/2026<\/li><li>Edital N\u00ba 01\/2026 &#8211; CCAU\/UNIFAP &#8211;<a href=\"http:\/\/www2.unifap.br\/arquitetura\/files\/2026\/03\/Edital_01-2026_CCAU_Lista-definitiva_Inscricoes.pdf\" target=\"_blank\" rel=\"noopener\"><strong> Lista Definitiva das Inscri\u00e7\u00f5es<\/strong><\/a> &#8211; 03\/03\/2026<\/li><li>Edital N\u00ba 01\/2026 &#8211; CCAU\/UNIFAP &#8211;<a href=\"http:\/\/www2.unifap.br\/arquitetura\/files\/2026\/03\/Edital_01-2026_CCAU_Cronograma-entrevistas.pdf\" target=\"_blank\" rel=\"noopener\"><strong> Cronograma das Entrevistas<\/strong><\/a> &#8211; 04\/03\/2026<\/li><li>Edital N\u00ba 01\/2026 &#8211; CCAU\/UNIFAP<span style=\"font-size: 16px\"> &#8211;<a href=\"http:\/\/www2.unifap.br\/arquitetura\/files\/2026\/03\/Edital_01-2026_CCAU_Monitoria-voluntaria_2026.1-2a_retificacao.pdf\" target=\"_blank\" rel=\"noopener\"><strong> 2a Retifica\u00e7\u00e3o<\/strong><\/a> &#8211; 10\/03\/2026<\/span><\/li><li>Edital N\u00ba 01\/2026 &#8211; CCAU\/UNIFAP<span style=\"font-size: 16px\"> &#8211;<a href=\"http:\/\/www2.unifap.br\/arquitetura\/files\/2026\/03\/Edital_01-2026_CCAU_Resultado-preliminar.pdf\" target=\"_blank\" rel=\"noopener\"><strong> Resultado Preliminar<\/strong><\/a> &#8211; 11\/03\/2026<\/span><\/li><li>Edital N\u00ba 01\/2026 &#8211; CCAU\/UNIFAP<span style=\"font-size: 16px\"> &#8211;<a href=\"http:\/\/www2.unifap.br\/arquitetura\/files\/2026\/03\/Edital_01-2026_CCAU_Resultado-definitivo.pdf\" target=\"_blank\" rel=\"noopener\"><strong> Resultado Definitivo<\/strong><\/a>\u00a0&#8211; 13\/03\/2026<img decoding=\"async\" src=\"http:\/\/www2.unifap.br\/dcet\/files\/2022\/01\/novo.gif\" \/><\/span><\/li><\/ol>\t\t\t\t\t\t\t\t<\/div>\n\t\t\t\t<\/div>\n\t\t\t\t\t<\/div>\n\t\t\t\t<\/div>\n\t\t\t\t<\/div>\n\t\t\t\t\t<\/details>\n\t\t\t\t\t\t<details id=\"e-n-accordion-item-1292\" class=\"e-n-accordion-item\" >\n\t\t\t\t<summary class=\"e-n-accordion-item-title\" data-accordion-index=\"3\" tabindex=\"-1\" aria-expanded=\"false\" aria-controls=\"e-n-accordion-item-1292\" >\n\t\t\t\t\t<span class='e-n-accordion-item-title-header'><div class=\"e-n-accordion-item-title-text\"> Edital de Monitoria Volunt\u00e1ria 2025.2 <\/div><\/span>\n\t\t\t\t\t\t\t<span class='e-n-accordion-item-title-icon'>\n\t\t\t<span class='e-opened' ><svg aria-hidden=\"true\" class=\"e-font-icon-svg e-fas-minus\" viewBox=\"0 0 448 512\" xmlns=\"http:\/\/www.w3.org\/2000\/svg\"><path d=\"M416 208H32c-17.67 0-32 14.33-32 32v32c0 17.67 14.33 32 32 32h384c17.67 0 32-14.33 32-32v-32c0-17.67-14.33-32-32-32z\"><\/path><\/svg><\/span>\n\t\t\t<span class='e-closed'><svg aria-hidden=\"true\" class=\"e-font-icon-svg e-fas-plus\" viewBox=\"0 0 448 512\" xmlns=\"http:\/\/www.w3.org\/2000\/svg\"><path d=\"M416 208H272V64c0-17.67-14.33-32-32-32h-32c-17.67 0-32 14.33-32 32v144H32c-17.67 0-32 14.33-32 32v32c0 17.67 14.33 32 32 32h144v144c0 17.67 14.33 32 32 32h32c17.67 0 32-14.33 32-32V304h144c17.67 0 32-14.33 32-32v-32c0-17.67-14.33-32-32-32z\"><\/path><\/svg><\/span>\n\t\t<\/span>\n\n\t\t\t\t\t\t<\/summary>\n\t\t\t\t<div role=\"region\" aria-labelledby=\"e-n-accordion-item-1292\" class=\"elementor-element elementor-element-8692684 e-con-full e-flex e-con e-child\" data-id=\"8692684\" data-element_type=\"container\" data-e-type=\"container\">\n\t\t<div role=\"region\" aria-labelledby=\"e-n-accordion-item-1292\" class=\"elementor-element elementor-element-8e365c2 e-flex e-con-boxed e-con e-child\" data-id=\"8e365c2\" data-element_type=\"container\" data-e-type=\"container\">\n\t\t\t\t\t<div class=\"e-con-inner\">\n\t\t\t\t<div class=\"elementor-element elementor-element-7ce31f1 elementor-widget elementor-widget-text-editor\" data-id=\"7ce31f1\" data-element_type=\"widget\" data-e-type=\"widget\" data-widget_type=\"text-editor.default\">\n\t\t\t\t<div class=\"elementor-widget-container\">\n\t\t\t\t\t\t\t\t\t<ol><li><a href=\"http:\/\/www2.unifap.br\/arquitetura\/files\/2025\/10\/Edital_01-2025_CCAU_Monitoria-voluntaria_2025.2.pdf\"><strong>Edital N\u00ba 01\/2025 &#8211; CCAU\/UNIFAP &#8211; Monitoria Volunt\u00e1ria 2025.2<\/strong><\/a> &#8211; 23\/10\/2025<\/li><li><a style=\"font-size: 16px;background-color: #ffffff\" href=\"http:\/\/www2.unifap.br\/arquitetura\/files\/2025\/10\/1a-Retificacao_Edital_01-2025_CCAU_Monitoria-voluntaria_2025.2.pdf\" target=\"_blank\" rel=\"noopener\"><strong>1\u00aa Retifica\u00e7\u00e3o do Edital N\u00ba 01\/2025-CCAU\/UNIFAP<\/strong><\/a><span style=\"font-size: 16px\"> &#8211; 25\/10\/2025<\/span><\/li><li><strong><a href=\"http:\/\/www2.unifap.br\/arquitetura\/files\/2025\/10\/Edital_01-2025_CCAU_Lista-provisoria_Inscricoes.pdf\" target=\"_blank\" rel=\"noopener\">Lista Provis\u00f3ria das Inscri\u00e7\u00f5es do Edital N\u00ba 01\/2025-CCAU\/UNIFAP<\/a><\/strong> &#8211; 26\/10\/2025<\/li><li><a href=\"http:\/\/www2.unifap.br\/arquitetura\/files\/2025\/10\/Edital_01-2025_CCAU_Lista-definitiva_Inscricoes.pdf\" target=\"_blank\" rel=\"noopener\"><strong>Lista Definitiva das Inscri\u00e7\u00f5es do Edital N\u00ba 01\/2025-CCAU\/UNIFAP<\/strong><\/a> &#8211; 27\/10\/2025<\/li><li><a href=\"http:\/\/www2.unifap.br\/arquitetura\/files\/2025\/10\/Edital_01-2025_CCAU_Cronograma-entrevistas.pdf\" target=\"_blank\" rel=\"noopener\"><strong>Cronograma de Entrevistas do Edital N\u00ba 01\/2025-CCAU\/UNIFAP<\/strong><\/a> &#8211; 28\/10\/2025<\/li><li><a href=\"http:\/\/www2.unifap.br\/arquitetura\/files\/2025\/10\/Edital_01-2025_CCAU_Resultado-preliminar.pdf\" target=\"_blank\" rel=\"noopener\"><strong>Resultado Preliminar &#8211; Edital N\u00ba 01\/2025-CCAU\/UNIFAP<\/strong><\/a> &#8211; 30\/10\/2025<\/li><\/ol>\t\t\t\t\t\t\t\t<\/div>\n\t\t\t\t<\/div>\n\t\t\t\t\t<\/div>\n\t\t\t\t<\/div>\n\t\t\t\t<\/div>\n\t\t\t\t\t<\/details>\n\t\t\t\t\t<\/div>\n\t\t\t\t\t\t<\/div>\n\t\t\t\t<\/div>\n\t\t\t\t\t<\/div>\n\t\t\t\t<\/div>\n\t\t\t\t<\/div>\n\t\t","protected":false},"excerpt":{"rendered":"<p>Monitoria A monitoria no Curso de Arquitetura e Urbanismo objetiva ampliar a forma\u00e7\u00e3o acad\u00eamica do aluno, possibilitando-lhe atuar de forma mais intensa e direta em uma determinada disciplina, sob orienta\u00e7\u00e3o docente. Assim, o programa visa incentivar a participa\u00e7\u00e3o do aluno nas atividades da Universidade e despert\u00e1-lo para a doc\u00eancia, a pesquisa e a extens\u00e3o, oportunizando&#8230;<\/p>\n","protected":false},"author":4026,"featured_media":0,"parent":0,"menu_order":0,"comment_status":"closed","ping_status":"closed","template":"","meta":{"inline_featured_image":false,"site-sidebar-layout":"no-sidebar","site-content-layout":"page-builder","ast-site-content-layout":"full-width-container","site-content-style":"default","site-sidebar-style":"default","ast-global-header-display":"","ast-banner-title-visibility":"","ast-main-header-display":"","ast-hfb-above-header-display":"","ast-hfb-below-header-display":"","ast-hfb-mobile-header-display":"","site-post-title":"disabled","ast-breadcrumbs-content":"","ast-featured-img":"disabled","footer-sml-layout":"","theme-transparent-header-meta":"default","adv-header-id-meta":"","stick-header-meta":"","header-above-stick-meta":"","header-main-stick-meta":"","header-below-stick-meta":"","astra-migrate-meta-layouts":"set","ast-page-background-enabled":"default","ast-page-background-meta":{"desktop":{"background-color":"var(--ast-global-color-4)","background-image":"","background-repeat":"repeat","background-position":"center center","background-size":"auto","background-attachment":"scroll","background-type":"","background-media":"","overlay-type":"","overlay-color":"","overlay-opacity":"","overlay-gradient":""},"tablet":{"background-color":"","background-image":"","background-repeat":"repeat","background-position":"center center","background-size":"auto","background-attachment":"scroll","background-type":"","background-media":"","overlay-type":"","overlay-color":"","overlay-opacity":"","overlay-gradient":""},"mobile":{"background-color":"","background-image":"","background-repeat":"repeat","background-position":"center center","background-size":"auto","background-attachment":"scroll","background-type":"","background-media":"","overlay-type":"","overlay-color":"","overlay-opacity":"","overlay-gradient":""}},"ast-content-background-meta":{"desktop":{"background-color":"var(--ast-global-color-5)","background-image":"","background-repeat":"repeat","background-position":"center center","background-size":"auto","background-attachment":"scroll","background-type":"","background-media":"","overlay-type":"","overlay-color":"","overlay-opacity":"","overlay-gradient":""},"tablet":{"background-color":"var(--ast-global-color-5)","background-image":"","background-repeat":"repeat","background-position":"center center","background-size":"auto","background-attachment":"scroll","background-type":"","background-media":"","overlay-type":"","overlay-color":"","overlay-opacity":"","overlay-gradient":""},"mobile":{"background-color":"var(--ast-global-color-5)","background-image":"","background-repeat":"repeat","background-position":"center center","background-size":"auto","background-attachment":"scroll","background-type":"","background-media":"","overlay-type":"","overlay-color":"","overlay-opacity":"","overlay-gradient":""}},"ngg_post_thumbnail":0,"footnotes":""},"class_list":["post-10188","page","type-page","status-publish","hentry"],"_links":{"self":[{"href":"https:\/\/www2.unifap.br\/arquitetura\/wp-json\/wp\/v2\/pages\/10188","targetHints":{"allow":["GET"]}}],"collection":[{"href":"https:\/\/www2.unifap.br\/arquitetura\/wp-json\/wp\/v2\/pages"}],"about":[{"href":"https:\/\/www2.unifap.br\/arquitetura\/wp-json\/wp\/v2\/types\/page"}],"author":[{"embeddable":true,"href":"https:\/\/www2.unifap.br\/arquitetura\/wp-json\/wp\/v2\/users\/4026"}],"replies":[{"embeddable":true,"href":"https:\/\/www2.unifap.br\/arquitetura\/wp-json\/wp\/v2\/comments?post=10188"}],"version-history":[{"count":70,"href":"https:\/\/www2.unifap.br\/arquitetura\/wp-json\/wp\/v2\/pages\/10188\/revisions"}],"predecessor-version":[{"id":10702,"href":"https:\/\/www2.unifap.br\/arquitetura\/wp-json\/wp\/v2\/pages\/10188\/revisions\/10702"}],"wp:attachment":[{"href":"https:\/\/www2.unifap.br\/arquitetura\/wp-json\/wp\/v2\/media?parent=10188"}],"curies":[{"name":"wp","href":"https:\/\/api.w.org\/{rel}","templated":true}]}}