{"id":1508,"date":"2019-07-23T19:15:00","date_gmt":"2019-07-23T19:15:00","guid":{"rendered":"http:\/\/www2.unifap.br\/artes\/?page_id=1508"},"modified":"2019-07-29T12:10:47","modified_gmt":"2019-07-29T12:10:47","slug":"cursos-livres","status":"publish","type":"page","link":"https:\/\/www2.unifap.br\/artes\/cursos-livres","title":{"rendered":"CURSOS LIVRES"},"content":{"rendered":"\t\t<div data-elementor-type=\"wp-post\" data-elementor-id=\"1508\" class=\"elementor elementor-1508 elementor-bc-flex-widget\">\n\t\t\t\t\t\t<section class=\"elementor-section elementor-top-section elementor-element elementor-element-7969138c elementor-section-boxed elementor-section-height-default elementor-section-height-default\" data-id=\"7969138c\" data-element_type=\"section\" data-e-type=\"section\">\n\t\t\t\t\t\t<div class=\"elementor-container elementor-column-gap-default\">\n\t\t\t\t\t<div class=\"elementor-column elementor-col-100 elementor-top-column elementor-element elementor-element-6310224d\" data-id=\"6310224d\" data-element_type=\"column\" data-e-type=\"column\">\n\t\t\t<div class=\"elementor-widget-wrap elementor-element-populated\">\n\t\t\t\t\t\t<div class=\"elementor-element elementor-element-2f6c28ca elementor-widget elementor-widget-text-editor\" data-id=\"2f6c28ca\" data-element_type=\"widget\" data-e-type=\"widget\" data-widget_type=\"text-editor.default\">\n\t\t\t\t<div class=\"elementor-widget-container\">\n\t\t\t\t\t\t\t\t\t<a href=\"https:\/\/lumina.ufrgs.br\/\">01 &#8211; Plataforma L\u00famina<\/a>\r\n\r\nO <a href=\"https:\/\/lumina.ufrgs.br\">L\u00famina<\/a> \u00e9 uma plataforma de cursos online abertos e de acesso gratuito para qualquer pessoa, com conte\u00fados desenvolvidos por professores universit\u00e1rios, estudantes e t\u00e9cnicos. Al\u00e9m de enriquecer seus conhecimentos, voc\u00ea tem flexibilidade para estudar onde e quando quiser. Escolha os cursos que desejar e tenha bons estudos!\r\n\r\n&nbsp;\t\t\t\t\t\t\t\t<\/div>\n\t\t\t\t<\/div>\n\t\t\t\t\t<\/div>\n\t\t<\/div>\n\t\t\t\t\t<\/div>\n\t\t<\/section>\n\t\t\t\t<\/div>\n\t\t","protected":false},"excerpt":{"rendered":"<p>01 &#8211; Plataforma L\u00famina O L\u00famina \u00e9 uma plataforma de cursos online abertos e de acesso gratuito para qualquer pessoa, com conte\u00fados desenvolvidos por professores universit\u00e1rios, estudantes e t\u00e9cnicos. Al\u00e9m de enriquecer seus conhecimentos, voc\u00ea tem flexibilidade para estudar onde&hellip; <\/p>\n<p><a href=\"https:\/\/www2.unifap.br\/artes\/cursos-livres\" class=\"readmore-button\">Continue Reading<\/a><\/p>\n","protected":false},"author":3836,"featured_media":0,"parent":0,"menu_order":1,"comment_status":"closed","ping_status":"closed","template":"fullwidth.php","meta":{"inline_featured_image":false,"ngg_post_thumbnail":0,"footnotes":""},"class_list":["post-1508","page","type-page","status-publish","hentry"],"_links":{"self":[{"href":"https:\/\/www2.unifap.br\/artes\/wp-json\/wp\/v2\/pages\/1508","targetHints":{"allow":["GET"]}}],"collection":[{"href":"https:\/\/www2.unifap.br\/artes\/wp-json\/wp\/v2\/pages"}],"about":[{"href":"https:\/\/www2.unifap.br\/artes\/wp-json\/wp\/v2\/types\/page"}],"author":[{"embeddable":true,"href":"https:\/\/www2.unifap.br\/artes\/wp-json\/wp\/v2\/users\/3836"}],"replies":[{"embeddable":true,"href":"https:\/\/www2.unifap.br\/artes\/wp-json\/wp\/v2\/comments?post=1508"}],"version-history":[{"count":4,"href":"https:\/\/www2.unifap.br\/artes\/wp-json\/wp\/v2\/pages\/1508\/revisions"}],"predecessor-version":[{"id":1523,"href":"https:\/\/www2.unifap.br\/artes\/wp-json\/wp\/v2\/pages\/1508\/revisions\/1523"}],"wp:attachment":[{"href":"https:\/\/www2.unifap.br\/artes\/wp-json\/wp\/v2\/media?parent=1508"}],"curies":[{"name":"wp","href":"https:\/\/api.w.org\/{rel}","templated":true}]}}