{"id":1606,"date":"2019-08-28T12:54:56","date_gmt":"2019-08-28T12:54:56","guid":{"rendered":"http:\/\/www2.unifap.br\/artes\/?page_id=1606"},"modified":"2019-08-28T12:55:19","modified_gmt":"2019-08-28T12:55:19","slug":"2a-edicao-do-curso-de-extensao-universitaria-xilogravura-e-suas-interfaces-30h","status":"publish","type":"page","link":"https:\/\/www2.unifap.br\/artes\/2a-edicao-do-curso-de-extensao-universitaria-xilogravura-e-suas-interfaces-30h","title":{"rendered":"2\u00aa Edi\u00e7\u00e3o do curso de Extens\u00e3o universit\u00e1ria &#8221; Xilogravura e suas interfaces&#8221; (30h)"},"content":{"rendered":"\t\t<div data-elementor-type=\"wp-post\" data-elementor-id=\"1606\" class=\"elementor elementor-1606 elementor-bc-flex-widget\">\n\t\t\t\t\t\t<section class=\"elementor-section elementor-top-section elementor-element elementor-element-24714d4 elementor-section-boxed elementor-section-height-default elementor-section-height-default\" data-id=\"24714d4\" data-element_type=\"section\" data-e-type=\"section\">\n\t\t\t\t\t\t<div class=\"elementor-container elementor-column-gap-default\">\n\t\t\t\t\t<div class=\"elementor-column elementor-col-100 elementor-top-column elementor-element elementor-element-87f5ec8\" data-id=\"87f5ec8\" data-element_type=\"column\" data-e-type=\"column\">\n\t\t\t<div class=\"elementor-widget-wrap elementor-element-populated\">\n\t\t\t\t\t\t<div class=\"elementor-element elementor-element-1dc0b48 elementor-widget elementor-widget-html\" data-id=\"1dc0b48\" data-element_type=\"widget\" data-e-type=\"widget\" data-widget_type=\"html.default\">\n\t\t\t\t<div class=\"elementor-widget-container\">\n\t\t\t\t\t<iframe src=\"https:\/\/docs.google.com\/forms\/d\/e\/1FAIpQLSfWAqgI8GZWFi1fiPsrZ-JQFTQs3HDt8BEaORaxv1Yrl3F1Ow\/viewform?embedded=true\" width=\"640\" height=\"1961\" frameborder=\"0\" marginheight=\"0\" marginwidth=\"0\">Carregando\u2026<\/iframe>\t\t\t\t<\/div>\n\t\t\t\t<\/div>\n\t\t\t\t\t<\/div>\n\t\t<\/div>\n\t\t\t\t\t<\/div>\n\t\t<\/section>\n\t\t\t\t<\/div>\n\t\t","protected":false},"excerpt":{"rendered":"<p>Carregando\u2026<\/p>\n","protected":false},"author":3836,"featured_media":0,"parent":0,"menu_order":0,"comment_status":"closed","ping_status":"closed","template":"elementor_header_footer","meta":{"inline_featured_image":false,"ngg_post_thumbnail":0,"footnotes":""},"class_list":["post-1606","page","type-page","status-publish","hentry"],"_links":{"self":[{"href":"https:\/\/www2.unifap.br\/artes\/wp-json\/wp\/v2\/pages\/1606","targetHints":{"allow":["GET"]}}],"collection":[{"href":"https:\/\/www2.unifap.br\/artes\/wp-json\/wp\/v2\/pages"}],"about":[{"href":"https:\/\/www2.unifap.br\/artes\/wp-json\/wp\/v2\/types\/page"}],"author":[{"embeddable":true,"href":"https:\/\/www2.unifap.br\/artes\/wp-json\/wp\/v2\/users\/3836"}],"replies":[{"embeddable":true,"href":"https:\/\/www2.unifap.br\/artes\/wp-json\/wp\/v2\/comments?post=1606"}],"version-history":[{"count":1,"href":"https:\/\/www2.unifap.br\/artes\/wp-json\/wp\/v2\/pages\/1606\/revisions"}],"predecessor-version":[{"id":1607,"href":"https:\/\/www2.unifap.br\/artes\/wp-json\/wp\/v2\/pages\/1606\/revisions\/1607"}],"wp:attachment":[{"href":"https:\/\/www2.unifap.br\/artes\/wp-json\/wp\/v2\/media?parent=1606"}],"curies":[{"name":"wp","href":"https:\/\/api.w.org\/{rel}","templated":true}]}}