{"id":1611,"date":"2019-08-28T13:02:47","date_gmt":"2019-08-28T13:02:47","guid":{"rendered":"http:\/\/www2.unifap.br\/artes\/?page_id=1611"},"modified":"2019-09-24T16:20:37","modified_gmt":"2019-09-24T16:20:37","slug":"inscricoes","status":"publish","type":"page","link":"https:\/\/www2.unifap.br\/artes\/inscricoes","title":{"rendered":"INSCRI\u00c7\u00d5ES"},"content":{"rendered":"\t\t<div data-elementor-type=\"wp-post\" data-elementor-id=\"1611\" class=\"elementor elementor-1611 elementor-bc-flex-widget\">\n\t\t\t\t\t\t<section class=\"elementor-section elementor-top-section elementor-element elementor-element-1ae8faf elementor-section-boxed elementor-section-height-default elementor-section-height-default\" data-id=\"1ae8faf\" data-element_type=\"section\" data-e-type=\"section\">\n\t\t\t\t\t\t<div class=\"elementor-container elementor-column-gap-default\">\n\t\t\t\t\t<div class=\"elementor-column elementor-col-100 elementor-top-column elementor-element elementor-element-aaea824\" data-id=\"aaea824\" data-element_type=\"column\" data-e-type=\"column\">\n\t\t\t<div class=\"elementor-widget-wrap elementor-element-populated\">\n\t\t\t\t\t\t<div class=\"elementor-element elementor-element-7cc039f elementor-widget elementor-widget-heading\" data-id=\"7cc039f\" data-element_type=\"widget\" data-e-type=\"widget\" data-widget_type=\"heading.default\">\n\t\t\t\t<div class=\"elementor-widget-container\">\n\t\t\t\t\t<h2 class=\"elementor-heading-title elementor-size-default\">INSCRI\u00c7\u00d5ES ABERTAS<\/h2>\t\t\t\t<\/div>\n\t\t\t\t<\/div>\n\t\t\t\t<div class=\"elementor-element elementor-element-6f1e694 elementor-widget elementor-widget-accordion\" data-id=\"6f1e694\" data-element_type=\"widget\" data-e-type=\"widget\" data-widget_type=\"accordion.default\">\n\t\t\t\t<div class=\"elementor-widget-container\">\n\t\t\t\t\t\t\t<div class=\"elementor-accordion\">\n\t\t\t\t\t\t\t<div class=\"elementor-accordion-item\">\n\t\t\t\t\t<h3 id=\"elementor-tab-title-1161\" class=\"elementor-tab-title\" data-tab=\"1\" role=\"button\" aria-controls=\"elementor-tab-content-1161\" aria-expanded=\"false\">\n\t\t\t\t\t\t\t\t\t\t\t\t\t<span class=\"elementor-accordion-icon elementor-accordion-icon-left\" aria-hidden=\"true\">\n\t\t\t\t\t\t\t\t\t\t\t\t\t\t\t<span class=\"elementor-accordion-icon-closed\"><i class=\"fas fa-plus\"><\/i><\/span>\n\t\t\t\t\t\t\t\t<span class=\"elementor-accordion-icon-opened\"><i class=\"fas fa-minus\"><\/i><\/span>\n\t\t\t\t\t\t\t\t\t\t\t\t\t\t<\/span>\n\t\t\t\t\t\t\t\t\t\t\t\t<a class=\"elementor-accordion-title\" tabindex=\"0\"><\/a>\n\t\t\t\t\t<\/h3>\n\t\t\t\t\t<div id=\"elementor-tab-content-1161\" class=\"elementor-tab-content elementor-clearfix\" data-tab=\"1\" role=\"region\" aria-labelledby=\"elementor-tab-title-1161\"><\/div>\n\t\t\t\t<\/div>\n\t\t\t\t\t\t\t\t<\/div>\n\t\t\t\t\t\t<\/div>\n\t\t\t\t<\/div>\n\t\t\t\t\t<\/div>\n\t\t<\/div>\n\t\t\t\t\t<\/div>\n\t\t<\/section>\n\t\t\t\t<section class=\"elementor-section elementor-top-section elementor-element elementor-element-8811287 elementor-section-boxed elementor-section-height-default elementor-section-height-default\" data-id=\"8811287\" data-element_type=\"section\" data-e-type=\"section\">\n\t\t\t\t\t\t<div class=\"elementor-container elementor-column-gap-default\">\n\t\t\t\t\t<div class=\"elementor-column elementor-col-100 elementor-top-column elementor-element elementor-element-b03517e\" data-id=\"b03517e\" data-element_type=\"column\" data-e-type=\"column\">\n\t\t\t<div class=\"elementor-widget-wrap elementor-element-populated\">\n\t\t\t\t\t\t<div class=\"elementor-element elementor-element-88c315e elementor-widget elementor-widget-spacer\" data-id=\"88c315e\" data-element_type=\"widget\" data-e-type=\"widget\" data-widget_type=\"spacer.default\">\n\t\t\t\t<div class=\"elementor-widget-container\">\n\t\t\t\t\t\t\t<div class=\"elementor-spacer\">\n\t\t\t<div class=\"elementor-spacer-inner\"><\/div>\n\t\t<\/div>\n\t\t\t\t\t\t<\/div>\n\t\t\t\t<\/div>\n\t\t\t\t<div class=\"elementor-element elementor-element-59901b6 elementor-widget elementor-widget-heading\" data-id=\"59901b6\" data-element_type=\"widget\" data-e-type=\"widget\" data-widget_type=\"heading.default\">\n\t\t\t\t<div class=\"elementor-widget-container\">\n\t\t\t\t\t<h2 class=\"elementor-heading-title elementor-size-default\">INSCRI\u00c7\u00d5ES ENCERRADAS<\/h2>\t\t\t\t<\/div>\n\t\t\t\t<\/div>\n\t\t\t\t\t<\/div>\n\t\t<\/div>\n\t\t\t\t\t<\/div>\n\t\t<\/section>\n\t\t\t\t<section class=\"elementor-section elementor-top-section elementor-element elementor-element-5db0412 elementor-section-boxed elementor-section-height-default elementor-section-height-default\" data-id=\"5db0412\" data-element_type=\"section\" data-e-type=\"section\">\n\t\t\t\t\t\t<div class=\"elementor-container elementor-column-gap-default\">\n\t\t\t\t\t<div class=\"elementor-column elementor-col-100 elementor-top-column elementor-element elementor-element-c0eaa84\" data-id=\"c0eaa84\" data-element_type=\"column\" data-e-type=\"column\">\n\t\t\t<div class=\"elementor-widget-wrap elementor-element-populated\">\n\t\t\t\t\t\t<div class=\"elementor-element elementor-element-4118444 elementor-widget elementor-widget-accordion\" data-id=\"4118444\" data-element_type=\"widget\" data-e-type=\"widget\" data-widget_type=\"accordion.default\">\n\t\t\t\t<div class=\"elementor-widget-container\">\n\t\t\t\t\t\t\t<div class=\"elementor-accordion\">\n\t\t\t\t\t\t\t<div class=\"elementor-accordion-item\">\n\t\t\t\t\t<div id=\"elementor-tab-title-6821\" class=\"elementor-tab-title\" data-tab=\"1\" role=\"button\" aria-controls=\"elementor-tab-content-6821\" aria-expanded=\"false\">\n\t\t\t\t\t\t\t\t\t\t\t\t\t<span class=\"elementor-accordion-icon elementor-accordion-icon-left\" aria-hidden=\"true\">\n\t\t\t\t\t\t\t\t\t\t\t\t\t\t\t<span class=\"elementor-accordion-icon-closed\"><i class=\"fas fa-plus\"><\/i><\/span>\n\t\t\t\t\t\t\t\t<span class=\"elementor-accordion-icon-opened\"><i class=\"fas fa-minus\"><\/i><\/span>\n\t\t\t\t\t\t\t\t\t\t\t\t\t\t<\/span>\n\t\t\t\t\t\t\t\t\t\t\t\t<a class=\"elementor-accordion-title\" tabindex=\"0\">CURSO DE EXTENS\u00c3O UNIVERSIT\u00c1RIA XILOGRAVURA<\/a>\n\t\t\t\t\t<\/div>\n\t\t\t\t\t<div id=\"elementor-tab-content-6821\" class=\"elementor-tab-content elementor-clearfix\" data-tab=\"1\" role=\"region\" aria-labelledby=\"elementor-tab-title-6821\"><p style=\"box-sizing: border-box; font-family: 'Open Sans'; font-size: 16px; line-height: 26px; margin: 0px 0px 20px;\">\u00a0<\/p><p style=\"box-sizing: border-box; font-family: 'Open Sans'; font-size: 16px; line-height: 26px; margin: 0px 0px 20px;\">1) Per\u00edodo de inscri\u00e7\u00e3o:\u00a0<strong style=\"box-sizing: border-box; font-weight: bold;\">26\u00a0a 30\/08\/2019<\/strong><\/p><p style=\"box-sizing: border-box; font-family: 'Open Sans'; font-size: 16px; line-height: 26px; margin: 0px 0px 20px;\">2) Divulga\u00e7\u00e3o das inscri\u00e7\u00f5es homologadas e participantes selecionados:\u00a0<strong style=\"box-sizing: border-box; font-weight: bold;\">02\/09\/2019<\/strong><\/p><p style=\"box-sizing: border-box; font-family: 'Open Sans'; font-size: 16px; line-height: 26px; margin: 0px 0px 20px;\">3) Per\u00edodo do curso:\u00a0<strong style=\"box-sizing: border-box; font-weight: bold;\">09\/04\/2019 a 16\/12\/2019<\/strong><\/p><p style=\"box-sizing: border-box; font-family: 'Open Sans'; font-size: 16px; line-height: 26px; margin: 0px 0px 20px;\">Inscri\u00e7\u00f5es online:\u00a0<a style=\"box-sizing: border-box; background: transparent; color: #428bca; text-decoration: none;\" href=\"https:\/\/www2.unifap.br\/artes\/2a-edicao-do-curso-de-extensao-universitaria-xilogravura-e-suas-interfaces-30h\/\">clique aqui<\/a><\/p><p style=\"box-sizing: border-box; font-family: 'Open Sans'; font-size: 16px; line-height: 26px; margin: 0px 0px 20px;\">Acompanhe o Edital :\u00a0<a style=\"box-sizing: border-box; background: transparent; color: #428bca; text-decoration: none;\" href=\"http:\/\/www2.unifap.br\/artes\/files\/2019\/08\/EDITAL-CURSO-DE-EXTENS%C3%83O-EM-XILOGRAVURA.pdf\">EDITAL-CURSO-DE-EXTENS\u00c3O-EM-XILOGRAVURA<\/a><\/p><p>4) Homologa\u00e7\u00e3o:\u00a0<a href=\"http:\/\/www2.unifap.br\/artes\/files\/2019\/09\/RELACAO-DE-INSCRITOS-XILO-1.pdf\">RESULTADO<\/a><\/p><p>5) Convocat\u00f3ria cadastro reserva:\u00a0<a href=\"http:\/\/www2.unifap.br\/artes\/files\/2019\/09\/Cadastro-reserva-Xilogravura.pdf\">\u00a0RESULTADO<\/a><\/p><\/div>\n\t\t\t\t<\/div>\n\t\t\t\t\t\t\t<div class=\"elementor-accordion-item\">\n\t\t\t\t\t<div id=\"elementor-tab-title-6822\" class=\"elementor-tab-title\" data-tab=\"2\" role=\"button\" aria-controls=\"elementor-tab-content-6822\" aria-expanded=\"false\">\n\t\t\t\t\t\t\t\t\t\t\t\t\t<span class=\"elementor-accordion-icon elementor-accordion-icon-left\" aria-hidden=\"true\">\n\t\t\t\t\t\t\t\t\t\t\t\t\t\t\t<span class=\"elementor-accordion-icon-closed\"><i class=\"fas fa-plus\"><\/i><\/span>\n\t\t\t\t\t\t\t\t<span class=\"elementor-accordion-icon-opened\"><i class=\"fas fa-minus\"><\/i><\/span>\n\t\t\t\t\t\t\t\t\t\t\t\t\t\t<\/span>\n\t\t\t\t\t\t\t\t\t\t\t\t<a class=\"elementor-accordion-title\" tabindex=\"0\">ARTESANIA DE PESQUISA: CONTAR E POETIZAR A CIDADE ATELIER<\/a>\n\t\t\t\t\t<\/div>\n\t\t\t\t\t<div id=\"elementor-tab-content-6822\" class=\"elementor-tab-content elementor-clearfix\" data-tab=\"2\" role=\"region\" aria-labelledby=\"elementor-tab-title-6822\"><p><a href=\"http:\/\/www2.unifap.br\/artes\/files\/2019\/08\/WhatsApp-Image-2019-08-29-at-11.55.39.jpeg\"><img fetchpriority=\"high\" decoding=\"async\" class=\"alignnone size-medium wp-image-1623\" src=\"http:\/\/www2.unifap.br\/artes\/files\/2019\/08\/WhatsApp-Image-2019-08-29-at-11.55.39-300x300.jpeg\" alt=\"\" width=\"300\" height=\"300\" srcset=\"https:\/\/www2.unifap.br\/artes\/files\/2019\/08\/WhatsApp-Image-2019-08-29-at-11.55.39-300x300.jpeg 300w, https:\/\/www2.unifap.br\/artes\/files\/2019\/08\/WhatsApp-Image-2019-08-29-at-11.55.39-150x150.jpeg 150w, https:\/\/www2.unifap.br\/artes\/files\/2019\/08\/WhatsApp-Image-2019-08-29-at-11.55.39-768x768.jpeg 768w, https:\/\/www2.unifap.br\/artes\/files\/2019\/08\/WhatsApp-Image-2019-08-29-at-11.55.39-1024x1024.jpeg 1024w, https:\/\/www2.unifap.br\/artes\/files\/2019\/08\/WhatsApp-Image-2019-08-29-at-11.55.39.jpeg 1280w\" sizes=\"(max-width: 300px) 100vw, 300px\" \/><\/a><\/p><p>Inscri\u00e7\u00f5es Encerradas!<\/p><\/div>\n\t\t\t\t<\/div>\n\t\t\t\t\t\t\t\t<\/div>\n\t\t\t\t\t\t<\/div>\n\t\t\t\t<\/div>\n\t\t\t\t\t<\/div>\n\t\t<\/div>\n\t\t\t\t\t<\/div>\n\t\t<\/section>\n\t\t\t\t<\/div>\n\t\t","protected":false},"excerpt":{"rendered":"<p>INSCRI\u00c7\u00d5ES ABERTAS INSCRI\u00c7\u00d5ES ENCERRADAS CURSO DE EXTENS\u00c3O UNIVERSIT\u00c1RIA XILOGRAVURA \u00a0 1) Per\u00edodo de inscri\u00e7\u00e3o:\u00a026\u00a0a 30\/08\/2019 2) Divulga\u00e7\u00e3o das inscri\u00e7\u00f5es homologadas e participantes selecionados:\u00a002\/09\/2019 3) Per\u00edodo do curso:\u00a009\/04\/2019 a 16\/12\/2019 Inscri\u00e7\u00f5es online:\u00a0clique aqui Acompanhe o Edital :\u00a0EDITAL-CURSO-DE-EXTENS\u00c3O-EM-XILOGRAVURA 4) Homologa\u00e7\u00e3o:\u00a0RESULTADO 5) Convocat\u00f3ria&hellip; <\/p>\n<p><a href=\"https:\/\/www2.unifap.br\/artes\/inscricoes\" class=\"readmore-button\">Continue Reading<\/a><\/p>\n","protected":false},"author":3836,"featured_media":0,"parent":0,"menu_order":0,"comment_status":"closed","ping_status":"closed","template":"elementor_header_footer","meta":{"inline_featured_image":false,"ngg_post_thumbnail":0,"footnotes":""},"class_list":["post-1611","page","type-page","status-publish","hentry"],"_links":{"self":[{"href":"https:\/\/www2.unifap.br\/artes\/wp-json\/wp\/v2\/pages\/1611","targetHints":{"allow":["GET"]}}],"collection":[{"href":"https:\/\/www2.unifap.br\/artes\/wp-json\/wp\/v2\/pages"}],"about":[{"href":"https:\/\/www2.unifap.br\/artes\/wp-json\/wp\/v2\/types\/page"}],"author":[{"embeddable":true,"href":"https:\/\/www2.unifap.br\/artes\/wp-json\/wp\/v2\/users\/3836"}],"replies":[{"embeddable":true,"href":"https:\/\/www2.unifap.br\/artes\/wp-json\/wp\/v2\/comments?post=1611"}],"version-history":[{"count":11,"href":"https:\/\/www2.unifap.br\/artes\/wp-json\/wp\/v2\/pages\/1611\/revisions"}],"predecessor-version":[{"id":1754,"href":"https:\/\/www2.unifap.br\/artes\/wp-json\/wp\/v2\/pages\/1611\/revisions\/1754"}],"wp:attachment":[{"href":"https:\/\/www2.unifap.br\/artes\/wp-json\/wp\/v2\/media?parent=1611"}],"curies":[{"name":"wp","href":"https:\/\/api.w.org\/{rel}","templated":true}]}}