{"id":25,"date":"2009-10-22T23:09:37","date_gmt":"2009-10-23T02:09:37","guid":{"rendered":"http:\/\/pororoca.unifap.br\/artes\/?page_id=5"},"modified":"2025-09-10T19:21:22","modified_gmt":"2025-09-10T19:21:22","slug":"coordenacao","status":"publish","type":"page","link":"https:\/\/www2.unifap.br\/artes\/coordenacao","title":{"rendered":"COORDENA\u00c7\u00c3O"},"content":{"rendered":"\t\t<div data-elementor-type=\"wp-post\" data-elementor-id=\"25\" class=\"elementor elementor-25\">\n\t\t\t\t\t\t<section class=\"elementor-section elementor-top-section elementor-element elementor-element-e5486de elementor-section-boxed elementor-section-height-default elementor-section-height-default\" data-id=\"e5486de\" data-element_type=\"section\" data-e-type=\"section\">\n\t\t\t\t\t\t<div class=\"elementor-container elementor-column-gap-default\">\n\t\t\t\t\t<div class=\"elementor-column elementor-col-100 elementor-top-column elementor-element elementor-element-08f1065\" data-id=\"08f1065\" data-element_type=\"column\" data-e-type=\"column\">\n\t\t\t<div class=\"elementor-widget-wrap elementor-element-populated\">\n\t\t\t\t\t\t<div class=\"elementor-element elementor-element-8a7b85d elementor-widget elementor-widget-text-editor\" data-id=\"8a7b85d\" data-element_type=\"widget\" data-e-type=\"widget\" data-widget_type=\"text-editor.default\">\n\t\t\t\t<div class=\"elementor-widget-container\">\n\t\t\t\t\t\t\t\t\t<p>Coordenador<b> :&nbsp;<\/b>Professor Doutor Joaquim Cesar da Veiga Netto (P\u00f3s Doutorado\/ ICA\/PPGARTE\/UFPA)<\/p>\n<p><strong>Vice Coordenador: <\/strong>Professor Doutor Aldrin Vianna de Santana (P\u00f3s-Doutorado IAR\/UNICAMP)<\/p>\n<p><b>T\u00e9cnica de Laborat\u00f3rio : <\/b>Jonayza Machado de Carvalho<\/p>\n<p><strong>Apoio T\u00e9cnico: <\/strong>Mateus de Souza Vilhena<\/p>\n<p><strong>Email: <\/strong>artesvisuais@unifap.br<\/p>\t\t\t\t\t\t\t\t<\/div>\n\t\t\t\t<\/div>\n\t\t\t\t<div class=\"elementor-element elementor-element-0255e0e elementor-widget elementor-widget-button\" data-id=\"0255e0e\" data-element_type=\"widget\" data-e-type=\"widget\" data-widget_type=\"button.default\">\n\t\t\t\t<div class=\"elementor-widget-container\">\n\t\t\t\t\t\t\t\t\t<div class=\"elementor-button-wrapper\">\n\t\t\t\t\t<a class=\"elementor-button elementor-button-link elementor-size-sm\" href=\"https:\/\/www2.unifap.br\/artes\/files\/2023\/05\/plano-coordenacao_Bienio_22_24.pdf\">\n\t\t\t\t\t\t<span class=\"elementor-button-content-wrapper\">\n\t\t\t\t\t\t\t\t\t<span class=\"elementor-button-text\">PLANO DE A\u00c7\u00c3O DA COORDENA\u00c7\u00c3O DE CURSO Bi\u00eanio 2022\/2024 <\/span>\n\t\t\t\t\t<\/span>\n\t\t\t\t\t<\/a>\n\t\t\t\t<\/div>\n\t\t\t\t\t\t\t\t<\/div>\n\t\t\t\t<\/div>\n\t\t\t\t\t<\/div>\n\t\t<\/div>\n\t\t\t\t\t<\/div>\n\t\t<\/section>\n\t\t\t\t<section class=\"elementor-section elementor-top-section elementor-element elementor-element-78c1c11 elementor-section-boxed elementor-section-height-default elementor-section-height-default\" data-id=\"78c1c11\" data-element_type=\"section\" data-e-type=\"section\">\n\t\t\t\t\t\t<div class=\"elementor-container elementor-column-gap-default\">\n\t\t\t\t\t<div class=\"elementor-column elementor-col-100 elementor-top-column elementor-element elementor-element-ef1d766\" data-id=\"ef1d766\" data-element_type=\"column\" data-e-type=\"column\">\n\t\t\t<div class=\"elementor-widget-wrap elementor-element-populated\">\n\t\t\t\t\t\t<div class=\"elementor-element elementor-element-fd0e22d elementor-widget elementor-widget-image\" data-id=\"fd0e22d\" data-element_type=\"widget\" data-e-type=\"widget\" data-widget_type=\"image.default\">\n\t\t\t\t<div class=\"elementor-widget-container\">\n\t\t\t\t\t\t\t\t\t\t\t\t\t\t\t<img fetchpriority=\"high\" decoding=\"async\" width=\"640\" height=\"289\" src=\"https:\/\/www2.unifap.br\/artes\/files\/2023\/04\/20230425_133416-1-1024x462.jpg\" class=\"attachment-large size-large wp-image-3892\" alt=\"\" srcset=\"https:\/\/www2.unifap.br\/artes\/files\/2023\/04\/20230425_133416-1-1024x462.jpg 1024w, https:\/\/www2.unifap.br\/artes\/files\/2023\/04\/20230425_133416-1-300x135.jpg 300w, https:\/\/www2.unifap.br\/artes\/files\/2023\/04\/20230425_133416-1-768x346.jpg 768w, https:\/\/www2.unifap.br\/artes\/files\/2023\/04\/20230425_133416-1-1536x692.jpg 1536w, https:\/\/www2.unifap.br\/artes\/files\/2023\/04\/20230425_133416-1-2048x923.jpg 2048w\" sizes=\"(max-width: 640px) 100vw, 640px\" \/>\t\t\t\t\t\t\t\t\t\t\t\t\t\t\t<\/div>\n\t\t\t\t<\/div>\n\t\t\t\t\t<\/div>\n\t\t<\/div>\n\t\t\t\t\t<\/div>\n\t\t<\/section>\n\t\t\t\t<\/div>\n\t\t","protected":false},"excerpt":{"rendered":"<p>Coordenador :&nbsp;Professor Doutor Joaquim Cesar da Veiga Netto (P\u00f3s Doutorado\/ ICA\/PPGARTE\/UFPA) Vice Coordenador: Professor Doutor Aldrin Vianna de Santana (P\u00f3s-Doutorado IAR\/UNICAMP) T\u00e9cnica de Laborat\u00f3rio : Jonayza Machado de Carvalho Apoio T\u00e9cnico: Mateus de Souza Vilhena Email: artesvisuais@unifap.br PLANO DE A\u00c7\u00c3O&hellip; <\/p>\n<p><a href=\"https:\/\/www2.unifap.br\/artes\/coordenacao\" class=\"readmore-button\">Continue Reading<\/a><\/p>\n","protected":false},"author":1,"featured_media":0,"parent":0,"menu_order":5,"comment_status":"closed","ping_status":"closed","template":"","meta":{"inline_featured_image":false,"ngg_post_thumbnail":0,"footnotes":""},"class_list":["post-25","page","type-page","status-publish","hentry"],"_links":{"self":[{"href":"https:\/\/www2.unifap.br\/artes\/wp-json\/wp\/v2\/pages\/25","targetHints":{"allow":["GET"]}}],"collection":[{"href":"https:\/\/www2.unifap.br\/artes\/wp-json\/wp\/v2\/pages"}],"about":[{"href":"https:\/\/www2.unifap.br\/artes\/wp-json\/wp\/v2\/types\/page"}],"author":[{"embeddable":true,"href":"https:\/\/www2.unifap.br\/artes\/wp-json\/wp\/v2\/users\/1"}],"replies":[{"embeddable":true,"href":"https:\/\/www2.unifap.br\/artes\/wp-json\/wp\/v2\/comments?post=25"}],"version-history":[{"count":67,"href":"https:\/\/www2.unifap.br\/artes\/wp-json\/wp\/v2\/pages\/25\/revisions"}],"predecessor-version":[{"id":5415,"href":"https:\/\/www2.unifap.br\/artes\/wp-json\/wp\/v2\/pages\/25\/revisions\/5415"}],"wp:attachment":[{"href":"https:\/\/www2.unifap.br\/artes\/wp-json\/wp\/v2\/media?parent=25"}],"curies":[{"name":"wp","href":"https:\/\/api.w.org\/{rel}","templated":true}]}}