{"id":2771,"date":"2021-11-13T15:14:49","date_gmt":"2021-11-13T15:14:49","guid":{"rendered":"http:\/\/www2.unifap.br\/artes\/?page_id=2771"},"modified":"2026-02-21T16:18:52","modified_gmt":"2026-02-21T16:18:52","slug":"monografias","status":"publish","type":"page","link":"https:\/\/www2.unifap.br\/artes\/monografias","title":{"rendered":"monografias-base"},"content":{"rendered":"\t\t<div data-elementor-type=\"wp-page\" data-elementor-id=\"2771\" class=\"elementor elementor-2771\">\n\t\t\t\t\t\t<section class=\"elementor-section elementor-top-section elementor-element elementor-element-1981b3a elementor-section-boxed elementor-section-height-default elementor-section-height-default\" data-id=\"1981b3a\" data-element_type=\"section\" data-e-type=\"section\">\n\t\t\t\t\t\t<div class=\"elementor-container elementor-column-gap-default\">\n\t\t\t\t\t<div class=\"elementor-column elementor-col-100 elementor-top-column elementor-element elementor-element-ec46c7b\" data-id=\"ec46c7b\" data-element_type=\"column\" data-e-type=\"column\">\n\t\t\t<div class=\"elementor-widget-wrap elementor-element-populated\">\n\t\t\t\t\t\t<div class=\"elementor-element elementor-element-91b6de9 elementor-widget elementor-widget-heading\" data-id=\"91b6de9\" data-element_type=\"widget\" data-e-type=\"widget\" data-widget_type=\"heading.default\">\n\t\t\t\t<div class=\"elementor-widget-container\">\n\t\t\t\t\t<h2 class=\"elementor-heading-title elementor-size-default\">Reposit\u00f3rio de Monografias<\/h2>\t\t\t\t<\/div>\n\t\t\t\t<\/div>\n\t\t\t\t<div class=\"elementor-element elementor-element-76f4e99 elementor-widget elementor-widget-text-editor\" data-id=\"76f4e99\" data-element_type=\"widget\" data-e-type=\"widget\" data-widget_type=\"text-editor.default\">\n\t\t\t\t<div class=\"elementor-widget-container\">\n\t\t\t\t\t\t\t\t\t<p>Para ver em<b> ordem decrescente de publica\u00e7\u00e3o<\/b> basta <b>clicar na seta <\/b>ao lado da palavra<b> ANO<\/b> na tabela.<\/p>\n<p>Passo a passo para<i><b> inser\u00e7\u00e3o do TCC<\/b><\/i>, junto a biblioteca UNIFAP (<a href=\"https:\/\/www2.unifap.br\/biblioteca\/2021\/11\/09\/guia-de-entrega-de-trabalhos-de-conclusao-de-curso-graduacao-e-pos-graduacao-para-inclusao-no-repositorio-institucional-riunifap\/\" target=\"_blank\"><b>Clique Aqui<\/b><\/a>)<\/p><p>Acesse o <b><i>reposit\u00f3rio da UNIFAP<\/i><\/b> (<a href=\"https:\/\/repositorio.unifap.br\/\" target=\"_blank\"><b>Clique aqui<\/b><\/a>), onde s\u00e3o armazenados os TCCs<\/p>\n<p><span style=\", sans-serif;font-size: 14px\">Qualquer d\u00favida podem mandar mensagem para&nbsp;<\/span><a href=\"mailto:bibliotecacentral@gmail.com\" style=\"line-height: inherit;vertical-align: baseline;, sans-serif;font-size: 14px;cursor: pointer\">bibliotecacentral@unifap.br<\/a><br><\/p>\n<p><br><\/p>\t\t\t\t\t\t\t\t<\/div>\n\t\t\t\t<\/div>\n\t\t\t\t<div class=\"elementor-element elementor-element-a5eda4a elementor-widget__width-initial elementor-widget elementor-widget-eael-advanced-data-table\" data-id=\"a5eda4a\" data-element_type=\"widget\" data-e-type=\"widget\" data-widget_type=\"eael-advanced-data-table.default\">\n\t\t\t\t<div class=\"elementor-widget-container\">\n\t\t\t\t\t<div class=\"ea-advanced-data-table-wrap\" data-id=\"a5eda4a\"><div class=\"ea-advanced-data-table-search-wrap ea-advanced-data-table-search-right\"><input type=\"search\" placeholder=\"PESQUISE POR TEMA, ANO, ORIENTADOR\" class=\"ea-advanced-data-table-search\"><\/div><div class=\"ea-advanced-data-table-wrap-inner\">\n                <table class=\"ea-advanced-data-table ea-advanced-data-table-static ea-advanced-data-table-a5eda4a ea-advanced-data-table-sortable ea-advanced-data-table-paginated ea-advanced-data-table-searchable\" data-id=\"a5eda4a\" data-items-per-page=\"4\"><thead><tr><th style=\"width: 98px\"><p>ANO<\/p><\/th><th style=\"width: 175px\">TEMA<\/th><th style=\"width: 136px\">AUTOR<\/th><th style=\"width: 159px\">ORIENTADOR<\/th><th>LINK<\/th><\/tr><\/thead><tbody><tr><td>2011<\/td><td>COMUNICA\u00c7\u00c3O EM MUSEUS DE ARTE NA CONTEMPORANEIDADE: A VIRTUALIZA\u00c7\u00c3O DOS MUSEUS<\/td><td>IVANI MORENO DA SILVA \/ PATR\u00cdCIA ARA\u00daJO GUIMAR\u00c3ES<\/td><td>Prof. Dr. Jo\u00e3o Batista Gomes de Oliveira.<\/td><td><p><a href=\"http:\/\/bit.ly\/2LdnnEC\">http:\/\/bit.ly\/2LdnnEC<\/a><\/p><\/td><\/tr><tr><td>2013<\/td><td>A MODERNA ESCULTURA DE NIN\u00c1 BARRETONA CONTEMPORANEIDADE<\/td><td>ITALO EDSON BALIERO TEIXEIRA \/ JOS\u00c9 DO SOCORRO PANDILHA DOS SANTOS \/ JOSIANE PANTOJA NUNES<\/td><td>Prof. Humberto Mauro A. Cruz<\/td><td><p><a href=\"http:\/\/bit.ly\/35Sr4HY\">http:\/\/bit.ly\/35Sr4HY<\/a><\/p><\/td><\/tr><tr><td>2014<\/td><td>IMAGEM, CENOGRAFIA E VISUALIDADE NOS ESPET\u00c1CULOS CONTEMPOR\u00c2NEOS EM MACAP\u00c1-AP<\/td><td>ADILANA \u00c1GDA DE MOURA XAVIER DHIULY \/ PATRICIA RICARDINO DE COLLO \/ VIVIANE GUALBERTO DE SOUSA<\/td><td>PhD. Romualdo Rodrigues Palhano<\/td><td><p><a href=\"http:\/\/bit.ly\/2D9yL06\">http:\/\/bit.ly\/2D9yL06<\/a><\/p><\/td><\/tr><tr><td>2015<\/td><td>GRITOS SILENCIOSOS, PICHA\u00c7\u00d5ES E VISUALIDADES NO COL\u00c9GIO AMAPAENSE<\/td><td>ANNA GABRIELLE MEDEIROS FIRME \/ BRENA CANTO BASTOS<\/td><td>Prof. Me. Jos\u00e9 de Vasconcelos<\/td><td><p><a href=\"http:\/\/bit.ly\/34FIGGF\">http:\/\/bit.ly\/34FIGGF<\/a><\/p><\/td><\/tr><tr><td>2015<\/td><td>IMPRESS\u00d5ES CORPORAISTATUANDO UMA IDENTIDADE CONSTRUINDO A SI MESMO ATRAV\u00c9S DO CORPO E DO OUTRO<\/td><td>LANA MAIARA SARAIVA FURTADO<\/td><td>Prof. Me. Nycolas dos Santos Albuquerque<\/td><td><p><a href=\"http:\/\/bit.ly\/34DGWhl\">http:\/\/bit.ly\/34DGWhl<\/a><\/p><\/td><\/tr><tr><td>2016<\/td><td>ARTE INCLUSIVA: UMA PROPOSTA PEDAG\u00d3GICA COM COLAGEM TRIDIMENSIONAL PARA ALUNOS COM DEFICI\u00caNCIA VISUAL<\/td><td>ANDR\u00c9A CRISTINA BARRETO FACUNDES \/ EDIANA CARVALHO BARBOZA \/ ROANE SANTANA BARROSO<\/td><td>Prof. Humberto Mauro A. Cruz<\/td><td><p><a href=\"http:\/\/bit.ly\/37ioBqH\">http:\/\/bit.ly\/37ioBqH<\/a><\/p><\/td><\/tr><tr><td>2017<\/td><td>(DES)CONSTRUINDO IDENTIDADES NOS \u201cQUINTAIS DA AMAZ\u00d4NIA\u201d: AN\u00c1LISE SEMI\u00d3TICA DA M\u00daSICA \u201cSENTINELA NORTENTE\u201d<\/td><td>ADRIANA NASCIMENTO LIMA<\/td><td>Prof. Dr. Benedito Rostan Costa Martins<\/td><td><p><a href=\"http:\/\/bit.ly\/2Qi0WzO\">http:\/\/bit.ly\/2Qi0WzO<\/a><\/p><\/td><\/tr><tr><td>2017<\/td><td>RECURSOS DID\u00c1TICOS UTILIZADOS NAS AULAS DE ARTES VISUAIS PARA DEFICIENTES VISUAIS NA ESCOLA ESTADUAL JOS\u00c9 FIRMO DO NASCIMENTO<\/td><td>AMANDA TEN\u00d3RIO BATISTA \/ ANDREZZA YAMILE SERR\u00c3O LEITE \/ RAILENE DA COSTA FERREIRA<\/td><td>Prof. Humberto Mauro A. Cruz<\/td><td><p><a href=\"http:\/\/bit.ly\/2EWunCn\">http:\/\/bit.ly\/2EWunCn<\/a><\/p><\/td><\/tr><tr><td>2017<\/td><td>ENSINO E APRENDIZAGEM: DIAGN\u00d3STICO DO ENSINO DE ARTES NA ESCOLA ESTADUAL AUGUSTO ANTUNES.<\/td><td>CAROLINE DOS SANTOS JACQUES \/ NAT\u00c1LIA DA COSTA GON\u00c7ALVES<\/td><td>Prof. Dr. Benedito Rostan Costa Martins<\/td><td><p><a href=\"http:\/\/bit.ly\/2MyQ0gt\">http:\/\/bit.ly\/2MyQ0gt<\/a><\/p><\/td><\/tr><tr><td>2017<\/td><td>A FOTOGRAFIA NA EDUCA\u00c7\u00c3O DE PESSOAS COM DEFICI\u00caNCIA VISUAL<\/td><td>SANDRA BORGES DE SOUZA<\/td><td>Prof. Dr. Joaquim Cesar da Veiga Neto<\/td><td><p><a href=\"http:\/\/bit.ly\/2Qm9LZH\">http:\/\/bit.ly\/2Qm9LZH<\/a><\/p><\/td><\/tr><tr><td>2017<\/td><td>AS PAREDES DO BANHEIRO COMO SUBJETIVIDADE NAS INTERVEN\u00c7OES VISUAIS E COMUNICA\u00c7\u00c3O ENTRE OS ALUNOS<\/td><td>GERFSON NEGR\u00c3O DOS SANTOS \/ LUCIENE COSTA DOS SANTOS<\/td><td>Prof. Me. Mauricio Rem\u00edgio<\/td><td><p><a href=\"http:\/\/bit.ly\/378gVr4\">http:\/\/bit.ly\/378gVr4<\/a><\/p><\/td><\/tr><tr><td>2017<\/td><td>VISUALIDADES FEMININAS NA EDUCA\u00c7\u00c3O DE JOVENS E ADULTOS<\/td><td>GLENDA SANTIAGO DE ALMEIDA \/ NAIANE PENA GUEDES FERREIRA<\/td><td>Prof. Me. Mauricio Rem\u00edgio Viana<\/td><td><p><a href=\"http:\/\/bit.ly\/2EWA1of\">http:\/\/bit.ly\/2EWA1of<\/a><\/p><\/td><\/tr><tr><td>2018<\/td><td>REVISITANDO A PROPOSTA TRIANGULAR NA CONCEP\u00c7\u00c3O E PR\u00c1TICA DO ARTE\/EDUCADOR<\/td><td>CAMILA BORGES MORAES \/ CARINA CARMO DOS SANTOS \/ SHEILA FREITAS PEREIRA<\/td><td>Prof. Me. Bruno Marcelo Costa<\/td><td><p><a href=\"http:\/\/bit.ly\/2Q0PYjh\">http:\/\/bit.ly\/2Q0PYjh<\/a><\/p><\/td><\/tr><tr><td>2018<\/td><td>O PEQUENO PR\u00cdNCIPE: DI\u00c1LOGO ENTRE TEXTO ESCRITO E IMAG\u00c9TICO<\/td><td>ELIZETE FERREIRA DOS SANTOS<\/td><td>Prof. Dr. Benedito Rostan Costa Martins<\/td><td><p><a href=\"http:\/\/bit.ly\/2tYLVf7\">http:\/\/bit.ly\/2tYLVf7<\/a><\/p><\/td><\/tr><tr><td>2018<\/td><td>G\u00caNERO E DIVERSIDADE SEXUAL: CONSTRU\u00c7\u00c3O DE CURR\u00cdCULOS FLEX\u00cdVEIS NA ARTE EDUCA\u00c7\u00c3O DE UMA ESCOLA DE MACAP\u00c1, AMAP\u00c1<\/td><td>ANTONIO MATEUS PONTES COSTA \/ RAYANE FRAN\u00c7A SODR\u00c9 BARBOSA<\/td><td>Prof. Dr. Alexandre Adalberto Pereira<\/td><td><p><a href=\"http:\/\/bit.ly\/2EYneS1\">http:\/\/bit.ly\/2EYneS1<\/a><\/p><\/td><\/tr><tr><td>2018<\/td><td>FOTOGRAFIA NO ENSINO DE ARTES VISUAIS: EXPERI\u00caNCIA NA TURMA 811 DA E.E. AUGUSTO DOS ANJOS<\/td><td>ARLAN FERREIRA MORAIS \/ VICT\u00d3RIA OHANNA OLIVEIRA D\u2019ALMEIDA<\/td><td>Prof. Humberto Mauro Andrade Cruz<\/td><td><p><a href=\"http:\/\/bit.ly\/2tXusn9\">http:\/\/bit.ly\/2tXusn9<\/a><\/p><\/td><\/tr><tr><td>2019<\/td><td>O MITO DO PA\u00cdS TROPICAL: OS ESTERE\u00d3TIPOS DO SER BRASILEIRO A PARTIR DAS IMAGENS DE CARMEN MIRANDA E Z\u00c9 CARIOCA<\/td><td>ANNE MAYARA MONTEIRO FURTADO \/ TAINAR VILHENA BARBOSA<\/td><td>Prof. Me. Bruno Marcelo de Souza Costa<\/td><td><p><a href=\"http:\/\/bit.ly\/352AIXF\">http:\/\/bit.ly\/352AIXF<\/a><\/p><\/td><\/tr><tr><td>2019<\/td><td>ELZA LIMA: O RETRATO FOTOGR\u00c1FICO ENTRE A IMAGEM PERFORMADA E O SENSUAL<\/td><td>RAYELE NAZAR\u00c9 MARINHO<\/td><td>Prof. Dr. Joaquim Cesar da Veiga Netto<\/td><td><p><a href=\"http:\/\/bit.ly\/2QnhEOy\">http:\/\/bit.ly\/2QnhEOy<\/a><\/p><\/td><\/tr><tr><td>2019<\/td><td>DI\u00c1RIO DE FORMA\u00c7\u00c3O DOCENTE EM ARTE : APROXIMA\u00c7\u00d5ES DO PENSAMENTO FEMINISTA E CULTURA VISUAL<\/td><td>ALINE PACHECO DE LIMA \/ GL\u00c1UCIA PAOLA MORAIS DA COSTA<\/td><td>Prof\u00aa Dra. Silvia Carla Marques Costa.<\/td><td><p><a href=\"http:\/\/bit.ly\/2Sz7b59\">http:\/\/bit.ly\/2Sz7b59<\/a><\/p><\/td><\/tr><tr><td>2019<\/td><td>TATUAGEM DA CIDADE: Rastros da cena do graffiti em Macap\u00e1 - curta - document\u00e1rio<\/td><td>DANRLEI CHAGAS DOS SANTOS \/ RAIMUNDO WALDECI DA SILVA BRITO<\/td><td>Prof\u00aa Me. Cristiana Nogueira<\/td><td><p><a href=\"http:\/\/bit.ly\/2soc0n6\">http:\/\/bit.ly\/2soc0n6<\/a><\/p><\/td><\/tr><tr><td>2019<\/td><td>VIVENCIANDO A PR\u00c1TICA DO EST\u00c1GIO SUPERVISIONADO NO CURSO DE LICENCIATURA EM ARTES VISUAIS DA UNIVERSIDADE FEDERAL DO AMAP\u00c1<\/td><td>ARISLENE ALVES MARTINS \/ ISABELLA MAC\u00caDO G\u00d3IS<\/td><td>Prof. Me. Jos\u00e9 de Vasconcelos Silva<\/td><td><p><a href=\"http:\/\/bit.ly\/2ZqUhrt\">http:\/\/bit.ly\/2ZqUhrt<\/a><\/p><\/td><\/tr><tr><td>2019<\/td><td>FLUINDO E DESCOBRINDO A ARTE, O EU E AS AFETA\u00c7\u00d5ES TRANSITANDO E CRIANDO EM LIVROS DE ARTISTAS<\/td><td>LUAN PEDRO DA SILVA DIAS<\/td><td>Prof\u00aa Me. Cristiana Nogueira<\/td><td><p><a href=\"https:\/\/bit.ly\/2x0LFOv\">https:\/\/bit.ly\/2x0LFOv<\/a><\/p><\/td><\/tr><tr><td>2019<\/td><td>NARRATIVAS E PAREDES - Conex\u00f5es entre Arte Educa\u00e7\u00e3o e feminismos<\/td><td>EST\u00c9FANE DA SILVA FERNANDES<\/td><td>Profa Dra Silvia Carla Marques Costa.<\/td><td><p><a href=\"https:\/\/bit.ly\/2zndHVa\">https:\/\/bit.ly\/2zndHVa<\/a><\/p><\/td><\/tr><tr><td>2019<\/td><td>VIVENCIANDO A PR\u00c1TICA DO EST\u00c1GIO SUPERVISIONADO NO CURSO DE LICENCIATURA EM ARTES VISUAIS DA UNIVERSIDADE FEDERAL DO AMAP\u00c1<\/td><td>ARISLENE ALVES MARTINS \/ ISABELLA MAC\u00caDO G\u00d3IS<\/td><td>Prof. Me. Jos\u00e9 de Vasconcelos Silva<\/td><td><p><a href=\"https:\/\/bit.ly\/2Y3Hcpr\">https:\/\/bit.ly\/2Y3Hcpr<\/a><\/p><\/td><\/tr><tr><td>2019<\/td><td>ARTES NO ENSINO FUNDAMENTAL A ATUA\u00c7\u00c3O DO PROFESSOR DE FORMA POLIVALENTE<\/td><td>RICHARDE FREITAS CARDOSO<\/td><td>Prof. Dr. Benedito Rostan Martins<\/td><td><p><a href=\"https:\/\/bit.ly\/34X2eXV\">https:\/\/bit.ly\/34X2eXV<\/a><\/p><\/td><\/tr><tr><td>2019<\/td><td>OS MEMES Viv\u00eancias entrela\u00e7ando saberes<\/td><td>DIEGO COSTA QUARESMA<\/td><td>Prof. Me. Jos\u00e9 de Vasconcelos Silva<\/td><td><p><a href=\"https:\/\/bit.ly\/2yDME7O\">https:\/\/bit.ly\/2yDME7O<\/a><\/p><\/td><\/tr><tr><td>2019<\/td><td>PERCEP\u00c7\u00d5ES E PRODU\u00c7\u00c3O DE SENTIDO Entrela\u00e7ando saberes na forma\u00e7\u00e3o de professores em artes visuais<\/td><td>ADRIELY UCH\u00d4A DA SILVA \/ NILMA CRISTINA FERREIRA SOUTO<\/td><td>Profa Dra Silvia Carla Marques Costa.<\/td><td><p><a href=\"https:\/\/bit.ly\/2KwfGbP\">https:\/\/bit.ly\/2KwfGbP<\/a><\/p><\/td><\/tr><tr><td>2019<\/td><td>TRAJETOS DE PESQUISA E RITUAIS DE VIDA<\/td><td>MARIA PAULA GOMES MARQUES \/ GABRIELA OLIVEIRA PINHEIRO BORGES<\/td><td>Profa Dra Silvia Carla Marques Costa.<\/td><td><p><a href=\"https:\/\/bit.ly\/2KmV5H0\">https:\/\/bit.ly\/2KmV5H0<\/a><\/p><\/td><\/tr><tr><td>2020<\/td><td>A IMPORT\u00c2NCIA DA ESCOLA DE ARTE C\u00c2NDIDO PORTINARI NA FORMA\u00c7\u00c3O DO ARTISTA NO PAISAGISMO AMAZ\u00d4NICO.<\/td><td>ISAIAS FARIAS DE BRITO<\/td><td>Profa. Me. Claudete Nascimento Machado<\/td><td><p><a href=\"https:\/\/bit.ly\/2Y3Hcpr\">https:\/\/bit.ly\/2Y3Hcpr<\/a><\/p><\/td><\/tr><tr><td>2020<\/td><td>AS REPRESENTA\u00c7\u00d5ES REGIONAIS NA PINTURA SACRA DA IGREJA DE NOSSA SENHORA DA CONCEI\u00c7\u00c3O<\/td><td>MARIANA SENA CARDOSO \/ NAT\u00c1LIA HELENA COSTA<\/td><td>Prof. Humberto Mauro A. Cruz<\/td><td><p><a href=\"https:\/\/bit.ly\/2Y04HzB\">https:\/\/bit.ly\/2Y04HzB<\/a><\/p><\/td><\/tr><tr><td>2020<\/td><td>BICHA PRETA E AFEMINADA: DA EDUCA\u00c7\u00c3O B\u00c1SICA \u00c0 LICENCIATURA EM ARTES VISUAIS<\/td><td>KEVIN DUARTE NUNES<\/td><td>Prof. Dr. Alexandre Adalberto Pereira<\/td><td><p><a href=\"https:\/\/bit.ly\/2XZ2KmP\">https:\/\/bit.ly\/2XZ2KmP<\/a><\/p><\/td><\/tr><tr><td>2020<\/td><td>ENTRE O AMOR E A ADMIRA\u00c7\u00c3O OU (uma an\u00e1lise sobre a trajet\u00f3ria art\u00edstica de Riggan Thomson)<\/td><td>DAYLAN KELVIN BRAZ\u00c3O PICAN\u00c7O \/ VIVIAN CLARA COSTA SILVA<\/td><td>Prof. Dr. Benedito Rostan Costa Martins<\/td><td><p><a href=\"https:\/\/bit.ly\/2Y2cU6q\">https:\/\/bit.ly\/2Y2cU6q<\/a><\/p><\/td><\/tr><tr><td>2020<\/td><td>DOCUMENTOS DE VIDA: GRAFIAS, NARRATIVAS E RASCUNHOS AUTOBIOGR\u00c1FICOS DO DEVIR DOCENTE EM ARTES VISUAIS<\/td><td>AUREA GOMES AGUIAR<\/td><td>Prof\u00aa Dr\u00aa Silvia Carla Marques<\/td><td><p><a href=\"https:\/\/bit.ly\/3luQCUr\">https:\/\/bit.ly\/3luQCUr<\/a><\/p><\/td><\/tr><tr><td>2020<\/td><td>MERGULHOS DA FORMA\u00c7\u00c3O DOCENTE EM ARTES: MINHA EXPERI\u00caNCIA COMO IND\u00cdGENA NA DOC\u00caNCIA E NOS ENCONTROS.<\/td><td>NAT\u00c1LIA SANDRINE LOBO BRAZ\u00c3O<\/td><td>Prof\u00aa Dr\u00aa Silvia Carla Marques Costa<\/td><td><p><a href=\"https:\/\/bit.ly\/3bSY0pk\">https:\/\/bit.ly\/3bSY0pk<\/a><\/p><\/td><\/tr><tr><td>2021<\/td><td>CONTA-ME DO P\u00d4R DO SOL: ARTESANIA DO PENSAR A EXPERI\u00caNCIA EDUCATIVA EM ARTE E A PRODU\u00c7\u00c3O DE UM V\u00cdDEO DOCUMENT\u00c1RIO NAS ESCOLAS DA BEIRA DO RIO AMAZONAS<\/td><td>AMANDA PAOLA GUEDES IGLESIAS \/ JIANDRY CUNHA CHEDEK GON\u00c7ALVES \/ SUANY STEFANY PIMENTEL PINTO<\/td><td>Prof.\u00aa Dra. Silvia Carla Marques.<\/td><td><p><a href=\"https:\/\/bit.ly\/3lpvrmU\">https:\/\/bit.ly\/3lpvrmU<\/a><\/p><\/td><\/tr><tr><td>2021<\/td><td>CIRCUITO DE GRAFFITI AMAPAENSE O OBSERVADOR E A EXPERI\u00caNCIA<\/td><td>LUIZ MATHEUS ROCHA INAJOSA<\/td><td>Prof.\u00aa Dra. Silvia Carla Marques<\/td><td><p><a href=\"https:\/\/bit.ly\/3cCXn2C\">https:\/\/bit.ly\/3cCXn2C<\/a><\/p><\/td><\/tr><tr><td><p>2023<\/p><\/td><td><p>MEMORIAL DESCRITIVO \u2013 DOCUMENT\u00c1RIO : PERTENCIMENTOS DISSIDENTES<\/p><\/td><td><p>ANDREW MID\u00d5ES MAGNO, CHARLINE DE ALMEIDA SOUZA, KARINA SOUZA CAMPOS<\/p><\/td><td><p>Prof. Dr. F\u00e1bio Wosniak<\/p><\/td><td><p><a href=\"https:\/\/www2.unifap.br\/artes\/files\/2023\/06\/tcc-karina-andrew-e-charline-pertencimentos-dissidentes.pdf\">Baixar<\/a><\/p><p><br><\/p><p><a href=\"https:\/\/www.poeticasdissidentes.com\/estudos\">Assista o document\u00e1rio<\/a><\/p><\/td><\/tr><tr><td><p>2023<\/p><\/td><td><p>O DESENHO COMO PR\u00c1TICA ART\u00cdSTICA NA FORMA\u00c7\u00c3O INICIAL EM ARTES VISUAIS: PO\u00c9TICAS INACABADAS&nbsp;<\/p><\/td><td><p>MARINNA CAVALCANTE CORR\u00caA<\/p><\/td><td><p>&nbsp;Prof. Dr. F\u00e1bio Wosniak<\/p><\/td><td><p><a href=\"http:\/\/www2.unifap.br\/artes\/files\/2023\/06\/TCC-Marinna-Correa-1-1.pdf\">Baixar<\/a><\/p><p><br><\/p><\/td><\/tr><tr><td><p>2022<\/p><\/td><td><p>Encanterias: saberes dissidentes no ensino\/aprendizagem de artes visuais<\/p><\/td><td><p>Napole\u00e3o dos Santos Guedes Junior<\/p><\/td><td><p>&nbsp;Prof. Dr. F\u00e1bio Wosniak<\/p><\/td><td><p><a href=\"https:\/\/www.revistas.udesc.br\/index.php\/apotheke\/article\/view\/22863\">Baixar<\/a><\/p><\/td><\/tr><tr><td><p>2023<\/p><\/td><td><p>Hist\u00f3rias em Quadrinhos na constru\u00e7\u00e3o autobiogr\u00e1fica: Reflex\u00e3o sobre imagens<\/p><\/td><td><p>Adriano Duarte Cardoso<\/p><\/td><td><p>&nbsp;Prof. Dr. F\u00e1bio Wosniak<\/p><\/td><td><p><a href=\"https:\/\/www2.unifap.br\/artes\/files\/2023\/06\/Adriano-Duarte-Cardoso_TCC.pdf\">Baixar<\/a><\/p><\/td><\/tr><tr><td><p>2023<\/p><\/td><td><p>PO\u00c9TICAS VISUAIS DE LARANJAL DO JARI: UMA VIAGEM ATRAV\u00c9S DE UMA EXPOSI\u00c7\u00c3O FOTOGR\u00c1FICA<\/p><\/td><td><p>EUNICE BEATRIZ SILVA DA SILVA<\/p><\/td><td><p>Me. Jos\u00e9 de Vasconcelos<\/p><\/td><td><p><a href=\"https:\/\/www2.unifap.br\/artes\/files\/2023\/06\/Eunice_TCC.pdf\">Baixar<\/a><\/p><\/td><\/tr><tr><td><p>2023<\/p><\/td><td><p>MEMORIAL ESTRANHEZA ANIMAL: SOBRE O FUTURO DA HUMANIDADE E A HIBRIDIZA\u00c7\u00c3O COM A M\u00c1QUINA<\/p><\/td><td><p>NAT\u00c1LIA MARIA MONTEIRO MUNIZ&nbsp;<\/p><\/td><td><p>Prof. Dr. Nycolas dos Santos Albuquerque&nbsp;<\/p><\/td><td><p><a href=\"https:\/\/www2.unifap.br\/artes\/files\/2023\/06\/Natalia_TCC_.pdf\" target=\"_blank\">Baixar Memorial<\/a><\/p><p><br><\/p><p><a href=\"https:\/\/www2.unifap.br\/artes\/files\/2023\/06\/Natalia_TCC.pdf\" target=\"_blank\">Baixar ilustra\u00e7\u00f5es<\/a>\t\t<\/p><\/td><\/tr><tr><td><p>2023<\/p><\/td><td><p>Desenhos na pele - cicatrizes e mem\u00f3rias da experi\u00eancia vivida: possibilidades reflexivas para o ensino de arte&nbsp;<\/p><\/td><td><p>Adriana Galdino Santos&nbsp;<\/p><\/td><td><p>Prof.Dr. Pedro Simon G. Ara\u00fajo<\/p><\/td><td><p><a href=\"https:\/\/www2.unifap.br\/artes\/files\/2024\/09\/DESENHOS-NA-PELE-%E2%80%93-CICATRIZES-E-MEMORIAS-DA-EXPERIENCIA-VIVIDA-possibilidades-reflexivas-para-o-Ensino-de-Arte.docx.pdf\" target=\"_blank\">BAIXAR<\/a><\/p><\/td><\/tr><tr><td><p>2024<\/p><\/td><td><p>Abordagens did\u00e1tico - pedagogicas na aprendizagem de crian\u00e7as do ensino infantil<\/p><\/td><td><p>Gabriel Rossi Dos Santos Pinto&nbsp;<\/p><\/td><td><p>Prof. Dr. Joaquim Netto<\/p><\/td><td><p><a href=\"https:\/\/www2.unifap.br\/artes\/files\/2024\/09\/TCC-FINAL-GABRIEL.-1.docx.pdf\" target=\"_blank\">BAIXAR<\/a><\/p><\/td><\/tr><\/tbody><\/table>\n            <\/div><div class=\"ea-advanced-data-table-pagination ea-advanced-data-table-pagination-button clearfix\"><\/div><\/div>\t\t\t\t<\/div>\n\t\t\t\t<\/div>\n\t\t\t\t\t<\/div>\n\t\t<\/div>\n\t\t\t\t\t<\/div>\n\t\t<\/section>\n\t\t\t\t<\/div>\n\t\t","protected":false},"excerpt":{"rendered":"<p>Reposit\u00f3rio de Monografias Para ver em ordem decrescente de publica\u00e7\u00e3o basta clicar na seta ao lado da palavra ANO na tabela. Passo a passo para inser\u00e7\u00e3o do TCC, junto a biblioteca UNIFAP (Clique Aqui) Acesse o reposit\u00f3rio da UNIFAP (Clique&hellip; <\/p>\n<p><a href=\"https:\/\/www2.unifap.br\/artes\/monografias\" class=\"readmore-button\">Continue Reading<\/a><\/p>\n","protected":false},"author":3836,"featured_media":0,"parent":0,"menu_order":0,"comment_status":"closed","ping_status":"closed","template":"","meta":{"inline_featured_image":false,"ngg_post_thumbnail":0,"footnotes":""},"class_list":["post-2771","page","type-page","status-publish","hentry"],"_links":{"self":[{"href":"https:\/\/www2.unifap.br\/artes\/wp-json\/wp\/v2\/pages\/2771","targetHints":{"allow":["GET"]}}],"collection":[{"href":"https:\/\/www2.unifap.br\/artes\/wp-json\/wp\/v2\/pages"}],"about":[{"href":"https:\/\/www2.unifap.br\/artes\/wp-json\/wp\/v2\/types\/page"}],"author":[{"embeddable":true,"href":"https:\/\/www2.unifap.br\/artes\/wp-json\/wp\/v2\/users\/3836"}],"replies":[{"embeddable":true,"href":"https:\/\/www2.unifap.br\/artes\/wp-json\/wp\/v2\/comments?post=2771"}],"version-history":[{"count":53,"href":"https:\/\/www2.unifap.br\/artes\/wp-json\/wp\/v2\/pages\/2771\/revisions"}],"predecessor-version":[{"id":5544,"href":"https:\/\/www2.unifap.br\/artes\/wp-json\/wp\/v2\/pages\/2771\/revisions\/5544"}],"wp:attachment":[{"href":"https:\/\/www2.unifap.br\/artes\/wp-json\/wp\/v2\/media?parent=2771"}],"curies":[{"name":"wp","href":"https:\/\/api.w.org\/{rel}","templated":true}]}}